{"id":793,"date":"2017-04-27T10:33:38","date_gmt":"2017-04-27T11:09:21","guid":{"rendered":"http:\/\/getanabolics.biz\/product\/clenbuterol-40-100-compresse-ogni-40-mcg-di-clenbuterolo-cloridrato\/"},"modified":"2018-01-18T14:01:17","modified_gmt":"2018-01-18T14:01:17","slug":"clenbuterol-40-100-tabs-each-40-mcg-clenbuterol-hydrochloride","status":"publish","type":"product","link":"https:\/\/getanabolics.biz\/it\/prodotto\/clenbuterol-40-100-tabs-each-40-mcg-clenbuterol-hydrochloride\/","title":{"rendered":"Clenbuterol 40 &#8211; Maxtreme"},"content":{"rendered":"<h2>Comprare Clenbuterol 40 &#8211; Maxtreme (Clen-Max)<\/h2>\n<p><a title=\"Comprare Clenbuterol 40 al GetAnabolics\"><img src=\"http:\/\/getanabolics.biz\/images\/clenbuterol-meditech.jpg\" alt=\"Clen-Max\" width=\"30%\" align=\"right\" \/><\/a><br \/>\nPer chi \u00e8 alla ricerca di Clenbuterol 40 e chiedendo dove acquistare Clenbuterol 40 dal Maxtreme fatta offriamo Clen-Max come la scelta migliore per i veri bodybuilder.<br \/>\nDa oggi una <strong>grande variet\u00e0 di steroidi iniettabili cos\u00ec come gli steroidi per via orale e ciclo di terapia post<\/strong> dal Maxtreme possono essere acquistati in GetAnabolics. Siamo lieti di presentarvi il nuovo Clenbuterol 40 da <span style=\"font-weight: bold;\">Maxtreme<\/span>.<br \/>\nTutti i prodotti che offriamo sono di autentico, di alta qualit\u00e0 composti e hanno un unico obiettivo: aiutare le persone a ottenere la massa muscolare, la forza complessiva, per bruciare i grassi, e di aiutarli nel cammino di perfezione fisica. Per creare un costruttivo e civile connessione con i nostri clienti, noi faremo il massimo sforzo per garantire un servizio di alta qualit\u00e0 e approccio di ogni persona che indirizzo il nostro negozio con cortesia e rispetto.<br \/>\nLa costruzione e il mantenimento di un corpo splendido, richiedono una combinazione di metodi. Una dieta corretta \u00e8 la prima nella lista delle componenti essenziali necessari per il corpo. In secondo luogo, assicurarsi sempre di <strong>acquistare e utilizzare steroidi legali online<\/strong> non solo per evitare il conflitto con la legge, ma la cosa pi\u00f9 importante, per evitare complicazioni di salute.<br \/>\n<em><span style=\"font-weight: bold;\">GetAnabolics.Biz<\/span> \u00e8 la online steroidi fornitore appositamente creato e dedicato a fornire a ciascun atleta bodybuilder con i migliori steroidi anabolizzanti a prezzi scontati. Abbiamo scelto marchi pi\u00f9 affidabili di collaborare con, al fine di garantire la sicurezza, la vera e top-notch steroidi per i nostri clienti.<\/em><br \/>\nSpedizione steroidi molto in sicurezza \u00e8 la preoccupazione principale per la consegna di steroidi in tutto il mondo. La nostra spedizione discreta garantisce che nessun altro sa che si acquista steroidi on-line.<\/p>\n<h2>Pi\u00f9 Clenbuterol 40 Maxtreme Informazioni<\/h2>\n<p><b>100 compresse ogni 40 mcg di Clenbuterolo cloridrato<\/b><\/p>\n<p><strong>Classe di droga: Orale Beta-2-symphatonimetric, thermalgenic<\/strong><br \/>\n<strong> Consigliato dosaggio medio: Tra i 100 e i 140mcg al giorno per gli uomini e tra gli 80 e i 100 mcg al giorno per le donne<\/strong><br \/>\n<strong> Vita attiva: un Massimo di 68 ore<\/strong><br \/>\n<strong> Ritenzione idrica: No<\/strong><br \/>\n<strong> Tossico per il fegato: Non noto<\/strong><br \/>\n<strong> Aromatizzazione: No<\/strong><br \/>\n<strong> \u00c8 molto termogenico<\/strong><\/p>\n<blockquote><p><a href=\"http:\/\/getanabolics.biz\/it\/prodotto\/clenbuterol-40-100-tabs-each-40-mcg-clenbuterol-hydrochloride-2\/\">Clenbuterolo <\/a>\u00e8 un broncodilatatore, ed \u00e8 il nome popolare per <strong>Clenbuterolo Cloridrato<\/strong>. E &#8216; stato originariamente creato per il trattamento di asma cronica e altre condizioni simili. Tuttavia, ci\u00f2 che lo rende attraente per gli atleti e body builders \u00e8 la sua efficacia nel bruciare i grassi. \u00c8 in grado di aumentare l&#8217;attivit\u00e0 metabolica e bruciare il grasso corporeo in modo molto efficace in quanto stimola i recettori Beta-2. Questo anche aumentare cellulare di calore la produzione di calore di cellule \u00e8 aumentato, il che comporta un aumento complessivo della temperatura corporea e la frequenza in cui il grasso viene bruciato. Clen \u00e8 stato anche conosciuto per sopprimere l&#8217;appetito tra alcuni utenti.<\/p><\/blockquote>\n<p>Le persone che vogliono iniziare a usare <a href=\"http:\/\/getanabolics.biz\/it\/prodotto\/clenbuterol-40-50-tabs-each-40-mcg-clenbuterol-hydrochloride-2\/\">Clenbuterolo<\/a> pillole deve ricordare che non \u00e8 uno steroide, in qualsiasi modo, anche se imita alcuni steroidei propriet\u00e0. Infatti, Clen imita gli effetti di adrenalina e noradrenalina nel corpo umano. Gli utenti che non sono confortevoli, con altri termogenici come la caffeina e l&#8217;efedrina non dovrebbero usare <strong>Clenbuterolo<\/strong> compresse. Dosaggio raccomandato per buona la masterizzazione di grasso e muscolo notevole guadagno di 100 140mcg al giorno per gli uomini, il cui importo \u00e8 di 5-7 compresse al giorno. Per le donne, il dosaggio raccomandato \u00e8 di 80-100 mcg al giorno, che \u00e8 di 4-5 compresse.<\/p>\n<p><a href=\"http:\/\/getanabolics.biz\/it\/ottimi-risultati-del-miglior-trenbolone-acetato\/\"><strong>Ci sono due modi per utilizzare Clen.<\/strong><\/a> 2 settimane e 2 settimane di pausa \u00e8 il modo pi\u00f9 popolare per l&#8217;uso di questo farmaco. Qui, gli utenti di iniziare con una dose bassa e aumentare la dose ogni 2 a 3 giorni. Una volta che il corpo si abitua al farmaco, gli utenti di sospendere per due settimane. Dopo due settimane, gli utenti di iniziare a prendere il farmaco a un livello vicino a dove hanno fermato l&#8217;ultima volta. L&#8217;altro modo \u00e8 l&#8217;uso costante in cui gli utenti di iniziare con una dose bassa e aumentare gradualmente il dosaggio.<\/p>\n<p><em><strong>Clenbuterolo migliora l&#8217;attivit\u00e0 metabolica e l&#8217;attivit\u00e0 cardiovascolare notevolmente.<\/strong> Inoltre, aumenta la massa muscolare magra in modo abbastanza efficace. Questo muscolo edificio effetto \u00e8 provocato dall&#8217;aumento sintesi delle proteine nel corpo. Tuttavia, a causa del suo potente effetto stimolante effetti collaterali come l&#8217;insonnia e vivendo molto nervosismo sensazione \u00e8 comune quando grandi dosi sono prese. \u00c8 anche noto per provocare crampi tra alcuni utenti. Un estremo effetti collaterali del Clenbuterolo \u00e8 l&#8217;ipertrofia cardiaca in cui i ventricoli del cuore diventano pi\u00f9 grandi. Tuttavia, ci\u00f2 si verifica solo quando le dosi sono di grandi dimensioni. <strong>Come con altri brucia grassi rimedi, Clen non deve essere utilizzato per lunghi periodi di tempo.<\/strong><\/em><\/p>\n<h3>Leggi di pi\u00f9<\/h3>\n<p><a href=\"http:\/\/getanabolics.biz\/it\/recensioni-cytomel-t3-su-getanabolics-biz\/\">CYTOMEL T3 RECENSIONI SU GETANABOLICS.BIZ<\/a><\/p>\n<p><a href=\"http:\/\/getanabolics.biz\/it\/genotropin-review-su-getanabolics-biz\/\">REVISIONE GENOTROPIN SU GETANABOLICS.BIZ<\/a><\/p>\n<p><a href=\"http:\/\/getanabolics.biz\/it\/bodybuilding-e-steroidi\/\">BODYBUILDING E STEROIDI<\/a><\/p>\n<p><a href=\"http:\/\/getanabolics.biz\/it\/quale-dovrebbe-essere-la-durata-del-corso-degli-steroidi\/\">COSA DEVE ESSERE LA DURATA DEL CORSO DI STEROIDI?<\/a><\/p>\n<p><a href=\"http:\/\/getanabolics.biz\/it\/raccogli-una-massa-secca-senza-effetti-collaterali\/\">RACCOGLI UNA MASSA ASCIUTTA SENZA EFFETTI COLLATERALI<\/a><\/p>\n","protected":false},"excerpt":{"rendered":"<p>Pacchetto: 100 compresse ogni 40 mcg di Clenbuterolo cloridrato<br \/>Produttore: Maxtreme<br \/>Marca: Clenbuterol 40<br \/>Conosciuto anche come: Clen-Max<\/p>\n","protected":false},"featured_media":504,"comment_status":"open","ping_status":"closed","template":"","meta":[],"product_cat":[129,109],"product_tag":[61],"_links":{"self":[{"href":"https:\/\/getanabolics.biz\/it\/wp-json\/wp\/v2\/product\/793"}],"collection":[{"href":"https:\/\/getanabolics.biz\/it\/wp-json\/wp\/v2\/product"}],"about":[{"href":"https:\/\/getanabolics.biz\/it\/wp-json\/wp\/v2\/types\/product"}],"replies":[{"embeddable":true,"href":"https:\/\/getanabolics.biz\/it\/wp-json\/wp\/v2\/comments?post=793"}],"wp:featuredmedia":[{"embeddable":true,"href":"https:\/\/getanabolics.biz\/it\/wp-json\/wp\/v2\/media\/504"}],"wp:attachment":[{"href":"https:\/\/getanabolics.biz\/it\/wp-json\/wp\/v2\/media?parent=793"}],"wp:term":[{"taxonomy":"product_cat","embeddable":true,"href":"https:\/\/getanabolics.biz\/it\/wp-json\/wp\/v2\/product_cat?post=793"},{"taxonomy":"product_tag","embeddable":true,"href":"https:\/\/getanabolics.biz\/it\/wp-json\/wp\/v2\/product_tag?post=793"}],"curies":[{"name":"wp","href":"https:\/\/api.w.org\/{rel}","templated":true}]}}