{"id":789,"date":"2017-04-27T10:32:35","date_gmt":"2017-04-27T11:09:21","guid":{"rendered":"http:\/\/getanabolics.biz\/product\/anadrol-500-schede-ogni-scheda-contiene-50-mg-di-oxymetholone\/"},"modified":"2018-01-19T11:52:52","modified_gmt":"2018-01-19T11:52:52","slug":"anadrol-500-tabs-each-tab-contains-50-mg-oxymetholone","status":"publish","type":"product","link":"https:\/\/getanabolics.biz\/it\/prodotto\/anadrol-500-tabs-each-tab-contains-50-mg-oxymetholone\/","title":{"rendered":"Anadrol &#8211; Eminence Labs"},"content":{"rendered":"<h2>Comprare Anadrol &#8211; Eminence Labs (Oxymeprime)<\/h2>\n<p><a title=\"Comprare Anadrol al GetAnabolics\"><img src=\"http:\/\/getanabolics.biz\/images\/anadrol-50-100-la.jpg\" alt=\"Oxymeprime\" width=\"30%\" align=\"right\" \/><\/a><br \/>\nPer chi \u00e8 alla ricerca di Anadrol e chiedendo dove acquistare Anadrol dal Eminence Labs fatta offriamo Oxymeprime come la scelta migliore per i veri bodybuilder.<br \/>\nDa oggi una <strong>grande variet\u00e0 di steroidi iniettabili cos\u00ec come gli steroidi per via orale e ciclo di terapia post<\/strong> dal Eminence Labs possono essere acquistati in GetAnabolics. Siamo lieti di presentarvi il nuovo Anadrol da <span style=\"font-weight: bold;\">Eminence Labs<\/span>.<br \/>\n<em>Tutti i prodotti che offriamo sono di autentico, di alta qualit\u00e0 composti e hanno un unico obiettivo: aiutare le persone a ottenere la massa muscolare, la forza complessiva, per bruciare i grassi, e di aiutarli nel cammino di perfezione fisica. Per creare un costruttivo e civile connessione con i nostri clienti, noi faremo il massimo sforzo per garantire un servizio di alta qualit\u00e0 e approccio di ogni persona che indirizzo il nostro negozio con cortesia e rispetto.<\/em><br \/>\nLa costruzione e il mantenimento di un corpo splendido, richiedono una combinazione di metodi. Una dieta corretta \u00e8 la prima nella lista delle componenti essenziali necessari per il corpo. In secondo luogo, assicurarsi sempre di <strong>acquistare e utilizzare steroidi legali online<\/strong> non solo per evitare il conflitto con la legge, ma la cosa pi\u00f9 importante, per evitare complicazioni di salute.<br \/>\n<em><span style=\"font-weight: bold;\">GetAnabolics.Biz<\/span> \u00e8 la online steroidi fornitore appositamente creato e dedicato a fornire a ciascun atleta bodybuilder con i migliori steroidi anabolizzanti a prezzi scontati. Abbiamo scelto marchi pi\u00f9 affidabili di collaborare con, al fine di garantire la sicurezza, la vera e top-notch steroidi per i nostri clienti.<\/em><br \/>\nSpedizione steroidi molto in sicurezza \u00e8 la preoccupazione principale per la consegna di steroidi in tutto il mondo. La nostra spedizione discreta garantisce che nessun altro sa che si acquista steroidi on-line.<\/p>\n<h2>Pi\u00f9 Anadrol Eminence Labs Informazioni<\/h2>\n<p><b>50 schede ogni scheda contiene 50 mg di Oxymetholone<\/b><\/p>\n<blockquote><p><b>Sfondo<\/b><br \/>\nOxymetholone, conosciuto con il nome di marca, Anadrol 50, negli stati UNITI i mercati della droga \u00e8 diventato uno dei pi\u00f9 popolari ricreative steroidi nel sollevamento pesi e bodybuilding comunit\u00e0, poich\u00e9 \u00e8 stato reso disponibile nel 1960 da un&#8217;azienda farmaceutica, Syntex. Inizialmente, Anadrol 50 \u00e8 stato utilizzato per aumentare il numero di globuli rossi in pazienti con gravi casi di Anemia. Tuttavia, come la ricerca in questo settore ha progredito, pi\u00f9 avanzato non-steroidei farmaci sono stati sviluppati per il trattamento di questo problema senza provocare tutti gli effetti collaterali di Anadrol 50. Dal momento che questi farmaci ha dimostrato di essere efficace sull&#8217;aumento della produzione di globuli rossi, Syntex ha cessato la produzione e la distribuzione negli stati UNITI di Anadrol 50, nel 1993, e ha drasticamente ridotto le esportazioni di droga. Anche se, la societ\u00e0 ha deciso di continuare a vendere la droga in un numero selezionato di mercati internazionali, in un paio di diversi nomi di marca.<\/p><\/blockquote>\n<p><em><a href=\"http:\/\/getanabolics.biz\/it\/prodotto\/anadrol-100-tabs-each-tab-contains-50-mg-oxymetholone\/\">Anadrol <\/a>50 fatto una ripresa alla fine del 1990 dopo studi sul trattamento dell&#8217;HIV e dell&#8217;AIDS ha mostrato che oxymetholone e il suo anti-spreco di propriet\u00e0 potrebbero essere utilizzati in modo sicuro da HIV e AIDS approcci di trattamento. Nel 1998, Anadrol 50 ha fatto il suo ritorno negli stati UNITI il mercato della droga e continua ad essere oggi disponibili.<\/em><\/p>\n<p><b>la Funzione e l&#8217;Uso<\/b><br \/>\nAnadrol 50 \u00e8 riconosciuto nella comunit\u00e0 bodybuilding come uno dei pi\u00f9 efficaci steroidi sul mercato. Purtroppo, oltre ad essere molto efficace, inoltre, pu\u00f2 essere molto pericoloso. Anadrol 50, quando viene utilizzato come uno steroide, pu\u00f2 essere previsto per aggiungere 20-30 kg di massa muscolare in un breve periodo di sei settimane. Questo \u00e8 supponendo che l&#8217;utente segue l&#8217;assunzione giornaliera consigliata di 50 mg a 100 mg al giorno.<\/p>\n<p><em><a href=\"http:\/\/getanabolics.biz\/it\/tutto-quello-che-ce-da-sapere-sul-anadrol\/\">La funzione primaria di Anadrol 50<\/a>, e come tale appartiene al bodybuilding, \u00e8 sgualcita livelli di globuli rossi prodotti dalla droga. Un pi\u00f9 alto dei globuli rossi concentrazione significa che \u00e8 pi\u00f9 sangue che trasportano l&#8217;ossigeno che attraversa le vene, che a sua volta aumenta la vostra resistenza generale e le prestazioni durante gli allenamenti. Anadrol \u00e8 noto per causare un sacco di ritenzione idrica, che \u00e8 di solito indicato come un effetto collaterale, ma pu\u00f2 avere una serie di vantaggi. Portare in giro pi\u00f9 acqua fornisce un po &#8216; di pi\u00f9 il cuscino e l&#8217;elasticit\u00e0 dei muscoli articolazioni, e pu\u00f2 alleviare alcuni del ceppo da un allenamento intenso, o aiutare a evitare lesioni.<\/em><\/p>\n<p><b>Come Ciclo di Anadrol 50<\/b><br \/>\n<em><strong>Dal Anadrol 50 \u00e8 cos\u00ec potente<\/strong>, per la prima volta gli utenti dovrebbero essere molto cauti quando si aggiunge questo farmaco la loro routine quotidiana. Il dosaggio composizione simile a questo: 0,5 a 0,8 mg per chilo di peso corporeo, che si traduce in circa 50 mg a 200 mg al giorno. Si raccomanda che la prima volta che gli utenti iniziano a moderatamente dall&#8217;utilizzo di uno 50mg tablet un giorno prima, mentre il corpo si abitua all&#8217;impatto dello steroide. Quando prendere pi\u00f9 di una compressa al giorno, \u00e8 intelligente per spazio le dosi out invece di prendere due dosi in una volta. Ricordate, <strong>cicli di Anadrol non deve superare le sei settimane.<\/strong><\/em><\/p>\n<p>Si possono impilare Anadrol sulla cima di altri steroidi si potrebbe prendere, come il <a href=\"http:\/\/getanabolics.biz\/it\/prodotto\/deca-100-10x1ml-ampoules-each-has-100-mg-total-1000-mg-nandrolone-decaonate\/\">Deca-Durabolin<\/a> o Testosterone. Questo metodo aumenta la massa e la massa ancora di pi\u00f9 rispetto all&#8217;utilizzo di Anadrol da solo. La sovrapposizione \u00e8 solo per utenti esperti e dovrebbe essere fatto con molta cura. Sconsiderato utilizzo di pi\u00f9 gli steroidi possono avere estrema gli effetti negativi sul corpo.<\/p>\n<p><b>Effetti Collaterali e Rischi<\/b><br \/>\nAnadrol 50 \u00e8 cos\u00ec efficace, gli utenti potrebbero essere tentati di aumentare le dosi o di estendere il ciclo, ma si deve constatare che troppi steroidi, come Anadrol pu\u00f2 effettivamente causare gravi danni ai muscoli. Questo \u00e8 meno di un effetto collaterale e pi\u00f9 di un avviso per l&#8217;utente, ma deve essere preso in considerazione da chiunque utilizzando Anadrol per aggiungere massa muscolare. Mentre l&#8217;idea \u00e8 di ottenere rapidamente, troppo e troppo in fretta possibile creare un ingestibile quantit\u00e0 di stress sui muscoli, a volte con conseguente strappo del bicipite o pettorali tessuto. Questo tipo di lesione \u00e8 pi\u00f9 comunemente osservati nelle persone che utilizzano pesanti dosi di androgeni come Anadrol.<\/p>\n<p><em>oltre ad aumentare le probabilit\u00e0 di lesioni gravi, Anadrol 50, ma pu\u00f2 anche causare effetti collaterali aumento di estrogeni nel vostro sistema. Questi effetti collaterali includono principalmente la presenza di tessuto mammario e pu\u00f2 essere un grave problema per le persone che sono sensibili agli estrogeni. Altri effetti collaterali includono danni al fegato a causa della costituzione di Anadrol, sbalzi d&#8217;umore, e la pressione arteriosa alta. La decisione di prendere Anadrol non deve essere presa alla leggera. Dovete capire che con l&#8217;aumento della massa muscolare viene fornito un lungo elenco di potenziali (e molto grave) effetti collaterali. Fegato rptoectors come il Cardo mariano, ALA e Liv52 sono un must quando si utilizza Anadrol.<\/em><\/p>\n<p><strong>Il problema della ritenzione idrica \u00e8 gi\u00e0 stato discusso,<\/strong> ma \u00e8 il momento di parlare di aspetti negativi di ottenere troppo di peso di acqua. La ritenzione di acqua crea un arrotondati, gonfio look che \u00e8 molto evidente e, a volte, poco attraente. Non c&#8217;\u00e8 modo di evitare ritenzione idrica quando l&#8217;assunzione di steroidi, come Anadrol 50. Si tratta di un effetto collaterale che si dovr\u00e0 venire a patti con al fine di raggiungere la massa che si desidera. Questo peso non \u00e8 permanente e sar\u00e0 andare via non appena si smette di prendere Anadrol.<\/p>\n<p><b>Sommario<\/b><br \/>\n<span style=\"text-decoration: underline;\"><strong>Anadrol<\/strong> \u00e8 spesso elogiato dai culturisti per la sua capacit\u00e0 di aggiungere massa muscolare molto rapidamente, e il fatto che \u00e8 uno steroide orale rende estremamente popolare tra i veterani e i nuovi arrivati. Mentre questi sono considerati i fattori positivi associati con Anadrol, tenere a mente che ci sono alcuni fattori negativi. Se si desidera acquistare Anadrol online come un modo per piegare il vostro massa e prendere il vostro corpo, costruzione di gioco al livello successivo, \u00e8 necessario farlo nel modo pi\u00f9 sicuro possibile, altrimenti si finisce per fare pi\u00f9 male che bene.<\/span><\/p>\n<h3>Leggi di pi\u00f9<\/h3>\n<p><a href=\"http:\/\/getanabolics.biz\/it\/ottimi-risultati-del-miglior-trenbolone-acetato\/\">GRANDI RISULTATI DAL MIGLIOR ACETATO DI TRENBOLONE<\/a><\/p>\n<p><a href=\"http:\/\/getanabolics.biz\/it\/tutto-quello-che-ce-da-sapere-sul-anadrol\/\">TUTTO QUELLO CHE DEVI SAPERE SU ANADROL<\/a><\/p>\n<p><a href=\"http:\/\/getanabolics.biz\/it\/leffetto-degli-steroidi-sulla-pelle-umana\/\">L&#8217;EFFETTO DELLA STEROIDI SULLA PELLE UMANA<\/a><\/p>\n<p><a href=\"http:\/\/getanabolics.biz\/it\/raccogli-una-massa-secca-senza-effetti-collaterali\/\">RACCOGLI UNA MASSA ASCIUTTA SENZA EFFETTI COLLATERALI<\/a><\/p>\n<p><a href=\"http:\/\/getanabolics.biz\/it\/quale-dovrebbe-essere-la-durata-del-corso-degli-steroidi\/\">COSA DEVE ESSERE LA DURATA DEL CORSO DI STEROIDI?<\/a><\/p>\n<p>Anadrol per la vendita.<\/p>\n","protected":false},"excerpt":{"rendered":"<p>Pacchetto: 500 schede, ogni scheda contiene 50 mg di Oxymetholone<br \/>Produttore: Eminence Labs<br \/>Marca: Anadrol<br \/>Conosciuto anche come: Oxymeprime<\/p>\n","protected":false},"featured_media":480,"comment_status":"open","ping_status":"closed","template":"","meta":[],"product_cat":[109,119],"product_tag":[63],"_links":{"self":[{"href":"https:\/\/getanabolics.biz\/it\/wp-json\/wp\/v2\/product\/789"}],"collection":[{"href":"https:\/\/getanabolics.biz\/it\/wp-json\/wp\/v2\/product"}],"about":[{"href":"https:\/\/getanabolics.biz\/it\/wp-json\/wp\/v2\/types\/product"}],"replies":[{"embeddable":true,"href":"https:\/\/getanabolics.biz\/it\/wp-json\/wp\/v2\/comments?post=789"}],"wp:featuredmedia":[{"embeddable":true,"href":"https:\/\/getanabolics.biz\/it\/wp-json\/wp\/v2\/media\/480"}],"wp:attachment":[{"href":"https:\/\/getanabolics.biz\/it\/wp-json\/wp\/v2\/media?parent=789"}],"wp:term":[{"taxonomy":"product_cat","embeddable":true,"href":"https:\/\/getanabolics.biz\/it\/wp-json\/wp\/v2\/product_cat?post=789"},{"taxonomy":"product_tag","embeddable":true,"href":"https:\/\/getanabolics.biz\/it\/wp-json\/wp\/v2\/product_tag?post=789"}],"curies":[{"name":"wp","href":"https:\/\/api.w.org\/{rel}","templated":true}]}}