{"id":788,"date":"2017-04-27T10:32:35","date_gmt":"2017-04-27T11:09:21","guid":{"rendered":"http:\/\/getanabolics.biz\/product\/anavar-50-schede-x-10mg-totale-500mg-oxandrolone\/"},"modified":"2018-01-19T12:03:17","modified_gmt":"2018-01-19T12:03:17","slug":"anavar-50-tabs-x-10mg-total-500mg-oxandrolone-2","status":"publish","type":"product","link":"https:\/\/getanabolics.biz\/it\/prodotto\/anavar-50-tabs-x-10mg-total-500mg-oxandrolone-2\/","title":{"rendered":"Anavar &#8211; Eminence Labs"},"content":{"rendered":"<h2>Comprare Anavar &#8211; Eminence Labs (Oxanprime)<\/h2>\n<p><a title=\"Comprare Anavar al GetAnabolics\"><img src=\"http:\/\/getanabolics.biz\/images\/xandrol.jpg\" alt=\"Oxanprime\" width=\"30%\" align=\"right\" \/><\/a><br \/>\nPer chi \u00e8 alla ricerca di Anavar e chiedendo dove acquistare Anavar dal Eminence Labs fatta offriamo Oxanprime come la scelta migliore per i veri bodybuilder.<br \/>\nDa oggi una <strong>grande variet\u00e0 di steroidi iniettabili cos\u00ec come gli steroidi per via orale e ciclo di terapia post<\/strong> dal Eminence Labs possono essere acquistati in GetAnabolics. Siamo lieti di presentarvi il nuovo Anavar da <span style=\"font-weight: bold;\">Eminence Labs<\/span>.<br \/>\n<em>Tutti i prodotti che offriamo sono di autentico, di alta qualit\u00e0 composti e hanno un unico obiettivo: aiutare le persone a ottenere la massa muscolare, la forza complessiva, per bruciare i grassi, e di aiutarli nel cammino di perfezione fisica. Per creare un costruttivo e civile connessione con i nostri clienti, noi faremo il massimo sforzo per garantire un servizio di alta qualit\u00e0 e approccio di ogni persona che indirizzo il nostro negozio con cortesia e rispetto.<\/em><br \/>\nLa costruzione e il mantenimento di un corpo splendido, richiedono una combinazione di metodi. Una dieta corretta \u00e8 la prima nella lista delle componenti essenziali necessari per il corpo. In secondo luogo, assicurarsi sempre di <strong>acquistare e utilizzare steroidi legali online<\/strong> non solo per evitare il conflitto con la legge, ma la cosa pi\u00f9 importante, per evitare complicazioni di salute.<br \/>\n<span style=\"font-weight: bold;\">GetAnabolics.Biz<\/span> \u00e8 la online steroidi fornitore appositamente creato e dedicato a fornire a ciascun atleta bodybuilder con i migliori steroidi anabolizzanti a prezzi scontati. Abbiamo scelto marchi pi\u00f9 affidabili di collaborare con, al fine di garantire la sicurezza, la vera e top-notch steroidi per i nostri clienti.<br \/>\nSpedizione steroidi molto in sicurezza \u00e8 la preoccupazione principale per la consegna di steroidi in tutto il mondo. La nostra spedizione discreta garantisce che nessun altro sa che si acquista steroidi on-line.<\/p>\n<h2>Pi\u00f9 Anavar Eminence Labs Informazioni<\/h2>\n<p><b>50 Schede x 10mg Totale 500mg Oxandrolone<\/b><\/p>\n<p><strong>Classe di droga: Orale Androgeni Steroidi\/Anabolizzanti<\/strong><br \/>\n<strong> Consigliato dosaggio medio: Tra i 20 e i 50 mg\/giorno per gli uomini e tra 5 e 15 mg\/giorno per le donne<\/strong><br \/>\n<strong> Vita attiva: Tra le 8 e le 12 ore<\/strong><br \/>\n<strong> Acqua di conservazione: Rare<\/strong><br \/>\n<strong> Tossico per il fegato: S\u00ec, ma tra medio-basso.<\/strong><br \/>\n<strong> Diminuisce la funzione HPTA: dipende dalla dose<\/strong><br \/>\n<strong> DTH Conversione: Bassa<\/strong><\/p>\n<h1>Acquistare Anavar<\/h1>\n<p>O <strong>Oxandrolone<\/strong> <a href=\"http:\/\/getanabolics.biz\/it\/prodotto\/anavar-50-tabs-x-10mg-total-500mg-oxandrolone-3\/\">Anavar <\/a>\u00e8 stato sviluppato per la prima volta nel 1964 da Searle Laboratori di combattimento e il trattamento di condizioni come rapida perdita di peso e atrofia muscolare come molti altri steroidi anabolizzanti. Rispetto ad altri steroidi anabolizzanti, <strong>Anavar<\/strong> \u00e8 considerato sicuro per l&#8217;uso sia per i maschi e per le femmine, e il suo usato abbastanza estesamente dagli atleti.<\/p>\n<p><em>Come Anavar \u00e8 una delle pi\u00f9 mite anabolizzanti steroidi, gli uomini di solito hanno di assumersi grandi dosi di vedere apprezzabili benefici. Il dosaggio raccomandato per gli uomini \u00e8 di <strong>50 mg al giorno.<\/strong> La dose pu\u00f2 essere aumentata a<strong> 80 mg al giorno<\/strong>, in modo sicuro da atleti di sesso maschile. Come le donne sono pi\u00f9 sensibili agli steroidi anabolizzanti, il dosaggio raccomandato per le donne \u00e8 di 10 mg al giorno con 20mg di Anavar al giorno il limite massimo per le donne. Anavar pu\u00f2 essere utilizzato anche per periodi di tempo pi\u00f9 lunghi rispetto ad altri steroidi anabolizzanti e sia gli uomini che le donne possono utilizzare Anavar fino a 8 settimane.<\/em><\/p>\n<p><a href=\"http:\/\/getanabolics.biz\/it\/prodotto\/anavar-50-tabs-x-10mg-total-500mg-oxandrolone-4\/\">Anavar <\/a>non \u00e8 destinato a essere utilizzato per eccessiva e rapida crescita della massa muscolare. Si tratta di un lieve steroide anabolizzante, che \u00e8 destinato a essere utilizzato come farmaco per potenziare le prestazioni. Anavar \u00e8 popolare perch\u00e9 pu\u00f2 comportare un aumento in tinta e tessuto muscolare magro. Questo steroide \u00e8 muscolo grande propriet\u00e0 di conservazione e possibile preservare il tessuto muscolare, mentre la riduzione del grasso, anche in una dieta ristretta di calorie. Come il tessuto muscolare \u00e8 conservato e aumenta nel confronto con il grasso di corpo, l&#8217;attivit\u00e0 metabolica aumenta anche, che aumenta ulteriormente il tasso al quale il corpo di grasso \u00e8 bruciato e utilizzato.<\/p>\n<blockquote><p><strong>Tuttavia, ci sono alcuni effetti collaterali associati con Anavar<\/strong> come con tutti gli altri steroidi anabolizzanti. In quanto \u00e8 uno steroide per via orale, \u00e8 un C17 alfa alchilati farmaco, che gli permette di sopravvivere mentre entra nel flusso sanguigno. Questo \u00e8 il motivo per cui pu\u00f2 anche essere tossico per il fegato, ma come lo steroide \u00e8 cos\u00ec mite, la funzione del fegato sembra essere influenzato in la maggior parte degli utenti. Alte dosi di <a href=\"http:\/\/getanabolics.biz\/it\/prodotto\/anavar-50-schede-x-10mg-totale-500mg-oxandrolone\/\">Anavar <\/a>pu\u00f2 causare l&#8217;acne e molti estrogeni effetti collaterali. Come la droga non aromatizza, Ginecomastia non \u00e8 un effetto collaterale. Essa pu\u00f2 causare un eccessivo viso e del corpo, la crescita dei capelli, abbassamento della voce e l&#8217;allargamento del clitoride nelle donne. A basse dosi, tuttavia, Acquistare Anavar in linea senza preoccupazioni.<\/p><\/blockquote>\n<h3>Leggi di pi\u00f9<\/h3>\n<p><a href=\"http:\/\/getanabolics.biz\/it\/posso-risparmiare-peso-dopo-un-corso-di-steroidi\/\">POSSO SALVARE IL PESO DOPO UN CORSO DI STEROIDO?<\/a><\/p>\n<p><a href=\"http:\/\/getanabolics.biz\/it\/creatina-su-un-ciclo-di-steroidi\/\">CREATINA SU UN CORSO DI STEROIDI<\/a><\/p>\n<p><a href=\"http:\/\/getanabolics.biz\/it\/quale-dovrebbe-essere-la-durata-del-corso-degli-steroidi\/\">COSA DEVE ESSERE LA DURATA DEL CORSO DI STEROIDI?<\/a><\/p>\n<p><a href=\"http:\/\/getanabolics.biz\/it\/acquistare-clomid-online-su-getanabolics-biz\/\">ACQUISTA CLOMID ONLINE SU GETANABOLICS.BIZ<\/a><\/p>\n<p><a href=\"http:\/\/getanabolics.biz\/it\/caratteristiche-di-brevi-corsi-di-steroidi\/\">CARATTERISTICHE DEI CORSI BREVI DI STEROIDI<\/a><\/p>\n","protected":false},"excerpt":{"rendered":"<p>Pacchetto: 50 Schede x 10mg Totale 500mg Oxandrolone<br \/>Produttore: Eminence Labs<br \/>Marca: Anavar<br \/>Conosciuto anche come: Oxanprime<\/p>\n","protected":false},"featured_media":474,"comment_status":"open","ping_status":"closed","template":"","meta":[],"product_cat":[129,109,122],"product_tag":[63],"_links":{"self":[{"href":"https:\/\/getanabolics.biz\/it\/wp-json\/wp\/v2\/product\/788"}],"collection":[{"href":"https:\/\/getanabolics.biz\/it\/wp-json\/wp\/v2\/product"}],"about":[{"href":"https:\/\/getanabolics.biz\/it\/wp-json\/wp\/v2\/types\/product"}],"replies":[{"embeddable":true,"href":"https:\/\/getanabolics.biz\/it\/wp-json\/wp\/v2\/comments?post=788"}],"wp:featuredmedia":[{"embeddable":true,"href":"https:\/\/getanabolics.biz\/it\/wp-json\/wp\/v2\/media\/474"}],"wp:attachment":[{"href":"https:\/\/getanabolics.biz\/it\/wp-json\/wp\/v2\/media?parent=788"}],"wp:term":[{"taxonomy":"product_cat","embeddable":true,"href":"https:\/\/getanabolics.biz\/it\/wp-json\/wp\/v2\/product_cat?post=788"},{"taxonomy":"product_tag","embeddable":true,"href":"https:\/\/getanabolics.biz\/it\/wp-json\/wp\/v2\/product_tag?post=788"}],"curies":[{"name":"wp","href":"https:\/\/api.w.org\/{rel}","templated":true}]}}