{"id":32350819,"date":"2017-11-30T07:12:10","date_gmt":"2017-11-30T07:12:10","guid":{"rendered":"http:\/\/getanabolics.biz\/product\/force-mass-cycle\/"},"modified":"2018-01-21T18:18:01","modified_gmt":"2018-01-21T18:18:01","slug":"force-mass-cycle","status":"publish","type":"product","link":"https:\/\/getanabolics.biz\/it\/prodotto\/force-mass-cycle\/","title":{"rendered":"Force Mass Cycle"},"content":{"rendered":"<p>Cicli di steroidi si riferisce al lasso di tempo gli steroidi anabolizzanti vengono utilizzati. Questo lasso di tempo \u00e8 spesso definito come <strong>\u201cil Ciclo.\u201d<\/strong>, Quando gli steroidi non vengono utilizzati, questo \u00e8 indicato come <strong>\u201cil Ciclo.\u201d<\/strong> Per la fase di ciclo, ci sono innumerevoli opzioni e pile. \u201cPile\u201d si riferiscono alla combinazione di steroidi anabolizzanti come non-steroidei farmaci oggetti utilizzati durante la fase di ciclo. Con centinaia di steroidi anabolizzanti, diversi ormoni peptidici, SERM, AI, ormoni tiroidei e di pi\u00f9, ci sono davvero innumerevoli possibili pile. Le opzioni disponibili sono cos\u00ec vasti, di ogni risma e il ciclo si impegnano potrebbe essere completamente diverso. Tuttavia, la maggior parte di utilizzatori di steroidi diventano agio con certe pile; scopriranno specifiche combinazioni che generano i migliori risultati, e si attacca con tali piani.<\/p>\n<p>Avanzato di steroidi anabolizzanti, gli utenti sono il pi\u00f9 alto livello di esperienza degli utenti, ed \u00e8 chiaramente per scontato che a questo punto, di steroidi anabolizzanti utente ha ottenuto abbastanza esperienza e acquisito sufficiente conoscenza per assumere lo status di un utente avanzato. Avanzato di steroidi pile di coinvolgere molti dei pi\u00f9 avanzati a livello di composti (ad esempio <a href=\"http:\/\/getanabolics.biz\/it\/prodotto\/anadrol-50-tabs-each-tab-contains-50-mg-oxymetholone\/\">Anadrol <\/a>e <a href=\"http:\/\/getanabolics.biz\/it\/prodotto\/trenbolone-acetate-10-amps-each-1-ampoule-has-100mg-trenbolone-acetate\/\">Trenbolone<\/a>)ma questo non \u00e8 per dire che avanzate anabolizzanti cicli di steroidi pu\u00f2 anche essere di base <strong>Testosterone-solo ciclo di protocollo.<\/strong> Questo \u00e8 stato precedentemente accennato, con la quale \u00e8 stato chiarito che, intermedio e avanzato di steroidi anabolizzanti, gli utenti non sono limitati all&#8217;uso di molto dure, composti, a dosi estremamente elevate, o complesso ciclo di pile. Spesso la maggior parte di utenti avanzati possono optare per eseguire il basic provato, di fiducia, ed \u00e8 vero, metodi di Testosterone, solo cicli, o molto di base di steroidi anabolizzanti cicli. Questo \u00e8 di solito molto sorpresa per i principianti, in quanto molto spesso i principianti (e in prospettiva di steroidi anabolizzanti gli utenti) sar\u00e0 in possesso di una comprensione imperfetta di ci\u00f2 che significa essere un avanzato steroidi anabolizzanti utente.<\/p>\n<p>Indipendentemente dalla pila o il ciclo si esegue, non ci sono regole generali e avvertenze che vi aiuter\u00e0 a mantenere al sicuro. Per esempio, la regola principale di ogni ciclo, \u00e8 che include una qualche forma di testosterone. La forma di testosterone utilizzato \u00e8 di nessuna conseguenza. L&#8217;unica cosa che conta \u00e8 che il corpo ha abbastanza di questo ormone essenziale per il corretto funzionamento.<\/p>\n<p>&nbsp;<\/p>\n<table border=\"1\" width=\"65%\" cellpadding=\"2\" bgcolor=\"#fefefe\">\n<tbody>\n<tr>\n<td align=\"center\" width=\"60\">settimana di<br \/>\nciclo<\/td>\n<td align=\"center\" bgcolor=\"#FF9999\"><span style=\"font-family: verdana; font-size: small;\">Winstrol &#8211; Alpha Pharma<br \/>\n10mg tab<\/span><\/td>\n<td align=\"center\" bgcolor=\"#99CCFF\"><span style=\"font-family: verdana; font-size: small;\">Deca 250 &#8211; Alpha Pharma<br \/>\n250mg\/ml<br \/>\n<\/span><\/td>\n<td align=\"center\" bgcolor=\"#99FFCC\"><span style=\"font-family: verdana; font-size: small;\">Clomid &#8211; Alpha pharma<br \/>\n5mg tab<\/span><\/td>\n<\/tr>\n<tr>\n<td align=\"center\" width=\"60\"><span style=\"font-family: verdana; font-size: small;\"><b>1<\/b><\/span><\/td>\n<td bgcolor=\"#FF9999\">2 schede\/giorno<\/td>\n<td bgcolor=\"#99CCFF\"><span style=\"font-family: verdana; font-size: small;\">250 mg\/settimana<\/span><\/td>\n<td><\/td>\n<\/tr>\n<tr>\n<td align=\"center\" width=\"60\"><span style=\"font-family: verdana; font-size: small;\"><b>2<\/b><\/span><\/td>\n<td bgcolor=\"#FF9999\">3 compresse\/giorno<\/td>\n<td bgcolor=\"#99CCFF\">250 mg\/settimana<\/td>\n<td><\/td>\n<\/tr>\n<tr>\n<td align=\"center\" width=\"60\"><span style=\"font-family: verdana; font-size: small;\"><b>3<\/b><\/span><\/td>\n<td bgcolor=\"#FF9999\">3 compresse\/giorno<\/td>\n<td bgcolor=\"#99CCFF\">250 mg\/settimana<\/td>\n<td><\/td>\n<\/tr>\n<tr>\n<td align=\"center\" width=\"60\"><span style=\"font-family: verdana; font-size: small;\"><b>4<\/b><\/span><\/td>\n<td bgcolor=\"#FF9999\">3 compresse\/giorno<\/td>\n<td bgcolor=\"#99CCFF\">250 mg\/settimana<\/td>\n<td><\/td>\n<\/tr>\n<tr>\n<td align=\"center\" width=\"60\"><span style=\"font-family: verdana; font-size: small;\"><b>5<\/b><\/span><\/td>\n<td bgcolor=\"#FF9999\">3 compresse\/giorno<\/td>\n<td bgcolor=\"#99CCFF\">250 mg\/settimana<\/td>\n<td><\/td>\n<\/tr>\n<tr>\n<td align=\"center\" width=\"60\"><span style=\"font-family: verdana; font-size: small;\"><b>6<\/b><\/span><\/td>\n<td><\/td>\n<td><\/td>\n<td bgcolor=\"#99FFCC\">2 schede\/giorno<\/td>\n<\/tr>\n<tr>\n<td align=\"center\" width=\"60\"><span style=\"font-family: verdana; font-size: small;\"><b>7<\/b><\/span><\/td>\n<td><\/td>\n<td><\/td>\n<td bgcolor=\"#99FFCC\">1 schede\/giorno<\/td>\n<\/tr>\n<\/tbody>\n<\/table>\n<p>&nbsp;<\/p>\n<p>100 schede Winstrol &#8211; Alpha Pharma<br \/>\n2500mg Deca 250 &#8211; Alpha Pharma<br \/>\n20 compresse Clomid &#8211; Alpha pharma<\/p>\n<p><a href=\"http:\/\/getanabolics.biz\/it\/prodotto\/deca-250-scatola-da-10-fiale-da-1-ml-250-mg-ml-totale-2500mg-nandrolone-decaonate\/\">Deca <\/a>e <a href=\"http:\/\/getanabolics.biz\/it\/prodotto\/winstrol-tabs-10-acquistare-pillole-winstrol-50-schede-ciascuna-contiene-10-mg-di-stanozolol\/\">Winstrol <\/a>&#8211; sono tra i pi\u00f9 popolari e pi\u00f9 efficaci farmaci in Italia. Sono accettati gli allenatori e gli atleti e culturisti, e per i principianti. Per aumentare l&#8217;effetto degli steroidi, molti preferiscono combinare farmaci. Cos\u00ec, se i risultati ottenuti non sono sufficienti, quindi il parallelo di ricezione di uno o pi\u00f9 steroidi (in corso) &#8211; testosterone cypionate, in un dosaggio di 100 mg \u00e8 consentito. ogni tre giorni.<\/p>\n<p><strong>Forza il Ciclo di Massa<\/strong> corso fornisce ottimi risultati in aumento di massa muscolare, oltre a migliorare la forza e la resistenza prestazioni di un atleta. Come decanostanol ne testimonia l&#8217;uso combinato di questi farmaci non portare a spiacevoli effetti collaterali. Inoltre, non vi \u00e8 alcun effetto negativo sull&#8217;atleta del fegato.<\/p>\n<p>L&#8217;aumento di massa muscolare, sul corso, pu\u00f2 raggiungere i sette chilogrammi. Allo stesso tempo, il &#8220;ponte&#8221; \u00e8 efficace per l&#8217;aumento di peso, e l&#8217;azione di stanozolol \u00e8 finalizzato a migliorare gli indicatori di forza, eliminando i liquidi in eccesso dai tessuti e aumentando la durezza dei muscoli. <strong>La Forza di Massa Ciclo<\/strong> corso \u00e8 adatto per gli atleti con diversi livelli di formazione.<\/p>\n<p>Il termine <strong>Cicli di Steroidi<\/strong> si riferisce periodicamente all&#8217;uso di anabolizzanti\/androgeni anabolizzanti (AAS), in genere per la costruzione muscolare scopi. AAS non sono medicalmente approvato per promuovere l&#8217;eccessiva massa muscolare utili (bodybuilding) o migliorare le prestazioni atletiche. A parte la prima sperimentazione sugli atleti da una manciata di medici sportivi, un vasto sforzo per studiare il fisico e per il potenziamento delle prestazioni di propriet\u00e0 di questi farmaci, in particolare con un occhio di riguardo lo sviluppo di strategie per il loro utilizzo per massimizzare i benefici e minimizzare gli effetti negativi, non ha ancora intrapreso dalla comunit\u00e0 medica. A causa di questo, il traffico illecito di utenti sono stati lasciati a sviluppare i loro protocolli per la somministrazione di questi farmaci. Il risultato \u00e8 stato una grande variet\u00e0 di diversi approcci all&#8217;utilizzo di questi agenti, alcuni pi\u00f9 sicuro o pi\u00f9 efficaci di altri. Mentre non sarebbe possibile valutare in modo completo tutti i pi\u00f9 noti approcci, in questa sezione verranno trattate alcune delle pi\u00f9 fondamentali di tempo e di metodi collaudati per l&#8217;uso di AAS.<\/p>\n<p><span id=\"result_box\" class=\"short_text\" lang=\"it\"><span class=\"\">Questo ciclo si pu\u00f2 acquistare su <a href=\"http:\/\/getanabolics.biz\">getanabolics.biz<\/a><\/span><\/span><\/p>\n<h3>Leggi di pi\u00f9<\/h3>\n<p><a href=\"http:\/\/getanabolics.biz\/it\/deca-durabolin-effetti-collaterali\/\">DECA DURABOLIN EFFETTI COLLATERALI<\/a><\/p>\n<p><a href=\"http:\/\/getanabolics.biz\/it\/tutto-su-proviron-mesterolone\/\">TUTTO SU PROVIRON (MESTEROLONE)<\/a><\/p>\n<p><a href=\"http:\/\/getanabolics.biz\/it\/quale-dovrebbe-essere-la-durata-del-corso-degli-steroidi\/\">COSA DEVE ESSERE LA DURATA DEL CORSO DI STEROIDI?<\/a><\/p>\n<p><a href=\"http:\/\/getanabolics.biz\/it\/creatina-su-un-ciclo-di-steroidi\/\">CREATINA SU UN CORSO DI STEROIDI<\/a><\/p>\n<p><a href=\"http:\/\/getanabolics.biz\/it\/crossfit-e-steroidi\/\">CROSSFIT E STEROIDI<\/a><\/p>\n","protected":false},"excerpt":{"rendered":"<p>100 tabs\u00a0<a href=\"http:\/\/getanabolics.biz\/it\/prodotto\/winstrol-tabs-10-acquistare-pillole-winstrol-50-schede-ciascuna-contiene-10-mg-di-stanozolol\/\">Winstrol &#8211; Alpha Pharma<\/a><br \/>\n2500mg\u00a0<a href=\"http:\/\/getanabolics.biz\/it\/prodotto\/deca-250-scatola-da-10-fiale-da-1-ml-250-mg-ml-totale-2500mg-nandrolone-decaonate\/\">Deca 250\u00a0&#8211; Alpha Pharma<\/a><br \/>\n20\u00a0tabs\u00a0<a href=\"http:\/\/getanabolics.biz\/it\/prodotto\/clomid-10-compresse-contiene-50-mg-di-citrato-di-clomifene\/\">Clomid\u00a0&#8211; Alpha pharma<\/a><\/p>\n","protected":false},"featured_media":32350814,"comment_status":"closed","ping_status":"closed","template":"","meta":[],"product_cat":[464],"product_tag":[64,487,496,542,495],"_links":{"self":[{"href":"https:\/\/getanabolics.biz\/it\/wp-json\/wp\/v2\/product\/32350819"}],"collection":[{"href":"https:\/\/getanabolics.biz\/it\/wp-json\/wp\/v2\/product"}],"about":[{"href":"https:\/\/getanabolics.biz\/it\/wp-json\/wp\/v2\/types\/product"}],"replies":[{"embeddable":true,"href":"https:\/\/getanabolics.biz\/it\/wp-json\/wp\/v2\/comments?post=32350819"}],"wp:featuredmedia":[{"embeddable":true,"href":"https:\/\/getanabolics.biz\/it\/wp-json\/wp\/v2\/media\/32350814"}],"wp:attachment":[{"href":"https:\/\/getanabolics.biz\/it\/wp-json\/wp\/v2\/media?parent=32350819"}],"wp:term":[{"taxonomy":"product_cat","embeddable":true,"href":"https:\/\/getanabolics.biz\/it\/wp-json\/wp\/v2\/product_cat?post=32350819"},{"taxonomy":"product_tag","embeddable":true,"href":"https:\/\/getanabolics.biz\/it\/wp-json\/wp\/v2\/product_tag?post=32350819"}],"curies":[{"name":"wp","href":"https:\/\/api.w.org\/{rel}","templated":true}]}}