{"id":32350807,"date":"2017-11-29T20:47:10","date_gmt":"2017-11-29T20:47:10","guid":{"rendered":"http:\/\/getanabolics.biz\/product\/strength-muscle-cycle\/"},"modified":"2018-01-21T18:26:47","modified_gmt":"2018-01-21T18:26:47","slug":"strength-muscle-cycle","status":"publish","type":"product","link":"https:\/\/getanabolics.biz\/it\/prodotto\/strength-muscle-cycle\/","title":{"rendered":"Strength &#038; Muscle Cycle"},"content":{"rendered":"<p>Cicli di steroidi si riferisce al lasso di tempo gli steroidi anabolizzanti vengono utilizzati. Questo lasso di tempo \u00e8 spesso definito come <strong>\u201cil Ciclo.\u201d<\/strong>, Quando gli steroidi non vengono utilizzati, questo \u00e8 indicato come <strong>\u201cil Ciclo.\u201d<\/strong> Per la fase di ciclo, ci sono innumerevoli opzioni e pile. \u201cPile\u201d si riferiscono alla combinazione di steroidi anabolizzanti come non-steroidei farmaci oggetti utilizzati durante la fase di ciclo. Con centinaia di steroidi anabolizzanti, diversi ormoni peptidici, SERM, AI, ormoni tiroidei e di pi\u00f9, ci sono davvero innumerevoli possibili pile. Le opzioni disponibili sono cos\u00ec vasti, di ogni risma e il ciclo si impegnano potrebbe essere completamente diverso. Tuttavia, la maggior parte di utilizzatori di steroidi diventano agio con certe pile; scopriranno specifiche combinazioni che generano i migliori risultati, e si attacca con tali piani.<\/p>\n<p>Avanzato di steroidi anabolizzanti, gli utenti sono il pi\u00f9 alto livello di esperienza degli utenti, ed \u00e8 chiaramente per scontato che a questo punto, di steroidi anabolizzanti utente ha ottenuto abbastanza esperienza e acquisito sufficiente conoscenza per assumere lo status di un utente avanzato. Avanzato di steroidi pile di coinvolgere molti dei pi\u00f9 avanzati a livello di composti, ma questo non \u00e8 per dire che avanzate anabolizzanti cicli di steroidi pu\u00f2 anche essere di base <strong>Testosterone-solo ciclo di protocollo.<\/strong> Questo \u00e8 stato precedentemente accennato, con la quale \u00e8 stato chiarito che, intermedio e avanzato di steroidi anabolizzanti, gli utenti non sono limitati all&#8217;uso di molto dure, composti, a dosi estremamente elevate, o complesso ciclo di pile. Spesso la maggior parte di utenti avanzati possono optare per eseguire il basic provato, di fiducia, ed \u00e8 vero, metodi di Testosterone, solo cicli, o molto di base di steroidi anabolizzanti cicli. Questo \u00e8 di solito molto sorpresa per i principianti, in quanto molto spesso i principianti (e in prospettiva di steroidi anabolizzanti gli utenti) sar\u00e0 in possesso di una comprensione imperfetta di ci\u00f2 che significa essere un avanzato steroidi anabolizzanti utente.<\/p>\n<p>Indipendentemente dalla pila o il ciclo si esegue, non ci sono regole generali e avvertenze che vi aiuter\u00e0 a mantenere al sicuro. Per esempio, la regola principale di ogni ciclo, \u00e8 che include una qualche forma di testosterone. La forma di testosterone utilizzato \u00e8 di nessuna conseguenza. L&#8217;unica cosa che conta \u00e8 che il corpo ha abbastanza di questo ormone essenziale per il corretto funzionamento.<\/p>\n<p>&nbsp;<\/p>\n<table style=\"height: 418px;\" border=\"1\" width=\"796\" cellpadding=\"2\" bgcolor=\"#fefefe\">\n<tbody>\n<tr>\n<td align=\"center\" width=\"60\">settimana di<br \/>\nciclo<\/td>\n<td align=\"center\" bgcolor=\"#FF9999\">Danabol &#8211; Alpha Pharma<br \/>\n10mg tab<\/td>\n<td align=\"center\" bgcolor=\"#99CCFF\"><span style=\"font-family: verdana; font-size: small;\">Deca 250 &#8211; Alpha Pharma<br \/>\n250mg\/ml<\/span><\/td>\n<td align=\"center\" bgcolor=\"#FFFFCC\"><span style=\"font-family: verdana; font-size: small;\">Sustanon-250 &#8211; Alpha Pharma<br \/>\n250mg\/ml<br \/>\n<\/span><\/td>\n<td align=\"center\" bgcolor=\"#99FFCC\"><span style=\"font-family: verdana; font-size: small;\">Proviron &#8211; Bayer\/Shering<br \/>\n25mg tab<\/span><\/td>\n<\/tr>\n<tr>\n<td align=\"center\" width=\"60\"><span style=\"font-family: verdana; font-size: small;\"><b>1<\/b><\/span><\/td>\n<td bgcolor=\"#FF9999\"><span style=\"font-family: verdana; font-size: small;\">2 schede\/giorno<\/span><\/td>\n<td bgcolor=\"#99CCFF\">250 mg\/ml<\/td>\n<td bgcolor=\"#FFFFCC\">250 mg\/ml<\/td>\n<td><\/td>\n<\/tr>\n<tr>\n<td align=\"center\" width=\"60\"><span style=\"font-family: verdana; font-size: small;\"><b>2<\/b><\/span><\/td>\n<td bgcolor=\"#FF9999\">3 compresse\/giorno<\/td>\n<td bgcolor=\"#99CCFF\">250 mg\/ml<\/td>\n<td bgcolor=\"#FFFFCC\">250 mg\/ml<\/td>\n<td bgcolor=\"#99FFCC\"><span style=\"font-family: verdana; font-size: small;\">1 scheda\/giorno<\/span><\/td>\n<\/tr>\n<tr>\n<td align=\"center\" width=\"60\"><span style=\"font-family: verdana; font-size: small;\"><b>3<\/b><\/span><\/td>\n<td bgcolor=\"#FF9999\">3 compresse\/giorno<\/td>\n<td bgcolor=\"#99CCFF\">250 mg\/ml<\/td>\n<td bgcolor=\"#FFFFCC\">250 mg\/ml<\/td>\n<td bgcolor=\"#99FFCC\"><span style=\"font-family: verdana; font-size: small;\">1 scheda\/giorno<\/span><\/td>\n<\/tr>\n<tr>\n<td align=\"center\" width=\"60\"><span style=\"font-family: verdana; font-size: small;\"><b>4<\/b><\/span><\/td>\n<td bgcolor=\"#FF9999\">3 compresse\/giorno<\/td>\n<td bgcolor=\"#99CCFF\">250 mg\/ml<\/td>\n<td bgcolor=\"#FFFFCC\">250 mg\/ml<\/td>\n<td bgcolor=\"#99FFCC\"><span style=\"font-family: verdana; font-size: small;\">1 scheda\/giorno<\/span><\/td>\n<\/tr>\n<tr>\n<td align=\"center\" width=\"60\"><span style=\"font-family: verdana; font-size: small;\"><b>5<\/b><\/span><\/td>\n<td bgcolor=\"#FF9999\">3 compresse\/giorno<\/td>\n<td bgcolor=\"#99CCFF\">250 mg\/ml<\/td>\n<td bgcolor=\"#FFFFCC\">250 mg\/ml<\/td>\n<td><\/td>\n<\/tr>\n<\/tbody>\n<\/table>\n<p>&nbsp;<\/p>\n<p>500 schede Danabol &#8211; Alpha Pharma<br \/>\n2500 mg Deca 250 &#8211; Alpha Pharma<br \/>\n2500 mg Sustanon-250 &#8211; Alpha Pharma<br \/>\n50 schede Proviron &#8211; Bayer\/Shering<\/p>\n<p>Il corso di <a href=\"http:\/\/getanabolics.biz\/it\/prodotto\/danabol-500-compresse-ogni-compressa-contiene-10-mg-di-methandienone\/\">Danabol <\/a>+ <a href=\"http:\/\/getanabolics.biz\/it\/prodotto\/deca-250-scatola-da-10-fiale-da-1-ml-250-mg-ml-totale-2500mg-nandrolone-decaonate\/\">Deca <\/a>+ <a href=\"http:\/\/getanabolics.biz\/it\/prodotto\/sustanon-250-1-box-of-10-ampoules-each-1-amp-contains-250-mg-testosterone-esters\/\">Sustanon-250<\/a> \u00e8 la chiave del successo per il reclutamento di un enorme massa muscolare e di grande forza. Questo steroide corso \u00e8 in grado di aiutare l&#8217;atleta in crescita di forza e di massa, ad un livello molto alto. \u00c8 auspicabile che l&#8217;atleta avrebbe preso come un corso per la prima volta. E con esperienza nel passaggio di tali corsi con i pi\u00f9 deboli steroidi. Metano e decan (nandrolone decanoato) sono gli steroidi per la crescita del peso corporeo dell&#8217;atleta in loro \u00e8 molto forte e rapida attivit\u00e0 di anabolizzanti. <a href=\"http:\/\/getanabolics.biz\/it\/prodotto\/sustanon-250-1-box-of-10-ampoules-each-1-amp-contains-250-mg-testosterone-esters\/\">Sustanon-250<\/a> \u00e8 un steroidi androgeni, testosterone, che molto rapidamente e aumenta notevolmente la forza e il peso totale dell&#8217;atleta. Tutti e tre gli steroidi in questo corso pu\u00f2 essere attribuito per le droghe pi\u00f9 potenti. E il loro utilizzo in un corso dovrebbe essere molto controllato e ragionevole, senza superare il dosaggio. Dopo il corso di terapia in forma di <a href=\"http:\/\/getanabolics.biz\/it\/prodotto\/proviron-buy-proviron-50-tabs-each-tab-25mg-mesterolone\/\">Proviron <\/a>dovrebbe essere obbligatorio. Questo farmaco per via orale pu\u00f2 salvare da molti effetti collaterali degli steroidi forti e rendere i muscoli molto pi\u00f9 denso e pi\u00f9 duro.<\/p>\n<p>Come cicli di steroidi riferimento al tempo in cui siamo, in realt\u00e0, che completa con steroidi anabolizzanti, la domanda \u00e8 che cosa \u00e8 il periodo di tempo accettabile? Qual \u00e8 il minimo per i guadagni e che cosa \u00e8 il tempo massimo in quanto a sicurezza? Questo pu\u00f2 essere una domanda difficile a cui rispondere, ma, ancora una volta, ci sono linee guida che vi aiuter\u00e0 a rimanere sicuro. Indipendentemente dalla cicli di steroidi si implementa, non importa come semplice o avanzata, il vostro piano \u00e8 necessario che si estendono per una discreta quantit\u00e0 di tempo. Il corpo umano non come cambiamento; anche se un tale cambiamento \u00e8 nel suo migliore interesse sar\u00e0 combattere e fare tutto il possibile per rimanere al suo consueto normale. Dobbiamo avere il tempo sufficiente per questo \u201cnormale\u201d per il cambiamento; dobbiamo creare un nuovo set normale, se ci sono per appendere su una qualsiasi delle plusvalenze realizzate. Tuttavia, anche quando questo \u00e8 fatto, se hai il ciclo per un periodo di tempo prolungato, si sta andando a perdere alcuni dei risultati ottenuti; senza l&#8217;elevato afflusso di ormoni presenti per sostenere i guadagni che hai fatto non durer\u00e0 per sempre. Plusvalenze realizzate mediante l&#8217;uso di ormoni, questo non \u00e8 falso muscolare o la forza, \u00e8 reale come qualsiasi altri profitti che possono essere fatte. Quando si fanno i guadagni di forza e le dimensioni, sono supportati dalle sostanze nutritive che si consumano. Togliere le sostanze nutritive e il sistema di supporto cade a pezzi. Gli ormoni sono importanti, forse importante quanto il cibo. Insieme con sostanze nutritive, ormoni nel vostro corpo supportare la vostra dimensione e la forza sia naturale o fornito in maniera esogena. Prendere gli ormoni di distanza, e di nuovo la rimozione di un sistema di supporto.<\/p>\n<h3>Leggi di pi\u00f9<\/h3>\n<p><a href=\"http:\/\/getanabolics.biz\/it\/tutto-su-proviron-mesterolone\/\">TUTTO SU PROVIRON (MESTEROLONE)<\/a><\/p>\n<p><a href=\"http:\/\/getanabolics.biz\/it\/acquistare-clomid-online-su-getanabolics-biz\/\">ACQUISTA CLOMID ONLINE SU GETANABOLICS.BIZ<\/a><\/p>\n<p><a href=\"http:\/\/getanabolics.biz\/it\/creatina-su-un-ciclo-di-steroidi\/\">CREATINA SU UN CORSO DI STEROIDI<\/a><\/p>\n<p><a href=\"http:\/\/getanabolics.biz\/it\/raccogli-una-massa-secca-senza-effetti-collaterali\/\">RACCOGLI UNA MASSA ASCIUTTA SENZA EFFETTI COLLATERALI<\/a><\/p>\n<p><a href=\"http:\/\/getanabolics.biz\/it\/quale-dovrebbe-essere-la-durata-del-corso-degli-steroidi\/\">COSA DEVE ESSERE LA DURATA DEL CORSO DI STEROIDI?<\/a><\/p>\n","protected":false},"excerpt":{"rendered":"<p>500 tabs\u00a0<a href=\"http:\/\/getanabolics.biz\/it\/prodotto\/danabol-500-compresse-ogni-compressa-contiene-10-mg-di-methandienone\/\">Danabol &#8211; Alpha Pharma<\/a><br \/>\n2500 mg\u00a0<a href=\"http:\/\/getanabolics.biz\/it\/prodotto\/deca-250-scatola-da-10-fiale-da-1-ml-250-mg-ml-totale-2500mg-nandrolone-decaonate\/\">Deca\u00a0250 &#8211; Alpha Pharma<\/a><br \/>\n2500 mg\u00a0<a href=\"http:\/\/getanabolics.biz\/it\/prodotto\/sustanon-250-1-box-of-10-ampoules-each-1-amp-contains-250-mg-testosterone-esters\/\">Sustanon-250 &#8211;\u00a0Alpha Pharma<\/a><br \/>\n50\u00a0tabs\u00a0<a href=\"http:\/\/getanabolics.biz\/it\/prodotto\/proviron-buy-proviron-50-tabs-each-tab-25mg-mesterolone\/\">Proviron &#8211; Bayer\/Shering<\/a><\/p>\n","protected":false},"featured_media":32350802,"comment_status":"closed","ping_status":"closed","template":"","meta":[],"product_cat":[464],"product_tag":[64,487,496,542,530],"_links":{"self":[{"href":"https:\/\/getanabolics.biz\/it\/wp-json\/wp\/v2\/product\/32350807"}],"collection":[{"href":"https:\/\/getanabolics.biz\/it\/wp-json\/wp\/v2\/product"}],"about":[{"href":"https:\/\/getanabolics.biz\/it\/wp-json\/wp\/v2\/types\/product"}],"replies":[{"embeddable":true,"href":"https:\/\/getanabolics.biz\/it\/wp-json\/wp\/v2\/comments?post=32350807"}],"wp:featuredmedia":[{"embeddable":true,"href":"https:\/\/getanabolics.biz\/it\/wp-json\/wp\/v2\/media\/32350802"}],"wp:attachment":[{"href":"https:\/\/getanabolics.biz\/it\/wp-json\/wp\/v2\/media?parent=32350807"}],"wp:term":[{"taxonomy":"product_cat","embeddable":true,"href":"https:\/\/getanabolics.biz\/it\/wp-json\/wp\/v2\/product_cat?post=32350807"},{"taxonomy":"product_tag","embeddable":true,"href":"https:\/\/getanabolics.biz\/it\/wp-json\/wp\/v2\/product_tag?post=32350807"}],"curies":[{"name":"wp","href":"https:\/\/api.w.org\/{rel}","templated":true}]}}