{"id":32350794,"date":"2017-11-29T15:10:07","date_gmt":"2017-11-29T15:10:07","guid":{"rendered":"http:\/\/getanabolics.biz\/product\/beginners-drying-cycle\/"},"modified":"2018-01-21T18:32:31","modified_gmt":"2018-01-21T18:32:31","slug":"ciclo-di-asciugatura-per-principianti","status":"publish","type":"product","link":"https:\/\/getanabolics.biz\/it\/prodotto\/ciclo-di-asciugatura-per-principianti\/","title":{"rendered":"Ciclo di asciugatura per principianti"},"content":{"rendered":"<p>Cicli di steroidi si riferisce al lasso di tempo gli steroidi anabolizzanti vengono utilizzati. Questo lasso di tempo \u00e8 spesso definito come <strong>\u201cil Ciclo.\u201d<\/strong>, Quando gli steroidi non vengono utilizzati, questo \u00e8 indicato come <strong>\u201cil Ciclo.\u201d<\/strong> Per la fase di ciclo, ci sono innumerevoli opzioni e pile. \u201cPile\u201d si riferiscono alla combinazione di steroidi anabolizzanti come non-steroidei farmaci oggetti utilizzati durante la fase di ciclo. Con centinaia di steroidi anabolizzanti, diversi ormoni peptidici, SERM, AI, ormoni tiroidei e di pi\u00f9, ci sono davvero innumerevoli possibili pile. Le opzioni disponibili sono cos\u00ec vasti, di ogni risma e il ciclo si impegnano potrebbe essere completamente diverso. Tuttavia, la maggior parte di utilizzatori di steroidi diventano agio con certe pile; scopriranno specifiche combinazioni che generano i migliori risultati, e si attacca con tali piani.<\/p>\n<p>Avanzato di steroidi anabolizzanti, gli utenti sono il pi\u00f9 alto livello di esperienza degli utenti, ed \u00e8 chiaramente per scontato che a questo punto, di steroidi anabolizzanti utente ha ottenuto abbastanza esperienza e acquisito sufficiente conoscenza per assumere lo status di un utente avanzato. Avanzato di steroidi pile di coinvolgere molti dei pi\u00f9 avanzati a livello di composti, ma questo non \u00e8 per dire che avanzate anabolizzanti cicli di steroidi pu\u00f2 anche essere di base <strong>Testosterone-solo ciclo di protocollo.<\/strong> Questo \u00e8 stato precedentemente accennato, con la quale \u00e8 stato chiarito che, intermedio e avanzato di steroidi anabolizzanti, gli utenti non sono limitati all&#8217;uso di molto dure, composti, a dosi estremamente elevate, o complesso ciclo di pile. Spesso la maggior parte di utenti avanzati possono optare per eseguire il basic provato, di fiducia, ed \u00e8 vero, metodi di Testosterone, solo cicli, o molto di base di steroidi anabolizzanti cicli. Questo \u00e8 di solito molto sorpresa per i principianti, in quanto molto spesso i principianti (e in prospettiva di steroidi anabolizzanti gli utenti) sar\u00e0 in possesso di una comprensione imperfetta di ci\u00f2 che significa essere un avanzato steroidi anabolizzanti utente.<\/p>\n<p>Indipendentemente dalla pila o il ciclo si esegue, non ci sono regole generali e avvertenze che vi aiuter\u00e0 a mantenere al sicuro. Per esempio, la regola principale di ogni ciclo, \u00e8 che include una qualche forma di testosterone. La forma di testosterone utilizzato \u00e8 di nessuna conseguenza. L&#8217;unica cosa che conta \u00e8 che il corpo ha abbastanza di questo ormone essenziale per il corretto funzionamento.<\/p>\n<table style=\"height: 384px;\" border=\"1\" width=\"909\" cellpadding=\"2\" bgcolor=\"#fefefe\">\n<tbody>\n<tr>\n<td align=\"center\" width=\"60\">settimana di<br \/>\nciclo<\/td>\n<td align=\"center\" bgcolor=\"#FF9999\"><span style=\"font-family: verdana; font-size: small;\">Testosterone Cypionate 250 &#8211; Alpha pharma<br \/>\n250mg\/ml<\/span><\/td>\n<td align=\"center\" bgcolor=\"#99CCFF\"><span style=\"font-family: verdana; font-size: small;\">Winstrol &#8211; Alpha pharma<br \/>\n10mg tab<br \/>\n<\/span><\/td>\n<td align=\"center\" bgcolor=\"#FFFFCC\"><span style=\"font-family: verdana; font-size: small;\">Arimidex &#8211; Alpha Pharma<br \/>\n1mg tab<\/span><\/td>\n<td align=\"center\" bgcolor=\"#99FFCC\"><span style=\"font-family: verdana; font-size: small;\">Nolvadex &#8211; Maxtreme<br \/>\n20mg tab<\/span><\/td>\n<\/tr>\n<tr>\n<td align=\"center\" width=\"60\"><span style=\"font-family: verdana; font-size: small;\"><b>1<\/b><\/span><\/td>\n<td bgcolor=\"#FF9999\">350 mg\/settimana<\/td>\n<td bgcolor=\"#99CCFF\"><span style=\"font-family: verdana; font-size: small;\">30 mg\/settimana<\/span><\/td>\n<td><\/td>\n<td><\/td>\n<\/tr>\n<tr>\n<td align=\"center\" width=\"60\"><span style=\"font-family: verdana; font-size: small;\"><b>2<\/b><\/span><\/td>\n<td bgcolor=\"#FF9999\">350 mg\/settimana<\/td>\n<td bgcolor=\"#99CCFF\"><span style=\"font-family: verdana; font-size: small;\">40mg\/settimana<\/span><\/td>\n<td><\/td>\n<td><\/td>\n<\/tr>\n<tr>\n<td align=\"center\" width=\"60\"><span style=\"font-family: verdana; font-size: small;\"><b>3<\/b><\/span><\/td>\n<td bgcolor=\"#FF9999\">350 mg\/settimana<\/td>\n<td bgcolor=\"#99CCFF\">50 mg\/settimana<\/td>\n<td bgcolor=\"#FFFFCC\">2 mg\/settimana<\/td>\n<td><\/td>\n<\/tr>\n<tr>\n<td align=\"center\" width=\"60\"><span style=\"font-family: verdana; font-size: small;\"><b>4<\/b><\/span><\/td>\n<td bgcolor=\"#FF9999\">350 mg\/settimana<\/td>\n<td bgcolor=\"#99CCFF\">50 mg\/settimana<\/td>\n<td bgcolor=\"#FFFFCC\">2 mg\/settimana<\/td>\n<td><\/td>\n<\/tr>\n<tr>\n<td align=\"center\" width=\"60\"><span style=\"font-family: verdana; font-size: small;\"><b>5<\/b><\/span><\/td>\n<td bgcolor=\"#FF9999\">350 mg\/settimana<\/td>\n<td bgcolor=\"#99CCFF\">50 mg\/settimana<\/td>\n<td bgcolor=\"#FFFFCC\">2 mg\/settimana<\/td>\n<td><\/td>\n<\/tr>\n<tr>\n<td align=\"center\" width=\"60\"><span style=\"font-family: verdana; font-size: small;\"><b>6<\/b><\/span><\/td>\n<td bgcolor=\"#FF9999\">350 mg\/settimana<\/td>\n<td bgcolor=\"#99CCFF\">50 mg\/settimana<\/td>\n<td bgcolor=\"#FFFFCC\">2 mg\/settimana<\/td>\n<td><\/td>\n<\/tr>\n<tr>\n<td align=\"center\" width=\"60\"><span style=\"font-family: verdana; font-size: small;\"><b>7<\/b><\/span><\/td>\n<td><\/td>\n<td><\/td>\n<td><\/td>\n<td><\/td>\n<\/tr>\n<tr>\n<td align=\"center\" width=\"60\"><span style=\"font-family: verdana; font-size: small;\"><b>8<\/b><\/span><\/td>\n<td><\/td>\n<td><\/td>\n<td><\/td>\n<td bgcolor=\"#99FFCC\">20 mg\/settimana<\/td>\n<\/tr>\n<tr>\n<td align=\"center\" width=\"60\"><span style=\"font-family: verdana; font-size: small;\"><b>9<\/b><\/span><\/td>\n<td><\/td>\n<td><\/td>\n<td><\/td>\n<td bgcolor=\"#99FFCC\">20 mg\/settimana<\/td>\n<\/tr>\n<\/tbody>\n<\/table>\n<p>&nbsp;<\/p>\n<p><b>Totale:<\/b><br \/>\n2500mg Testosterone Cypionate 250 &#8211; Alpha pharma<br \/>\n50 schede Winstrol &#8211; Alpha pharma<br \/>\n30 compresse Arimidex &#8211; Alpha Pharma<br \/>\n100 compresse Nolvadex &#8211; Maxtreme<\/p>\n<p>&nbsp;<\/p>\n<h2>Ricezione del farmaco.<\/h2>\n<p>Questi farmaci vengono usati in modo uniforme in tutto il percorso, che in media \u00e8 di circa 6 settimane. <a href=\"http:\/\/getanabolics.biz\/it\/prodotto\/testosterone-cyp-250-1-box-of-10-ampoules-each-1-ampoule-contains-250-mg-testosterone-cypionate\/\">Testosterone Cypionate<\/a> ha un dosaggio pi\u00f9 basso rispetto a tutto il corso presso la prima e l&#8217;ultima settimana del corso. Ma se il minimo dosaggio non \u00e8 disponibile, si pu\u00f2 prendere 100 mg, in quanto non significative conseguenze negative da questo si verificher\u00e0.<\/p>\n<p>Si consiglia di assumere farmaci, alternandoli a sua volta, prima di fare un&#8217;iniezione di testosterone in un giorno, e il giorno successivo &#8211; Winstrol. Se \u00e8 pi\u00f9 conveniente per voi di prendere entrambi i farmaci in un giorno di rilasciare la successiva dall&#8217;applicazione, quindi non c&#8217;\u00e8 nulla di cui preoccuparsi, e questo non porter\u00e0 conseguenze indesiderabili.<\/p>\n<h2>FIG.<\/h2>\n<p>Dopo aver superato il corso di <a href=\"http:\/\/getanabolics.biz\/it\/prodotto\/testosterone-cyp-250-1-box-of-10-ampoules-each-1-ampoule-contains-250-mg-testosterone-cypionate\/\">Testosterone Cypionate<\/a> + <a href=\"http:\/\/getanabolics.biz\/it\/prodotto\/winstrol-tabs-10-acquistare-pillole-winstrol-50-schede-ciascuna-contiene-10-mg-di-stanozolol\/\">Winstrol <\/a>dovr\u00e0 essere tenuto il corso, dopo la terapia, che \u00e8 importante e obbligatoria anche dopo il passaggio il pi\u00f9 facile dei corsi di steroidi.<br \/>\nIl pi\u00f9 consigliato nel corso del PCT \u00e8 quello di prendere un farmaco come il <a href=\"http:\/\/getanabolics.biz\/it\/prodotto\/nolvadex-100-tabs-each-tab-contains-20mg-tamoxifen-citrate\/\">Nolvadex <\/a>alla dose di 20 mg al giorno.<br \/>\nNell&#8217;ultima settimana, dopo il corso di terapia, il dosaggio della vostra droga diminuisce <a href=\"http:\/\/getanabolics.biz\/it\/prodotto\/nolvadex-100-tabs-each-tab-contains-20mg-tamoxifen-citrate\/\">Nolvadex <\/a>a 10 mg al giorno.<\/p>\n<p>Il termine <strong>Cicli di Steroidi<\/strong> si riferisce periodicamente all&#8217;uso di anabolizzanti\/androgeni anabolizzanti (AAS), in genere per la costruzione muscolare scopi. AAS non sono medicalmente approvato per promuovere l&#8217;eccessiva massa muscolare utili (bodybuilding) o migliorare le prestazioni atletiche. A parte la prima sperimentazione sugli atleti da una manciata di medici sportivi, un vasto sforzo per studiare il fisico e per il potenziamento delle prestazioni di propriet\u00e0 di questi farmaci, in particolare con un occhio di riguardo lo sviluppo di strategie per il loro utilizzo per massimizzare i benefici e minimizzare gli effetti negativi, non ha ancora intrapreso dalla comunit\u00e0 medica. A causa di questo, il traffico illecito di utenti sono stati lasciati a sviluppare i loro protocolli per la somministrazione di questi farmaci. Il risultato \u00e8 stato una grande variet\u00e0 di diversi approcci all&#8217;utilizzo di questi agenti, alcuni pi\u00f9 sicuro o pi\u00f9 efficaci di altri. Mentre non sarebbe possibile valutare in modo completo tutti i pi\u00f9 noti approcci, in questa sezione verranno trattate alcune delle pi\u00f9 fondamentali di tempo e di metodi collaudati per l&#8217;uso di AAS.<\/p>\n<p><span id=\"result_box\" class=\"short_text\" lang=\"it\"><span class=\"\">Questo ciclo si pu\u00f2 acquistare su <a href=\"http:\/\/getanabolics.biz\">getanabolics.biz<\/a><\/span><\/span><\/p>\n<h3>Leggi di pi\u00f9<\/h3>\n<p><a href=\"http:\/\/getanabolics.biz\/it\/acquistare-clomid-online-su-getanabolics-biz\/\">ACQUISTA CLOMID ONLINE SU GETANABOLICS.BIZ<\/a><\/p>\n<p><a href=\"http:\/\/getanabolics.biz\/it\/growth-hormone-hgh-fatti-piu-importanti\/\">HORMONE DELLA CRESCITA HGH &#8211; I FATTI PI\u00d9 IMPORTANTI<\/a><\/p>\n<p><a href=\"http:\/\/getanabolics.biz\/it\/caratteristiche-di-brevi-corsi-di-steroidi\/\">CARATTERISTICHE DEI CORSI BREVI DI STEROIDI<\/a><\/p>\n<p><a href=\"http:\/\/getanabolics.biz\/it\/pausa-tra-steroidi-e-pct\/\">PAUSA TRA CORSI STEROIDI E PCT<\/a><\/p>\n<p><a href=\"http:\/\/getanabolics.biz\/it\/quanto-e-efficace-il-ponte-steroideo\/\">QUANTO EFFICACE \u00c8 IL PONTE STEROID?<\/a><\/p>\n","protected":false},"excerpt":{"rendered":"<p>2500mg\u00a0<a href=\"http:\/\/getanabolics.biz\/it\/prodotto\/testosterone-cyp-250-1-box-of-10-ampoules-each-1-ampoule-contains-250-mg-testosterone-cypionate\/\">Testosterone Cypionate 250 &#8211; Alpha pharma<\/a><br \/>\n50\u00a0tabs\u00a0<a href=\"http:\/\/getanabolics.biz\/it\/prodotto\/winstrol-tabs-10-acquistare-pillole-winstrol-50-schede-ciascuna-contiene-10-mg-di-stanozolol\/\">Winstrol &#8211; Alpha pharma<\/a><br \/>\n30\u00a0tabs\u00a0<a href=\"http:\/\/getanabolics.biz\/it\/prodotto\/arimidex-30-schede-ciascuna-contiene-1-mg-di-anastrozolo\/\">Arimidex &#8211; Alpha Pharma<\/a><br \/>\n100\u00a0tabs<a href=\"http:\/\/getanabolics.biz\/it\/prodotto\/nolvadex-100-tabs-each-tab-contains-20mg-tamoxifen-citrate\/\">\u00a0Nolvadex &#8211; Maxtreme<\/a><\/p>\n","protected":false},"featured_media":32350789,"comment_status":"closed","ping_status":"closed","template":"","meta":[],"product_cat":[464],"product_tag":[64,481,569,480],"_links":{"self":[{"href":"https:\/\/getanabolics.biz\/it\/wp-json\/wp\/v2\/product\/32350794"}],"collection":[{"href":"https:\/\/getanabolics.biz\/it\/wp-json\/wp\/v2\/product"}],"about":[{"href":"https:\/\/getanabolics.biz\/it\/wp-json\/wp\/v2\/types\/product"}],"replies":[{"embeddable":true,"href":"https:\/\/getanabolics.biz\/it\/wp-json\/wp\/v2\/comments?post=32350794"}],"wp:featuredmedia":[{"embeddable":true,"href":"https:\/\/getanabolics.biz\/it\/wp-json\/wp\/v2\/media\/32350789"}],"wp:attachment":[{"href":"https:\/\/getanabolics.biz\/it\/wp-json\/wp\/v2\/media?parent=32350794"}],"wp:term":[{"taxonomy":"product_cat","embeddable":true,"href":"https:\/\/getanabolics.biz\/it\/wp-json\/wp\/v2\/product_cat?post=32350794"},{"taxonomy":"product_tag","embeddable":true,"href":"https:\/\/getanabolics.biz\/it\/wp-json\/wp\/v2\/product_tag?post=32350794"}],"curies":[{"name":"wp","href":"https:\/\/api.w.org\/{rel}","templated":true}]}}