{"id":32350769,"date":"2017-11-29T10:04:52","date_gmt":"2017-11-29T10:04:52","guid":{"rendered":"http:\/\/getanabolics.biz\/product\/advanced-dry-muscle-cycle\/"},"modified":"2018-01-21T18:48:03","modified_gmt":"2018-01-21T18:48:03","slug":"ciclo-del-muscolo-secco-avanzato","status":"publish","type":"product","link":"https:\/\/getanabolics.biz\/it\/prodotto\/ciclo-del-muscolo-secco-avanzato\/","title":{"rendered":"Ciclo del muscolo secco avanzato"},"content":{"rendered":"<p>Cicli di steroidi si riferisce al lasso di tempo gli steroidi anabolizzanti vengono utilizzati. Questo lasso di tempo \u00e8 spesso definito come <strong>\u201cil Ciclo.\u201d<\/strong>, Quando gli steroidi non vengono utilizzati, questo \u00e8 indicato come <strong>\u201cil Ciclo.\u201d<\/strong> Per la fase di ciclo, ci sono innumerevoli opzioni e pile. \u201cPile\u201d si riferiscono alla combinazione di steroidi anabolizzanti come non-steroidei farmaci oggetti utilizzati durante la fase di ciclo. Con centinaia di steroidi anabolizzanti, diversi ormoni peptidici, SERM, AI, ormoni tiroidei e di pi\u00f9, ci sono davvero innumerevoli possibili pile. Le opzioni disponibili sono cos\u00ec vasti, di ogni risma e il ciclo si impegnano potrebbe essere completamente diverso. Tuttavia, la maggior parte di utilizzatori di steroidi diventano agio con certe pile; scopriranno specifiche combinazioni che generano i migliori risultati, e si attacca con tali piani.<\/p>\n<p>Avanzato di steroidi anabolizzanti, gli utenti sono il pi\u00f9 alto livello di esperienza degli utenti, ed \u00e8 chiaramente per scontato che a questo punto, di steroidi anabolizzanti utente ha ottenuto abbastanza esperienza e acquisito sufficiente conoscenza per assumere lo status di un utente avanzato. Avanzato di steroidi pile di coinvolgere molti dei pi\u00f9 avanzati a livello di composti (ad esempio <a href=\"http:\/\/getanabolics.biz\/it\/prodotto\/anadrol-50-tabs-each-tab-contains-50-mg-oxymetholone\/\">Anadrol <\/a>e <a href=\"http:\/\/getanabolics.biz\/it\/prodotto\/trenbolone-acetate-10-amps-each-1-ampoule-has-100mg-trenbolone-acetate\/\">Trenbolone<\/a>)ma questo non \u00e8 per dire che avanzate anabolizzanti cicli di steroidi pu\u00f2 anche essere di base <strong>Testosterone-solo ciclo di protocollo.<\/strong> Questo \u00e8 stato precedentemente accennato, con la quale \u00e8 stato chiarito che, intermedio e avanzato di steroidi anabolizzanti, gli utenti non sono limitati all&#8217;uso di molto dure, composti, a dosi estremamente elevate, o complesso ciclo di pile. Spesso la maggior parte di utenti avanzati possono optare per eseguire il basic provato, di fiducia, ed \u00e8 vero, metodi di Testosterone, solo cicli, o molto di base di steroidi anabolizzanti cicli. Questo \u00e8 di solito molto sorpresa per i principianti, in quanto molto spesso i principianti (e in prospettiva di steroidi anabolizzanti gli utenti) sar\u00e0 in possesso di una comprensione imperfetta di ci\u00f2 che significa essere un avanzato steroidi anabolizzanti utente.<\/p>\n<p>Indipendentemente dalla pila o il ciclo si esegue, non ci sono regole generali e avvertenze che vi aiuter\u00e0 a mantenere al sicuro. Per esempio, la regola principale di ogni ciclo, \u00e8 che include una qualche forma di testosterone. La forma di testosterone utilizzato \u00e8 di nessuna conseguenza. L&#8217;unica cosa che conta \u00e8 che il corpo ha abbastanza di questo ormone essenziale per il corretto funzionamento.<\/p>\n<table border=\"1\" width=\"65%\" cellpadding=\"2\" bgcolor=\"#fefefe\">\n<tbody>\n<tr>\n<td align=\"center\" width=\"60\">settimana di<br \/>\nciclo<\/td>\n<td align=\"center\" bgcolor=\"#FF9999\"><span style=\"font-family: verdana; font-size: small;\">Turinabol &#8211; Alpha Pharma<br \/>\n10mg<\/span><\/td>\n<td align=\"center\" bgcolor=\"#99CCFF\"><span style=\"font-family: verdana; font-size: small;\">il Boldenone 250 &#8211; Alpha Pharma<br \/>\n250mg\/ml<\/span><\/td>\n<\/tr>\n<tr>\n<td align=\"center\" width=\"60\"><span style=\"font-family: verdana; font-size: small;\"><b>1<\/b><\/span><\/td>\n<td bgcolor=\"#FF9999\"><span style=\"font-family: verdana; font-size: small;\">30 mg\/giorno<\/span><\/td>\n<td bgcolor=\"#99CCFF\"><span style=\"font-family: verdana; font-size: small;\">400 mg\/settimana (200 mg due volte a settimana)<\/span><\/td>\n<\/tr>\n<tr>\n<td align=\"center\" width=\"60\"><span style=\"font-family: verdana; font-size: small;\"><b>2<\/b><\/span><\/td>\n<td bgcolor=\"#FF9999\">40mg\/settimana<\/td>\n<td bgcolor=\"#99CCFF\">500mg\/settimana (250 mg due volte a settimana)<\/td>\n<\/tr>\n<tr>\n<td align=\"center\" width=\"60\"><span style=\"font-family: verdana; font-size: small;\"><b>3<\/b><\/span><\/td>\n<td bgcolor=\"#FF9999\">40mg\/settimana<\/td>\n<td bgcolor=\"#99CCFF\">500mg\/settimana (250 mg due volte a settimana)<\/td>\n<\/tr>\n<tr>\n<td align=\"center\" width=\"60\"><span style=\"font-family: verdana; font-size: small;\"><b>4<\/b><\/span><\/td>\n<td bgcolor=\"#FF9999\">40mg\/settimana<\/td>\n<td bgcolor=\"#99CCFF\">500mg\/settimana (250 mg due volte a settimana)<\/td>\n<\/tr>\n<tr>\n<td align=\"center\" width=\"60\"><span style=\"font-family: verdana; font-size: small;\"><b>5<\/b><\/span><\/td>\n<td bgcolor=\"#FF9999\">40mg\/settimana<\/td>\n<td bgcolor=\"#99CCFF\">500mg\/settimana (250 mg due volte a settimana)<\/td>\n<\/tr>\n<tr>\n<td align=\"center\" width=\"60\"><span style=\"font-family: verdana; font-size: small;\"><b>6<\/b><\/span><\/td>\n<td bgcolor=\"#FF9999\">40mg\/settimana<\/td>\n<td bgcolor=\"#99CCFF\">500mg\/settimana (250 mg due volte a settimana)<\/td>\n<\/tr>\n<tr>\n<td align=\"center\" width=\"60\"><span style=\"font-family: verdana; font-size: small;\"><b>7<\/b><\/span><\/td>\n<td bgcolor=\"#FF9999\">40mg\/settimana<\/td>\n<td bgcolor=\"#99CCFF\">500mg\/settimana (250 mg due volte a settimana)<\/td>\n<\/tr>\n<tr>\n<td align=\"center\" width=\"60\"><span style=\"font-family: verdana; font-size: small;\"><b>8<\/b><\/span><\/td>\n<td bgcolor=\"#FF9999\">30 mg\/giorno<\/td>\n<td bgcolor=\"#99CCFF\">500mg\/settimana (200 mg due volte a settimana)<\/td>\n<\/tr>\n<\/tbody>\n<\/table>\n<p>&nbsp;<\/p>\n<p><b>Totale:<\/b><br \/>\n2520mg Turinabol 10mg &#8211; Alpha Pharma<br \/>\n3900mg Boldenone 250 &#8211; Alpha Pharma<\/p>\n<p>Questo corso \u00e8 molto popolare, popolare ed \u00e8 spesso utilizzato tra gli altri, i corsi sono finalizzati ad aumentare la massa secca di muscoli. Il corso \u00e8 inteso per il passaggio, non solo esperti atleti, ma anche i principianti. Aiuta ad aumentare facilmente la massa secca di muscoli da 6-8 kg, e anche non danno la salute degli atleti. Steroidi di questo corso non hanno aromatizzazione, non causa ginecomastia, non provocare un eccessivo accumulo di liquido nei muscoli, non causa un aumento di pressione e problemi della pelle. Il passaggio di questo corso aiuta gli atleti a raggiungere alti risultati sportivi, mediante l&#8217;assunzione di un lavaggio di massa muscolare e aumentare la forza fisica e la resistenza. Quando l&#8217;assunzione di un corso, si raccomanda di osservare una corretta alimentazione, che comprende una grande quantit\u00e0 di proteine e meno grassi e carboidrati. L&#8217;assunzione del farmaco, il Boldenone porta ad un aumento dell&#8217;appetito, quindi, si dovrebbe prendere cibi ricchi di proteine per non aumentare di peso in eccesso. Dopo aver superato il corso di <a href=\"http:\/\/getanabolics.biz\/it\/prodotto\/turinabol-50-schede-ognuna-delle-quali-contiene-10-mg-chlordehydromethyltestosterone\/\">Turinabol<\/a> + <a href=\"http:\/\/getanabolics.biz\/it\/prodotto\/boldenone-250-1-scatola-da-10-fiale-ciascuna-amp-contiene-250-mg-di-boldenone-undecylenate\/\">Boldenone<\/a>\u00a0la massa dei muscoli saranno mantenute, non disintegrando, se si continuano ad aderire a una corretta alimentazione.<\/p>\n<h2>utilizzo<\/h2>\n<p>La durata del corso \u00e8 di 8 settimane. <a href=\"http:\/\/getanabolics.biz\/it\/prodotto\/turinabol-50-schede-ognuna-delle-quali-contiene-10-mg-chlordehydromethyltestosterone\/\">Turinabol<\/a> \u00e8 preso la prima e l&#8217;ultima settimana del corso di 3 compresse al giorno (30 mg.), E da 2 a 7 settimane per 4 compresse (40 mg.) Al giorno. <a href=\"http:\/\/getanabolics.biz\/it\/prodotto\/boldenone-250-1-scatola-da-10-fiale-ciascuna-amp-contiene-250-mg-di-boldenone-undecylenate\/\">Boldenone<\/a> metti la prima e l&#8217;ultima settimana del corso, alla dose di 400 mg a settimana (200 mg due volte a settimana), e da 2 a 7 settimane a 500 mg a settimana (250 mg due volte a settimana).<\/p>\n<p>Il termine <strong>Cicli di Steroidi<\/strong> si riferisce periodicamente all&#8217;uso di anabolizzanti\/androgeni anabolizzanti (AAS), in genere per la costruzione muscolare scopi. AAS non sono medicalmente approvato per promuovere l&#8217;eccessiva massa muscolare utili (bodybuilding) o migliorare le prestazioni atletiche. A parte la prima sperimentazione sugli atleti da una manciata di medici sportivi, un vasto sforzo per studiare il fisico e per il potenziamento delle prestazioni di propriet\u00e0 di questi farmaci, in particolare con un occhio di riguardo lo sviluppo di strategie per il loro utilizzo per massimizzare i benefici e minimizzare gli effetti negativi, non ha ancora intrapreso dalla comunit\u00e0 medica. A causa di questo, il traffico illecito di utenti sono stati lasciati a sviluppare i loro protocolli per la somministrazione di questi farmaci. Il risultato \u00e8 stato una grande variet\u00e0 di diversi approcci all&#8217;utilizzo di questi agenti, alcuni pi\u00f9 sicuro o pi\u00f9 efficaci di altri. Mentre non sarebbe possibile valutare in modo completo tutti i pi\u00f9 noti approcci, in questa sezione verranno trattate alcune delle pi\u00f9 fondamentali di tempo e di metodi collaudati per l&#8217;uso di AAS.<\/p>\n<p><span id=\"result_box\" class=\"short_text\" lang=\"it\"><span class=\"\">Questo ciclo si pu\u00f2 acquistare su <a href=\"http:\/\/getanabolics.biz\">getanabolics.biz<\/a><\/span><\/span><\/p>\n<h3>Leggi di pi\u00f9<\/h3>\n<p><a href=\"http:\/\/getanabolics.biz\/it\/deca-durabolin-effetti-collaterali\/\">DECA DURABOLIN EFFETTI COLLATERALI<\/a><\/p>\n<p><a href=\"http:\/\/getanabolics.biz\/it\/tutto-su-proviron-mesterolone\/\">TUTTO SU PROVIRON (MESTEROLONE)<\/a><\/p>\n<p><a href=\"http:\/\/getanabolics.biz\/it\/quale-dovrebbe-essere-la-durata-del-corso-degli-steroidi\/\">COSA DEVE ESSERE LA DURATA DEL CORSO DI STEROIDI?<\/a><\/p>\n<p><a href=\"http:\/\/getanabolics.biz\/it\/creatina-su-un-ciclo-di-steroidi\/\">CREATINA SU UN CORSO DI STEROIDI<\/a><\/p>\n<p><a href=\"http:\/\/getanabolics.biz\/it\/crossfit-e-steroidi\/\">CROSSFIT E STEROIDI<\/a><\/p>\n","protected":false},"excerpt":{"rendered":"<p>2520mg\u00a0<a href=\"http:\/\/getanabolics.biz\/it\/prodotto\/turinabol-50-schede-ognuna-delle-quali-contiene-10-mg-chlordehydromethyltestosterone\/\">Turinabol 10mg &#8211; Alpha Pharma<\/a><br \/>\n3900mg\u00a0<a href=\"http:\/\/getanabolics.biz\/it\/prodotto\/boldenone-250-1-scatola-da-10-fiale-ciascuna-amp-contiene-250-mg-di-boldenone-undecylenate\/\">Boldenon\u00a0250 &#8211; Alpha Pharma<\/a><\/p>\n","protected":false},"featured_media":32350763,"comment_status":"closed","ping_status":"closed","template":"","meta":[],"product_cat":[464],"product_tag":[64,554,495],"_links":{"self":[{"href":"https:\/\/getanabolics.biz\/it\/wp-json\/wp\/v2\/product\/32350769"}],"collection":[{"href":"https:\/\/getanabolics.biz\/it\/wp-json\/wp\/v2\/product"}],"about":[{"href":"https:\/\/getanabolics.biz\/it\/wp-json\/wp\/v2\/types\/product"}],"replies":[{"embeddable":true,"href":"https:\/\/getanabolics.biz\/it\/wp-json\/wp\/v2\/comments?post=32350769"}],"wp:featuredmedia":[{"embeddable":true,"href":"https:\/\/getanabolics.biz\/it\/wp-json\/wp\/v2\/media\/32350763"}],"wp:attachment":[{"href":"https:\/\/getanabolics.biz\/it\/wp-json\/wp\/v2\/media?parent=32350769"}],"wp:term":[{"taxonomy":"product_cat","embeddable":true,"href":"https:\/\/getanabolics.biz\/it\/wp-json\/wp\/v2\/product_cat?post=32350769"},{"taxonomy":"product_tag","embeddable":true,"href":"https:\/\/getanabolics.biz\/it\/wp-json\/wp\/v2\/product_tag?post=32350769"}],"curies":[{"name":"wp","href":"https:\/\/api.w.org\/{rel}","templated":true}]}}