{"id":32350641,"date":"2017-06-07T15:15:25","date_gmt":"2017-06-07T15:15:25","guid":{"rendered":"http:\/\/getanabolics.biz\/product\/kickstart-principiante-ciclo\/"},"modified":"2018-01-21T19:08:58","modified_gmt":"2018-01-21T19:08:58","slug":"kickstart-principiante-ciclo","status":"publish","type":"product","link":"https:\/\/getanabolics.biz\/it\/prodotto\/kickstart-principiante-ciclo\/","title":{"rendered":"KICKSTART PRINCIPIANTE CICLO"},"content":{"rendered":"<p>Cicli di steroidi si riferisce al lasso di tempo gli steroidi anabolizzanti vengono utilizzati. Questo lasso di tempo \u00e8 spesso definito come <strong>\u201cil Ciclo.\u201d<\/strong>, Quando gli steroidi non vengono utilizzati, questo \u00e8 indicato come <strong>\u201cil Ciclo.\u201d<\/strong> Per la fase di ciclo, ci sono innumerevoli opzioni e pile. \u201cPile\u201d si riferiscono alla combinazione di steroidi anabolizzanti come non-steroidei farmaci oggetti utilizzati durante la fase di ciclo. Con centinaia di steroidi anabolizzanti, diversi ormoni peptidici, SERM, AI, ormoni tiroidei e di pi\u00f9, ci sono davvero innumerevoli possibili pile. Le opzioni disponibili sono cos\u00ec vasti, di ogni risma e il ciclo si impegnano potrebbe essere completamente diverso. Tuttavia, la maggior parte di utilizzatori di steroidi diventano agio con certe pile; scopriranno specifiche combinazioni che generano i migliori risultati, e si attacca con tali piani.<\/p>\n<p>Avanzato di steroidi anabolizzanti, gli utenti sono il pi\u00f9 alto livello di esperienza degli utenti, ed \u00e8 chiaramente per scontato che a questo punto, di steroidi anabolizzanti utente ha ottenuto abbastanza esperienza e acquisito sufficiente conoscenza per assumere lo status di un utente avanzato. Avanzato di steroidi pile di coinvolgere molti dei pi\u00f9 avanzati a livello di composti (ad esempio <a href=\"http:\/\/getanabolics.biz\/product\/anadrol-50-tabs-each-tab-contains-50-mg-oxymetholone\/\">Anadrol <\/a>e <a href=\"http:\/\/getanabolics.biz\/product\/trenbolone-acetate-10-amps-each-1-ampoule-has-100mg-trenbolone-acetate\/\">Trenbolone<\/a>)ma questo non \u00e8 per dire che avanzate anabolizzanti cicli di steroidi pu\u00f2 anche essere di base <strong>Testosterone-solo ciclo di protocollo.<\/strong> Questo \u00e8 stato precedentemente accennato, con la quale \u00e8 stato chiarito che, intermedio e avanzato di steroidi anabolizzanti, gli utenti non sono limitati all&#8217;uso di molto dure, composti, a dosi estremamente elevate, o complesso ciclo di pile. Spesso la maggior parte di utenti avanzati possono optare per eseguire il basic provato, di fiducia, ed \u00e8 vero, metodi di Testosterone, solo cicli, o molto di base di steroidi anabolizzanti cicli. Questo \u00e8 di solito molto sorpresa per i principianti, in quanto molto spesso i principianti (e in prospettiva di steroidi anabolizzanti gli utenti) sar\u00e0 in possesso di una comprensione imperfetta di ci\u00f2 che significa essere un avanzato steroidi anabolizzanti utente.<\/p>\n<p>Indipendentemente dalla pila o il ciclo si esegue, non ci sono regole generali e avvertenze che vi aiuter\u00e0 a mantenere al sicuro. Per esempio, la regola principale di ogni ciclo, \u00e8 che include una qualche forma di testosterone. La forma di testosterone utilizzato \u00e8 di nessuna conseguenza. L&#8217;unica cosa che conta \u00e8 che il corpo ha abbastanza di questo ormone essenziale per il corretto funzionamento.<\/p>\n<p>&nbsp;<\/p>\n<table border=\"1\" width=\"65%\" cellpadding=\"2\" bgcolor=\"#fefefe\">\n<tbody>\n<tr>\n<td align=\"center\" width=\"60\">settimana di<br \/>\nciclo<\/td>\n<td align=\"center\" bgcolor=\"#FF9999\"><span style=\"font-family: verdana; font-size: small;\">Testosterone Enant. 250<br \/>\n250mg\/ml<\/span><\/td>\n<td align=\"center\" bgcolor=\"#99CCFF\"><span style=\"font-family: verdana; font-size: small;\">Deca 250<br \/>\n250mg\/ml<\/span><\/td>\n<td align=\"center\" bgcolor=\"#FFFFCC\"><span style=\"font-family: verdana; font-size: small;\">Dianabol<br \/>\n10mg tab<\/span><\/td>\n<\/tr>\n<tr>\n<td align=\"center\" width=\"60\"><span style=\"font-family: verdana; font-size: small;\"><b>1<\/b><\/span><\/td>\n<td bgcolor=\"#FF9999\"><span style=\"font-family: verdana; font-size: small;\">500mg\/settimana<\/span><\/td>\n<td bgcolor=\"#99CCFF\"><span style=\"font-family: verdana; font-size: small;\">200 mg\/settimana<\/span><\/td>\n<td bgcolor=\"#FFFFCC\"><span style=\"font-family: verdana; font-size: small;\">25 mg\/giorno<\/span><\/td>\n<\/tr>\n<tr>\n<td align=\"center\" width=\"60\"><span style=\"font-family: verdana; font-size: small;\"><b>2<\/b><\/span><\/td>\n<td bgcolor=\"#FF9999\">500mg\/settimana<\/td>\n<td bgcolor=\"#99CCFF\">200 mg\/settimana<\/td>\n<td bgcolor=\"#FFFFCC\">25 mg\/giorno<\/td>\n<\/tr>\n<tr>\n<td align=\"center\" width=\"60\"><span style=\"font-family: verdana; font-size: small;\"><b>3<\/b><\/span><\/td>\n<td bgcolor=\"#FF9999\">500mg\/settimana<\/td>\n<td bgcolor=\"#99CCFF\">200 mg\/settimana<\/td>\n<td bgcolor=\"#FFFFCC\">25 mg\/giorno<\/td>\n<\/tr>\n<tr>\n<td align=\"center\" width=\"60\"><span style=\"font-family: verdana; font-size: small;\"><b>4<\/b><\/span><\/td>\n<td bgcolor=\"#FF9999\">500mg\/settimana<\/td>\n<td bgcolor=\"#99CCFF\">200 mg\/settimana<\/td>\n<td bgcolor=\"#FFFFCC\">25 mg\/giorno<\/td>\n<\/tr>\n<tr>\n<td align=\"center\" width=\"60\"><span style=\"font-family: verdana; font-size: small;\"><b>5<\/b><\/span><\/td>\n<td bgcolor=\"#FF9999\">500mg\/settimana<\/td>\n<td bgcolor=\"#99CCFF\">200 mg\/settimana<\/td>\n<td bgcolor=\"#FFFFCC\">25 mg\/giorno<\/td>\n<\/tr>\n<tr>\n<td align=\"center\" width=\"60\"><span style=\"font-family: verdana; font-size: small;\"><b>6<\/b><\/span><\/td>\n<td bgcolor=\"#FF9999\">500mg\/settimana<\/td>\n<td bgcolor=\"#99CCFF\">200 mg\/settimana<\/td>\n<td bgcolor=\"#FFFFCC\">25 mg\/giorno<\/td>\n<\/tr>\n<tr>\n<td align=\"center\" width=\"60\"><span style=\"font-family: verdana; font-size: small;\"><b>7<\/b><\/span><\/td>\n<td bgcolor=\"#FF9999\">500mg\/settimana<\/td>\n<td bgcolor=\"#99CCFF\">200 mg\/settimana<\/td>\n<td><\/td>\n<\/tr>\n<tr>\n<td align=\"center\" width=\"60\"><span style=\"font-family: verdana; font-size: small;\"><b>8<\/b><\/span><\/td>\n<td bgcolor=\"#FF9999\">500mg\/settimana<\/td>\n<td bgcolor=\"#99CCFF\">200 mg\/settimana<\/td>\n<td><\/td>\n<\/tr>\n<tr>\n<td align=\"center\" width=\"60\"><span style=\"font-family: verdana; font-size: small;\"><b>9<\/b><\/span><\/td>\n<td bgcolor=\"#FF9999\">500mg\/settimana<\/td>\n<td bgcolor=\"#99CCFF\">200 mg\/settimana<\/td>\n<td><\/td>\n<\/tr>\n<tr>\n<td align=\"center\" width=\"60\"><span style=\"font-family: verdana; font-size: small;\"><b>10<\/b><\/span><\/td>\n<td bgcolor=\"#FF9999\">500mg\/settimana<\/td>\n<td bgcolor=\"#99CCFF\">200 mg\/settimana<\/td>\n<td><\/td>\n<\/tr>\n<tr>\n<td align=\"center\" width=\"60\"><span style=\"font-family: verdana; font-size: small;\"><b>11<\/b><\/span><\/td>\n<td bgcolor=\"#FF9999\">500mg\/settimana<\/td>\n<td bgcolor=\"#99CCFF\">200 mg\/settimana<\/td>\n<td><\/td>\n<\/tr>\n<tr>\n<td align=\"center\" width=\"60\"><span style=\"font-family: verdana; font-size: small;\"><b>12<\/b><\/span><\/td>\n<td bgcolor=\"#FF9999\">500mg\/settimana<\/td>\n<td bgcolor=\"#99CCFF\">200 mg\/settimana<\/td>\n<td><\/td>\n<\/tr>\n<\/tbody>\n<\/table>\n<p>&nbsp;<\/p>\n<p><b>Totale:<\/b><br \/>\n6000mg <a href=\"http:\/\/getanabolics.biz\/it\/prodotto\/testosterone-enant-250-10-ml-vial-each-1-ml-contains-250-mg-testosterone-enanthate\/\">Testosterone Enant. 250 &#8211; Alpha Pharma<\/a><br \/>\n2400mg <a href=\"http:\/\/getanabolics.biz\/it\/prodotto\/deca-250-scatola-da-10-fiale-da-1-ml-250-mg-ml-totale-2500mg-nandrolone-decaonate\/\">Deca 250 &#8211; Alpha Pharma<\/a><br \/>\n100 schede <a href=\"http:\/\/getanabolics.biz\/it\/prodotto\/dianabol-100-tabs-each-contains-10-mg-methandienone\/\">Dianabol &#8211; Maxtreme<\/a><\/p>\n<p>&nbsp;<\/p>\n<p>\u00c8 lo stesso come i principianti ciclo di sopra con Dianabol aggiunto alla pila. Dianabol \u00e8 un lavoro rapido di steroidi che possono essere prese in forma orale, che potr\u00e0 fare grandi guadagni in massa muscolare e la forza all&#8217;inizio del ciclo (spesso definito come carico frontale).<\/p>\n<table>\n<tbody>\n<tr>\n<td><strong>i Potenziali Effetti Collaterali E PCT<\/strong><br \/>\nGinecomastia, ritenzione idrica, pressione alta e colesterolo alto sono tutti i possibili effetti collaterali di questo ciclo. 10 mg di nolvadex di tutti i giorni pu\u00f2 essere usato per combattere tutti i sintomi che si hanno durante il ciclo. Anche eventuali orale sar\u00e0 avere un effetto tossico sul fegato cos\u00ec un fegato supplemento o booster deve essere assunto con il dianabol e il suo uso deve essere di non pi\u00f9 di 6 settimane.Il PCT si compongono di 2 settimane sconto del ciclo per consentire gli ormoni per cancellare il vostro sistema. Si dovrebbe quindi prendere nolvadex per 3 settimane per aiutare a ristabilire la normale produzione di testosterone. 40mg al giorno per 2 settimane e 20 mg di Nolvadex per la terza settimana.<\/td>\n<\/tr>\n<\/tbody>\n<\/table>\n<p>&nbsp;<\/p>\n<p>Come cicli di steroidi riferimento al tempo in cui siamo, in realt\u00e0, che completa con steroidi anabolizzanti, la domanda \u00e8 che cosa \u00e8 il periodo di tempo accettabile? Qual \u00e8 il minimo per i guadagni e che cosa \u00e8 il tempo massimo in quanto a sicurezza? Questo pu\u00f2 essere una domanda difficile a cui rispondere, ma, ancora una volta, ci sono linee guida che vi aiuter\u00e0 a rimanere sicuro. Indipendentemente dalla cicli di steroidi si implementa, non importa come semplice o avanzata, il vostro piano \u00e8 necessario che si estendono per una discreta quantit\u00e0 di tempo. Il corpo umano non come cambiamento; anche se un tale cambiamento \u00e8 nel suo migliore interesse sar\u00e0 combattere e fare tutto il possibile per rimanere al suo consueto normale. Dobbiamo avere il tempo sufficiente per questo \u201cnormale\u201d per il cambiamento; dobbiamo creare un nuovo set normale, se ci sono per appendere su una qualsiasi delle plusvalenze realizzate. Tuttavia, anche quando questo \u00e8 fatto, se hai il ciclo per un periodo di tempo prolungato, si sta andando a perdere alcuni dei risultati ottenuti; senza l&#8217;elevato afflusso di ormoni presenti per sostenere i guadagni che hai fatto non durer\u00e0 per sempre. Plusvalenze realizzate mediante l&#8217;uso di ormoni, questo non \u00e8 falso muscolare o la forza, \u00e8 reale come qualsiasi altri profitti che possono essere fatte. Quando si fanno i guadagni di forza e le dimensioni, sono supportati dalle sostanze nutritive che si consumano. Togliere le sostanze nutritive e il sistema di supporto cade a pezzi. Gli ormoni sono importanti, forse importante quanto il cibo. Insieme con sostanze nutritive, ormoni nel vostro corpo supportare la vostra dimensione e la forza sia naturale o fornito in maniera esogena. Prendere gli ormoni di distanza, e di nuovo la rimozione di un sistema di supporto.<\/p>\n<p>Il termine <strong>Cicli di Steroidi<\/strong> si riferisce periodicamente all&#8217;uso di anabolizzanti\/androgeni anabolizzanti (AAS), in genere per la costruzione muscolare scopi. AAS non sono medicalmente approvato per promuovere l&#8217;eccessiva massa muscolare utili (bodybuilding) o migliorare le prestazioni atletiche. A parte la prima sperimentazione sugli atleti da una manciata di medici sportivi, un vasto sforzo per studiare il fisico e per il potenziamento delle prestazioni di propriet\u00e0 di questi farmaci, in particolare con un occhio di riguardo lo sviluppo di strategie per il loro utilizzo per massimizzare i benefici e minimizzare gli effetti negativi, non ha ancora intrapreso dalla comunit\u00e0 medica. A causa di questo, il traffico illecito di utenti sono stati lasciati a sviluppare i loro protocolli per la somministrazione di questi farmaci. Il risultato \u00e8 stato una grande variet\u00e0 di diversi approcci all&#8217;utilizzo di questi agenti, alcuni pi\u00f9 sicuro o pi\u00f9 efficaci di altri. Mentre non sarebbe possibile valutare in modo completo tutti i pi\u00f9 noti approcci, in questa sezione verranno trattate alcune delle pi\u00f9 fondamentali di tempo e di metodi collaudati per l&#8217;uso di AAS.<\/p>\n<p><span id=\"result_box\" class=\"short_text\" lang=\"it\"><span class=\"\">Questo ciclo si pu\u00f2 acquistare su <a href=\"http:\/\/getanabolics.biz\">getanabolics.biz<\/a><\/span><\/span><\/p>\n<h3>Leggi di pi\u00f9<\/h3>\n<p><a href=\"http:\/\/getanabolics.biz\/it\/acquistare-dianabol-online-su-getanabolics-biz\/\">ACQUISTA DIANABOL ONLINE SU GETANABOLICS.BIZ<\/a><\/p>\n<p><a href=\"http:\/\/getanabolics.biz\/it\/winstrol-che-cosa-e-e-per-che-cosa-e\/\">WINSTROL, CHE COS&#8217;\u00c8 E PER COSA SERVE?<\/a><\/p>\n<p><a href=\"http:\/\/getanabolics.biz\/it\/recensioni-cytomel-t3-su-getanabolics-biz\/\">CYTOMEL T3 RECENSIONI SU GETANABOLICS.BIZ<\/a><\/p>\n<p><a href=\"http:\/\/getanabolics.biz\/it\/pausa-tra-steroidi-e-pct\/\">PAUSA TRA CORSI STEROIDI E PCT<\/a><\/p>\n<p><a href=\"http:\/\/getanabolics.biz\/it\/quanto-e-efficace-il-ponte-steroideo\/\">QUANTO EFFICACE \u00c8 IL PONTE STEROID?<\/a><\/p>\n","protected":false},"excerpt":{"rendered":"<p>6000mg\u00a0<a href=\"http:\/\/getanabolics.biz\/it\/prodotto\/testosterone-enant-250-10-ml-vial-each-1-ml-contains-250-mg-testosterone-enanthate\/\">Testosterone Enant. 250 &#8211; Alpha Pharma<\/a><br \/>\n2400mg\u00a0<a href=\"http:\/\/getanabolics.biz\/it\/prodotto\/deca-250-scatola-da-10-fiale-da-1-ml-250-mg-ml-totale-2500mg-nandrolone-decaonate\/\">Deca\u00a0250 &#8211; Alpha Pharma<\/a><br \/>\n100 tabs <a href=\"http:\/\/getanabolics.biz\/it\/prodotto\/dianabol-100-tabs-each-contains-10-mg-methandienone\/\">Dianabol &#8211; Maxtreme<\/a><\/p>\n","protected":false},"featured_media":32350549,"comment_status":"closed","ping_status":"closed","template":"","meta":[],"product_cat":[464],"product_tag":[496,465,537],"_links":{"self":[{"href":"https:\/\/getanabolics.biz\/it\/wp-json\/wp\/v2\/product\/32350641"}],"collection":[{"href":"https:\/\/getanabolics.biz\/it\/wp-json\/wp\/v2\/product"}],"about":[{"href":"https:\/\/getanabolics.biz\/it\/wp-json\/wp\/v2\/types\/product"}],"replies":[{"embeddable":true,"href":"https:\/\/getanabolics.biz\/it\/wp-json\/wp\/v2\/comments?post=32350641"}],"wp:featuredmedia":[{"embeddable":true,"href":"https:\/\/getanabolics.biz\/it\/wp-json\/wp\/v2\/media\/32350549"}],"wp:attachment":[{"href":"https:\/\/getanabolics.biz\/it\/wp-json\/wp\/v2\/media?parent=32350641"}],"wp:term":[{"taxonomy":"product_cat","embeddable":true,"href":"https:\/\/getanabolics.biz\/it\/wp-json\/wp\/v2\/product_cat?post=32350641"},{"taxonomy":"product_tag","embeddable":true,"href":"https:\/\/getanabolics.biz\/it\/wp-json\/wp\/v2\/product_tag?post=32350641"}],"curies":[{"name":"wp","href":"https:\/\/api.w.org\/{rel}","templated":true}]}}