{"id":32350636,"date":"2017-06-07T14:33:27","date_gmt":"2017-06-07T14:33:27","guid":{"rendered":"http:\/\/getanabolics.biz\/product\/volumizzante-steroidi-del-ciclo-di\/"},"modified":"2018-01-21T19:18:41","modified_gmt":"2018-01-21T19:18:41","slug":"volumizzante-steroidi-del-ciclo-di","status":"publish","type":"product","link":"https:\/\/getanabolics.biz\/it\/prodotto\/volumizzante-steroidi-del-ciclo-di\/","title":{"rendered":"VOLUMIZZANTE STEROIDI DEL CICLO DI"},"content":{"rendered":"<p>Cicli di steroidi si riferisce al lasso di tempo gli steroidi anabolizzanti vengono utilizzati. Questo lasso di tempo \u00e8 spesso definito come \u201cCiclo.\u201d Quando gli steroidi non vengono utilizzati, questo \u00e8 indicato come \u201cOff-Ciclo.\u201d Per la fase di ciclo, ci sono innumerevoli opzioni e pile. \u201cPile\u201d si riferiscono alla combinazione di steroidi anabolizzanti come non-steroidei farmaci oggetti utilizzati durante la fase di ciclo. Con centinaia di steroidi anabolizzanti, diversi ormoni peptidici, SERM, AI, ormoni tiroidei e di pi\u00f9, ci sono davvero innumerevoli possibili pile. Le opzioni disponibili sono cos\u00ec vasti, di ogni risma e il ciclo si impegnano potrebbe essere completamente diverso. Tuttavia, la maggior parte di utilizzatori di steroidi diventano agio con certe pile; scopriranno specifiche combinazioni che generano i migliori risultati, e si attacca con tali piani.<\/p>\n<p>Avanzato di steroidi anabolizzanti, gli utenti sono il pi\u00f9 alto livello di esperienza degli utenti, ed \u00e8 chiaramente per scontato che a questo punto, di steroidi anabolizzanti utente ha ottenuto abbastanza esperienza e acquisito sufficiente conoscenza per assumere lo status di un utente avanzato. Avanzato di steroidi pile di coinvolgere molti dei pi\u00f9 avanzati a livello di composti (come Anadrol e Trenbolone), ma questo non \u00e8 per dire che avanzate di steroidi anabolizzanti cicli non pu\u00f2 non essere anche la base di Testosterone-solo ciclo di protocollo. Questo \u00e8 stato precedentemente accennato, con la quale \u00e8 stato chiarito che, intermedio e avanzato di steroidi anabolizzanti, gli utenti non sono limitati all&#8217;uso di molto dure, composti, a dosi estremamente elevate, o complesso ciclo di pile. Spesso la maggior parte di utenti avanzati possono optare per eseguire il basic provato, di fiducia, ed \u00e8 vero, metodi di Testosterone, solo cicli, o molto di base di steroidi anabolizzanti cicli. Questo \u00e8 di solito molto sorpresa per i principianti, in quanto molto spesso i principianti (e in prospettiva di steroidi anabolizzanti gli utenti) sar\u00e0 in possesso di una comprensione imperfetta di ci\u00f2 che significa essere un avanzato steroidi anabolizzanti utente.<\/p>\n<p>Indipendentemente dalla pila o il ciclo si esegue, non ci sono regole generali e avvertenze che vi aiuter\u00e0 a mantenere al sicuro. Per esempio, la regola principale di ogni ciclo, \u00e8 che include una qualche forma di testosterone. La forma di testosterone utilizzato \u00e8 di nessuna conseguenza. L&#8217;unica cosa che conta \u00e8 che il corpo ha abbastanza di questo ormone essenziale per il corretto funzionamento.<\/p>\n<p><strong><br \/>\n<\/strong><strong>12 settimane di Testosterone Enanthate\/Cypionate Steroidi del Ciclo di<\/strong><\/p>\n<p>Ciao a tutti, l&#8217;ultima volta che io sono sempre domande perch\u00e9 sul mio blog non ci sono steroidi del ciclo per i principianti, cos\u00ec ho deciso di creare questa speciale categoria e post per primi cicli di steroidi per il novizio. Come potete capire ci sono alcune varianti di come primo ciclo di steroidi pu\u00f2 guardare, ma oggi cominciamo con opzione pi\u00f9 popolare, vale a dire prima di testosterone ciclo di steroidi.<\/p>\n<p><strong>Testosterone<\/strong> \u00e8 il re di costruzione di massa e dopo il primo ciclo con il testosterone, si noter\u00e0 questo.<\/p>\n<p>Prima di passare al grafico, si prega di ricordare cose:<\/p>\n<p>\u2013 Si in treno, con <strong>ad alta intensit\u00e0<\/strong>, aggiungere peso per ogni 3<sup>rd<\/sup> di formazione, per assicurare un passo avanti.<\/p>\n<p>\u2013 mangiare <strong>buon cibo<\/strong> come: riso, farina d&#8217;avena, banane, mele, carne, uova hanno anche 2-3 frullati di proteine al giorno.<\/p>\n<p>\u2013 <a href=\"http:\/\/getanabolics.biz\/product\/testosterone-enant-250-10-ml-vial-each-1-ml-contains-250-mg-testosterone-enanthate\/\"><strong>iniezioni di Testosterone<\/strong><\/a>, deve essere diviso in 2 iniezioni a settimana (ogni @250 mg) per mantenere i livelli ematici pi\u00f9 stabile<\/p>\n<p>Per PCT <strong>(ciclo di terapia post)<\/strong> usa <strong><a href=\"http:\/\/getanabolics.biz\/product\/nolvadex-50-tabs-each-tab-contains-20mg-tamoxifen-citrate\/\">Nolvadex<\/a> <\/strong>(tamoxifene citrato), <strong>restore<\/strong> naturale <strong>testosterone<\/strong> <strong>produzione<\/strong>. Alcuni possono utilizzare HCG durante il ciclo, ma che \u00e8 fino a voi e la vostra capacit\u00e0 del corpo di recuperare, tuttavia, questo \u00e8 il vostro primo ciclo e ancora non si sa quanto velocemente si recupera. Io suggerirei di optare solo per <strong>Nolvadex<\/strong> Si otterr\u00e0 grande esperienza e sapere in futuro come reagisce il vostro corpo.<\/p>\n<p>&nbsp;<\/p>\n<p>&nbsp;<\/p>\n<table style=\"height: 436px;\" border=\"1\" width=\"483\" cellpadding=\"2\" bgcolor=\"#FEFEFE\">\n<tbody>\n<tr>\n<td align=\"center\" width=\"60\"><span style=\"color: #000000; font-family: verdana; font-size: small;\">settimana di<br \/>\nciclo di<\/span><\/td>\n<td align=\"center\" bgcolor=\"#FF9999\">Testosterone Enant. 250<br \/>\n250mg\/ml<\/td>\n<td align=\"center\" bgcolor=\"#99CCFF\">NOLVADEX<br \/>\n20mg tab<\/td>\n<\/tr>\n<tr>\n<td align=\"center\" width=\"60\"><span style=\"color: #000000; font-family: verdana; font-size: small;\"><b>1<\/b><\/span><\/td>\n<td bgcolor=\"#FF9999\">500mg\/settimana (diviso in 2 iniezioni a settimana)<\/td>\n<td><\/td>\n<\/tr>\n<tr>\n<td align=\"center\" width=\"60\"><span style=\"color: #000000; font-family: verdana; font-size: small;\"><b>2<\/b><\/span><\/td>\n<td bgcolor=\"#FF9999\">500mg\/settimana (diviso in 2 iniezioni a settimana)<\/td>\n<td><\/td>\n<\/tr>\n<tr>\n<td align=\"center\" width=\"60\"><span style=\"color: #000000; font-family: verdana; font-size: small;\"><b>3<\/b><\/span><\/td>\n<td bgcolor=\"#FF9999\">500mg\/settimana (diviso in 2 iniezioni a settimana)<\/td>\n<td><\/td>\n<\/tr>\n<tr>\n<td align=\"center\" width=\"60\"><span style=\"color: #000000; font-family: verdana; font-size: small;\"><b>4<\/b><\/span><\/td>\n<td bgcolor=\"#FF9999\">500mg\/settimana (diviso in 2 iniezioni a settimana)<\/td>\n<td><span style=\"color: #000000; font-family: verdana; font-size: small;\"><br \/>\n<\/span><\/td>\n<\/tr>\n<tr>\n<td align=\"center\" width=\"60\"><span style=\"color: #000000; font-family: verdana; font-size: small;\"><b>5<\/b><\/span><\/td>\n<td bgcolor=\"#FF9999\">500mg\/settimana (diviso in 2 iniezioni a settimana)<\/td>\n<td><span style=\"color: #000000; font-family: verdana; font-size: small;\"><br \/>\n<\/span><\/td>\n<\/tr>\n<tr>\n<td align=\"center\" width=\"60\"><span style=\"color: #000000; font-family: verdana; font-size: small;\"><b>6<\/b><\/span><\/td>\n<td bgcolor=\"#FF9999\">500mg\/settimana (diviso in 2 iniezioni a settimana)<\/td>\n<td><\/td>\n<\/tr>\n<tr>\n<td align=\"center\" width=\"60\"><span style=\"color: #000000; font-family: verdana; font-size: small;\"><b>7<\/b><\/span><\/td>\n<td bgcolor=\"#FF9999\">500mg\/settimana (diviso in 2 iniezioni a settimana)<\/td>\n<td><\/td>\n<\/tr>\n<tr>\n<td align=\"center\" width=\"60\"><span style=\"color: #000000; font-family: verdana; font-size: small;\"><b>8<\/b><\/span><\/td>\n<td bgcolor=\"#FF9999\">500mg\/settimana (diviso in 2 iniezioni a settimana)<\/td>\n<td><span style=\"color: #000000; font-family: verdana; font-size: small;\"><br \/>\n<\/span><\/td>\n<\/tr>\n<tr>\n<td align=\"center\" width=\"60\"><span style=\"color: #000000; font-family: verdana; font-size: small;\"><b>9<\/b><\/span><\/td>\n<td bgcolor=\"#FF9999\">500mg\/settimana (diviso in 2 iniezioni a settimana)<\/td>\n<td><\/td>\n<\/tr>\n<tr>\n<td align=\"center\" width=\"60\"><span style=\"color: #000000; font-family: verdana; font-size: small;\"><b>10<\/b><\/span><\/td>\n<td bgcolor=\"#FF9999\">500mg\/settimana (diviso in 2 iniezioni a settimana)<\/td>\n<td><span style=\"color: #000000; font-family: verdana; font-size: small;\"><br \/>\n<\/span><\/td>\n<\/tr>\n<tr>\n<td align=\"center\" width=\"60\"><span style=\"color: #000000; font-family: verdana; font-size: small;\"><b>11<\/b><\/span><\/td>\n<td bgcolor=\"#FF9999\">500mg\/settimana (diviso in 2 iniezioni a settimana)<\/td>\n<td><span style=\"color: #000000; font-family: verdana; font-size: small;\"><br \/>\n<\/span><\/td>\n<\/tr>\n<tr>\n<td align=\"center\" width=\"60\"><span style=\"color: #000000; font-family: verdana; font-size: small;\"><b>12<\/b><\/span><\/td>\n<td bgcolor=\"#FF9999\">500mg\/settimana (diviso in 2 iniezioni a settimana)<\/td>\n<td><span style=\"color: #000000; font-family: verdana; font-size: small;\"><br \/>\n<\/span><\/td>\n<\/tr>\n<tr>\n<td align=\"center\" width=\"60\"><span style=\"color: #000000; font-family: verdana; font-size: small;\"><b>13<\/b><\/span><\/td>\n<td><\/td>\n<td><span style=\"color: #000000; font-family: verdana; font-size: small;\"><br \/>\n<\/span><\/td>\n<\/tr>\n<tr>\n<td align=\"center\" width=\"60\"><span style=\"color: #000000; font-family: verdana; font-size: small;\"><b>14<\/b><\/span><\/td>\n<td><\/td>\n<td bgcolor=\"#99CCFF\"><span style=\"color: #000000; font-family: verdana; font-size: small;\">20 mg\/giorno<br \/>\n<\/span><\/td>\n<\/tr>\n<tr>\n<td align=\"center\" width=\"60\"><span style=\"color: #000000; font-family: verdana; font-size: small;\"><b>15<\/b><\/span><\/td>\n<td><\/td>\n<td bgcolor=\"#99CCFF\"><span style=\"color: #000000; font-family: verdana; font-size: small;\">20 mg\/giorno<br \/>\n<\/span><\/td>\n<\/tr>\n<tr>\n<td align=\"center\" width=\"60\"><span style=\"color: #000000; font-family: verdana; font-size: small;\"><b>16<\/b><\/span><\/td>\n<td><\/td>\n<td bgcolor=\"#99CCFF\"><span style=\"color: #000000; font-family: verdana; font-size: small;\">20 mg\/giorno<br \/>\n<\/span><\/td>\n<\/tr>\n<tr>\n<td align=\"center\" width=\"60\"><span style=\"color: #000000; font-family: verdana; font-size: small;\"><b>17<\/b><\/span><\/td>\n<td><\/td>\n<td bgcolor=\"#99CCFF\"><span style=\"color: #000000; font-family: verdana; font-size: small;\">20 mg\/giorno<br \/>\n<\/span><\/td>\n<\/tr>\n<\/tbody>\n<\/table>\n<p>&nbsp;<\/p>\n<p><b>Totale:<\/b><br \/>\n6000 mg <a href=\"http:\/\/getanabolics.biz\/it\/prodotto\/testosterone-enant-250-10-ml-vial-each-1-ml-contains-250-mg-testosterone-enanthate\/\">di Testosterone Enant. 250 &#8211; Alpha Pharma<\/a><br \/>\n50 compresse <a href=\"http:\/\/getanabolics.biz\/it\/prodotto\/nolvadex-50-schede-ogni-scheda-contiene-20-mg-di-citrato-di-tamoxifene\/\">Nolvadex &#8211; Alpha Pharma<\/a><\/p>\n<p>&nbsp;<\/p>\n<p>Avanzato di steroidi anabolizzanti, gli utenti sono il pi\u00f9 alto livello di esperienza degli utenti, ed \u00e8 chiaramente per scontato che a questo punto, di steroidi anabolizzanti utente ha ottenuto abbastanza esperienza e acquisito sufficiente conoscenza per assumere lo status di un utente avanzato. Avanzato di steroidi pile di coinvolgere molti dei pi\u00f9 avanzati a livello di composti (come Anadrol e Trenbolone), ma questo non \u00e8 per dire che avanzate di steroidi anabolizzanti cicli non pu\u00f2 non essere anche la base di Testosterone-solo ciclo di protocollo. Questo \u00e8 stato precedentemente accennato, con la quale \u00e8 stato chiarito che, intermedio e avanzato di steroidi anabolizzanti, gli utenti non sono limitati all&#8217;uso di molto dure, composti, a dosi estremamente elevate, o complesso ciclo di pile. Spesso la maggior parte di utenti avanzati possono optare per eseguire il basic provato, di fiducia, ed \u00e8 vero, metodi di Testosterone, solo cicli, o molto di base di steroidi anabolizzanti cicli. Questo \u00e8 di solito molto sorpresa per i principianti, in quanto molto spesso i principianti (e in prospettiva di steroidi anabolizzanti gli utenti) sar\u00e0 in possesso di una comprensione imperfetta di ci\u00f2 che significa essere un avanzato steroidi anabolizzanti utente.<\/p>\n<p>&nbsp;<\/p>\n<p>Il termine <strong>Cicli di Steroidi<\/strong> si riferisce periodicamente all&#8217;uso di anabolizzanti\/androgeni anabolizzanti (AAS), in genere per la costruzione muscolare scopi. AAS non sono medicalmente approvato per promuovere l&#8217;eccessiva massa muscolare utili (bodybuilding) o migliorare le prestazioni atletiche. A parte la prima sperimentazione sugli atleti da una manciata di medici sportivi, un vasto sforzo per studiare il fisico e per il potenziamento delle prestazioni di propriet\u00e0 di questi farmaci, in particolare con un occhio di riguardo lo sviluppo di strategie per il loro utilizzo per massimizzare i benefici e minimizzare gli effetti negativi, non ha ancora intrapreso dalla comunit\u00e0 medica. A causa di questo, il traffico illecito di utenti sono stati lasciati a sviluppare i loro protocolli per la somministrazione di questi farmaci. Il risultato \u00e8 stato una grande variet\u00e0 di diversi approcci all&#8217;utilizzo di questi agenti, alcuni pi\u00f9 sicuro o pi\u00f9 efficaci di altri. Mentre non sarebbe possibile valutare in modo completo tutti i pi\u00f9 noti approcci, in questa sezione verranno trattate alcune delle pi\u00f9 fondamentali di tempo e di metodi collaudati per l&#8217;uso di AAS.<br \/>\n<span id=\"result_box\" class=\"short_text\" lang=\"it\"><span class=\"\">Questo ciclo si pu\u00f2 acquistare su <a href=\"http:\/\/getanabolics.biz\">getanabolics.biz<\/a><\/span><\/span><\/p>\n<h3>Leggi di pi\u00f9<\/h3>\n<p><a href=\"http:\/\/getanabolics.biz\/it\/ottimi-risultati-del-miglior-trenbolone-acetato\/\">GRANDI RISULTATI DAL MIGLIOR ACETATO DI TRENBOLONE<\/a><\/p>\n<p><a href=\"http:\/\/getanabolics.biz\/it\/tutto-quello-che-ce-da-sapere-sul-anadrol\/\">TUTTO QUELLO CHE DEVI SAPERE SU ANADROL<\/a><\/p>\n<p><a href=\"http:\/\/getanabolics.biz\/it\/leffetto-degli-steroidi-sulla-pelle-umana\/\">L&#8217;EFFETTO DELLA STEROIDI SULLA PELLE UMANA<\/a><\/p>\n<p><a href=\"http:\/\/getanabolics.biz\/it\/raccogli-una-massa-secca-senza-effetti-collaterali\/\">RACCOGLI UNA MASSA ASCIUTTA SENZA EFFETTI COLLATERALI<\/a><\/p>\n<p><a href=\"http:\/\/getanabolics.biz\/it\/quale-dovrebbe-essere-la-durata-del-corso-degli-steroidi\/\">COSA DEVE ESSERE LA DURATA DEL CORSO DI STEROIDI?<\/a><\/p>\n","protected":false},"excerpt":{"rendered":"<p>6000\u00a0mg <a href=\"http:\/\/getanabolics.biz\/it\/prodotto\/testosterone-enant-250-10-ml-vial-each-1-ml-contains-250-mg-testosterone-enanthate\/\">Testosterone Enant. 250 &#8211; Alpha Pharma<\/a><br \/>\n50 tabs <a href=\"http:\/\/getanabolics.biz\/it\/prodotto\/nolvadex-50-schede-ogni-scheda-contiene-20-mg-di-citrato-di-tamoxifene\/\">Nolvadex &#8211; Alpha Pharma<\/a><\/p>\n","protected":false},"featured_media":32350541,"comment_status":"closed","ping_status":"closed","template":"","meta":[],"product_cat":[464],"product_tag":[481,495],"_links":{"self":[{"href":"https:\/\/getanabolics.biz\/it\/wp-json\/wp\/v2\/product\/32350636"}],"collection":[{"href":"https:\/\/getanabolics.biz\/it\/wp-json\/wp\/v2\/product"}],"about":[{"href":"https:\/\/getanabolics.biz\/it\/wp-json\/wp\/v2\/types\/product"}],"replies":[{"embeddable":true,"href":"https:\/\/getanabolics.biz\/it\/wp-json\/wp\/v2\/comments?post=32350636"}],"wp:featuredmedia":[{"embeddable":true,"href":"https:\/\/getanabolics.biz\/it\/wp-json\/wp\/v2\/media\/32350541"}],"wp:attachment":[{"href":"https:\/\/getanabolics.biz\/it\/wp-json\/wp\/v2\/media?parent=32350636"}],"wp:term":[{"taxonomy":"product_cat","embeddable":true,"href":"https:\/\/getanabolics.biz\/it\/wp-json\/wp\/v2\/product_cat?post=32350636"},{"taxonomy":"product_tag","embeddable":true,"href":"https:\/\/getanabolics.biz\/it\/wp-json\/wp\/v2\/product_tag?post=32350636"}],"curies":[{"name":"wp","href":"https:\/\/api.w.org\/{rel}","templated":true}]}}