{"id":32350626,"date":"2017-06-07T04:24:25","date_gmt":"2017-06-07T04:24:25","guid":{"rendered":"http:\/\/getanabolics.biz\/product\/massa-ciclo-avanzato\/"},"modified":"2018-01-21T19:27:21","modified_gmt":"2018-01-21T19:27:21","slug":"massa-ciclo-avanzato","status":"publish","type":"product","link":"https:\/\/getanabolics.biz\/it\/prodotto\/massa-ciclo-avanzato\/","title":{"rendered":"MASSA CICLO AVANZATO"},"content":{"rendered":"<p>Cicli di steroidi si riferisce al lasso di tempo gli steroidi anabolizzanti vengono utilizzati. Questo lasso di tempo \u00e8 spesso definito come \u201cCiclo.\u201d Quando gli steroidi non vengono utilizzati, questo \u00e8 indicato come \u201cOff-Ciclo.\u201d Per la fase di ciclo, ci sono innumerevoli opzioni e pile. \u201cPile\u201d si riferiscono alla combinazione di steroidi anabolizzanti come non-steroidei farmaci oggetti utilizzati durante la fase di ciclo. Con centinaia di steroidi anabolizzanti, diversi ormoni peptidici, SERM, AI, ormoni tiroidei e di pi\u00f9, ci sono davvero innumerevoli possibili pile. Le opzioni disponibili sono cos\u00ec vasti, di ogni risma e il ciclo si impegnano potrebbe essere completamente diverso. Tuttavia, la maggior parte di utilizzatori di steroidi diventano agio con certe pile; scopriranno specifiche combinazioni che generano i migliori risultati, e si attacca con tali piani.<\/p>\n<p>Avanzato di steroidi anabolizzanti, gli utenti sono il pi\u00f9 alto livello di esperienza degli utenti, ed \u00e8 chiaramente per scontato che a questo punto, di steroidi anabolizzanti utente ha ottenuto abbastanza esperienza e acquisito sufficiente conoscenza per assumere lo status di un utente avanzato. Avanzato di steroidi pile di coinvolgere molti dei pi\u00f9 avanzati a livello di composti (come Anadrol e <a href=\"http:\/\/getanabolics.biz\/product\/trenbolone-acetate-10-amps-each-1-ampoule-has-100mg-trenbolone-acetate\/\">Trenbolone<\/a>)ma questo non \u00e8 per dire che avanzate di steroidi anabolizzanti cicli non pu\u00f2 non essere anche la base di Testosterone-solo ciclo di protocollo. Questo \u00e8 stato precedentemente accennato, con la quale \u00e8 stato chiarito che, intermedio e avanzato di steroidi anabolizzanti, gli utenti non sono limitati all&#8217;uso di molto dure, composti, a dosi estremamente elevate, o complesso ciclo di pile. Spesso la maggior parte di utenti avanzati possono optare per eseguire il basic provato, di fiducia, ed \u00e8 vero, metodi di Testosterone, solo cicli, o molto di base di steroidi anabolizzanti cicli. Questo \u00e8 di solito molto sorpresa per i principianti, in quanto molto spesso i principianti (e in prospettiva di steroidi anabolizzanti gli utenti) sar\u00e0 in possesso di una comprensione imperfetta di ci\u00f2 che significa essere un avanzato steroidi anabolizzanti utente.<\/p>\n<p>Indipendentemente dalla pila o il ciclo si esegue, non ci sono regole generali e avvertenze che vi aiuter\u00e0 a mantenere al sicuro. Per esempio, la regola principale di ogni ciclo, \u00e8 che include una qualche forma di testosterone. La forma di testosterone utilizzato \u00e8 di nessuna conseguenza. L&#8217;unica cosa che conta \u00e8 che il corpo ha abbastanza di questo ormone essenziale per il corretto funzionamento.<\/p>\n<p class=\"testo\">il Nostro pi\u00f9 popolare di massa ciclo, che \u00e8 molto conveniente. Ha due fondamentali i costruttori di massa <a href=\"http:\/\/getanabolics.biz\/product\/dianabol-100-tabs-each-contains-10-mg-methandienone\/\">Dianabol &#8211; Maxtreme<\/a> e <a href=\"http:\/\/getanabolics.biz\/product\/testosterone-enant-250-10-ml-vial-each-1-ml-contains-250-mg-testosterone-enanthate\/\">Testosterone Enant. 250 &#8211; Alpha Pharma<\/a>.<\/p>\n<p>Consumare proteine almeno 3 grammi per kg di peso corporeo\/e il vostro apporto calorico giornaliero \u00e8 di 50 cal \/ kg\/peso corporeo. Seguire un allenamento ad alta intensit\u00e0 di allenamento 4-5 giorni alla settimana e bere molta acqua durante il ciclo.<\/p>\n<div id=\"printablediv\">\n<p>&nbsp;<\/p>\n<table border=\"1\" width=\"60%\" cellpadding=\"2\" bgcolor=\"#fefefe\">\n<tbody>\n<tr>\n<td align=\"center\" width=\"60\"><span style=\"font-family: verdana; font-size: small;\">settimana di<br \/>\nciclo di<\/span><\/td>\n<td align=\"center\" bgcolor=\"#FF9999\"><span style=\"font-family: verdana; font-size: small;\">Testosterone Enant. 250<br \/>\n250mg<\/span><\/td>\n<td align=\"center\" bgcolor=\"#99CCFF\"><span style=\"font-family: verdana; font-size: small;\">Dianabol<br \/>\n10mg tab<\/span><\/td>\n<td align=\"center\" bgcolor=\"#FFDA84\"><span style=\"font-family: verdana; font-size: small;\">Aromasin<br \/>\n25mg tab<\/span><\/td>\n<\/tr>\n<tr>\n<td align=\"center\" width=\"60\"><span style=\"font-family: verdana; font-size: small;\"><b>1<\/b><\/span><\/td>\n<td bgcolor=\"#FF9999\"><span style=\"font-family: verdana; font-size: small;\">3 ml\/settimana<\/span><\/td>\n<td bgcolor=\"#99CCFF\"><span style=\"font-family: verdana; font-size: small;\">2 schede\/giorno<\/span><\/td>\n<td bgcolor=\"#FFDA84\"><span style=\"font-family: verdana; font-size: small;\">0.5 scheda\/giorno<\/span><\/td>\n<\/tr>\n<tr>\n<td align=\"center\" width=\"60\"><span style=\"font-family: verdana; font-size: small;\"><b>2<\/b><\/span><\/td>\n<td bgcolor=\"#FF9999\"><span style=\"font-family: verdana; font-size: small;\">3 ml\/settimana<\/span><\/td>\n<td bgcolor=\"#99CCFF\"><span style=\"font-family: verdana; font-size: small;\">3 compresse\/giorno<\/span><\/td>\n<td bgcolor=\"#FFDA84\"><span style=\"font-family: verdana; font-size: small;\">0.5 scheda\/giorno<\/span><\/td>\n<\/tr>\n<tr>\n<td align=\"center\" width=\"60\"><span style=\"font-family: verdana; font-size: small;\"><b>3<\/b><\/span><\/td>\n<td bgcolor=\"#FF9999\"><span style=\"font-family: verdana; font-size: small;\">3 ml\/settimana<\/span><\/td>\n<td bgcolor=\"#99CCFF\"><span style=\"font-family: verdana; font-size: small;\">3 compresse\/giorno<\/span><\/td>\n<td bgcolor=\"#FFDA84\"><span style=\"font-family: verdana; font-size: small;\">0.5 scheda\/giorno<\/span><\/td>\n<\/tr>\n<tr>\n<td align=\"center\" width=\"60\"><span style=\"font-family: verdana; font-size: small;\"><b>4<\/b><\/span><\/td>\n<td bgcolor=\"#FF9999\"><span style=\"font-family: verdana; font-size: small;\">3 ml\/settimana<\/span><\/td>\n<td bgcolor=\"#99CCFF\"><span style=\"font-family: verdana; font-size: small;\">4 compresse\/giorno<\/span><\/td>\n<td bgcolor=\"#FFDA84\"><span style=\"font-family: verdana; font-size: small;\">0.5 scheda\/giorno<\/span><\/td>\n<\/tr>\n<tr>\n<td align=\"center\" width=\"60\"><span style=\"font-family: verdana; font-size: small;\"><b>5<\/b><\/span><\/td>\n<td bgcolor=\"#FF9999\"><span style=\"font-family: verdana; font-size: small;\">2 ml\/settimana<\/span><\/td>\n<td bgcolor=\"#99CCFF\"><span style=\"font-family: verdana; font-size: small;\">3 compresse\/giorno<\/span><\/td>\n<td bgcolor=\"#FFDA84\"><span style=\"font-family: verdana; font-size: small;\">0.5 scheda\/giorno<\/span><\/td>\n<\/tr>\n<tr>\n<td align=\"center\" width=\"60\"><span style=\"font-family: verdana; font-size: small;\"><b>6<\/b><\/span><\/td>\n<td bgcolor=\"#FF9999\"><span style=\"font-family: verdana; font-size: small;\">2 ml\/settimana<\/span><\/td>\n<td bgcolor=\"#99CCFF\"><span style=\"font-family: verdana; font-size: small;\">3 compresse\/giorno<\/span><\/td>\n<td bgcolor=\"#FFDA84\"><span style=\"font-family: verdana; font-size: small;\">0.5 scheda\/giorno<\/span><\/td>\n<\/tr>\n<tr>\n<td align=\"center\" width=\"60\"><span style=\"font-family: verdana; font-size: small;\"><b>7<\/b><\/span><\/td>\n<td bgcolor=\"#FF9999\"><span style=\"font-family: verdana; font-size: small;\">2 ml\/settimana<\/span><\/td>\n<td><\/td>\n<td bgcolor=\"#FFDA84\"><span style=\"font-family: verdana; font-size: small;\">0.5 scheda\/giorno<\/span><\/td>\n<\/tr>\n<tr>\n<td align=\"center\" width=\"60\"><span style=\"font-family: verdana; font-size: small;\"><b>8<\/b><\/span><\/td>\n<td bgcolor=\"#FF9999\"><span style=\"font-family: verdana; font-size: small;\">2 ml\/settimana<\/span><\/td>\n<td><\/td>\n<td><\/td>\n<\/tr>\n<tr>\n<td align=\"center\" width=\"60\"><span style=\"font-family: verdana; font-size: small;\"><b>9<\/b><\/span><\/td>\n<td><\/td>\n<td><\/td>\n<td><\/td>\n<\/tr>\n<tr>\n<td align=\"center\" width=\"60\"><span style=\"font-family: verdana; font-size: small;\"><b>10<\/b><\/span><\/td>\n<td><\/td>\n<td><\/td>\n<td><\/td>\n<\/tr>\n<tr>\n<td align=\"center\" width=\"60\"><span style=\"font-family: verdana; font-size: small;\"><b>11<\/b><\/span><\/td>\n<td><\/td>\n<td><\/td>\n<td bgcolor=\"#FFDA84\"><span style=\"font-family: verdana; font-size: small;\">0.5 scheda\/giorno<\/span><\/td>\n<\/tr>\n<tr>\n<td align=\"center\" width=\"60\"><span style=\"font-family: verdana; font-size: small;\"><b>12<\/b><\/span><\/td>\n<td><\/td>\n<td><\/td>\n<td bgcolor=\"#FFDA84\"><span style=\"font-family: verdana; font-size: small;\">0.5 scheda\/giorno<\/span><\/td>\n<\/tr>\n<\/tbody>\n<\/table>\n<p>&nbsp;<\/p>\n<p><b>Totale:<\/b><br \/>\n20 ml <a href=\"http:\/\/getanabolics.biz\/it\/prodotto\/testosterone-enant-250-10-ml-vial-each-1-ml-contains-250-mg-testosterone-enanthate\/\">Testosterone Enant. 250 &#8211; Alpha Pharma<\/a><br \/>\n200 tabs\u00a0<a href=\"http:\/\/getanabolics.biz\/it\/prodotto\/dianabol-100-tabs-each-contains-10-mg-methandienone\/\">Dianabol &#8211; Maxtreme<\/a><br \/>\n30 tabs <a href=\"http:\/\/getanabolics.biz\/it\/prodotto\/aromasin-30-compresse-ciascuno-ha-25mg-exemestano\/\">Aromasin &#8211;\u00a0Alpha Pharma<\/a><\/p>\n<p>&nbsp;<\/p>\n<\/div>\n<p>Si dovrebbe prendere schede dopo i pasti per prevenire eventuali disturbi di stomaco. E dividere il dosaggio di due volte al giorno. Uno al mattino e uno alla sera.<br \/>\n<b>Cardo mariano integratori sono consigliati attraverso il ciclo per sostenere il fegato e bere molta acqua e prendere l&#8217;Olio di Fegato di Merluzzo per sostenere il rene.<br \/>\nQuesto \u00e8 un esempio di ciclo con max. dosaggi. Sempre iniziare un ciclo con dosaggi inferiori e leggermente raggiungere il max. livelli. Se ti senti male diminuire il dosaggio o uscire.<br \/>\nDopo il ciclo, se necessario, ZMA o Tribulus pu\u00f2 essere usato per aumentare i livelli naturali di testosterone normale.<\/b><\/p>\n<p>&nbsp;<\/p>\n<p>Un punto estremamente importante, al lettore \u00e8 il fatto che molti principianti e intermedi di steroidi anabolizzanti, gli utenti spesso fanno l&#8217;errore di supponendo che essi sono disposti a impegnarsi in avanzato cicli di steroidi e ciclo di protocolli. Questo \u00e8 potenzialmente un estremamente pericoloso errore che ogni individuo dovrebbe assicurarsi di non cadere, come la progressione in fase avanzata, quando uno non \u00e8 preparato o non in possesso di un&#8217;esperienza adeguata e pu\u00f2 spesso portare a lesioni, danni e\/o potenziali danni fisici e battute d&#8217;arresto.<\/p>\n<p>La progressione naturale da quella di base\/principianti ad avanzato\/elite all&#8217;interno del regno di uso di steroidi anabolizzanti \u00e8 la stessa di qualsiasi altra disciplina, o la pratica in tutti gli aspetti della vita: il build-up di base, le fondazioni, le conoscenze e le competenze necessarie per costruire su se stesso al fine di raggiungere un livello intermedio di esperienza, e, infine, un avanzato livello di esperienza. Mai stato alcun individuo inizia una attivit\u00e0 o di viaggio, ad un livello avanzato. Per esempio, tutte le persone devono prima imparare competenze matematiche di base prima dell&#8217;apprendimento avanzato di livello universitario di calcolo. Se un individuo dovesse ipoteticamente essere fornito avanzate di calcolo di equazioni, si sarebbe perso, confuso, e non hanno idea di come fare per risolvere la condizione di equazioni.<\/p>\n<p>&nbsp;<\/p>\n<p>Il termine <strong>Cicli di Steroidi<\/strong> si riferisce periodicamente all&#8217;uso di anabolizzanti\/androgeni anabolizzanti (AAS), in genere per la costruzione muscolare scopi. AAS non sono medicalmente approvato per promuovere l&#8217;eccessiva massa muscolare utili (bodybuilding) o migliorare le prestazioni atletiche. A parte la prima sperimentazione sugli atleti da una manciata di medici sportivi, un vasto sforzo per studiare il fisico e per il potenziamento delle prestazioni di propriet\u00e0 di questi farmaci, in particolare con un occhio di riguardo lo sviluppo di strategie per il loro utilizzo per massimizzare i benefici e minimizzare gli effetti negativi, non ha ancora intrapreso dalla comunit\u00e0 medica. A causa di questo, il traffico illecito di utenti sono stati lasciati a sviluppare i loro protocolli per la somministrazione di questi farmaci. Il risultato \u00e8 stato una grande variet\u00e0 di diversi approcci all&#8217;utilizzo di questi agenti, alcuni pi\u00f9 sicuro o pi\u00f9 efficaci di altri. Mentre non sarebbe possibile valutare in modo completo tutti i pi\u00f9 noti approcci, in questa sezione verranno trattate alcune delle pi\u00f9 fondamentali di tempo e di metodi collaudati per l&#8217;uso di AAS.<\/p>\n<p>Questo ciclo si pu\u00f2 acquistare su <a href=\"http:\/\/getanabolics.biz\/\">getanabolics.biz<\/a><\/p>\n<h3>Leggi di pi\u00f9<\/h3>\n<p><a href=\"http:\/\/getanabolics.biz\/it\/acquistare-dianabol-online-su-getanabolics-biz\/\">ACQUISTA DIANABOL ONLINE SU GETANABOLICS.BIZ<\/a><\/p>\n<p><a href=\"http:\/\/getanabolics.biz\/it\/winstrol-che-cosa-e-e-per-che-cosa-e\/\">WINSTROL, CHE COS&#8217;\u00c8 E PER COSA SERVE?<\/a><\/p>\n<p><a href=\"http:\/\/getanabolics.biz\/it\/recensioni-cytomel-t3-su-getanabolics-biz\/\">CYTOMEL T3 RECENSIONI SU GETANABOLICS.BIZ<\/a><\/p>\n<p><a href=\"http:\/\/getanabolics.biz\/it\/pausa-tra-steroidi-e-pct\/\">PAUSA TRA CORSI STEROIDI E PCT<\/a><\/p>\n<p><a href=\"http:\/\/getanabolics.biz\/it\/quanto-e-efficace-il-ponte-steroideo\/\">QUANTO EFFICACE \u00c8 IL PONTE STEROID?<\/a><\/p>\n","protected":false},"excerpt":{"rendered":"<p>20 ml <a href=\"http:\/\/getanabolics.biz\/it\/prodotto\/testosterone-enant-250-10-ml-vial-each-1-ml-contains-250-mg-testosterone-enanthate\/\">Testosterone Enant. 250 &#8211; Alpha Pharma<\/a><br \/>\n200 tabs\u00a0<a href=\"http:\/\/getanabolics.biz\/it\/prodotto\/dianabol-100-tabs-each-contains-10-mg-methandienone\/\">Dianabol &#8211; Maxtreme<\/a><br \/>\n30 tabs <a href=\"http:\/\/getanabolics.biz\/it\/prodotto\/aromasin-30-compresse-ciascuno-ha-25mg-exemestano\/\">Aromasin &#8211;\u00a0Alpha Pharma<\/a><\/p>\n","protected":false},"featured_media":32350562,"comment_status":"closed","ping_status":"closed","template":"","meta":[],"product_cat":[464],"product_tag":[487,465,530],"_links":{"self":[{"href":"https:\/\/getanabolics.biz\/it\/wp-json\/wp\/v2\/product\/32350626"}],"collection":[{"href":"https:\/\/getanabolics.biz\/it\/wp-json\/wp\/v2\/product"}],"about":[{"href":"https:\/\/getanabolics.biz\/it\/wp-json\/wp\/v2\/types\/product"}],"replies":[{"embeddable":true,"href":"https:\/\/getanabolics.biz\/it\/wp-json\/wp\/v2\/comments?post=32350626"}],"wp:featuredmedia":[{"embeddable":true,"href":"https:\/\/getanabolics.biz\/it\/wp-json\/wp\/v2\/media\/32350562"}],"wp:attachment":[{"href":"https:\/\/getanabolics.biz\/it\/wp-json\/wp\/v2\/media?parent=32350626"}],"wp:term":[{"taxonomy":"product_cat","embeddable":true,"href":"https:\/\/getanabolics.biz\/it\/wp-json\/wp\/v2\/product_cat?post=32350626"},{"taxonomy":"product_tag","embeddable":true,"href":"https:\/\/getanabolics.biz\/it\/wp-json\/wp\/v2\/product_tag?post=32350626"}],"curies":[{"name":"wp","href":"https:\/\/api.w.org\/{rel}","templated":true}]}}