{"id":32350621,"date":"2017-06-07T04:18:35","date_gmt":"2017-06-07T04:18:35","guid":{"rendered":"http:\/\/getanabolics.biz\/product\/i-principianti-ciclo-di-massa\/"},"modified":"2018-01-21T19:40:25","modified_gmt":"2018-01-21T19:40:25","slug":"i-principianti-ciclo-di-massa","status":"publish","type":"product","link":"https:\/\/getanabolics.biz\/it\/prodotto\/i-principianti-ciclo-di-massa\/","title":{"rendered":"I PRINCIPIANTI CICLO DI MASSA"},"content":{"rendered":"<p>Cicli di steroidi si riferisce al lasso di tempo gli steroidi anabolizzanti vengono utilizzati. Questo lasso di tempo \u00e8 spesso definito come \u201cCiclo.\u201d Quando gli steroidi non vengono utilizzati, questo \u00e8 indicato come \u201cOff-Ciclo.\u201d Per la fase di ciclo, ci sono innumerevoli opzioni e pile. \u201cPile\u201d si riferiscono alla combinazione di steroidi anabolizzanti come non-steroidei farmaci oggetti utilizzati durante la fase di ciclo. Con centinaia di steroidi anabolizzanti, diversi ormoni peptidici, SERM, AI, ormoni tiroidei e di pi\u00f9, ci sono davvero innumerevoli possibili pile. Le opzioni disponibili sono cos\u00ec vasti, di ogni risma e il ciclo si impegnano potrebbe essere completamente diverso. Tuttavia, la maggior parte di utilizzatori di steroidi diventano agio con certe pile; scopriranno specifiche combinazioni che generano i migliori risultati, e si attacca con tali piani.<\/p>\n<p>Avanzato di steroidi anabolizzanti, gli utenti sono il pi\u00f9 alto livello di esperienza degli utenti, ed \u00e8 chiaramente per scontato che a questo punto, di steroidi anabolizzanti utente ha ottenuto abbastanza esperienza e acquisito sufficiente conoscenza per assumere lo status di un utente avanzato. Avanzato di steroidi pile di coinvolgere molti dei pi\u00f9 avanzati a livello di composti (come Anadrol e Trenbolone), ma questo non \u00e8 per dire che avanzate di steroidi anabolizzanti cicli non pu\u00f2 non essere anche la base di Testosterone-solo ciclo di protocollo. Questo \u00e8 stato precedentemente accennato, con la quale \u00e8 stato chiarito che, intermedio e avanzato di steroidi anabolizzanti, gli utenti non sono limitati all&#8217;uso di molto dure, composti, a dosi estremamente elevate, o complesso ciclo di pile. Spesso la maggior parte di utenti avanzati possono optare per eseguire il basic provato, di fiducia, ed \u00e8 vero, metodi di Testosterone, solo cicli, o molto di base di steroidi anabolizzanti cicli. Questo \u00e8 di solito molto sorpresa per i principianti, in quanto molto spesso i principianti (e in prospettiva di steroidi anabolizzanti gli utenti) sar\u00e0 in possesso di una comprensione imperfetta di ci\u00f2 che significa essere un avanzato steroidi anabolizzanti utente.<\/p>\n<p>Indipendentemente dalla pila o il ciclo si esegue, non ci sono regole generali e avvertenze che vi aiuter\u00e0 a mantenere al sicuro. Per esempio, la regola principale di ogni ciclo, \u00e8 che include una qualche forma di testosterone. La forma di testosterone utilizzato \u00e8 di nessuna conseguenza. L&#8217;unica cosa che conta \u00e8 che il corpo ha abbastanza di questo ormone essenziale per il corretto funzionamento.<\/p>\n<p class=\"testo\">Una massa solida generatore ciclo di steroidi, si compone di due forti elementi <a href=\"http:\/\/getanabolics.biz\/product\/anadrol-100-tabs-each-tab-contains-50-mg-oxymetholone\/\">Anadrol<\/a> e <a href=\"http:\/\/getanabolics.biz\/product\/sustanon-250-1-box-of-10-ampoules-each-1-amp-contains-250-mg-testosterone-esters\/\">Sustanon 250<\/a>. Anche <a href=\"http:\/\/getanabolics.biz\/product\/trenbolone-acetate-10ml-vial-contains-1000mg-100mgml-trenbolone-acetate\/\">Acetato di Trenbolone<\/a>, che \u00e8 un dolce di steroidi per evitare il crash quando si termina il ciclo.<\/p>\n<p>Consumare proteine almeno 3 grammi per kg di peso corporeo\/e il vostro apporto calorico giornaliero \u00e8 di 50 cal \/ kg\/peso corporeo. Seguire un allenamento ad alta intensit\u00e0 di allenamento 4-5 giorni alla settimana e bere molta acqua durante il ciclo.<\/p>\n<div id=\"printablediv\">\n<p>&nbsp;<\/p>\n<table border=\"1\" width=\"70%\" cellpadding=\"2\" bgcolor=\"#fefefe\">\n<tbody>\n<tr>\n<td align=\"center\" width=\"60\">settimana di<br \/>\nciclo<\/td>\n<td align=\"center\" bgcolor=\"#FF9999\"><span style=\"font-family: verdana; font-size: small;\">ANADROL<br \/>\n50 mg scheda<\/span><\/td>\n<td align=\"center\" bgcolor=\"#99CCFF\"><span style=\"font-family: verdana; font-size: small;\">SUSTANON 250<br \/>\n250 mg\/ml<\/span><\/td>\n<td align=\"center\" bgcolor=\"#FFFFCC\"><span style=\"font-family: verdana; font-size: small;\">Acetato di Trenbolone<br \/>\n100 mg\/ml<\/span><\/td>\n<td align=\"center\" bgcolor=\"#99FFCC\"><span style=\"font-family: verdana; font-size: small;\">AROMASIN<br \/>\n25 mg tab<\/span><\/td>\n<\/tr>\n<tr>\n<td align=\"center\" width=\"60\"><span style=\"font-family: verdana; font-size: small;\"><b>1<\/b><\/span><\/td>\n<td bgcolor=\"#FF9999\"><span style=\"font-family: verdana; font-size: small;\">1 scheda\/giorno<\/span><\/td>\n<td bgcolor=\"#99CCFF\"><span style=\"font-family: verdana; font-size: small;\">3 ml\/settimana<\/span><\/td>\n<td bgcolor=\"#FFFFCC\"><span style=\"font-family: verdana; font-size: small;\">3 ml\/settimana<\/span><\/td>\n<td bgcolor=\"#99FFCC\"><span style=\"font-family: verdana; font-size: small;\">0.5 scheda\/giorno<\/span><\/td>\n<\/tr>\n<tr>\n<td align=\"center\" width=\"60\"><span style=\"font-family: verdana; font-size: small;\"><b>2<\/b><\/span><\/td>\n<td bgcolor=\"#FF9999\"><span style=\"font-family: verdana; font-size: small;\">2 schede\/giorno<\/span><\/td>\n<td bgcolor=\"#99CCFF\"><span style=\"font-family: verdana; font-size: small;\">3 ml\/settimana<\/span><\/td>\n<td bgcolor=\"#FFFFCC\"><span style=\"font-family: verdana; font-size: small;\">3 ml\/settimana<\/span><\/td>\n<td bgcolor=\"#99FFCC\"><span style=\"font-family: verdana; font-size: small;\">0.5 scheda\/giorno<\/span><\/td>\n<\/tr>\n<tr>\n<td align=\"center\" width=\"60\"><span style=\"font-family: verdana; font-size: small;\"><b>3<\/b><\/span><\/td>\n<td bgcolor=\"#FF9999\"><span style=\"font-family: verdana; font-size: small;\">2 schede\/giorno<\/span><\/td>\n<td bgcolor=\"#99CCFF\"><span style=\"font-family: verdana; font-size: small;\">3 ml\/settimana<\/span><\/td>\n<td bgcolor=\"#FFFFCC\"><span style=\"font-family: verdana; font-size: small;\">3 ml\/settimana<\/span><\/td>\n<td bgcolor=\"#99FFCC\"><span style=\"font-family: verdana; font-size: small;\">0.5 scheda\/giorno<\/span><\/td>\n<\/tr>\n<tr>\n<td align=\"center\" width=\"60\"><span style=\"font-family: verdana; font-size: small;\"><b>4<\/b><\/span><\/td>\n<td bgcolor=\"#FF9999\"><span style=\"font-family: verdana; font-size: small;\">2 schede\/giorno<\/span><\/td>\n<td bgcolor=\"#99CCFF\"><span style=\"font-family: verdana; font-size: small;\">3 ml\/settimana<\/span><\/td>\n<td bgcolor=\"#FFFFCC\"><span style=\"font-family: verdana; font-size: small;\">3 ml\/settimana<\/span><\/td>\n<td bgcolor=\"#99FFCC\"><span style=\"font-family: verdana; font-size: small;\">0.5 scheda\/giorno<\/span><\/td>\n<\/tr>\n<tr>\n<td align=\"center\" width=\"60\"><span style=\"font-family: verdana; font-size: small;\"><b>5<\/b><\/span><\/td>\n<td bgcolor=\"#FF9999\"><span style=\"font-family: verdana; font-size: small;\">1 scheda\/giorno<\/span><\/td>\n<td bgcolor=\"#99CCFF\"><span style=\"font-family: verdana; font-size: small;\">2 ml\/settimana<\/span><\/td>\n<td bgcolor=\"#FFFFCC\"><span style=\"font-family: verdana; font-size: small;\">2 ml\/settimana<\/span><\/td>\n<td bgcolor=\"#99FFCC\"><span style=\"font-family: verdana; font-size: small;\">0.5 scheda\/giorno<\/span><\/td>\n<\/tr>\n<tr>\n<td align=\"center\" width=\"60\"><span style=\"font-family: verdana; font-size: small;\"><b>6<\/b><\/span><\/td>\n<td><\/td>\n<td bgcolor=\"#99CCFF\"><span style=\"font-family: verdana; font-size: small;\">2 ml\/settimana<\/span><\/td>\n<td bgcolor=\"#FFFFCC\"><span style=\"font-family: verdana; font-size: small;\">2 ml\/settimana<\/span><\/td>\n<td bgcolor=\"#99FFCC\"><span style=\"font-family: verdana; font-size: small;\">0.5 scheda\/giorno<\/span><\/td>\n<\/tr>\n<tr>\n<td align=\"center\" width=\"60\"><span style=\"font-family: verdana; font-size: small;\"><b>7<\/b><\/span><\/td>\n<td><\/td>\n<td bgcolor=\"#99CCFF\"><span style=\"font-family: verdana; font-size: small;\">2 ml\/settimana<\/span><\/td>\n<td bgcolor=\"#FFFFCC\"><span style=\"font-family: verdana; font-size: small;\">2 ml\/settimana<\/span><\/td>\n<td bgcolor=\"#99FFCC\"><span style=\"font-family: verdana; font-size: small;\">0.5 scheda\/giorno<\/span><\/td>\n<\/tr>\n<tr>\n<td align=\"center\" width=\"60\"><span style=\"font-family: verdana; font-size: small;\"><b>8<\/b><\/span><\/td>\n<td><\/td>\n<td bgcolor=\"#99CCFF\"><span style=\"font-family: verdana; font-size: small;\">2 ml\/settimana<\/span><\/td>\n<td bgcolor=\"#FFFFCC\"><span style=\"font-family: verdana; font-size: small;\">2 ml\/settimana<\/span><\/td>\n<td><\/td>\n<\/tr>\n<tr>\n<td align=\"center\" width=\"60\"><span style=\"font-family: verdana; font-size: small;\"><b>9<\/b><\/span><\/td>\n<td><\/td>\n<td><\/td>\n<td><\/td>\n<td><\/td>\n<\/tr>\n<tr>\n<td align=\"center\" width=\"60\"><span style=\"font-family: verdana; font-size: small;\"><b>10<\/b><\/span><\/td>\n<td><\/td>\n<td><\/td>\n<td><\/td>\n<td><\/td>\n<\/tr>\n<tr>\n<td align=\"center\" width=\"60\"><span style=\"font-family: verdana; font-size: small;\"><b>11<\/b><\/span><\/td>\n<td><\/td>\n<td><\/td>\n<td><\/td>\n<td bgcolor=\"#99FFCC\"><span style=\"font-family: verdana; font-size: small;\">0.5 scheda\/giorno<\/span><\/td>\n<\/tr>\n<tr>\n<td align=\"center\" width=\"60\"><span style=\"font-family: verdana; font-size: small;\"><b>12<\/b><\/span><\/td>\n<td><\/td>\n<td><\/td>\n<td><\/td>\n<td bgcolor=\"#99FFCC\"><span style=\"font-family: verdana; font-size: small;\">0.5 scheda\/giorno<\/span><\/td>\n<\/tr>\n<\/tbody>\n<\/table>\n<p>&nbsp;<\/p>\n<p><b>Totale:<\/b><br \/>\n100 tabs <a href=\"http:\/\/getanabolics.biz\/it\/prodotto\/anadrol-100-tabs-each-tab-contains-50-mg-oxymetholone\/\">Anadrol &#8211; Body Research<\/a><br \/>\n20 ml <a href=\"http:\/\/getanabolics.biz\/it\/prodotto\/sustanon-250-1-box-of-10-ampoules-each-1-amp-contains-250-mg-testosterone-esters\/\">Sustanon 250 &#8211; Alpha Pharma<\/a><br \/>\n20 ml <a href=\"http:\/\/getanabolics.biz\/it\/prodotto\/trenbolone-acetate-flaconcino-da-10-ml-contiene-1000mg-100mgml-acetato-di-trenbolone\/\">Trenbolone Acetate\u00a0&#8211; Alpha Pharma<\/a><br \/>\n30 tabs <a href=\"http:\/\/getanabolics.biz\/it\/prodotto\/aromasin-30-compresse-ciascuno-ha-25mg-exemestano\/\">Aromasin &#8211;\u00a0Alpha Pharma<\/a><\/p>\n<p>&nbsp;<\/p>\n<\/div>\n<p><b>Cardo mariano integratori sono consigliati attraverso il ciclo per sostenere il fegato.<br \/>\nDopo il ciclo, se necessario, ZMA o Tribulus pu\u00f2 essere usato per aumentare i livelli naturali di testosterone normale.<\/b><br \/>\nSi dovrebbe prendere schede dopo i pasti per prevenire eventuali disturbi di stomaco. E dividere il dosaggio di due volte al giorno. Uno al mattino e uno alla sera.<\/p>\n<p>&nbsp;<\/p>\n<p>Avanzato di steroidi anabolizzanti, gli utenti sono il pi\u00f9 alto livello di esperienza degli utenti, ed \u00e8 chiaramente per scontato che a questo punto, di steroidi anabolizzanti utente ha ottenuto abbastanza esperienza e acquisito sufficiente conoscenza per assumere lo status di un utente avanzato. Avanzato di steroidi pile di coinvolgere molti dei pi\u00f9 avanzati a livello di composti (come Anadrol e Trenbolone), ma questo non \u00e8 per dire che avanzate di steroidi anabolizzanti cicli non pu\u00f2 non essere anche la base di Testosterone-solo ciclo di protocollo. Questo \u00e8 stato precedentemente accennato, con la quale \u00e8 stato chiarito che, intermedio e avanzato di steroidi anabolizzanti, gli utenti non sono limitati all&#8217;uso di molto dure, composti, a dosi estremamente elevate, o complesso ciclo di pile. Spesso la maggior parte di utenti avanzati possono optare per eseguire il basic provato, di fiducia, ed \u00e8 vero, metodi di Testosterone, solo cicli, o molto di base di steroidi anabolizzanti cicli. Questo \u00e8 di solito molto sorpresa per i principianti, in quanto molto spesso i principianti (e in prospettiva di steroidi anabolizzanti gli utenti) sar\u00e0 in possesso di una comprensione imperfetta di ci\u00f2 che significa essere un avanzato steroidi anabolizzanti utente.<\/p>\n<p>&nbsp;<\/p>\n<p>Il termine <strong>Cicli di Steroidi<\/strong> si riferisce periodicamente all&#8217;uso di anabolizzanti\/androgeni anabolizzanti (AAS), in genere per la costruzione muscolare scopi. AAS non sono medicalmente approvato per promuovere l&#8217;eccessiva massa muscolare utili (bodybuilding) o migliorare le prestazioni atletiche. A parte la prima sperimentazione sugli atleti da una manciata di medici sportivi, un vasto sforzo per studiare il fisico e per il potenziamento delle prestazioni di propriet\u00e0 di questi farmaci, in particolare con un occhio di riguardo lo sviluppo di strategie per il loro utilizzo per massimizzare i benefici e minimizzare gli effetti negativi, non ha ancora intrapreso dalla comunit\u00e0 medica. A causa di questo, il traffico illecito di utenti sono stati lasciati a sviluppare i loro protocolli per la somministrazione di questi farmaci. Il risultato \u00e8 stato una grande variet\u00e0 di diversi approcci all&#8217;utilizzo di questi agenti, alcuni pi\u00f9 sicuro o pi\u00f9 efficaci di altri. Mentre non sarebbe possibile valutare in modo completo tutti i pi\u00f9 noti approcci, in questa sezione verranno trattate alcune delle pi\u00f9 fondamentali di tempo e di metodi collaudati per l&#8217;uso di AAS.<\/p>\n<p><span id=\"result_box\" class=\"short_text\" lang=\"it\"><span class=\"\">Questo ciclo si pu\u00f2 acquistare su <a href=\"http:\/\/getanabolics.biz\">getanabolics.biz<\/a><\/span><\/span><\/p>\n<h3>Leggi di pi\u00f9<\/h3>\n<p><a href=\"http:\/\/getanabolics.biz\/it\/ottimi-risultati-del-miglior-trenbolone-acetato\/\">GRANDI RISULTATI DAL MIGLIOR ACETATO DI TRENBOLONE<\/a><\/p>\n<p><a href=\"http:\/\/getanabolics.biz\/it\/tutto-quello-che-ce-da-sapere-sul-anadrol\/\">TUTTO QUELLO CHE DEVI SAPERE SU ANADROL<\/a><\/p>\n<p><a href=\"http:\/\/getanabolics.biz\/it\/leffetto-degli-steroidi-sulla-pelle-umana\/\">L&#8217;EFFETTO DELLA STEROIDI SULLA PELLE UMANA<\/a><\/p>\n<p><a href=\"http:\/\/getanabolics.biz\/it\/raccogli-una-massa-secca-senza-effetti-collaterali\/\">RACCOGLI UNA MASSA ASCIUTTA SENZA EFFETTI COLLATERALI<\/a><\/p>\n<p><a href=\"http:\/\/getanabolics.biz\/it\/quale-dovrebbe-essere-la-durata-del-corso-degli-steroidi\/\">COSA DEVE ESSERE LA DURATA DEL CORSO DI STEROIDI?<\/a><\/p>\n","protected":false},"excerpt":{"rendered":"<p>100 tabs <a href=\"http:\/\/getanabolics.biz\/it\/prodotto\/anadrol-100-tabs-each-tab-contains-50-mg-oxymetholone\/\">Anadrol &#8211; Body Research<\/a><br \/>\n20 ml <a href=\"http:\/\/getanabolics.biz\/it\/prodotto\/sustanon-250-1-box-of-10-ampoules-each-1-amp-contains-250-mg-testosterone-esters\/\">Sustanon 250 &#8211; Alpha Pharma<\/a><br \/>\n20 ml <a href=\"http:\/\/getanabolics.biz\/it\/prodotto\/trenbolone-acetate-flaconcino-da-10-ml-contiene-1000mg-100mgml-acetato-di-trenbolone\/\">Trenbolone Acetate\u00a0&#8211; Alpha Pharma<\/a><br \/>\n30 tabs <a href=\"http:\/\/getanabolics.biz\/it\/prodotto\/aromasin-30-compresse-ciascuno-ha-25mg-exemestano\/\">Aromasin &#8211;\u00a0Alpha Pharma<\/a><\/p>\n","protected":false},"featured_media":32350493,"comment_status":"closed","ping_status":"closed","template":"","meta":[],"product_cat":[464],"product_tag":[467,487,530],"_links":{"self":[{"href":"https:\/\/getanabolics.biz\/it\/wp-json\/wp\/v2\/product\/32350621"}],"collection":[{"href":"https:\/\/getanabolics.biz\/it\/wp-json\/wp\/v2\/product"}],"about":[{"href":"https:\/\/getanabolics.biz\/it\/wp-json\/wp\/v2\/types\/product"}],"replies":[{"embeddable":true,"href":"https:\/\/getanabolics.biz\/it\/wp-json\/wp\/v2\/comments?post=32350621"}],"wp:featuredmedia":[{"embeddable":true,"href":"https:\/\/getanabolics.biz\/it\/wp-json\/wp\/v2\/media\/32350493"}],"wp:attachment":[{"href":"https:\/\/getanabolics.biz\/it\/wp-json\/wp\/v2\/media?parent=32350621"}],"wp:term":[{"taxonomy":"product_cat","embeddable":true,"href":"https:\/\/getanabolics.biz\/it\/wp-json\/wp\/v2\/product_cat?post=32350621"},{"taxonomy":"product_tag","embeddable":true,"href":"https:\/\/getanabolics.biz\/it\/wp-json\/wp\/v2\/product_tag?post=32350621"}],"curies":[{"name":"wp","href":"https:\/\/api.w.org\/{rel}","templated":true}]}}