{"id":32350616,"date":"2017-06-06T21:09:41","date_gmt":"2017-06-06T21:09:41","guid":{"rendered":"http:\/\/getanabolics.biz\/product\/di-alimentazione-bruciatore-di-grasso-ciclo\/"},"modified":"2018-01-21T19:49:43","modified_gmt":"2018-01-21T19:49:43","slug":"di-alimentazione-bruciatore-di-grasso-ciclo","status":"publish","type":"product","link":"https:\/\/getanabolics.biz\/it\/prodotto\/di-alimentazione-bruciatore-di-grasso-ciclo\/","title":{"rendered":"DI ALIMENTAZIONE BRUCIATORE DI GRASSO CICLO"},"content":{"rendered":"<p>Cicli di steroidi si riferisce al lasso di tempo gli steroidi anabolizzanti vengono utilizzati. Questo lasso di tempo \u00e8 spesso definito come \u201cCiclo.\u201d Quando gli steroidi non vengono utilizzati, questo \u00e8 indicato come \u201cOff-Ciclo.\u201d Per la fase di ciclo, ci sono innumerevoli opzioni e pile. \u201cPile\u201d si riferiscono alla combinazione di steroidi anabolizzanti come non-steroidei farmaci oggetti utilizzati durante la fase di ciclo. Con centinaia di steroidi anabolizzanti, diversi ormoni peptidici, SERM, AI, ormoni tiroidei e di pi\u00f9, ci sono davvero innumerevoli possibili pile. Le opzioni disponibili sono cos\u00ec vasti, di ogni risma e il ciclo si impegnano potrebbe essere completamente diverso. Tuttavia, la maggior parte di utilizzatori di steroidi diventano agio con certe pile; scopriranno specifiche combinazioni che generano i migliori risultati, e si attacca con tali piani.<\/p>\n<p>Avanzato di steroidi anabolizzanti, gli utenti sono il pi\u00f9 alto livello di esperienza degli utenti, ed \u00e8 chiaramente per scontato che a questo punto, di steroidi anabolizzanti utente ha ottenuto abbastanza esperienza e acquisito sufficiente conoscenza per assumere lo status di un utente avanzato. Avanzato di steroidi pile di coinvolgere molti dei pi\u00f9 avanzati a livello di composti (ad esempio <a href=\"http:\/\/getanabolics.biz\/product\/anadrol-100-tabs-each-tab-contains-50-mg-oxymetholone\/\">Anadrol <\/a>e Trenbolone), ma questo non \u00e8 per dire che avanzate di steroidi anabolizzanti cicli non pu\u00f2 non essere anche la base di Testosterone-solo ciclo di protocollo. Questo \u00e8 stato precedentemente accennato, con la quale \u00e8 stato chiarito che, intermedio e avanzato di steroidi anabolizzanti, gli utenti non sono limitati all&#8217;uso di molto dure, composti, a dosi estremamente elevate, o complesso ciclo di pile. Spesso la maggior parte di utenti avanzati possono optare per eseguire il basic provato, di fiducia, ed \u00e8 vero, metodi di Testosterone, solo cicli, o molto di base di steroidi anabolizzanti cicli. Questo \u00e8 di solito molto sorpresa per i principianti, in quanto molto spesso i principianti (e in prospettiva di steroidi anabolizzanti gli utenti) sar\u00e0 in possesso di una comprensione imperfetta di ci\u00f2 che significa essere un avanzato steroidi anabolizzanti utente.<\/p>\n<p>Indipendentemente dalla pila o il ciclo si esegue, non ci sono regole generali e avvertenze che vi aiuter\u00e0 a mantenere al sicuro. Per esempio, la regola principale di ogni ciclo, \u00e8 che include una qualche forma di testosterone. La forma di testosterone utilizzato \u00e8 di nessuna conseguenza. L&#8217;unica cosa che conta \u00e8 che il corpo ha abbastanza di questo ormone essenziale per il corretto funzionamento.<\/p>\n<p class=\"testo\">Molto efficace perdita di grasso stack di aver conosciuto meglio bruciatori di grasso <a href=\"http:\/\/getanabolics.biz\/product\/clenbuterol-40-100-tabs-each-40-mcg-clenbuterol-hydrochloride\/\">Clenbuterolo <\/a>e <a href=\"http:\/\/getanabolics.biz\/product\/cytomel-t3-100-50-tabs-each-100-mcg-liothyronine-sodium\/\">Cytomel 100<\/a>.<\/p>\n<p>Si dovrebbe seguire una dieta ricca di proteine con carboidrati a basso, fare cardio 30. min la mattina prima di colazione e di sollevamento pesi la sera . Allora si pu\u00f2 facilmente bruciare il grasso, non peso del corpo, compresi i muscoli.<\/p>\n<div id=\"printablediv\">\n<p>&nbsp;<\/p>\n<table border=\"1\" width=\"40%\" cellpadding=\"2\" bgcolor=\"#FEFEFE\">\n<tbody>\n<tr>\n<td align=\"center\" width=\"60\"><span style=\"color: #000000; font-family: verdana; font-size: small;\">settimana di<br \/>\nciclo di<\/span><\/td>\n<td align=\"center\" bgcolor=\"#FF9999\"><span style=\"color: #000000; font-family: verdana; font-size: small;\">Clenbuterolo 40<br \/>\n40mcg scheda<\/span><\/td>\n<td align=\"center\" bgcolor=\"#99CCFF\"><span style=\"color: #000000; font-family: verdana; font-size: small;\">Cytomel 100<br \/>\n100mcg scheda<\/span><\/td>\n<\/tr>\n<tr>\n<td align=\"center\" width=\"60\"><span style=\"color: #000000; font-family: verdana; font-size: small;\"><b>1<\/b><\/span><\/td>\n<td bgcolor=\"#FF9999\"><span style=\"color: #000000; font-family: verdana; font-size: small;\">1 scheda\/giorno<\/span><\/td>\n<td bgcolor=\"#99CCFF\"><span style=\"color: #000000; font-family: verdana; font-size: small;\">0.5 scheda\/giorno<\/span><\/td>\n<\/tr>\n<tr>\n<td align=\"center\" width=\"60\"><span style=\"color: #000000; font-family: verdana; font-size: small;\"><b>2<\/b><\/span><\/td>\n<td bgcolor=\"#FF9999\"><span style=\"color: #000000; font-family: verdana; font-size: small;\">2 schede\/giorno<\/span><\/td>\n<td bgcolor=\"#99CCFF\"><span style=\"color: #000000; font-family: verdana; font-size: small;\">1 scheda\/giorno<\/span><\/td>\n<\/tr>\n<tr>\n<td align=\"center\" width=\"60\"><span style=\"color: #000000; font-family: verdana; font-size: small;\"><b>3<\/b><\/span><\/td>\n<td bgcolor=\"#FF9999\"><span style=\"color: #000000; font-family: verdana; font-size: small;\">2 schede\/giorno<\/span><\/td>\n<td bgcolor=\"#99CCFF\"><span style=\"color: #000000; font-family: verdana; font-size: small;\">1 scheda\/giorno<\/span><\/td>\n<\/tr>\n<tr>\n<td align=\"center\" width=\"60\"><span style=\"color: #000000; font-family: verdana; font-size: small;\"><b>4<\/b><\/span><\/td>\n<td><\/td>\n<td><\/td>\n<\/tr>\n<tr>\n<td align=\"center\" width=\"60\"><span style=\"color: #000000; font-family: verdana; font-size: small;\"><b>5<\/b><\/span><\/td>\n<td><\/td>\n<td><\/td>\n<\/tr>\n<tr>\n<td align=\"center\" width=\"60\"><span style=\"color: #000000; font-family: verdana; font-size: small;\"><b>6<\/b><\/span><\/td>\n<td bgcolor=\"#FF9999\"><span style=\"color: #000000; font-family: verdana; font-size: small;\">2 schede\/giorno<\/span><\/td>\n<td bgcolor=\"#99CCFF\"><span style=\"color: #000000; font-family: verdana; font-size: small;\">1 scheda\/giorno<\/span><\/td>\n<\/tr>\n<tr>\n<td align=\"center\" width=\"60\"><span style=\"color: #000000; font-family: verdana; font-size: small;\"><b>7<\/b><\/span><\/td>\n<td bgcolor=\"#FF9999\"><span style=\"color: #000000; font-family: verdana; font-size: small;\">2 schede\/giorno<\/span><\/td>\n<td bgcolor=\"#99CCFF\"><span style=\"color: #000000; font-family: verdana; font-size: small;\">1 scheda\/giorno<\/span><\/td>\n<\/tr>\n<tr>\n<td align=\"center\" width=\"60\"><span style=\"color: #000000; font-family: verdana; font-size: small;\"><b>8<\/b><\/span><\/td>\n<td bgcolor=\"#FF9999\"><span style=\"color: #000000; font-family: verdana; font-size: small;\">1 schede\/giorno<\/span><\/td>\n<td bgcolor=\"#99CCFF\"><span style=\"color: #000000; font-family: verdana; font-size: small;\">0.5 scheda\/giorno<\/span><\/td>\n<\/tr>\n<\/tbody>\n<\/table>\n<p>&nbsp;<\/p>\n<p><b>Totale:<\/b><br \/>\n100 tablets <a href=\"http:\/\/getanabolics.biz\/it\/prodotto\/clenbuterol-40-100-tabs-each-40-mcg-clenbuterol-hydrochloride\/\">Clenbuterol 40 &#8211; Maxtreme<\/a><br \/>\n100 tablets <a href=\"http:\/\/getanabolics.biz\/it\/prodotto\/cytomel-t3-100-50-tabs-each-100-mcg-liothyronine-sodium\/\">Cytomel \u00a0&#8211; 100 &#8211;\u00a0Maxtreme<\/a><\/p>\n<p>&nbsp;<\/p>\n<\/div>\n<p>Se si vuole perdere peso e mettere su qualche muscolo consiglia di controllare i <a href=\"http:\/\/getanabolics.biz\/product\/strong-cutting-cycle\/\">Forte ciclo di taglio<\/a>.<br \/>\n<a href=\"http:\/\/getanabolics.biz\/product\/clenbuterol-40-100-tabs-each-40-mcg-clenbuterol-hydrochloride\/\">Clenbuterolo 40 <\/a>e <a href=\"http:\/\/getanabolics.biz\/product\/cytomel-t3-100-50-tabs-each-100-mcg-liothyronine-sodium\/\">Cytomel 100<\/a> non sono gli steroidi, questa \u00e8 una combinazione molto efficace, le donne che li tollerano bene (leggermente pi\u00f9 piccole dosi).<br \/>\nSi dovrebbe prendere schede almeno 30 min. prima dei pasti. E dividere il dosaggio di due volte al giorno. Uno al mattino e uno alla sera.<\/p>\n<p>Si dovrebbe seguire una dieta ricca di proteine con carboidrati a basso, fare cardio 30. min la mattina prima di colazione e di sollevamento pesi la sera . Allora si pu\u00f2 facilmente bruciare il grasso, non peso del corpo, compresi i muscoli.<br \/>\nQuando hai finito il ciclo di concedere una pausa di almeno 8 settimane. Non si pu\u00f2 avere permanente perdita di grasso, se non fissare la vostra dieta e mettere su qualche muscolo.<\/p>\n<p>&nbsp;<\/p>\n<p><b>Cardo mariano integratori sono consigliati attraverso il ciclo per sostenere il fegato e bere molta acqua e prendere l&#8217;Olio di Fegato di Merluzzo per sostenere il rene. Anche Omega 3 e CLA per un pi\u00f9 efficace di bruciare grasso. Per evitare che il clenbuterolo crampi integratore di aminoacidi Taurina.<br \/>\nQuesto \u00e8 un esempio di ciclo con max. dosaggi. Sempre iniziare un ciclo con dosaggi inferiori e leggermente raggiungere il max. livelli. Se ti senti male diminuire il dosaggio o uscire.<br \/>\nNon deve essere presa quando la pressione arteriosa alta, un grave iperfunzione della tiroide, ritmo cardiaco irregolare, o un recente myocardiac infarto sono presenti.<br \/>\n<\/b><\/p>\n<p>&nbsp;<\/p>\n<p>Come cicli di steroidi riferimento al tempo in cui siamo, in realt\u00e0, che completa con steroidi anabolizzanti, la domanda \u00e8 che cosa \u00e8 il periodo di tempo accettabile? Qual \u00e8 il minimo per i guadagni e che cosa \u00e8 il tempo massimo in quanto a sicurezza? Questo pu\u00f2 essere una domanda difficile a cui rispondere, ma, ancora una volta, ci sono linee guida che vi aiuter\u00e0 a rimanere sicuro. Indipendentemente dalla cicli di steroidi si implementa, non importa come semplice o avanzata, il vostro piano \u00e8 necessario che si estendono per una discreta quantit\u00e0 di tempo. Il corpo umano non come cambiamento; anche se un tale cambiamento \u00e8 nel suo migliore interesse sar\u00e0 combattere e fare tutto il possibile per rimanere al suo consueto normale. Dobbiamo avere il tempo sufficiente per questo \u201cnormale\u201d per il cambiamento; dobbiamo creare un nuovo set normale, se ci sono per appendere su una qualsiasi delle plusvalenze realizzate. Tuttavia, anche quando questo \u00e8 fatto, se hai il ciclo per un periodo di tempo prolungato, si sta andando a perdere alcuni dei risultati ottenuti; senza l&#8217;elevato afflusso di ormoni presenti per sostenere i guadagni che hai fatto non durer\u00e0 per sempre. Plusvalenze realizzate mediante l&#8217;uso di ormoni, questo non \u00e8 falso muscolare o la forza, \u00e8 reale come qualsiasi altri profitti che possono essere fatte. Quando si fanno i guadagni di forza e le dimensioni, sono supportati dalle sostanze nutritive che si consumano. Togliere le sostanze nutritive e il sistema di supporto cade a pezzi. Gli ormoni sono importanti, forse importante quanto il cibo. Insieme con sostanze nutritive, ormoni nel vostro corpo supportare la vostra dimensione e la forza sia naturale o fornito in maniera esogena. Prendere gli ormoni di distanza, e di nuovo la rimozione di un sistema di supporto.<\/p>\n<p>&nbsp;<\/p>\n<p>Il termine <strong>Cicli di Steroidi<\/strong> si riferisce periodicamente all&#8217;uso di anabolizzanti\/androgeni anabolizzanti (AAS), in genere per la costruzione muscolare scopi. AAS non sono medicalmente approvato per promuovere l&#8217;eccessiva massa muscolare utili (bodybuilding) o migliorare le prestazioni atletiche. A parte la prima sperimentazione sugli atleti da una manciata di medici sportivi, un vasto sforzo per studiare il fisico e per il potenziamento delle prestazioni di propriet\u00e0 di questi farmaci, in particolare con un occhio di riguardo lo sviluppo di strategie per il loro utilizzo per massimizzare i benefici e minimizzare gli effetti negativi, non ha ancora intrapreso dalla comunit\u00e0 medica. A causa di questo, il traffico illecito di utenti sono stati lasciati a sviluppare i loro protocolli per la somministrazione di questi farmaci. Il risultato \u00e8 stato una grande variet\u00e0 di diversi approcci all&#8217;utilizzo di questi agenti, alcuni pi\u00f9 sicuro o pi\u00f9 efficaci di altri. Mentre non sarebbe possibile valutare in modo completo tutti i pi\u00f9 noti approcci, in questa sezione verranno trattate alcune delle pi\u00f9 fondamentali di tempo e di metodi collaudati per l&#8217;uso di AAS.<\/p>\n<p>Questo ciclo si pu\u00f2 acquistare su <a href=\"http:\/\/getanabolics.biz\/\">getanabolics.biz<\/a><\/p>\n<h3>Leggi di pi\u00f9<\/h3>\n<p><a href=\"http:\/\/getanabolics.biz\/it\/recensioni-cytomel-t3-su-getanabolics-biz\/\">CYTOMEL T3 RECENSIONI SU GETANABOLICS.BIZ<\/a><\/p>\n<p><a href=\"http:\/\/getanabolics.biz\/it\/genotropin-review-su-getanabolics-biz\/\">REVISIONE GENOTROPIN SU GETANABOLICS.BIZ<\/a><\/p>\n<p><a href=\"http:\/\/getanabolics.biz\/it\/bodybuilding-e-steroidi\/\">BODYBUILDING E STEROIDI<\/a><\/p>\n<p><a href=\"http:\/\/getanabolics.biz\/it\/quale-dovrebbe-essere-la-durata-del-corso-degli-steroidi\/\">COSA DEVE ESSERE LA DURATA DEL CORSO DI STEROIDI?<\/a><\/p>\n<p><a href=\"http:\/\/getanabolics.biz\/it\/raccogli-una-massa-secca-senza-effetti-collaterali\/\">RACCOGLI UNA MASSA ASCIUTTA SENZA EFFETTI COLLATERALI<\/a><\/p>\n","protected":false},"excerpt":{"rendered":"<p>100 tablets <a href=\"http:\/\/getanabolics.biz\/it\/prodotto\/clenbuterol-40-100-tabs-each-40-mcg-clenbuterol-hydrochloride\/\">Clenbuterol 40 &#8211; Maxtreme<\/a><br \/>\n100 tablets <a href=\"http:\/\/getanabolics.biz\/it\/prodotto\/cytomel-t3-100-50-tabs-each-100-mcg-liothyronine-sodium\/\">Cytomel \u00a0&#8211; 100 &#8211;\u00a0Maxtreme<\/a><\/p>\n","protected":false},"featured_media":32350507,"comment_status":"closed","ping_status":"closed","template":"","meta":[],"product_cat":[464],"product_tag":[514,515],"_links":{"self":[{"href":"https:\/\/getanabolics.biz\/it\/wp-json\/wp\/v2\/product\/32350616"}],"collection":[{"href":"https:\/\/getanabolics.biz\/it\/wp-json\/wp\/v2\/product"}],"about":[{"href":"https:\/\/getanabolics.biz\/it\/wp-json\/wp\/v2\/types\/product"}],"replies":[{"embeddable":true,"href":"https:\/\/getanabolics.biz\/it\/wp-json\/wp\/v2\/comments?post=32350616"}],"wp:featuredmedia":[{"embeddable":true,"href":"https:\/\/getanabolics.biz\/it\/wp-json\/wp\/v2\/media\/32350507"}],"wp:attachment":[{"href":"https:\/\/getanabolics.biz\/it\/wp-json\/wp\/v2\/media?parent=32350616"}],"wp:term":[{"taxonomy":"product_cat","embeddable":true,"href":"https:\/\/getanabolics.biz\/it\/wp-json\/wp\/v2\/product_cat?post=32350616"},{"taxonomy":"product_tag","embeddable":true,"href":"https:\/\/getanabolics.biz\/it\/wp-json\/wp\/v2\/product_tag?post=32350616"}],"curies":[{"name":"wp","href":"https:\/\/api.w.org\/{rel}","templated":true}]}}