{"id":32350611,"date":"2017-06-06T21:00:42","date_gmt":"2017-06-06T21:00:42","guid":{"rendered":"http:\/\/getanabolics.biz\/product\/forte-ciclo-di-taglio\/"},"modified":"2018-01-21T19:58:22","modified_gmt":"2018-01-21T19:58:22","slug":"forte-ciclo-di-taglio","status":"publish","type":"product","link":"https:\/\/getanabolics.biz\/it\/prodotto\/forte-ciclo-di-taglio\/","title":{"rendered":"FORTE CICLO DI TAGLIO"},"content":{"rendered":"<p>Cicli di steroidi si riferisce al lasso di tempo gli steroidi anabolizzanti vengono utilizzati. Questo lasso di tempo \u00e8 spesso definito come \u201cCiclo.\u201d Quando gli steroidi non vengono utilizzati, questo \u00e8 indicato come \u201cOff-Ciclo.\u201d Per la fase di ciclo, ci sono innumerevoli opzioni e pile. \u201cPile\u201d si riferiscono alla combinazione di steroidi anabolizzanti come non-steroidei farmaci oggetti utilizzati durante la fase di ciclo. Con centinaia di steroidi anabolizzanti, diversi ormoni peptidici, SERM, AI, ormoni tiroidei e di pi\u00f9, ci sono davvero innumerevoli possibili pile. Le opzioni disponibili sono cos\u00ec vasti, di ogni risma e il ciclo si impegnano potrebbe essere completamente diverso. Tuttavia, la maggior parte di utilizzatori di steroidi diventano agio con certe pile; scopriranno specifiche combinazioni che generano i migliori risultati, e si attacca con tali piani.<\/p>\n<p>Avanzato di steroidi anabolizzanti, gli utenti sono il pi\u00f9 alto livello di esperienza degli utenti, ed \u00e8 chiaramente per scontato che a questo punto, di steroidi anabolizzanti utente ha ottenuto abbastanza esperienza e acquisito sufficiente conoscenza per assumere lo status di un utente avanzato. Avanzato di steroidi pile di coinvolgere molti dei pi\u00f9 avanzati a livello di composti (come Anadrol e Trenbolone), ma questo non \u00e8 per dire che avanzate di steroidi anabolizzanti cicli non pu\u00f2 non essere anche la base di Testosterone-solo ciclo di protocollo. Questo \u00e8 stato precedentemente accennato, con la quale \u00e8 stato chiarito che, intermedio e avanzato di steroidi anabolizzanti, gli utenti non sono limitati all&#8217;uso di molto dure, composti, a dosi estremamente elevate, o complesso ciclo di pile. Spesso la maggior parte di utenti avanzati possono optare per eseguire il basic provato, di fiducia, ed \u00e8 vero, metodi di Testosterone, solo cicli, o molto di base di steroidi anabolizzanti cicli. Questo \u00e8 di solito molto sorpresa per i principianti, in quanto molto spesso i principianti (e in prospettiva di steroidi anabolizzanti gli utenti) sar\u00e0 in possesso di una comprensione imperfetta di ci\u00f2 che significa essere un avanzato steroidi anabolizzanti utente.<\/p>\n<p>Indipendentemente dalla pila o il ciclo si esegue, non ci sono regole generali e avvertenze che vi aiuter\u00e0 a mantenere al sicuro. Per esempio, la regola principale di ogni ciclo, \u00e8 che include una qualche forma di testosterone. La forma di testosterone utilizzato \u00e8 di nessuna conseguenza. L&#8217;unica cosa che conta \u00e8 che il corpo ha abbastanza di questo ormone essenziale per il corretto funzionamento.<\/p>\n<p class=\"testo\">Grande orale ciclo di taglio, avendo migliori orale taglio steroidi come <a href=\"http:\/\/getanabolics.biz\/product\/anavar-50-tabs-x-10mg-total-500mg-oxandrolone-3\/\">Anavar <\/a>e <a href=\"http:\/\/getanabolics.biz\/product\/winstrol-tabs-10-buy-winstrol-pills-50-tabs-each-contains-10-mg-stanozolol\/\">Winstrol<\/a>. <a href=\"http:\/\/getanabolics.biz\/product\/clenbuterol-40-100-tabs-each-40-mcg-clenbuterol-hydrochloride\/\">Clenbuterolo <\/a>e <a href=\"http:\/\/getanabolics.biz\/product\/cytomel-t3-100-50-tabs-each-100-mcg-liothyronine-sodium\/\">Cytomel T3<\/a> potente per la perdita di grasso.<\/p>\n<p>Si dovrebbe seguire una dieta ricca di proteine con carboidrati a basso, fare cardio 30. min la mattina prima di colazione e di sollevamento pesi la sera . Allora si pu\u00f2 facilmente bruciare il grasso, non peso del corpo, compresi i muscoli.<\/p>\n<div id=\"printablediv\">\n<p>&nbsp;<\/p>\n<table border=\"1\" width=\"60%\" cellpadding=\"2\" bgcolor=\"#F7F7F7\">\n<tbody>\n<tr>\n<td align=\"center\" width=\"60\">settimana di<br \/>\nciclo<\/td>\n<td align=\"center\" bgcolor=\"#FF9999\"><span style=\"font-family: verdana; font-size: small;\">CLENBUTEROLO<br \/>\n40mcg scheda<\/span><\/td>\n<td align=\"center\" bgcolor=\"#99CCFF\"><span style=\"font-family: verdana; font-size: small;\">WINSTROL.<br \/>\n10mg tab<\/span><\/td>\n<td align=\"center\" bgcolor=\"#FFFFCC\"><span style=\"font-family: verdana; font-size: small;\">ANAVAR<br \/>\n10mg tab<\/span><\/td>\n<td align=\"center\" bgcolor=\"#99FFCC\"><span style=\"font-family: verdana; font-size: small;\">CYTOMEL<br \/>\n100mcg scheda<\/span><\/td>\n<td align=\"center\" bgcolor=\"#FFDA84\"><span style=\"font-family: verdana; font-size: small;\">PROVIRON<br \/>\n25mg tab<\/span><\/td>\n<\/tr>\n<tr>\n<td align=\"center\" width=\"60\"><span style=\"font-family: verdana; font-size: small;\"><b>1<\/b><\/span><\/td>\n<td bgcolor=\"#FF9999\"><span style=\"font-family: verdana; font-size: small;\">1 schede\/giorno<\/span><\/td>\n<td bgcolor=\"#99CCFF\"><span style=\"font-family: verdana; font-size: small;\">2 schede\/giorno<\/span><\/td>\n<td bgcolor=\"#FFFFCC\"><span style=\"font-family: verdana; font-size: small;\">2 schede\/giorno<\/span><\/td>\n<td><\/td>\n<td><\/td>\n<\/tr>\n<tr>\n<td align=\"center\" width=\"60\"><span style=\"font-family: verdana; font-size: small;\"><b>2<\/b><\/span><\/td>\n<td bgcolor=\"#FF9999\"><span style=\"font-family: verdana; font-size: small;\">2 schede\/giorno<\/span><\/td>\n<td bgcolor=\"#99CCFF\"><span style=\"font-family: verdana; font-size: small;\">2 schede\/giorno<\/span><\/td>\n<td bgcolor=\"#FFFFCC\"><span style=\"font-family: verdana; font-size: small;\">2 schede\/giorno<\/span><\/td>\n<td bgcolor=\"#99FFCC\"><span style=\"font-family: verdana; font-size: small;\">0.5 scheda\/giorno<\/span><\/td>\n<td><\/td>\n<\/tr>\n<tr>\n<td align=\"center\" width=\"60\"><span style=\"font-family: verdana; font-size: small;\"><b>3<\/b><\/span><\/td>\n<td bgcolor=\"#FF9999\"><span style=\"font-family: verdana; font-size: small;\">2 schede\/giorno<\/span><\/td>\n<td bgcolor=\"#99CCFF\"><span style=\"font-family: verdana; font-size: small;\">3 compresse\/giorno<\/span><\/td>\n<td bgcolor=\"#FFFFCC\"><span style=\"font-family: verdana; font-size: small;\">3 compresse\/giorno<\/span><\/td>\n<td bgcolor=\"#99FFCC\"><span style=\"font-family: verdana; font-size: small;\">0.5 scheda\/giorno<\/span><\/td>\n<td bgcolor=\"#FFDA84\"><span style=\"font-family: verdana; font-size: small;\">1 scheda\/giorno<\/span><\/td>\n<\/tr>\n<tr>\n<td align=\"center\" width=\"60\"><span style=\"font-family: verdana; font-size: small;\"><b>4<\/b><\/span><\/td>\n<td bgcolor=\"#FF9999\"><span style=\"font-family: verdana; font-size: small;\">2 schede\/giorno<\/span><\/td>\n<td bgcolor=\"#99CCFF\"><span style=\"font-family: verdana; font-size: small;\">3 compresse\/giorno<\/span><\/td>\n<td bgcolor=\"#FFFFCC\"><span style=\"font-family: verdana; font-size: small;\">3 compresse\/giorno<\/span><\/td>\n<td bgcolor=\"#99FFCC\"><span style=\"font-family: verdana; font-size: small;\">0.75 scheda\/giorno<\/span><\/td>\n<td bgcolor=\"#FFDA84\"><span style=\"font-family: verdana; font-size: small;\">1 scheda\/giorno<\/span><\/td>\n<\/tr>\n<tr>\n<td align=\"center\" width=\"60\"><span style=\"font-family: verdana; font-size: small;\"><b>5<\/b><\/span><\/td>\n<td><\/td>\n<td bgcolor=\"#99CCFF\"><span style=\"font-family: verdana; font-size: small;\">2 schede\/giorno<\/span><\/td>\n<td bgcolor=\"#FFFFCC\"><span style=\"font-family: verdana; font-size: small;\">2 schede\/giorno<\/span><\/td>\n<td bgcolor=\"#99FFCC\"><span style=\"font-family: verdana; font-size: small;\">0.75 scheda\/giorno<\/span><\/td>\n<td bgcolor=\"#FFDA84\"><span style=\"font-family: verdana; font-size: small;\">1 scheda\/giorno<\/span><\/td>\n<\/tr>\n<tr>\n<td align=\"center\" width=\"60\"><span style=\"font-family: verdana; font-size: small;\"><b>6<\/b><\/span><\/td>\n<td><\/td>\n<td bgcolor=\"#99CCFF\"><span style=\"font-family: verdana; font-size: small;\">2 schede\/giorno<\/span><\/td>\n<td bgcolor=\"#FFFFCC\"><span style=\"font-family: verdana; font-size: small;\">2 schede\/giorno<\/span><\/td>\n<td bgcolor=\"#99FFCC\"><span style=\"font-family: verdana; font-size: small;\">0.5 scheda\/giorno<\/span><\/td>\n<td bgcolor=\"#FFDA84\"><span style=\"font-family: verdana; font-size: small;\">1 scheda\/giorno<\/span><\/td>\n<\/tr>\n<tr>\n<td align=\"center\" width=\"60\"><span style=\"font-family: verdana; font-size: small;\"><b>7<\/b><\/span><\/td>\n<td><\/td>\n<td><\/td>\n<td><\/td>\n<td><\/td>\n<td bgcolor=\"#FFDA84\"><span style=\"font-family: verdana; font-size: small;\">1 scheda\/giorno<\/span><\/td>\n<\/tr>\n<\/tbody>\n<\/table>\n<p>&nbsp;<\/p>\n<p><b>Totale:<\/b><br \/>\n100 tabs <a href=\"http:\/\/getanabolics.biz\/it\/prodotto\/clenbuterol-40-100-tabs-each-40-mcg-clenbuterol-hydrochloride\/\">Clenbuterol 40 &#8211; Maxtreme<\/a><br \/>\n100 tabs <a href=\"http:\/\/getanabolics.biz\/it\/prodotto\/winstrol-tabs-10-acquistare-pillole-winstrol-50-schede-ciascuna-contiene-10-mg-di-stanozolol\/\">Winstrol tabs 10 &#8211; Alpha Pharma<\/a><br \/>\n100 tabs <a href=\"http:\/\/getanabolics.biz\/it\/prodotto\/anavar-50-tabs-x-10mg-total-500mg-oxandrolone-3\/\">Anavar &#8211;\u00a0Maxtreme<\/a><br \/>\n1 pack <a href=\"http:\/\/getanabolics.biz\/it\/prodotto\/cytomel-t3-100-50-tabs-each-100-mcg-liothyronine-sodium\/\">Cytomel (T3) &#8211; 100 &#8211;\u00a0Maxtreme<\/a><br \/>\n50 tabs <a href=\"http:\/\/getanabolics.biz\/it\/prodotto\/proviron-buy-proviron-50-tabs-each-tab-25mg-mesterolone\/\">Proviron &#8211; Bayer\/Schering<\/a><\/p>\n<p>&nbsp;<\/p>\n<\/div>\n<p>Prendere Clenbuterolo e Cytomel almeno 30 min. prima dei pasti e dividere il dosaggio di due volte al giorno. Uno al mattino e uno alla sera.<\/p>\n<p>Prendere Anavar, Winstrol e Proviron dopo i pasti e dividere il dosaggio di due volte al giorno. Uno al mattino e uno alla sera.<\/p>\n<p>Quando hai finito il ciclo di concedere una pausa di almeno 8 settimane. Non si pu\u00f2 avere permanente perdita di grasso, se non fissare la vostra dieta e mettere su qualche muscolo.<\/p>\n<p>&nbsp;<\/p>\n<p>Per creare un nuovo set normale, la maggior parte degli uomini si trova a 8 settimane il minimo 12 settimane di essere molto pi\u00f9 efficiente. Pi\u00f9 di ottenere risultati migliori (per la laurea), ma anche aumentare il rischio di potenziali effetti collaterali. Per chi \u00e8 in cerca di un solido guadagni, pur rimanendo pi\u00f9 sicuro possibile, 12-16 settimane di effettivo supplementazione seguita da una pari quantit\u00e0 di tempo di ciclo \u00e8 la migliore scommessa. Questo \u00e8 un piano efficace, e mentre la sicurezza assoluta non pu\u00f2 essere garantita, sar\u00e0 il piano che porta il maggior potenziale per un&#8217;esperienza di navigazione sicura. Per alcuni uomini, a seconda dei loro obiettivi, questo piano non funzioner\u00e0. Per gli hardcore elite, veramente avanzata, l&#8217;utente di steroidi, troverete che essi sono spesso on-ciclo molto di pi\u00f9 di quello che sono off. Questo \u00e8 l&#8217;unico modo che tali individui in grado di supportare l&#8217;enorme forza e le dimensioni che abbiamo ottenuto. Non \u00e8 raro vedere questi uomini blast con 16-20 settimana, cicli e solo sospendere per 4-8 settimane. In alcuni casi, essi non possono interrompere completamente. In alcuni casi, come per gli uomini, sar\u00e0 semplicemente cadere una bassa dose di testosterone per 4-8 settimane prima di un&#8217;altra settimana 16-20 blast. A un certo punto nel tempo si sar\u00e0 probabilmente venire fuori di tutto, ma mentre tale uso pu\u00f2 essere molto efficace, inoltre, porta con s\u00e9 un enorme potenziale per gli effetti negativi.<\/p>\n<p>&nbsp;<\/p>\n<p><b>Cardo mariano &#8211; Protezione del Fegato integratori \u00e8 un MUST attraverso questo ciclo si compone di molte prove orali. Bere molta acqua e prendere l&#8217;Olio di Fegato di Merluzzo per sostenere il rene. Anche Omega 3 e CLA per un pi\u00f9 efficace di bruciare grasso. Per evitare che il clenbuterolo crampi integratore di aminoacidi Taurina.<br \/>\nQuesto \u00e8 un esempio di ciclo con max. dosaggi. Sempre iniziare un ciclo con dosaggi inferiori e leggermente raggiungere il max. livelli. Se ti senti male diminuire il dosaggio o uscire.<br \/>\nNon deve essere presa quando la pressione arteriosa alta, un grave iperfunzione della tiroide, ritmo cardiaco irregolare, o un recente myocardiac infarto sono presenti.<br \/>\n<\/b><\/p>\n<p>&nbsp;<\/p>\n<p>Il termine <strong>Cicli di Steroidi<\/strong> si riferisce periodicamente all&#8217;uso di anabolizzanti\/androgeni anabolizzanti (AAS), in genere per la costruzione muscolare scopi. AAS non sono medicalmente approvato per promuovere l&#8217;eccessiva massa muscolare utili (bodybuilding) o migliorare le prestazioni atletiche. A parte la prima sperimentazione sugli atleti da una manciata di medici sportivi, un vasto sforzo per studiare il fisico e per il potenziamento delle prestazioni di propriet\u00e0 di questi farmaci, in particolare con un occhio di riguardo lo sviluppo di strategie per il loro utilizzo per massimizzare i benefici e minimizzare gli effetti negativi, non ha ancora intrapreso dalla comunit\u00e0 medica. A causa di questo, il traffico illecito di utenti sono stati lasciati a sviluppare i loro protocolli per la somministrazione di questi farmaci. Il risultato \u00e8 stato una grande variet\u00e0 di diversi approcci all&#8217;utilizzo di questi agenti, alcuni pi\u00f9 sicuro o pi\u00f9 efficaci di altri. Mentre non sarebbe possibile valutare in modo completo tutti i pi\u00f9 noti approcci, in questa sezione verranno trattate alcune delle pi\u00f9 fondamentali di tempo e di metodi collaudati per l&#8217;uso di AAS.<\/p>\n<h3>Leggi di pi\u00f9<\/h3>\n<p><a href=\"http:\/\/getanabolics.biz\/it\/acquistare-dianabol-online-su-getanabolics-biz\/\">ACQUISTA DIANABOL ONLINE SU GETANABOLICS.BIZ<\/a><\/p>\n<p><a href=\"http:\/\/getanabolics.biz\/it\/winstrol-che-cosa-e-e-per-che-cosa-e\/\">WINSTROL, CHE COS&#8217;\u00c8 E PER COSA SERVE?<\/a><\/p>\n<p><a href=\"http:\/\/getanabolics.biz\/it\/recensioni-cytomel-t3-su-getanabolics-biz\/\">CYTOMEL T3 RECENSIONI SU GETANABOLICS.BIZ<\/a><\/p>\n<p><a href=\"http:\/\/getanabolics.biz\/it\/pausa-tra-steroidi-e-pct\/\">PAUSA TRA CORSI STEROIDI E PCT<\/a><\/p>\n<p><a href=\"http:\/\/getanabolics.biz\/it\/quanto-e-efficace-il-ponte-steroideo\/\">QUANTO EFFICACE \u00c8 IL PONTE STEROID?<\/a><\/p>\n","protected":false},"excerpt":{"rendered":"<p>100 tabs <a href=\"http:\/\/getanabolics.biz\/it\/prodotto\/clenbuterol-40-100-tabs-each-40-mcg-clenbuterol-hydrochloride\/\">Clenbuterol 40 &#8211; Maxtreme<\/a><br \/>\n100 tabs <a href=\"http:\/\/getanabolics.biz\/it\/prodotto\/winstrol-tabs-10-acquistare-pillole-winstrol-50-schede-ciascuna-contiene-10-mg-di-stanozolol\/\">Winstrol tabs 10 &#8211; Alpha Pharma<\/a><br \/>\n100 tabs <a href=\"http:\/\/getanabolics.biz\/it\/prodotto\/anavar-50-tabs-x-10mg-total-500mg-oxandrolone-3\/\">Anavar &#8211;\u00a0Maxtreme<\/a><br \/>\n1 pack <a href=\"http:\/\/getanabolics.biz\/it\/prodotto\/cytomel-t3-100-50-tabs-each-100-mcg-liothyronine-sodium\/\">Cytomel (T3) &#8211; 100 &#8211;\u00a0Maxtreme<\/a><br \/>\n50 tabs <a href=\"http:\/\/getanabolics.biz\/it\/prodotto\/proviron-buy-proviron-50-tabs-each-tab-25mg-mesterolone\/\">Proviron &#8211; Bayer\/Schering<\/a><\/p>\n","protected":false},"featured_media":32350568,"comment_status":"closed","ping_status":"closed","template":"","meta":[],"product_cat":[464],"product_tag":[487,515,530,517,480],"_links":{"self":[{"href":"https:\/\/getanabolics.biz\/it\/wp-json\/wp\/v2\/product\/32350611"}],"collection":[{"href":"https:\/\/getanabolics.biz\/it\/wp-json\/wp\/v2\/product"}],"about":[{"href":"https:\/\/getanabolics.biz\/it\/wp-json\/wp\/v2\/types\/product"}],"replies":[{"embeddable":true,"href":"https:\/\/getanabolics.biz\/it\/wp-json\/wp\/v2\/comments?post=32350611"}],"wp:featuredmedia":[{"embeddable":true,"href":"https:\/\/getanabolics.biz\/it\/wp-json\/wp\/v2\/media\/32350568"}],"wp:attachment":[{"href":"https:\/\/getanabolics.biz\/it\/wp-json\/wp\/v2\/media?parent=32350611"}],"wp:term":[{"taxonomy":"product_cat","embeddable":true,"href":"https:\/\/getanabolics.biz\/it\/wp-json\/wp\/v2\/product_cat?post=32350611"},{"taxonomy":"product_tag","embeddable":true,"href":"https:\/\/getanabolics.biz\/it\/wp-json\/wp\/v2\/product_tag?post=32350611"}],"curies":[{"name":"wp","href":"https:\/\/api.w.org\/{rel}","templated":true}]}}