{"id":32350601,"date":"2017-06-06T20:40:58","date_gmt":"2017-06-06T20:40:58","guid":{"rendered":"http:\/\/getanabolics.biz\/product\/ciclo-per-i-principianti\/"},"modified":"2018-01-21T20:12:26","modified_gmt":"2018-01-21T20:12:26","slug":"ciclo-per-i-principianti","status":"publish","type":"product","link":"https:\/\/getanabolics.biz\/it\/prodotto\/ciclo-per-i-principianti\/","title":{"rendered":"CICLO PER I PRINCIPIANTI"},"content":{"rendered":"<p>Cicli di steroidi si riferisce al lasso di tempo gli steroidi anabolizzanti vengono utilizzati. Questo lasso di tempo \u00e8 spesso definito come \u201cCiclo.\u201d Quando gli steroidi non vengono utilizzati, questo \u00e8 indicato come \u201cOff-Ciclo.\u201d Per la fase di ciclo, ci sono innumerevoli opzioni e pile. \u201cPile\u201d si riferiscono alla combinazione di steroidi anabolizzanti come non-steroidei farmaci oggetti utilizzati durante la fase di ciclo. Con centinaia di steroidi anabolizzanti, diversi ormoni peptidici, SERM, AI, ormoni tiroidei e di pi\u00f9, ci sono davvero innumerevoli possibili pile. Le opzioni disponibili sono cos\u00ec vasti, di ogni risma e il ciclo si impegnano potrebbe essere completamente diverso. Tuttavia, la maggior parte di utilizzatori di steroidi diventano agio con certe pile; scopriranno specifiche combinazioni che generano i migliori risultati, e si attacca con tali piani.<\/p>\n<p>Avanzato di steroidi anabolizzanti, gli utenti sono il pi\u00f9 alto livello di esperienza degli utenti, ed \u00e8 chiaramente per scontato che a questo punto, di steroidi anabolizzanti utente ha ottenuto abbastanza esperienza e acquisito sufficiente conoscenza per assumere lo status di un utente avanzato. Avanzato di steroidi pile di coinvolgere molti dei pi\u00f9 avanzati a livello di composti (come Anadrol e Trenbolone), ma questo non \u00e8 per dire che avanzate di steroidi anabolizzanti cicli non pu\u00f2 non essere anche la base di Testosterone-solo ciclo di protocollo. Questo \u00e8 stato precedentemente accennato, con la quale \u00e8 stato chiarito che, intermedio e avanzato di steroidi anabolizzanti, gli utenti non sono limitati all&#8217;uso di molto dure, composti, a dosi estremamente elevate, o complesso ciclo di pile. Spesso la maggior parte di utenti avanzati possono optare per eseguire il basic provato, di fiducia, ed \u00e8 vero, metodi di Testosterone, solo cicli, o molto di base di steroidi anabolizzanti cicli. Questo \u00e8 di solito molto sorpresa per i principianti, in quanto molto spesso i principianti (e in prospettiva di steroidi anabolizzanti gli utenti) sar\u00e0 in possesso di una comprensione imperfetta di ci\u00f2 che significa essere un avanzato steroidi anabolizzanti utente.<\/p>\n<p>Indipendentemente dalla pila o il ciclo si esegue, non ci sono regole generali e avvertenze che vi aiuter\u00e0 a mantenere al sicuro. Per esempio, la regola principale di ogni ciclo, \u00e8 che include una qualche forma di testosterone. La forma di testosterone utilizzato \u00e8 di nessuna conseguenza. L&#8217;unica cosa che conta \u00e8 che il corpo ha abbastanza di questo ormone essenziale per il corretto funzionamento.<\/p>\n<p class=\"testo\">Una base Dianabol principiante orale ciclo di steroidi. <a href=\"http:\/\/getanabolics.biz\/product\/dianabol-buy-d-bol-100-tabs-each-contains-10-mg-methandienone\/\">Dianabol<\/a> \u00e8 molto popolare steroide orale tra i culturisti. <a href=\"http:\/\/getanabolics.biz\/product\/nolvadex-50-tabs-each-tab-contains-20mg-tamoxifen-citrate\/\">Nolvadex<\/a> come un antiestrogeno e <a href=\"http:\/\/getanabolics.biz\/product\/clomid-10-tabs-contains-50-mg-clomiphene-citrate\/\">Clomid<\/a> per il pct (ciclo di terapia post).<br \/>\nConsumare proteine almeno 3 grammi per kg di peso corporeo\/e il vostro apporto calorico giornaliero \u00e8 di 50 cal \/ kg\/peso corporeo. Seguire un allenamento ad alta intensit\u00e0 di allenamento 4-5 giorni alla settimana e bere molta acqua durante il ciclo.<\/p>\n<div id=\"printablediv\">\n<p>&nbsp;<\/p>\n<table border=\"1\" width=\"40%\" cellpadding=\"2\" bgcolor=\"#fefefe\">\n<tbody>\n<tr>\n<td align=\"center\" width=\"60\">settimana di<br \/>\nciclo<\/td>\n<td align=\"center\" bgcolor=\"#FF9999\"><span style=\"font-family: verdana; font-size: small;\">DIANABOL<br \/>\n10mg tab<\/span><\/td>\n<td align=\"center\" bgcolor=\"#99FFCC\"><span style=\"font-family: verdana; font-size: small;\">NOLVADEX<br \/>\n20mg tab<\/span><\/td>\n<td align=\"center\" bgcolor=\"#FFFFCC\"><span style=\"font-family: verdana; font-size: small;\">CLOMID<br \/>\n50mg tab<\/span><\/td>\n<\/tr>\n<tr>\n<td align=\"center\" width=\"60\"><span style=\"font-family: verdana; font-size: small;\"><b>1<\/b><\/span><\/td>\n<td bgcolor=\"#FF9999\"><span style=\"font-family: verdana; font-size: small;\">4 compresse\/giorno<\/span><\/td>\n<td><\/td>\n<td><\/td>\n<\/tr>\n<tr>\n<td align=\"center\" width=\"60\"><span style=\"font-family: verdana; font-size: small;\"><b>2<\/b><\/span><\/td>\n<td bgcolor=\"#FF9999\"><span style=\"font-family: verdana; font-size: small;\">4 compresse\/giorno<\/span><\/td>\n<td><\/td>\n<td><\/td>\n<\/tr>\n<tr>\n<td align=\"center\" width=\"60\"><span style=\"font-family: verdana; font-size: small;\"><b>3<\/b><\/span><\/td>\n<td bgcolor=\"#FF9999\"><span style=\"font-family: verdana; font-size: small;\">5 schede\/giorno<\/span><\/td>\n<td bgcolor=\"#99FFCC\"><span style=\"font-family: verdana; font-size: small;\">1 scheda\/giorno<\/span><\/td>\n<td><\/td>\n<\/tr>\n<tr>\n<td align=\"center\" width=\"60\"><span style=\"font-family: verdana; font-size: small;\"><b>4<\/b><\/span><\/td>\n<td bgcolor=\"#FF9999\"><span style=\"font-family: verdana; font-size: small;\">5 schede\/giorno<\/span><\/td>\n<td><\/td>\n<td><\/td>\n<\/tr>\n<tr>\n<td align=\"center\" width=\"60\"><span style=\"font-family: verdana; font-size: small;\"><b>5<\/b><\/span><\/td>\n<td bgcolor=\"#FF9999\"><span style=\"font-family: verdana; font-size: small;\">4 compresse\/giorno<\/span><\/td>\n<td bgcolor=\"#99FFCC\"><span style=\"font-family: verdana; font-size: small;\">0.5 scheda\/giorno<\/span><\/td>\n<td><\/td>\n<\/tr>\n<tr>\n<td align=\"center\" width=\"60\"><span style=\"font-family: verdana; font-size: small;\"><b>6<\/b><\/span><\/td>\n<td bgcolor=\"#FF9999\"><span style=\"font-family: verdana; font-size: small;\">4 compresse\/giorno<\/span><\/td>\n<td bgcolor=\"#99FFCC\"><span style=\"font-family: verdana; font-size: small;\">0.5 scheda\/giorno<\/span><\/td>\n<td><\/td>\n<\/tr>\n<tr>\n<td align=\"center\" width=\"60\"><span style=\"font-family: verdana; font-size: small;\"><b>7<\/b><\/span><\/td>\n<td><\/td>\n<td bgcolor=\"#99FFCC\"><span style=\"font-family: verdana; font-size: small;\">0.5 scheda\/giorno<\/span><\/td>\n<td><\/td>\n<\/tr>\n<tr>\n<td align=\"center\" width=\"60\"><span style=\"font-family: verdana; font-size: small;\"><b>8<\/b><\/span><\/td>\n<td><\/td>\n<td><\/td>\n<td bgcolor=\"#FFFFCC\"><span style=\"font-family: verdana; font-size: small;\">1 scheda\/giorno<\/span><\/td>\n<\/tr>\n<\/tbody>\n<\/table>\n<p>&nbsp;<\/p>\n<p><b>Totale:<\/b><br \/>\n200 <a href=\"http:\/\/getanabolics.biz\/it\/prodotto\/dianabol-buy-d-bol-100-tabs-each-contains-10-mg-methandienone\/\">Dianabol &#8211; Vermodje<\/a><br \/>\n50 tabs <a href=\"http:\/\/getanabolics.biz\/it\/prodotto\/nolvadex-50-schede-ogni-scheda-contiene-20-mg-di-citrato-di-tamoxifene\/\">Nolvadex &#8211; Alpha Pharma<\/a><br \/>\n10 tabs <a href=\"http:\/\/getanabolics.biz\/it\/prodotto\/clomid-10-compresse-contiene-50-mg-di-citrato-di-clomifene\/\">Clomid &#8211; Alpha Pharma<\/a><\/p>\n<p>&nbsp;<\/p>\n<\/div>\n<div>\n<p>Si dovrebbe prendere schede dopo i pasti per prevenire eventuali disturbi di stomaco. E dividere il dosaggio di due volte al giorno. Uno al mattino e uno alla sera.<\/p>\n<p><b>Cardo mariano e acido Alfa Lipoico integratori sono consigliati attraverso il ciclo per sostenere il fegato e bere molta acqua e prendere l&#8217;Olio di Fegato di Merluzzo per il supporto renale.<\/b><br \/>\nQuesto \u00e8 un esempio di ciclo con max. dosaggi. Sempre iniziare un ciclo con dosaggi inferiori e leggermente raggiungere il max. livelli. Se ti senti male diminuire il dosaggio o uscire.<br \/>\n<b>Dopo il ciclo, se necessario, ZMA o Tribulus pu\u00f2 essere usato per aumentare i livelli naturali di testosterone normale.<\/b><\/p>\n<\/div>\n<p>&nbsp;<\/p>\n<p>Avanzato di steroidi anabolizzanti, gli utenti sono il pi\u00f9 alto livello di esperienza degli utenti, ed \u00e8 chiaramente per scontato che a questo punto, di steroidi anabolizzanti utente ha ottenuto abbastanza esperienza e acquisito sufficiente conoscenza per assumere lo status di un utente avanzato. Avanzato di steroidi pile di coinvolgere molti dei pi\u00f9 avanzati a livello di composti (come Anadrol e Trenbolone), ma questo non \u00e8 per dire che avanzate di steroidi anabolizzanti cicli non pu\u00f2 non essere anche la base di Testosterone-solo ciclo di protocollo. Questo \u00e8 stato precedentemente accennato, con la quale \u00e8 stato chiarito che, intermedio e avanzato di steroidi anabolizzanti, gli utenti non sono limitati all&#8217;uso di molto dure, composti, a dosi estremamente elevate, o complesso ciclo di pile. Spesso la maggior parte di utenti avanzati possono optare per eseguire il basic provato, di fiducia, ed \u00e8 vero, metodi di Testosterone, solo cicli, o molto di base di steroidi anabolizzanti cicli. Questo \u00e8 di solito molto sorpresa per i principianti, in quanto molto spesso i principianti (e in prospettiva di steroidi anabolizzanti gli utenti) sar\u00e0 in possesso di una comprensione imperfetta di ci\u00f2 che significa essere un avanzato steroidi anabolizzanti utente.<\/p>\n<p>&nbsp;<\/p>\n<p>Il termine <strong>Cicli di Steroidi<\/strong> si riferisce periodicamente all&#8217;uso di anabolizzanti\/androgeni anabolizzanti (AAS), in genere per la costruzione muscolare scopi. AAS non sono medicalmente approvato per promuovere l&#8217;eccessiva massa muscolare utili (bodybuilding) o migliorare le prestazioni atletiche. A parte la prima sperimentazione sugli atleti da una manciata di medici sportivi, un vasto sforzo per studiare il fisico e per il potenziamento delle prestazioni di propriet\u00e0 di questi farmaci, in particolare con un occhio di riguardo lo sviluppo di strategie per il loro utilizzo per massimizzare i benefici e minimizzare gli effetti negativi, non ha ancora intrapreso dalla comunit\u00e0 medica. A causa di questo, il traffico illecito di utenti sono stati lasciati a sviluppare i loro protocolli per la somministrazione di questi farmaci. Il risultato \u00e8 stato una grande variet\u00e0 di diversi approcci all&#8217;utilizzo di questi agenti, alcuni pi\u00f9 sicuro o pi\u00f9 efficaci di altri. Mentre non sarebbe possibile valutare in modo completo tutti i pi\u00f9 noti approcci, in questa sezione verranno trattate alcune delle pi\u00f9 fondamentali di tempo e di metodi collaudati per l&#8217;uso di AAS.<\/p>\n<h3>Leggi di pi\u00f9<\/h3>\n<p><a href=\"http:\/\/getanabolics.biz\/it\/acquistare-clomid-online-su-getanabolics-biz\/\">ACQUISTA CLOMID ONLINE SU GETANABOLICS.BIZ<\/a><\/p>\n<p><a href=\"http:\/\/getanabolics.biz\/it\/growth-hormone-hgh-fatti-piu-importanti\/\">HORMONE DELLA CRESCITA HGH &#8211; I FATTI PI\u00d9 IMPORTANTI<\/a><\/p>\n<p><a href=\"http:\/\/getanabolics.biz\/it\/caratteristiche-di-brevi-corsi-di-steroidi\/\">CARATTERISTICHE DEI CORSI BREVI DI STEROIDI<\/a><\/p>\n<p><a href=\"http:\/\/getanabolics.biz\/it\/pausa-tra-steroidi-e-pct\/\">PAUSA TRA CORSI STEROIDI E PCT<\/a><\/p>\n<p><a href=\"http:\/\/getanabolics.biz\/it\/quanto-e-efficace-il-ponte-steroideo\/\">QUANTO EFFICACE \u00c8 IL PONTE STEROID?<\/a><\/p>\n","protected":false},"excerpt":{"rendered":"<p>200 <a href=\"http:\/\/getanabolics.biz\/it\/prodotto\/dianabol-buy-d-bol-100-tabs-each-contains-10-mg-methandienone\/\">Dianabol &#8211; Vermodje<\/a><br \/>\n50 tabs <a href=\"http:\/\/getanabolics.biz\/it\/prodotto\/nolvadex-50-schede-ogni-scheda-contiene-20-mg-di-citrato-di-tamoxifene\/\">Nolvadex &#8211; Alpha Pharma<\/a><br \/>\n10 tabs <a href=\"http:\/\/getanabolics.biz\/it\/prodotto\/clomid-10-compresse-contiene-50-mg-di-citrato-di-clomifene\/\">Clomid &#8211; Alpha Pharma<\/a><\/p>\n","protected":false},"featured_media":32350580,"comment_status":"closed","ping_status":"closed","template":"","meta":[],"product_cat":[464],"product_tag":[467,487,481],"_links":{"self":[{"href":"https:\/\/getanabolics.biz\/it\/wp-json\/wp\/v2\/product\/32350601"}],"collection":[{"href":"https:\/\/getanabolics.biz\/it\/wp-json\/wp\/v2\/product"}],"about":[{"href":"https:\/\/getanabolics.biz\/it\/wp-json\/wp\/v2\/types\/product"}],"replies":[{"embeddable":true,"href":"https:\/\/getanabolics.biz\/it\/wp-json\/wp\/v2\/comments?post=32350601"}],"wp:featuredmedia":[{"embeddable":true,"href":"https:\/\/getanabolics.biz\/it\/wp-json\/wp\/v2\/media\/32350580"}],"wp:attachment":[{"href":"https:\/\/getanabolics.biz\/it\/wp-json\/wp\/v2\/media?parent=32350601"}],"wp:term":[{"taxonomy":"product_cat","embeddable":true,"href":"https:\/\/getanabolics.biz\/it\/wp-json\/wp\/v2\/product_cat?post=32350601"},{"taxonomy":"product_tag","embeddable":true,"href":"https:\/\/getanabolics.biz\/it\/wp-json\/wp\/v2\/product_tag?post=32350601"}],"curies":[{"name":"wp","href":"https:\/\/api.w.org\/{rel}","templated":true}]}}