{"id":32350405,"date":"2017-05-10T13:42:18","date_gmt":"2017-05-10T13:42:18","guid":{"rendered":"http:\/\/getanabolics.biz\/?page_id=32350405\/"},"modified":"2022-06-15T07:31:00","modified_gmt":"2022-06-15T07:31:00","slug":"contattaci","status":"publish","type":"page","link":"https:\/\/getanabolics.biz\/it\/contattaci\/","title":{"rendered":"Contattaci"},"content":{"rendered":"<p>INFORMAZIONI IMPORTANTI PER QUANTO RIGUARDA LO STATO DEL TUO ORDINE.<br \/>\nSI PREGA DI LEGGERE PRIMA DI INVIARE TICKET CAUSA CHE VI PERMETTER\u00c0 DI OTTENERE UN AIUTO VELOCE<\/p>\n<p>Ciao e grazie per averci contattato! I nostri Specialisti di Prodotto e di Servizio al Cliente Gestori sono desiderosi di aiutarvi con le vostre domande o dubbi. Si prega di selezionare il reparto appropriato dal nostro menu a discesa qui sotto e saremo lieti di assistervi su un primo arrivato, primo servire base, durante il normale orario di lavoro. Tutte le domande pervenute dopo le ore di lavoro o week-end sar\u00e0 data risposta il giorno lavorativo successivo.<\/p>\n<p>&nbsp;<\/p>\n<p>I biglietti sono di solito risposto entro 48 ore lavorative.<br \/>\nNel caso In cui un problema \u00e8 segnalato venerd\u00ec riceverete risposta il luned\u00ec.<\/p>\n<p>Il tuo attuale stato dell&#8217;ordine pu\u00f2 essere effettuato su <a href=\"https:\/\/orderstatus.live\/\" target=\"_blank\" rel=\"nofollow noopener noreferrer\">https:\/\/orderstatus.live\/<\/a><br \/>\nHa info in merito:<\/p>\n<p>1) Stato del pagamento (approvato, rifiutato o in attesa di verifica)<br \/>\n2) Stato del tuo ordine (passato per la spedizione, spedito, rispedito se sequestrate).<br \/>\n3) una Volta che l&#8217;ordine viene spedito il codice di tracking verr\u00e0 visualizzato anche l\u00ec. Pu\u00f2 essere rintracciato nel seguente sito: <a href=\"http:\/\/aftership.com\/\" target=\"_blank\" rel=\"nofollow noopener noreferrer\">AfterShip.com<\/a><\/p>\n<p>Se vuoi segnalare qualsiasi problema, si prega di presentare il nuovo ticket di supporto qui:<br \/>\n<a href=\"https:\/\/bodybuilding.freshdesk.com\/support\/home\" target=\"_blank\" rel=\"nofollow noopener noreferrer\">https:\/\/bodybuilding.freshdesk.com\/<\/a><\/p>\n","protected":false},"excerpt":{"rendered":"<p>INFORMAZIONI IMPORTANTI PER QUANTO RIGUARDA LO STATO DEL TUO ORDINE. SI PREGA DI LEGGERE PRIMA DI INVIARE TICKET CAUSA CHE VI PERMETTER\u00c0 DI OTTENERE UN AIUTO VELOCE Ciao e grazie per averci contattato! I nostri Specialisti di Prodotto e di Servizio al Cliente Gestori sono desiderosi di aiutarvi con le<a class=\"jstore-read-more\" href=\"https:\/\/getanabolics.biz\/it\/contattaci\/\" rel=\"nofollow\">Read More &hellip;<\/a><\/p>\n","protected":false},"author":1,"featured_media":0,"parent":0,"menu_order":0,"comment_status":"closed","ping_status":"closed","template":"","meta":[],"_links":{"self":[{"href":"https:\/\/getanabolics.biz\/it\/wp-json\/wp\/v2\/pages\/32350405"}],"collection":[{"href":"https:\/\/getanabolics.biz\/it\/wp-json\/wp\/v2\/pages"}],"about":[{"href":"https:\/\/getanabolics.biz\/it\/wp-json\/wp\/v2\/types\/page"}],"author":[{"embeddable":true,"href":"https:\/\/getanabolics.biz\/it\/wp-json\/wp\/v2\/users\/1"}],"replies":[{"embeddable":true,"href":"https:\/\/getanabolics.biz\/it\/wp-json\/wp\/v2\/comments?post=32350405"}],"version-history":[{"count":2,"href":"https:\/\/getanabolics.biz\/it\/wp-json\/wp\/v2\/pages\/32350405\/revisions"}],"predecessor-version":[{"id":32352341,"href":"https:\/\/getanabolics.biz\/it\/wp-json\/wp\/v2\/pages\/32350405\/revisions\/32352341"}],"wp:attachment":[{"href":"https:\/\/getanabolics.biz\/it\/wp-json\/wp\/v2\/media?parent=32350405"}],"curies":[{"name":"wp","href":"https:\/\/api.w.org\/{rel}","templated":true}]}}