{"id":32350390,"date":"2017-05-10T12:35:19","date_gmt":"2017-05-10T12:35:19","guid":{"rendered":"http:\/\/getanabolics.biz\/?page_id=32350390\/"},"modified":"2017-05-10T12:35:19","modified_gmt":"2017-05-10T12:35:19","slug":"faq","status":"publish","type":"page","link":"https:\/\/getanabolics.biz\/it\/faq\/","title":{"rendered":"FAQ"},"content":{"rendered":"<p><strong>Qual \u00e8 la qualit\u00e0 dei vostri prodotti?<\/strong><\/p>\n<p>Tutti i nostri prodotti sono 100% originali provenienti direttamente dal mondo famoso medicina distributori, e questo si sente il primo colpo di iniezione o nella prima scheda. Le marche trattate sono Alpha Pharma, Vermodje, Maxtreme, Drago Pharma, Eminenza Laboratori, la Ricerca del Corpo e molti altri.<\/p>\n<p><strong>sei una societ\u00e0 legittima?<\/strong><\/p>\n<p>Siamo un professionista di posta ordine di servizio, la licenza per vendere e distribuire prodotti farmaceutici. Ci sono stati stabiliti per oltre 5 anni, per la fornitura di originale e di alta qualit\u00e0 steroidi anabolizzanti e bodybuilding prodotti correlati, la prescrizione gratuita su Internet.<\/p>\n<p><strong>ho bisogno di una prescrizione per ordinare?<\/strong><\/p>\n<p>Una prescrizione NON \u00e8 necessaria per ordinare i nostri prodotti<\/p>\n<p><strong>e &#8216; legale per l&#8217;acquisto di questi prodotti?<\/strong><\/p>\n<p>Dal momento che le leggi variano da paese a paese, si consiglia di contattare un avvocato qualificato per quanto riguarda i regolamenti e le restrizioni del vostro paese.<\/p>\n<p><strong>Quanto \u00e8 lungo l&#8217;intero processo di ordinazione e spedizione?<\/strong><\/p>\n<p>Conferma d&#8217;ordine con la lista dei prodotti acquistati viene inviato al tuo contatto e-mail al momento dell&#8217;ordine.<br \/>\nUna volta ricevuto il pagamento, abbiamo elaborare e spedire il vostro ordine entro 2-5 giorni lavorativi. Tempo di spedizione dipende da vari fattori come il metodo di spedizione, l&#8217;efficienza del servizio postale, sdoganamento internazionale di transito, etc., che \u00e8 il motivo per cui possiamo dare solo un&#8217;approssimazione, in base alle nostre statistiche e l&#8217;esperienza.<\/p>\n<p>Di solito la spedizione negli USA (dove la maggior parte dei nostri clienti che) prende da 7 a 15 giorni lavorativi una volta che il tracking viene fornito il codice.<\/p>\n<p><strong>i Nostri metodi di pagamento<\/strong><\/p>\n<p>Siamo uno dei pochi online steroidi negozi che accettano pagamenti con le principali carte di credito: questo \u00e8 organizzato con l&#8217;aiuto di siti come Western Union, MoneyGram. Vi offriamo anche pagare a noi con l&#8217;aiuto di Bitcoin (che possono anche essere finanziati con carta di credito, con l&#8217;aiuto di coinbase, cerchio o localbitcoins.com<\/p>\n<p>Ma noi preferiamo la nostra prima volta a clienti di effettuare ordini per pi\u00f9 di $750 utilizzando la loro carta di credito. Prima volta i clienti con ordini superiori a $750 si consiglia di pagare tramite bonifico bancario o trasferimento di denaro (come Moneygram), o bitcoins. Questi metodi di pagamento non richiede alcuna verifica e clienti che utilizzano il loro <strong>sconto del 10% <\/strong>su costosi ordini ogni volta che non pagare tramite carta di credito.<\/p>\n<p>Il nostro secondo tempo i clienti a ottenere di sconto su ogni ordine nuovo e sono i benvenuti a pagare tramite carta di credito per qualsiasi importo.<\/p>\n<p><strong>Come il mio pagamento \u00e8 stato elaborato?<\/strong><\/p>\n<p>Una volta che si invia il tuo pagamento tramite carta di credito, si pu\u00f2 richiedere di verificare il tuo ordine. Questo \u00e8 il motivo per cui \u00e8 importante per noi avere il tuo <strong>numero di telefono valido<\/strong>. Se l&#8217;ordine non passa verifica o se non siamo in grado di contattare yout quindi il pagamento con carta di credito non saranno accettate e vi offrono di pagare con il metodo di pagamento alternativo descritto sopra.<\/p>\n<p>Una volta che il pagamento \u00e8 stato verificato e passare la nostra antifrode di controllo che la carta viene caricata. Di solito approvato i pagamenti vengono elaborati e liquidati entro 1-2 giorni lavorativi, e l&#8217;ordine \u00e8 passato per la spedizione dopo che.<\/p>\n<p><strong>Qual \u00e8 l&#8217;importo massimo che posso ordinare in una sola volta?<\/strong><\/p>\n<p>Non vi \u00e8 alcun limite a quanto si pu\u00f2 ordinare. Tuttavia, si consiglia di consultare una persona qualificata per quanto riguarda la quantit\u00e0 che si desidera ordinare, in quanto ci possono essere regole d&#8217;importazione su tali prodotti specifici in quantit\u00e0.<\/p>\n<p>Vi consigliamo il nostro primo cliente in tempo a fare una prova di acquisto e dopo si vede che \u00e8 felice con i nostri servizi, saremo lieti di servirvi di pi\u00f9.<\/p>\n<p><strong>ho messo ordine ma la mia scheda non \u00e8 carica?<\/strong><\/p>\n<p>La tua carta non \u00e8 caricata immediatamente dopo l&#8217;acquisto. Processo di verifica richiede da 2 ore a 2 giorni lavorativi. Se la tua carta non \u00e8 caricata entro 2 giorni lavorativi dopo l&#8217;acquisto siete pregati di contattarci e cercheremo di indagare su questo.<\/p>\n<p><strong>il Mio indirizzo di spedizione \u00e8 diverso dall&#8217;indirizzo di fatturazione.<\/strong><\/p>\n<p>Questo non \u00e8 un problema fintanto che i nomi sulla carta di credito e sulla destinazione di spedizione sono le stesse. Ma nel caso in cui ci sono consigli da gateway di pagamento per verificare questo ordine, si prega di essere preparati al fatto che ci sar\u00e0 bisogno di ulteriori verifiche.<\/p>\n<p>Se la fatturazione paese diverso dal paese di spedizione si richiede di pagare tramite qualsiasi metodo di pagamento alternativo.<\/p>\n<p><strong>posso pagare tramite bonifico bancario e ci sono vantaggi se si sceglie questo metodo di pagamento?<\/strong><\/p>\n<p>Offriamo <strong>sconto del 5%<\/strong> su qualsiasi ordine effettuato tramite bonifico bancario. Plus <strong>copriamo le spese bancarie<\/strong>. Per esempio, se il vostro ordine \u00e8 di $400 e sono disposti a pagare tramite bonifico totale sar\u00e0 necessario inviare sta per essere $400 \u2013 $20 (sconto 5%) \u2013 $40 (spese di bonifico) = $340<\/p>\n<p>Se il totale dell&#8217;ordine \u00e8 pi\u00f9 di $750 offriamo <strong>sconto del 10%<\/strong> insieme con altri sconti (cliente di ritorno, codice promozionale o qualsiasi speciale promozione sconti) in pi\u00f9 abbiamo compensare le spese bancarie.<\/p>\n<p>I clienti europei possono pagare tramite Uberweisung (Germania) e IBAN bonifico al nostro conto bancario UE. SEPA bonifici sono gratuiti e si ottiene <strong>sconto del 10%<\/strong> su qualsiasi ordine.<\/p>\n<p>Pagamenti tramite bonifico non richiedono alcun tipo di verifica e di norma vengono trattati e liquidati entro 1-2 giorni lavorativi. Cos\u00ec ottenere il vostro ordine pi\u00f9 veloce.<\/p>\n<p><strong>Quali sconti sono offerti?<\/strong><\/p>\n<p>Abbiamo il seguente elenco di sconti disponibili al momento:<\/p>\n<ul>\n<li>5% di sconto su ordini meno di $750 se il metodo di pagamento \u00e8 il bonifico bancario, bonifico o bitcoins.<\/li>\n<li>10% di sconto su ordini con totale superiore a $750 se il metodo di pagamento \u00e8 il bonifico bancario, bonifico o bitcoins.<\/li>\n<li>5% su qualsiasi ritorno di ordine del cliente.<\/li>\n<li>10% su qualsiasi ritorno di ordine del cliente, con un valore di oltre $750 (non importa che cosa \u00e8 il metodo di pagamento scelto).<\/li>\n<\/ul>\n<p>&nbsp;<\/p>\n<p>Inoltre offriamo diversi tipi di stagione, vendite e promozioni, come sconti sui nostri cicli di steroidi.<\/p>\n<p><strong>Come i prodotti vengono spediti?<\/strong><\/p>\n<p>Al buon esito del pagamento, l&#8217;ordine viene passato per la spedizione e il codice di monitoraggio \u00e8 previsto entro 2-5 giorni lavorativi.<\/p>\n<p>Con EMS (USPS) spedizione tracciabile che richiede la firma al momento dell&#8217;arrivo del prodotto. Tutti i pacchetti possono essere rintracciati attraverso questi siti:<\/p>\n<p>https:\/\/www.usps.com (USA ordini quando l&#8217;elemento \u00e8 gi\u00e0 in USA)<\/p>\n<p>http:\/\/www.track-trace.com\/post (i pacchetti inviati a qualsiasi paese in qualsiasi fase della consegna)<\/p>\n<p><strong>Come sono rinfusa\/ordini di grandi quantit\u00e0 spedito?<\/strong><\/p>\n<p>Se l&#8217;ordine \u00e8 troppo grande abbastanza per non rientrare nella stessa busta di spedizione come un piccolo ordine, vi possiamo garantire l&#8217;ordine sar\u00e0 diviso nella quantit\u00e0 necessaria di pacchetti. Non importa quanto sia grande il vostro ordine \u00e8, di rassicurare lo stesso livello di discrezione e di riconfezionamento \u00e8 utilizzato come piccole dimensioni con un ordine. Per di pi\u00f9 non importa sul tuo ordine di grandezza pagare le spese di spedizione una sola volta.<\/p>\n<p><strong>Quanto dura il processo di spedizione?<\/strong><\/p>\n<p>Tempo di consegna stimato \u00e8 5-17 giorni lavorativi, a seconda della destinazione.<br \/>\n5-12 giorni lavorativi per USA, Canada, Europa e Asia<br \/>\n8-17 giorni lavorativi per il Sud Africa<\/p>\n<p><strong>c&#8217;\u00c8 una possibilit\u00e0 per un ritardo di spedizione?<\/strong><\/p>\n<p>Tempo di spedizione dipende da vari fattori quali l&#8217;efficienza del servizio postale, sdoganamento internazionale di transito, etc., che \u00e8 il motivo per cui vi diamo un&#8217;approssimazione basata sul nostro statistiche e l&#8217;esperienza.<\/p>\n<p>Di solito l &#8216; 80-85% di posta aerea pacchetti di arrivare con 10 giorni, e del 15-20% per arrivare entro 10-15 giorni lavorativi. Questo \u00e8 un riflesso di incongruenze con vari postale rappresentanti, e non di servizi da noi forniti. Il ritardo principale avviene a causa di sdoganamento nel paese in cui i prodotti vengono inviati da e personalizzato nel paese di destinazione. Nel caso in cui il codice di monitoraggio non si sposta durante 5 giorni \u00e8 questo il motivo principale per cui questo accade.<\/p>\n<p>Ogni spedizione internazionale passa normalmente attraverso il locale e nazionale del servizio postale nel paese di origine, l&#8217;esportazione, nonch\u00e9 la spedizione di trasferimento attraverso le porte di uscita, il transito per il paese di destinazione internazionale, servizio postale, l&#8217;importazione nel paese di destinazione (per lo sdoganamento), e, infine, il locale e nazionale del servizio postale nel paese di destinazione. Ogni passo successivo ha un impatto sul tempo di consegna. Anche se la maggior parte di questi passaggi sono eseguiti correttamente e tempestivamente, inefficienza o temporanea inattivit\u00e0 durante ogni singolo passaggio \u00e8 sufficiente estendere il tempo di consegna oltre il consueto e il periodo di tempo assegnato<\/p>\n<p><strong>tu nave P. O. Scatole?<\/strong><\/p>\n<p>S\u00ec, spediamo P. O. Scatole<\/p>\n<p><strong>\u00c8 necessaria una firma per la spedizione e perch\u00e9?<\/strong><\/p>\n<p>S\u00ec, il nostro metodo di spedizione richiede la firma da parte vostra al momento della consegna. Questo ci permette di combattere qualsiasi attivit\u00e0 fraudolenta di chargeback quando il cliente ottiene il suo ordine e le richieste non ha mai ricevuto nulla. Abbiamo 99% tasso di successo di vincere delle controversie carta di credito perch\u00e9 ci forniscono la corrispondenza con il cliente, l&#8217;ordine dei dettagli, foto del pacco e la conferma da parte del servizio postale che elemento \u00e8 consegnato. Al contrario, ogni fraudolenta controversia danneggia il rapporto di credito di frauder e influenza la sua storia di credito pi\u00f9 lo fa pagare da $25 a $200 per gli illeciti controversia.<\/p>\n<p><strong>Dove ti nave da?<\/strong><\/p>\n<p>La spedizione \u00e8 organizzata da India, Singapore, Thailandia, Unione Europea. Il nostro nome dell&#8217;organizzazione non \u00e8 indicata su ogni confezione e le spedizioni sono fatte da vari punti di spedizione per garantire la massima discrezione e la pi\u00f9 alta probabilit\u00e0 di successo di consegna.<\/p>\n<p><strong>che Cosa succede se il pacchetto \u00e8 stato sequestrato dalle personalizzato?<\/strong><\/p>\n<p>Abbiamo il 99,9% di successo tasso di consegna di USA, Canada, Europa e Sud Africa. Anche se i prodotti sequestrati (1% di possibilit\u00e0 in base alle nostre statistiche attraverso anni), offriamo riconsegna o di credito verso un nuovo acquisto sul nostro sito. Abbiamo solo bisogno di contattarci via email la notifica ufficiale da ufficio postale o personalizzata che il pacchetto \u00e8 stato fermato e vedremo di organizzare una nuova consegna entro 3 giorni lavorativi.<\/p>\n<p><strong>il Mio codice di monitoraggio non si muove.<\/strong><\/p>\n<p>Di solito questo accade quando gli elementi sono tenuto personalizzato e sono in attesa di sdoganamento. Questo non significa che qualsiasi problema. Ma se il tuo codice di monitoraggio non mostra progressi entro 10 giorni, siete pregati di contattarci e cercheremo di indagare su questo. Siamo anche in grado di consiglio di contattare il locale SME (USPS) ufficio con il codice di monitoraggio per ottenere informazioni dettagliate e in cui la voce \u00e8 adesso.<\/p>\n<p><strong>Come posso contattarvi?<\/strong><\/p>\n<p>Dal momento che i nostri servizi sono ottimizzati per essere condotta online e in tutto il mondo, Siete pi\u00f9 che benvenuti a contattare il nostro ufficio vendite tramite il nostro sito web, sulla pagina <strong>contattaci<\/strong><strong>.<\/strong><\/p>\n<p>Di solito richieste di e-mail sono risposto entro le 24 ore, ma a volte si pu\u00f2 prendere 2 giorni lavorativi per rispondere alle richieste. E-mail di invio della richiesta di venerd\u00ec a volte sono risposto luned\u00ec a causa della differenza di tempo in orario di lavoro del nostro team di supporto e la vostra posizione.<\/p>\n","protected":false},"excerpt":{"rendered":"<p>Qual \u00e8 la qualit\u00e0 dei vostri prodotti? Tutti i nostri prodotti sono 100% originali provenienti direttamente dal mondo famoso medicina distributori, e questo si sente il primo colpo di iniezione o nella prima scheda. Le marche trattate sono Alpha Pharma, Vermodje, Maxtreme, Drago Pharma, Eminenza Laboratori, la Ricerca del Corpo<a class=\"jstore-read-more\" href=\"https:\/\/getanabolics.biz\/it\/faq\/\" rel=\"nofollow\">Read More &hellip;<\/a><\/p>\n","protected":false},"author":1,"featured_media":0,"parent":0,"menu_order":0,"comment_status":"closed","ping_status":"closed","template":"","meta":[],"_links":{"self":[{"href":"https:\/\/getanabolics.biz\/it\/wp-json\/wp\/v2\/pages\/32350390"}],"collection":[{"href":"https:\/\/getanabolics.biz\/it\/wp-json\/wp\/v2\/pages"}],"about":[{"href":"https:\/\/getanabolics.biz\/it\/wp-json\/wp\/v2\/types\/page"}],"author":[{"embeddable":true,"href":"https:\/\/getanabolics.biz\/it\/wp-json\/wp\/v2\/users\/1"}],"replies":[{"embeddable":true,"href":"https:\/\/getanabolics.biz\/it\/wp-json\/wp\/v2\/comments?post=32350390"}],"version-history":[{"count":1,"href":"https:\/\/getanabolics.biz\/it\/wp-json\/wp\/v2\/pages\/32350390\/revisions"}],"predecessor-version":[{"id":32350391,"href":"https:\/\/getanabolics.biz\/it\/wp-json\/wp\/v2\/pages\/32350390\/revisions\/32350391"}],"wp:attachment":[{"href":"https:\/\/getanabolics.biz\/it\/wp-json\/wp\/v2\/media?parent=32350390"}],"curies":[{"name":"wp","href":"https:\/\/api.w.org\/{rel}","templated":true}]}}