{"id":32350377,"date":"2017-05-10T10:24:22","date_gmt":"2017-05-10T10:24:22","guid":{"rendered":"http:\/\/getanabolics.biz\/?page_id=32350377\/"},"modified":"2017-05-10T10:24:22","modified_gmt":"2017-05-10T10:24:22","slug":"termini-e-condizioni","status":"publish","type":"page","link":"https:\/\/getanabolics.biz\/it\/termini-e-condizioni\/","title":{"rendered":"Termini e condizioni"},"content":{"rendered":"<p>Si prega di leggere attentamente quanto riportato di seguito. \u00c8 necessario accettare i termini e le condizioni indicate nel presente domanda d&#8217;iscrizione prima di inviare questo modulo di iscrizione.<\/p>\n<p><strong>PRODOTTI GARANZIA<\/strong><\/p>\n<p><strong>1.<\/strong> Tutti i prodotti sono stampate expriation date. Se si ricevono i prodotti con data di scadenza, non li uso e contattaci. Se non diversamente indicato, e soggetti per i vostri diritti legali in materia di qualit\u00e0 e idoneit\u00e0 ad uno scopo, facciamo alcuna dichiarazione o garanzia, espressa o implicita, di qualsiasi tipo rispetto ai prodotti venduti.<\/p>\n<p><strong>PRODOTTI per CONSEGNA<\/strong><\/p>\n<p><strong>2.<\/strong> Abbiamo inserito elementi in carbonio carta fotografica. Xray non penetra. A richiesta, siamo in grado di nascondere la merce giocattoli, videocassette, giocattoli, etc.<\/p>\n<p><strong>3.<\/strong> Ci consegner\u00e0 i prodotti ordinati, l&#8217;ho dato al momento hai effettuato il tuo ordine.<\/p>\n<p><strong>4.<\/strong> tempo di consegna Stimato per il nostro normale posta aerea spedizione: massimo 10-13 giorni negli stati UNITI, e 9-12 giorni per l&#8217;Europa, per Esprimere \u2013 da 1 a 3 giorni lavorativi. N\u00e9 possiamo essere responsabili per ritardi nella consegna causati dal turismo, o tramite il servizio di posta elettronica che effettua la consegna. Percio &#8216; tutte le date di consegna sono indicativi e non potr\u00e0 essere ritenuta responsabile per eventuali perdite, costi, danni, spese, per mezzo del Servizio Postale o spese causate da ritardi nella consegna della merce, a meno che non causati dalla nostra negligenza. La germania, il Canada, l&#8217;Australia, le consegne vengono effettuate con posta raccomandata (spedizione express) che si 12-15 giorni lavorativi. In questo modo le probabilit\u00e0 di elementi per ottenere preso personalizzati sono di molte volte inferiore. Se il pacchetto non \u00e8 disponibile a causa di problemi del cliente (non era in casa, non \u00e8 riuscito a ottenere l&#8217;elemento da post in tempo) non siamo in grado di rispedire i tuoi oggetti. Solo oggetti sequestrati dalla consuetudine o danneggiato all&#8217;interno di consegna sono rispedito.<\/p>\n<p><strong>5.<\/strong> diventer\u00e0 il proprietario della merce che avete ordinato una volta che sono stati consegnati al vostro indirizzo di consegna previsti. Una volta che le merci sono state consegnate non abbiamo pi\u00f9 alcuna responsabilit\u00e0 per la perdita o il danneggiamento dei beni.<\/p>\n<p><strong>6.<\/strong> Con la dogana abbiamo il 99,9% di successo negli USA, il 99,5% di successo in Canada e in Europa e il 97% per il Sud Africa. Anche se i prodotti sequestrati ( 1% di possibilit\u00e0 in base alle nostre statistiche attraverso anni di lavoro, abbiamo coprire il 100% della perdita.<\/p>\n<p><strong>CONDIZIONI di ACQUISTO<\/strong><\/p>\n<p><strong>7.<\/strong> Di ordinare i prodotti o servizi da noi \u00e8 necessario avere almeno 18 anni di et\u00e0.<br \/>\nnon si assume alcuna responsabilit\u00e0 per confermare i requisiti di importazione e di regolamenti per l&#8217;acquisto l&#8217;acquirente e il paese di origine. Tutti i prodotti vengono spediti<br \/>\n\u2022 a totale rischio dell&#8217;acquirente.<br \/>\n\u2022 nel contratto di tenere riservati nei confronti di qualsiasi azione legale, che potrebbe essere intentata contro l&#8217;acquirente, se non agendo in conformit\u00e0 con i regolamenti e le leggi importazione del paese di destinazione.<\/p>\n<p><strong>8.<\/strong> i Prezzi possono subire variazioni in base ai tassi di valuta Internazionale e i cambiamenti dei prezzi di costo, senza alcun ulteriore preavviso.<\/p>\n<p><strong>9.<\/strong> la Disponibilit\u00e0 dei prodotti \u00e8 soggetto a modifiche senza alcun preavviso.<\/p>\n<p><strong>10.<\/strong> annullamenti di Ordini dopo il pagamento \u00e8 stato effettuato non sono accettati.<\/p>\n<p><strong>11.<\/strong> Dopo l&#8217;acquisto riceverai ellectronic bill che includer\u00e0, il vostro numero di ordine, le specifiche del tuo ordine, il nome utente e la password (che sar\u00e0\/scegliere\/n), che vi permetter\u00e0 di controllare lo stato del tuo ordine.<\/p>\n<p><strong>RESPONSABILIT\u00c0<\/strong><\/p>\n<p><strong>12.<\/strong> Se le informazioni errate di spedizione \u00e8 fornito dall&#8217;acquirente, l&#8217;ordine potrebbe essere misdelivered e\/o restituiti al mittente. non si assume alcuna responsabilit\u00e0 per le perdite causate da questa errata o per le perdite che si verificano. Il motivo principale \u00e8 che le spedizioni sono unreturnable dovuti al trasporto discreta.<\/p>\n<p><strong>DISCLAIMER<\/strong><\/p>\n<p><strong>13.<\/strong> non si Assume alcuna responsabilit\u00e0 per l&#8217;uso dei prodotti forniti. Il materiale contenuto in questo sito web (e su eventuali siti collegati e a questo sito&#8221;) \u00e8 di per generale a solo scopo informativo e non \u00e8 destinato a promuovere e sostenere l&#8217;assunzione di anabolizzanti\/androgeni steroidi o altri farmaci. Con la visualizzazione di queste informazioni e acquisto di steroidi si impegna a salvare per sempre innocui acquistare anabolizzanti, i suoi dirigenti, direttori, o assegna da eventuali danni derivanti in qualunque modo, conosciuti o sconosciuti, previsti o imprevisti.<\/p>\n<p><strong>14.<\/strong> non avvocato, incoraggiare, possiedono, o tentare di ottenere gli steroidi anabolizzanti o altre sostanze controllate e non pu\u00f2 essere ritenuta responsabile per le azioni intraprese dai nostri clienti e spettatori.<\/p>\n<p><strong>15.<\/strong> le descrizioni e Le opinioni presenti in questo sito non sono medici, suggerimenti o consigli, ma sono generalmente basate su speculativa e valori soggettivi. Ogni atleta che prevede l&#8217;assunzione di questi farmaci dovrebbe sempre consultare un medico, in quanto il loro uso improprio e incontrollato pu\u00f2 causare effetti collaterali dannosi e permanenti. Abbiamo strenuamente disapprovano la somministrazione di farmaci ai minori per migliorare le prestazioni atletiche.<\/p>\n<p><strong>!<\/strong> ACQUISTO INDICA l&#8217;ACCETTAZIONE DI QUESTI TERMINI E CONDIZIONI.<br \/>\n<strong>!<\/strong> NON CONFERMARE il VOSTRO ORDINE, SE NON LI ACCETTA.<br \/>\n<strong>!<\/strong> si riserva IL diritto, DI PROCESSO E di ORDINI di NAVI SE LE SEGUENTI<br \/>\n<strong>!<\/strong> TERMINI E CONDIZIONI SONO ammessi CON UN CONTRATTO CONFERMATO DAL cliente.<br \/>\n<strong>!<\/strong> L&#8217;ACQUIRENTE si IMPEGNA A RISPETTARE TUTTI QUESTI REGOLAMENTI AZIENDALI, QUANDO l&#8217;IMMISSIONE E l&#8217;ORDINE CON NOI.<\/p>\n","protected":false},"excerpt":{"rendered":"<p>Si prega di leggere attentamente quanto riportato di seguito. \u00c8 necessario accettare i termini e le condizioni indicate nel presente domanda d&#8217;iscrizione prima di inviare questo modulo di iscrizione. PRODOTTI GARANZIA 1. Tutti i prodotti sono stampate expriation date. Se si ricevono i prodotti con data di scadenza, non li<a class=\"jstore-read-more\" href=\"https:\/\/getanabolics.biz\/it\/termini-e-condizioni\/\" rel=\"nofollow\">Read More &hellip;<\/a><\/p>\n","protected":false},"author":1,"featured_media":0,"parent":0,"menu_order":0,"comment_status":"closed","ping_status":"closed","template":"","meta":[],"_links":{"self":[{"href":"https:\/\/getanabolics.biz\/it\/wp-json\/wp\/v2\/pages\/32350377"}],"collection":[{"href":"https:\/\/getanabolics.biz\/it\/wp-json\/wp\/v2\/pages"}],"about":[{"href":"https:\/\/getanabolics.biz\/it\/wp-json\/wp\/v2\/types\/page"}],"author":[{"embeddable":true,"href":"https:\/\/getanabolics.biz\/it\/wp-json\/wp\/v2\/users\/1"}],"replies":[{"embeddable":true,"href":"https:\/\/getanabolics.biz\/it\/wp-json\/wp\/v2\/comments?post=32350377"}],"version-history":[{"count":1,"href":"https:\/\/getanabolics.biz\/it\/wp-json\/wp\/v2\/pages\/32350377\/revisions"}],"predecessor-version":[{"id":32350378,"href":"https:\/\/getanabolics.biz\/it\/wp-json\/wp\/v2\/pages\/32350377\/revisions\/32350378"}],"wp:attachment":[{"href":"https:\/\/getanabolics.biz\/it\/wp-json\/wp\/v2\/media?parent=32350377"}],"curies":[{"name":"wp","href":"https:\/\/api.w.org\/{rel}","templated":true}]}}