{"id":786,"date":"2017-04-27T10:33:38","date_gmt":"2017-04-27T10:44:01","guid":{"rendered":"http:\/\/getanabolics.biz\/product\/anastrover-25-onglets-chacun-contient-1-mg-danastrozole\/"},"modified":"2018-01-19T06:27:23","modified_gmt":"2018-01-19T06:27:23","slug":"arimidex-25-tabs-each-contains-1-mg-anastrozole","status":"publish","type":"product","link":"https:\/\/getanabolics.biz\/fr\/produit\/arimidex-25-tabs-each-contains-1-mg-anastrozole\/","title":{"rendered":"Arimidex &#8211; Vermodje"},"content":{"rendered":"<h2>Acheter Arimidex &#8211; Vermodje (Anastrover)<\/h2>\n<p><a title=\"Acheter Arimidex au GetAnabolics\"><img src=\"http:\/\/getanabolics.biz\/images\/arimidex-1-30-meditech.jpg\" width=\"30%\" align=\"right\" \/><\/a><br \/>\nPour ceux qui est \u00e0 la recherche d&rsquo;Arimidex et vous demandez-vous o\u00f9 acheter Arimidex de Vermodje l\u00e9galement nous vous proposons Anastrover comme le meilleur choix pour de vrai les culturistes.<br \/>\n\u00c0 partir de maintenant sur une grande vari\u00e9t\u00e9 de st\u00e9ro\u00efdes injectables ainsi que des st\u00e9ro\u00efdes oraux et th\u00e9rapie post-cycle de l&rsquo;Vermodje peut \u00eatre achet\u00e9 sur <b>GetAnabolics<\/b>. Nous heureux de pr\u00e9senter la nouvelle Arimidex de <span style=\"font-weight: bold;\">Vermodje<\/span>.<br \/>\n<em>Tous les produits que nous vous proposons sont faites de l&rsquo;authentique, de haute qualit\u00e9 et de compos\u00e9s ont un seul but: aider les gens \u00e0 prendre de la masse musculaire, la force globale, \u00e0 br\u00fbler les graisses et de les aider sur le chemin de la perfection physique. Dans le but de cr\u00e9er un esprit constructif et civilis\u00e9 relation avec nos clients, nous allons faire le maximum d&rsquo;efforts pour assurer un service de haute qualit\u00e9, l&rsquo;approche de chaque personne que l&rsquo;adresse de notre magasin avec courtoisie et respect.<\/em><br \/>\nConstruire et maintenir un corps de r\u00eave ont besoin d&rsquo;une combinaison de m\u00e9thodes. Une bonne alimentation vient en premier dans la liste des composants essentiels n\u00e9cessaires \u00e0 l&rsquo;organisme. Deuxi\u00e8mement, assurez-vous toujours de l&rsquo;acheter et utiliser des st\u00e9ro\u00efdes l\u00e9gaux en ligne n&rsquo;est pas seulement pour \u00e9viter tout conflit avec la loi, mais plus important encore, pour \u00e9viter des complications de sant\u00e9.<br \/>\n<span style=\"font-weight: bold;\">GetAnabolics.Biz<\/span> is the online steroid supplier specially created and dedicated to provide each athlete and bodybuilder with best <span style=\"font-weight: bold;\">anabolic steroids<\/span> est la ligne de st\u00e9ro\u00efdes fournisseur sp\u00e9cialement con\u00e7u et d\u00e9di\u00e9 \u00e0 fournir \u00e0 chaque athl\u00e8te et de bodybuilder avec le meilleur des st\u00e9ro\u00efdes anabolisants \u00e0 prix discount. Nous avons choisi la plus fiable pour les marques \u00e0 collaborer afin d&rsquo;assurer la s\u00e9curit\u00e9, authentique et haut de gamme de st\u00e9ro\u00efdes pour nos clients.<br \/>\n<em>L&rsquo;exp\u00e9dition des st\u00e9ro\u00efdes en toute s\u00e9curit\u00e9 est la principale pr\u00e9occupation pour la livraison de st\u00e9ro\u00efdes dans le monde entier. Notre exp\u00e9dition discr\u00e8te garantit que personne ne sait que vous achetez des st\u00e9ro\u00efdes en ligne.<\/em><\/p>\n<h2>Plus Arimidex Vermodje d&rsquo;informations<\/h2>\n<p><b>25 onglets chacun contient 1 mg d&rsquo;Anastrozole<\/b><\/p>\n<p><strong>Classe de drogue: Orale inhibiteur de l&rsquo;Aromatase<\/strong><br \/>\n<strong> La posologie moyenne recommand\u00e9e: Entre 0,25 mg et 1 mg par jour<\/strong><br \/>\n<strong> Vie Active: 48 heures<\/strong><br \/>\n<strong> R\u00e9tention d&rsquo;eau: Non<\/strong><br \/>\n<strong> Toxique pour le foie: Oui<\/strong><br \/>\n<strong> Diminue HPTA fonction: Pas de<\/strong><br \/>\n<strong> Acn\u00e9: Oui<\/strong><\/p>\n<p><strong>Arimidex, dont le nom g\u00e9n\u00e9rique est <a href=\"http:\/\/getanabolics.biz\/fr\/produit\/anazole-30-onglets-chacun-contient-1-mg-danastrozole\/\">l&rsquo;Anastrozole<\/a>, est principalement utilis\u00e9e et a \u00e9t\u00e9 fabriqu\u00e9 comme un traitement pour le cancer du sein chez les femmes. Le m\u00e9dicament a \u00e9t\u00e9 mis \u00e0 disposition en d\u00e9cembre 1995 et est fabriqu\u00e9 et commercialis\u00e9 par Zenica produits Pharmaceutiques. Il est l&rsquo;un des derniers de la drogue pour \u00eatre produit pour traiter le cancer du sein avanc\u00e9. Arimidex est \u00e9galement le premier m\u00e9dicament dans son groupe de la troisi\u00e8me g\u00e9n\u00e9ration de m\u00e9dicaments ou s\u00e9lective orale inhibiteurs de l&rsquo;aromatase con\u00e7u pour lutter contre le cancer du sein.<\/strong><\/p>\n<p><em><strong>Arimidex<\/strong> fonctionne en bloquant une enzyme, l&rsquo;aromatase, qui bloque la production d&rsquo;\u0153strog\u00e8nes dans le corps. <strong>De nombreux types de cellules de<\/strong> cancer du sein sont aggrav\u00e9es par les \u0153strog\u00e8nes et la r\u00e9duction de l&rsquo;oestrog\u00e8ne efficacement ralentit et arr\u00eate m\u00eame de l&rsquo;avanc\u00e9e du cancer. En raison de son \u0153strog\u00e8nes propri\u00e9t\u00e9s d&rsquo;inhibition, c&rsquo;est un grand st\u00e9ro\u00efdes pour les athl\u00e8tes masculins. Ce m\u00e9dicament r\u00e9duit le niveau d&rsquo;oestrog\u00e8ne chez les athl\u00e8tes masculins et sont beaucoup plus efficaces que d&rsquo;autres similaires st\u00e9ro\u00efdes comme Proviron. Ce m\u00e9dicament est exceptionnellement forte. Une dose quotidienne de 1 mg ou un comprim\u00e9 peut supprimer la production d&rsquo;\u0153strog\u00e8nes par plus de 80%. Parce que c&rsquo;est un puissant m\u00e9dicament, la posologie maximale pour les utilisateurs de sexe masculin est de 1 mg par jour ou un comprim\u00e9 unique.<\/em><\/p>\n<p><strong>La plupart des utilisateurs ont vu de grands<\/strong> r\u00e9sultats avec des doses aussi faibles que 0,25 mg par jour. Arimidex ne doit pas \u00eatre utilis\u00e9 par les jeunes femmes et les athl\u00e8tes f\u00e9minines en raison de son extr\u00eame \u0153strog\u00e8nes propri\u00e9t\u00e9s d&rsquo;inhibition. M\u00eame en tant que traitement pour le cancer du sein, Arimidex doit \u00eatre utilis\u00e9 uniquement par des femmes post-m\u00e9nopaus\u00e9es avec des stades avanc\u00e9s de cancer du sein qui ne peuvent pas \u00eatre trait\u00e9s avec d&rsquo;autres m\u00e9dicaments, comme <a href=\"http:\/\/getanabolics.biz\/fr\/produit\/nolvadex-100-tabs-each-tab-contains-20mg-tamoxifen-citrate\/\">Nolvadex<\/a>.<\/p>\n<p><em><strong>Comme il bloque la production<\/strong> d&rsquo;\u0153strog\u00e8nes chez les athl\u00e8tes masculins qui utilisent de la drogue, il am\u00e9liore la croissance musculaire et l&rsquo;augmentation de la masse musculaire. Arimidex utilis\u00e9 en combinaison avec d&rsquo;aromatisation des androg\u00e8nes comme la testost\u00e9rone conduit \u00e0 l&rsquo;utilisateur la construction solide de la masse musculaire sans appr\u00e9ciable de la r\u00e9tention d&rsquo;eau. En combinaison avec ces aromatisation des androg\u00e8nes, des effets secondaires comme la gyn\u00e9comastie et oestrog\u00e9niques effets secondaires peuvent \u00eatre r\u00e9duits si la qualit\u00e9 de la masse musculaire peut \u00eatre am\u00e9lior\u00e9e.<\/em><\/p>\n<blockquote><p>L&rsquo;utilisation prolong\u00e9e du m\u00e9dicament dans un long traitement aux st\u00e9ro\u00efdes peuvent avoir des effets secondaires nocifs. Plus important encore, elle peut mener \u00e0 la suppression de bon cholest\u00e9rol ou HDL cholest\u00e9rol dans le corps. Aussi, l&rsquo;utilisation de ce m\u00e9dicament annule les effets b\u00e9n\u00e9fiques que <a href=\"http:\/\/getanabolics.biz\/fr\/hormone-de-croissance-hgh-les-faits-les-plus-importants\/\">l&rsquo;oestrog\u00e8ne a prolong\u00e9 l&rsquo;utilisation de st\u00e9ro\u00efdes.<\/a><\/p><\/blockquote>\n<h3>Lire la suite<\/h3>\n<p><a href=\"http:\/\/getanabolics.biz\/fr\/acheter-clomid-online-sur-getanabolics-biz\/\">ACHETER CLOMID EN LIGNE SUR GETANABOLICS.BIZ<\/a><\/p>\n<p><a href=\"http:\/\/getanabolics.biz\/fr\/hormone-de-croissance-hgh-les-faits-les-plus-importants\/\">CROISSANCE HORMONE HGH &#8211; LES FAITS LES PLUS IMPORTANTS<\/a><\/p>\n<p><a href=\"http:\/\/getanabolics.biz\/fr\/caracteristiques-des-cours-courtes-de-steroides\/\">CARACT\u00c9RISTIQUES DES COURTS COURTS DE ST\u00c9RO\u00cfDES<\/a><\/p>\n<p><a href=\"http:\/\/getanabolics.biz\/fr\/pause-entre-les-cours-de-steroides-et-pct\/\">PAUSE ENTRE STEROID COURS ET PCT<\/a><\/p>\n<p><a href=\"http:\/\/getanabolics.biz\/fr\/quelle-est-lefficacite-du-pont-steroide\/\">\u00c0 quel point le pont st\u00e9roidien est-il efficace?<\/a><\/p>\n","protected":false},"excerpt":{"rendered":"<p>Package: 25 onglets chacun contient 1 mg d&rsquo;Anastrozole<br \/>Fabricant: Vermodje<br \/>Brand name: Arimidex<br \/>Aussi connu comme: Anastrover<\/p>\n","protected":false},"featured_media":604,"comment_status":"open","ping_status":"closed","template":"","meta":[],"product_cat":[89,111],"product_tag":[41],"_links":{"self":[{"href":"https:\/\/getanabolics.biz\/fr\/wp-json\/wp\/v2\/product\/786"}],"collection":[{"href":"https:\/\/getanabolics.biz\/fr\/wp-json\/wp\/v2\/product"}],"about":[{"href":"https:\/\/getanabolics.biz\/fr\/wp-json\/wp\/v2\/types\/product"}],"replies":[{"embeddable":true,"href":"https:\/\/getanabolics.biz\/fr\/wp-json\/wp\/v2\/comments?post=786"}],"wp:featuredmedia":[{"embeddable":true,"href":"https:\/\/getanabolics.biz\/fr\/wp-json\/wp\/v2\/media\/604"}],"wp:attachment":[{"href":"https:\/\/getanabolics.biz\/fr\/wp-json\/wp\/v2\/media?parent=786"}],"wp:term":[{"taxonomy":"product_cat","embeddable":true,"href":"https:\/\/getanabolics.biz\/fr\/wp-json\/wp\/v2\/product_cat?post=786"},{"taxonomy":"product_tag","embeddable":true,"href":"https:\/\/getanabolics.biz\/fr\/wp-json\/wp\/v2\/product_tag?post=786"}],"curies":[{"name":"wp","href":"https:\/\/api.w.org\/{rel}","templated":true}]}}