{"id":784,"date":"2017-04-27T10:33:38","date_gmt":"2017-04-27T10:44:01","guid":{"rendered":"http:\/\/getanabolics.biz\/product\/naposim-10-acheter-des-d-bol-100-onglets-chacun-contient-10-mg-de-methandienone\/"},"modified":"2018-01-18T13:00:19","modified_gmt":"2018-01-18T13:00:19","slug":"dianabol-buy-d-bol-100-tabs-each-contains-10-mg-methandienone","status":"publish","type":"product","link":"https:\/\/getanabolics.biz\/fr\/produit\/dianabol-buy-d-bol-100-tabs-each-contains-10-mg-methandienone\/","title":{"rendered":"Dianabol &#8211; Vermodje"},"content":{"rendered":"<h2>Acheter Dianabol &#8211; Vermodje (Naposim 10)<\/h2>\n<p><a title=\"Acheter Dianabol au GetAnabolics\"><img src=\"http:\/\/getanabolics.biz\/images\/dianabol-10-100-la.jpg\" width=\"30%\" align=\"right\" \/><\/a><br \/>\nPour ceux qui est \u00e0 la recherche d&rsquo;Dianabol et vous demandez-vous o\u00f9 acheter Dianabol de Vermodje l\u00e9galement nous vous proposons Naposim 10 comme le meilleur choix pour de vrai les culturistes.<br \/>\n\u00c0 partir de maintenant sur une grande vari\u00e9t\u00e9 de st\u00e9ro\u00efdes injectables ainsi que des st\u00e9ro\u00efdes oraux et th\u00e9rapie post-cycle de l&rsquo;Vermodje peut \u00eatre achet\u00e9 sur <b>GetAnabolics<\/b>. Nous heureux de pr\u00e9senter la nouvelle Dianabol de <span style=\"font-weight: bold;\">Vermodje<\/span>.<br \/>\n<em>Tous les produits que nous vous proposons sont faites de l&rsquo;authentique, de haute qualit\u00e9 et de compos\u00e9s ont un seul but: aider les gens \u00e0 prendre de la masse musculaire, la force globale, \u00e0 br\u00fbler les graisses et de les aider sur le chemin de la perfection physique. Dans le but de cr\u00e9er un esprit constructif et civilis\u00e9 relation avec nos clients, nous allons faire le maximum d&rsquo;efforts pour assurer un service de haute qualit\u00e9, l&rsquo;approche de chaque personne que l&rsquo;adresse de notre magasin avec courtoisie et respect.<\/em><br \/>\nConstruire et maintenir un corps de r\u00eave ont besoin d&rsquo;une combinaison de m\u00e9thodes. Une bonne alimentation vient en premier dans la liste des composants essentiels n\u00e9cessaires \u00e0 l&rsquo;organisme. Deuxi\u00e8mement, assurez-vous toujours de l&rsquo;acheter et utiliser des st\u00e9ro\u00efdes l\u00e9gaux en ligne n&rsquo;est pas seulement pour \u00e9viter tout conflit avec la loi, mais plus important encore, pour \u00e9viter des complications de sant\u00e9.<br \/>\n<span style=\"font-weight: bold;\">GetAnabolics.Biz<\/span> is the online steroid supplier specially created and dedicated to provide each athlete and bodybuilder with best <span style=\"font-weight: bold;\">anabolic steroids<\/span> est la ligne de st\u00e9ro\u00efdes fournisseur sp\u00e9cialement con\u00e7u et d\u00e9di\u00e9 \u00e0 fournir \u00e0 chaque athl\u00e8te et de bodybuilder avec le meilleur des st\u00e9ro\u00efdes anabolisants \u00e0 prix discount. Nous avons choisi la plus fiable pour les marques \u00e0 collaborer afin d&rsquo;assurer la s\u00e9curit\u00e9, authentique et haut de gamme de st\u00e9ro\u00efdes pour nos clients.<br \/>\nL&rsquo;exp\u00e9dition des st\u00e9ro\u00efdes en toute s\u00e9curit\u00e9 est la principale pr\u00e9occupation pour la livraison de st\u00e9ro\u00efdes dans le monde entier. Notre exp\u00e9dition discr\u00e8te garantit que personne ne sait que vous achetez des st\u00e9ro\u00efdes en ligne.<\/p>\n<h2>Plus Dianabol Vermodje d&rsquo;informations<\/h2>\n<p><b>Acheter D-Bol 100 onglets chacun contient 10 mg de Methandienone<\/b><\/p>\n<p><strong>Nom pharmaceutique: Methandrostenolone \/ methandienone<\/strong><br \/>\n<strong> Noms chimiques: 17a-m\u00e9thyl-17b-hydroxy-1, 4-androstadien-3-1-Dehydro-17a-methyltestosterone methandienone<\/strong><br \/>\n<strong> Poids mol\u00e9culaire: 300.44<\/strong><br \/>\n<strong> Formule: C20H28O2<\/strong><br \/>\n<strong> Point de fusion: 159-164 degr\u00e9s Celsius<\/strong><br \/>\n<strong> Active-Vie: 3-8hours<\/strong><br \/>\n<strong> Temps de d\u00e9tection: jusqu&rsquo;\u00e0 6 semaines<\/strong><br \/>\n<strong> Anabolisants\/Androg\u00e8nes Ratio (Plage): 90-210:40-60<\/strong><\/p>\n<blockquote><p><a href=\"http:\/\/getanabolics.biz\/fr\/produit\/dianabol-100-tabs-each-contains-10-mg-methandienone\/\">Methandrostenolone <\/a>a longtemps \u00e9t\u00e9 un favori des athl\u00e8tes de force et les culturistes depuis sa cr\u00e9ation en 1956, avec le but explicite de sa cr\u00e9ation, pour l&rsquo;utilisation par les sportifs. Il a \u00e9t\u00e9 le compos\u00e9 de la capacit\u00e9 \u00e0 promouvoir drastique de la synth\u00e8se des prot\u00e9ines, de stimuler la force dans une directe et \u00e0 action rapide, et de sa capacit\u00e9 \u00e0 am\u00e9liorer la glycog\u00e9nolyse qui l&rsquo;a rendu si populaire, et pourquoi la popularit\u00e9 reste \u00e9lev\u00e9e aujourd&rsquo;hui.<\/p><\/blockquote>\n<h1>Acheter D-Bol<\/h1>\n<p>En termes de son utilisation m\u00e9dicale, methandrostenolone a \u00e9t\u00e9\/est utilis\u00e9 dans le traitement d&rsquo;affections telles que l&rsquo;interstitiel-insuffisance de l&rsquo;hypophyse, chronique d&rsquo;une insuffisance surr\u00e9nale, la thyrotoxicose, angiopathies diab\u00e9tiques (r\u00e9tinopathie et n\u00e9phropathie), st\u00e9ro\u00efdiens diab\u00e8te, et le nanisme hypophysaire, entre autres (1). Toutefois, en raison de la Food and Drug Administration de la croyance que le compos\u00e9 \u00e9tait utilis\u00e9 \u00e0 l&rsquo;int\u00e9rieur de la communaut\u00e9 de culturisme beaucoup plus que dans le traitement de conditions m\u00e9dicales, il a ordonn\u00e9 que les entreprises Am\u00e9ricaines ont pas mis fin \u00e0 la fabrication dans le d\u00e9but des ann\u00e9es 1990. De nombreuses entreprises du m\u00e9dicament en dehors des fronti\u00e8res des etats-UNIS de continuer \u00e0 prendre le m\u00e9dicament toutefois, et c&rsquo;est de pr\u00e9valence sur le march\u00e9 noir est rest\u00e9 tr\u00e8s \u00e9lev\u00e9.<\/p>\n<p><b>Utilisation\/Dosage<\/b><\/p>\n<p><span style=\"text-decoration: underline;\">Il peut \u00eatre conclu que la meilleure utilisation de methandrostenolone est de courte dur\u00e9e avec la plupart des utilisateurs pr\u00e9f\u00e9rant utiliser le produit entre quatre \u00e0 six semaines, bien que certains se prolonger la dur\u00e9e d&rsquo;utilisation limit\u00e9e des cons\u00e9quences pour la sant\u00e9, en d\u00e9pit de sa forte effets h\u00e9patotoxiques. Pour la plupart, la plupart des utilisateurs de loisirs commencer admistering methandrostenolone au d\u00e9but d&rsquo;une pile de plus de gonflement de \u00ab\u00a0relancer\u00a0\u00bb les gains de masse et de force. Cependant, il est \u00e0 utiliser avant les <a href=\"http:\/\/getanabolics.biz\/fr\/anavar-comment-utiliser-ce-steroide\/\"><strong>diff\u00e9rents types de concours est \u00e9galement tr\u00e8s<\/strong> <\/a>r\u00e9pandue, de sorte que les effets sont r\u00e9alis\u00e9s au cours d&rsquo;une p\u00e9riode sp\u00e9cifique.<\/span><\/p>\n<p>En raison de la vie active, qui est de trois \u00e0 huit heures, l&rsquo;administration de doses multiples tout au long de la journ\u00e9e de methandrostenolone devraient \u00eatre utilis\u00e9s. Il est pr\u00e9f\u00e9rable de maintenir bloodlevels de mani\u00e8re aussi uniforme que possible, donc en divisant les doses tout au long de la journ\u00e9e au m\u00eame quantit\u00e9 est n\u00e9cessaire. Certains affirment que l&rsquo;administration de ce m\u00e9dicament doit cesser quelques heures avant de dormir comme il causera plus de la <strong>LAPHT<\/strong> arr\u00eater, comme le corps de la production naturelle de testost\u00e9rone pendant le sommeil pourrait en \u00eatre affect\u00e9e. Toutefois, si vous prenez d&rsquo;autres compos\u00e9s avec methandrostenolone, ces sera d\u00e9j\u00e0 l&rsquo;arr\u00eat de votre production naturelle de testost\u00e9rone, donc ce n&rsquo;est pas un sujet de pr\u00e9occupation. En termes de dosage, il a \u00e9t\u00e9 rapport\u00e9 que des doses de 10 mg peut augmenter l&rsquo;activit\u00e9 androg\u00e9nique, par cinq fois, ainsi que d&rsquo;un effet de 50 \u00e0 70% de la baisse du taux de cortisol activit\u00e9 (2). Malgr\u00e9 cela, la majorit\u00e9 des preuves anecdotiques sugg\u00e8rent que vingt \u00e0 quarante milligrammes est la norme en termes d&rsquo;utilisateurs de premi\u00e8re fois (comme l&rsquo;ont constat\u00e9 de l&rsquo;anecdotique connaissances brillait de diff\u00e9rents utilisateurs). Cependant, des doses allant de 100-150mg et les plus \u00e9lev\u00e9s ont \u00e9t\u00e9 signal\u00e9s par certains utilisateurs exp\u00e9riment\u00e9s. Comme avec la majorit\u00e9 des ananbolic m\u00e9dicaments, les rendements sont apparemment diminu\u00e9 et la probabilit\u00e9 d&rsquo;effets secondaires augmentation des doses de faire.<\/p>\n<p><em><strong>Semblable \u00e0 presque tous les st\u00e9ro\u00efdes oraux<\/strong>, la grande majorit\u00e9 des utilisateurs de reconna\u00eetre le fait que methandrostenolone ne doit pas \u00eatre ex\u00e9cut\u00e9 seuls et ne sont empil\u00e9s avec d&rsquo;autres compos\u00e9s. Cela est d\u00fb au fait que la plupart des utilisateurs qui ont methandrostenolone seulement cyles ont rapport\u00e9 l&rsquo;anecdote qu&rsquo;il est extr\u00eamement difficile \u00e0 maintenir les gains post-cycle. Cependant, la m\u00eame chose est vraie lorsque l&rsquo;arr\u00eat de la drogue et avoir vos autres compos\u00e9s \u00ab\u00a0coup de pied\u00a0\u00bb, s&rsquo;ils sont longs ester. C&rsquo;est souvent le cas que la r\u00e9tention d&rsquo;eau exp\u00e9riment\u00e9s tout sur methandrostenolone sera vers\u00e9, mais les gains en force et en masse reste due pour les autres compos\u00e9s. Il peut \u00eatre soutenu que par cons\u00e9quent, les gains de l&rsquo;exp\u00e9rience tandis que sur methandrostenolone sont de courte dur\u00e9e, quelles que soient les circonstances et le compos\u00e9 ne devrait \u00eatre utilis\u00e9 qu&rsquo;une solution rapide soit pour la comp\u00e9tition ou simplement comme une source de motivation lors de l&rsquo;attente de l&rsquo;avis, les effets \u00e0 long estered compos\u00e9s. Cependant, d&rsquo;autres affirment que les gains qu&rsquo;ils font tout en utilisant le compos\u00e9 sont en effet plus facile \u00e0 maintenir. Par cons\u00e9quent, les personnels de l&rsquo;exp\u00e9rimentation est une fois de plus, la seule fa\u00e7on de voir la fa\u00e7on dont un individu r\u00e9agit.<\/em><\/p>\n<p><b> Risques\/Effets Secondaires <\/b><\/p>\n<p><strong>Les effets secondaires oestrog\u00e9niques<\/strong> peut \u00eatre un probl\u00e8me avec methandrostenolone, comme il se convertit \u00e0 l&rsquo;estradiol par l&rsquo;aromatase, bien que ce soit assez modeste, au mieux. L&rsquo;hypertension art\u00e9rielle, la r\u00e9tention d&rsquo;eau, gynocomastia, et de l&rsquo;acn\u00e9 sont possibles tous les effets secondaires ind\u00e9sirables lors de l&rsquo;utilisation de methandrostenolone. En apart\u00e9, un grand nombre d&rsquo;utilisateurs ont \u00e9galement d\u00e9clar\u00e9 avoir \u00e9t\u00e9 victimes de saignements de nez, tandis que l&rsquo;utilisation de l&rsquo;enceinte. Certains attribuent cela \u00e0 une augmentation de la pression art\u00e9rielle, tandis que d&rsquo;autres ne l&rsquo;ont pas remarqu\u00e9 une augmentation de leur pression art\u00e9rielle, mais encore l&rsquo;exp\u00e9rience d&rsquo;une augmentation dans le nombre de saignements de nez, ils ont tout en utilisant methandrostenolone.<\/p>\n<p>Utilisation d&rsquo;un inhibiteur de l&rsquo;aromatase comme armidex g\u00e9n\u00e9rique ou d&rsquo;oestrog\u00e8ne bloqueur tels que nolvadex devrait aider \u00e0 lutter contre certaines de ces effets secondaires. Comme pour le potentiel de perte de cheveux, le m\u00e9tabolite androg\u00e8ne de la 5-alpha dihydromethandrostenolone est produite seulement en quantit\u00e9s infimes, et, par cons\u00e9quent, la perte de cheveux ne doit pas \u00eatre un sujet de pr\u00e9occupation(3). Chez les femmes, il n&rsquo;est pas rare de virilisation des effets secondaires se produisent, y compris une augmentation de la croissance de l&rsquo;androg\u00e9no-sensibles de cheveux et de l&rsquo;approfondissement de la voix, entre autres. Il n&rsquo;y a pas les moyens de minimiser ces effets secondaires chez les femmes que si elles sont v\u00e9cues, celui de maintenir la dose que l&rsquo;on prend \u00e0 un minimum.<\/p>\n<p><strong>Comme la plupart des st\u00e9ro\u00efdes oraux methandrostenolone est de 17-alpha-alkyl\u00e9s, de sorte qu&rsquo;il ne peut pas \u00eatre d\u00e9compos\u00e9 en un 17-ketosteroid, et par cons\u00e9quent le rendu de la substance inefficace. Toutefois, cela provoque des valeurs de foie de devenir \u00e9lev\u00e9s sur une courte p\u00e9riode de temps. C&rsquo;est pour cette raison que l&rsquo;utilisation \u00e0 long terme de 17-alpha-alkyl\u00e9s st\u00e9ro\u00efdes est consid\u00e9r\u00e9 comme dangereux. Malgr\u00e9 cela, cependant, pas de dommages \u00e0 long terme devrait \u00eatre pr\u00e9vu, si l&rsquo;utilisation est gard\u00e9 pour des p\u00e9riodes relativement courtes, avec des valeurs de foie de revenir aux niveaux pr\u00e9c\u00e9dents, apr\u00e8s utilisation, est abandonn\u00e9e dans presque tous les cas (4).<\/strong><\/p>\n<p>Il convient \u00e9galement de noter que methandrostenolone peut-\u00eatre moins utile \u00e0 ceux qui participent \u00e0 des \u00e9preuves en a\u00e9robie car elle diminue aussi la respiration cellulaire(5). Cela peut inhiber la capacit\u00e9 d&rsquo;un individu \u00e0 effectuer au maximum de leur capacit\u00e9.<\/p>\n<p><b>le Pontage avec D-Bol: Est-il possible?<\/b><\/p>\n<p>Une croyance largement r\u00e9pandue parmi certains dans le st\u00e9ro\u00efde \u00e0 l&rsquo;aide de la communaut\u00e9 est qu&rsquo;une petite dose de methandrostenolone peut \u00eatre utilis\u00e9 pour \u00ab\u00a0pont\u00a0\u00bb entre les cycles. Cela est d\u00fb au fait, comme expliqu\u00e9 ci-dessus, 10mg prises \u00e0 la fois permettra d&rsquo;augmenter votre moyenne du niveau de testost\u00e9rone par cinq fois, et de diminuer votre endog\u00e8nes cosrtisone 50% \u00e0 70%. Cela, ainsi que la courte dur\u00e9e de vie active de la drogue, sugg\u00e8re que, par l&rsquo;utilisation d&rsquo;une faible dose au lever est pens\u00e9 par certains pour aider \u00e0 lutter contre les probl\u00e8mes associ\u00e9s \u00e0 sortir de st\u00e9ro\u00efdes anabolisants. En co\u00efncidant avec la dose de methandrostenolone avec le corps naturel de testost\u00e9rone spike au r\u00e9veil, de nombreux d\u00e9fenseurs de la \u00ab\u00a0<strong>transition<\/strong>\u00ab\u00a0, de sugg\u00e9rer que le corps va \u00eatre en quelque sorte tromp\u00e9s en leur faisant croire que ce pic est naturel et que la fonction de LH restera que partiellement supprim\u00e9e, ainsi que methandrostenolone est relativement faible influence sur le syst\u00e8me endocrinien naturel(6). L&rsquo;habitude a sugg\u00e9r\u00e9 la dose de transition est g\u00e9n\u00e9ralement de 10 mg par jour.<\/p>\n<p>Malgr\u00e9 les apparences, cette th\u00e9orie a tr\u00e8s peu de preuves \u00e0 l&rsquo;arri\u00e8re d&rsquo;elle-m\u00eame sans v\u00e9ritable preuve scientifique de l&rsquo;existence d&rsquo;un pont est encore possible, bien qu&rsquo;acquis que la majorit\u00e9 de notre travail la connaissance vient par essai et erreur. Cependant, m\u00eame les propnents d&rsquo;un \u00ab\u00a0d-bol pont\u00a0\u00bb admettre que le r\u00e9tablissement complet de la fonction de LH ne sera pas atteint, jusqu&rsquo;\u00e0 ce que l&rsquo;on est compl\u00e8tement \u00e0 c\u00f4t\u00e9 de tous les compos\u00e9s. Cela \u00e9tant dit, il est peu probable qu&rsquo;un \u00ab\u00a0pont\u00a0\u00bb va aider \u00e0 maintenir la masse musculaire, alors que vous \u00eates en mesure de r\u00e9cup\u00e9rer \u00e0 la fois de la <strong>LAPHT<\/strong> et la fonction de LH. La seule solution est de venir compl\u00e8tement hors de toutes les substances et ex\u00e9cuter une bonne th\u00e9rapie post-cycle.<\/p>\n<p>Methandrostenolone est un st\u00e9ro\u00efde efficace, cependant, son utilisation doit \u00eatre orient\u00e9e vers un objectif sp\u00e9cifique comme la plupart des compos\u00e9s de l&rsquo;utiliser seulement r\u00e9pond \u00e0 un quantit\u00e9 limit\u00e9e de l&rsquo;effet d\u00e9sir\u00e9. Avec cela \u00e0 l&rsquo;esprit, methandrostenolone peut \u00eatre utilis\u00e9 de fa\u00e7on s\u00e9curitaire et efficace.<br \/>\n<i> R\u00e9f\u00e9rences<br \/>\n1. Metkinen en Ligne de M\u00e9dicaments Profil, via internet, situ\u00e9 \u00e0 http:\/\/www.metkinen.fi\/products\/ferm&#8230;androstenolone<br \/>\n2. Rea, Auteur L., 2002, Chimiques Am\u00e9lioration Musculaire: Bodybuilder R\u00e9f\u00e9rence de la table<br \/>\n3. Llewellyn, William, Anabolisants 2004, 2003-4, Molecular Nutrition, pp. 93-6<br \/>\n4. Harrison LM, Fennessey PV., Methandrostenolone m\u00e9tabolisme chez l&rsquo;homme: les probl\u00e8mes potentiels li\u00e9s \u00e0 l&rsquo;isolement et l&rsquo;identification des m\u00e9tabolites, les Steroid Biochem 1990 Aug 14;36(5):407-14<br \/>\n5. Blasberg MOI, Langan CJ, Clark., Les effets de la 17 alpha-m\u00e9thyltestost\u00e9rone, methandrostenolone, et de la nandrolone d\u00e9canoate sur le cycle oestral de la rat, Physiol Behav F\u00e9vrier 1997;61(2)<br \/>\n6. Serakovskii S, Tapis de&rsquo;koviak I., Effet de methanedienone (methandrostenolone) sur les processus d&rsquo;\u00e9nergie et le m\u00e9tabolisme des glucides dans les cellules de foie de rat, Farmakol Toksikol 1981 Mar-Apr;44(2):213-7<br \/>\n<\/i><\/p>\n<h3>Lire la suite<\/h3>\n<p><a href=\"http:\/\/getanabolics.biz\/fr\/achetez-dianabol-en-ligne-sur-getanabolics-biz\/\">ACHETER DIANABOL EN LIGNE SUR GETANABOLICS.BIZ<\/a><\/p>\n<p><a href=\"http:\/\/getanabolics.biz\/fr\/winstrol-cest-quoi-et-pour-quoi-il-sagit\/\">WINSTROL, QU&rsquo;EST-CE QUE C&rsquo;EST?<\/a><\/p>\n<p><a href=\"http:\/\/getanabolics.biz\/fr\/cytomel-t3-avis-sur-getanabolics-biz\/\">CYTOMEL T3 REVIEWS SUR GETANABOLICS.BIZ<\/a><\/p>\n<p><a href=\"http:\/\/getanabolics.biz\/fr\/pause-entre-les-cours-de-steroides-et-pct\/\">PAUSE ENTRE STEROID COURS ET PCT<\/a><\/p>\n<p><a href=\"http:\/\/getanabolics.biz\/fr\/quelle-est-lefficacite-du-pont-steroide\/\">\u00c0 quel point le pont st\u00e9roidien est-il efficace?<\/a><\/p>\n","protected":false},"excerpt":{"rendered":"<p>Package: Acheter des D-Bol 100 onglets chacun contient 10 mg de Methandienone<br \/>Fabricant: Vermodje<br \/>Brand name: Dianabol<br \/>Aussi connu comme: Naposim 10<\/p>\n","protected":false},"featured_media":592,"comment_status":"open","ping_status":"closed","template":"","meta":[],"product_cat":[111,117],"product_tag":[41],"_links":{"self":[{"href":"https:\/\/getanabolics.biz\/fr\/wp-json\/wp\/v2\/product\/784"}],"collection":[{"href":"https:\/\/getanabolics.biz\/fr\/wp-json\/wp\/v2\/product"}],"about":[{"href":"https:\/\/getanabolics.biz\/fr\/wp-json\/wp\/v2\/types\/product"}],"replies":[{"embeddable":true,"href":"https:\/\/getanabolics.biz\/fr\/wp-json\/wp\/v2\/comments?post=784"}],"wp:featuredmedia":[{"embeddable":true,"href":"https:\/\/getanabolics.biz\/fr\/wp-json\/wp\/v2\/media\/592"}],"wp:attachment":[{"href":"https:\/\/getanabolics.biz\/fr\/wp-json\/wp\/v2\/media?parent=784"}],"wp:term":[{"taxonomy":"product_cat","embeddable":true,"href":"https:\/\/getanabolics.biz\/fr\/wp-json\/wp\/v2\/product_cat?post=784"},{"taxonomy":"product_tag","embeddable":true,"href":"https:\/\/getanabolics.biz\/fr\/wp-json\/wp\/v2\/product_tag?post=784"}],"curies":[{"name":"wp","href":"https:\/\/api.w.org\/{rel}","templated":true}]}}