{"id":783,"date":"2017-04-27T10:32:35","date_gmt":"2017-04-27T10:44:01","guid":{"rendered":"http:\/\/getanabolics.biz\/product\/trenabol-e-flacon-de-10-ml-chacune-1-ml-contient-200-mg-de-trenbolone-enanthate\/"},"modified":"2018-01-19T07:16:28","modified_gmt":"2018-01-19T07:16:28","slug":"trenbolone-enanthate-10-ml-vial-each-1-ml-contains-200-mg-trenbolone-enanthate","status":"publish","type":"product","link":"https:\/\/getanabolics.biz\/fr\/produit\/trenbolone-enanthate-10-ml-vial-each-1-ml-contains-200-mg-trenbolone-enanthate\/","title":{"rendered":"Trenbolone Enanthate &#8211; British Dragon"},"content":{"rendered":"<h2>Acheter Trenbolone Enanthate &#8211; British Dragon (Trenabol- E)<\/h2>\n<p><a title=\"Acheter Trenbolone Enanthate au GetAnabolics\"><img src=\"http:\/\/getanabolics.biz\/images\/tren-e-200-10-lapharma.jpg\" width=\"30%\" align=\"right\" \/><\/a><br \/>\nPour ceux qui est \u00e0 la recherche d&rsquo;Trenbolone Enanthate et vous demandez-vous o\u00f9 acheter Trenbolone Enanthate de British Dragon l\u00e9galement nous vous proposons Trenabol- E comme le meilleur choix pour de vrai les culturistes.<br \/>\n\u00c0 partir de maintenant sur une grande vari\u00e9t\u00e9 de st\u00e9ro\u00efdes injectables ainsi que des st\u00e9ro\u00efdes oraux et th\u00e9rapie post-cycle de l&rsquo;British Dragon peut \u00eatre achet\u00e9 sur <b>GetAnabolics<\/b>. Nous heureux de pr\u00e9senter la nouvelle Trenbolone Enanthate de <span style=\"font-weight: bold;\">British Dragon<\/span>.<br \/>\nTous les produits que nous vous proposons sont faites de l&rsquo;authentique, de haute qualit\u00e9 et de compos\u00e9s ont un seul but: aider les gens \u00e0 prendre de la masse musculaire, la force globale, \u00e0 br\u00fbler les graisses et de les aider sur le chemin de la perfection physique. Dans le but de cr\u00e9er un esprit constructif et civilis\u00e9 relation avec nos clients, nous allons faire le maximum d&rsquo;efforts pour assurer un service de haute qualit\u00e9, l&rsquo;approche de chaque personne que l&rsquo;adresse de notre magasin avec courtoisie et respect.<br \/>\nConstruire et maintenir un corps de r\u00eave ont besoin d&rsquo;une combinaison de m\u00e9thodes. Une bonne alimentation vient en premier dans la liste des composants essentiels n\u00e9cessaires \u00e0 l&rsquo;organisme. Deuxi\u00e8mement, assurez-vous toujours de l&rsquo;acheter et utiliser des st\u00e9ro\u00efdes l\u00e9gaux en ligne n&rsquo;est pas seulement pour \u00e9viter tout conflit avec la loi, mais plus important encore, pour \u00e9viter des complications de sant\u00e9.<br \/>\n<em><span style=\"font-weight: bold;\">GetAnabolics.Biz<\/span> is the online steroid supplier specially created and dedicated to provide each athlete and bodybuilder with best <span style=\"font-weight: bold;\">anabolic steroids<\/span> est la ligne de st\u00e9ro\u00efdes fournisseur sp\u00e9cialement con\u00e7u et d\u00e9di\u00e9 \u00e0 fournir \u00e0 chaque athl\u00e8te et de bodybuilder avec le meilleur des st\u00e9ro\u00efdes anabolisants \u00e0 prix discount. Nous avons choisi la plus fiable pour les marques \u00e0 collaborer afin d&rsquo;assurer la s\u00e9curit\u00e9, authentique et haut de gamme de st\u00e9ro\u00efdes pour nos clients.<\/em><br \/>\nL&rsquo;exp\u00e9dition des st\u00e9ro\u00efdes en toute s\u00e9curit\u00e9 est la principale pr\u00e9occupation pour la livraison de st\u00e9ro\u00efdes dans le monde entier. Notre exp\u00e9dition discr\u00e8te garantit que personne ne sait que vous achetez des st\u00e9ro\u00efdes en ligne.<\/p>\n<h2>Plus Trenbolone Enanthate British Dragon d&rsquo;informations<\/h2>\n<p><b>flacon de 10 ml chacune 1 ml contient 200 mg de Trenbolone \u00c9nanthate<\/b><\/p>\n<p><strong>Classe de drogue: Injectable androg\u00e8nes et les st\u00e9ro\u00efdes anabolisants.<\/strong><br \/>\n<strong> La posologie moyenne recommand\u00e9e: Entre 400 et 600 mg par semaine pour les hommes<\/strong><br \/>\n<strong> Vie Active: Environ une semaine<\/strong><br \/>\n<strong> R\u00e9tention d&rsquo;eau: Non<\/strong><br \/>\n<strong> Toxique pour le foie: Oui.<\/strong><br \/>\n<strong> Diminue HPTA fonction: Oui<\/strong><br \/>\n<strong> SRD Conversion: Non<\/strong><br \/>\n<strong> Aromatisation: Aucun<\/strong><\/p>\n<p><a href=\"http:\/\/getanabolics.biz\/fr\/produit\/trenbolone-enanthate-10-ml-vial-each-1-ml-contains-200-mg-trenbolone-enanthate\/\">Trenbolone \u00c9nanthate<\/a> est une forme injectable de l&rsquo;hormone de Trenbolone qui a d&rsquo;abord \u00e9t\u00e9 cr\u00e9\u00e9 \u00e0 la fin des ann\u00e9es 1960. Bien que l&rsquo;Ac\u00e9tate de Trenbolone est beaucoup plus populaire que le \u00c9nanthate contrepartie, Trenbolone \u00c9nanthate est lentement en train de gagner en popularit\u00e9 parmi les athl\u00e8tes et les culturistes. Cependant, Trenbolone \u00c9nanthate est pas disponible dans le commerce compos\u00e9 produit par la grande entreprise pharmaceutique et il une souterraine de la drogue encore utilis\u00e9s principalement pour le v\u00e9t\u00e9rinaire fins.<\/p>\n<p>Bien que l&rsquo;ac\u00e9tate de version de cette hormone est tr\u00e8s puissant et efficace, il a une courte dur\u00e9e de vie active. Par l&rsquo;ajout d&rsquo;un ester \u00e9nanthate, la demi-vie de la st\u00e9ro\u00efde peut \u00eatre augment\u00e9e \u00e0 environ une semaine, ce qui signifie que les utilisateurs n&rsquo;ont pas \u00e0 prendre autant d&rsquo;injections. Lorsque l&rsquo;on compare les milligramme pour milligramme, l&rsquo;Ac\u00e9tate de Trenbolone est plus fort que la Trenbolone \u00c9nanthate que l&rsquo;\u00c9nanthate de composant est beaucoup plus grande, <a href=\"http:\/\/getanabolics.biz\/fr\/principaux-resultats-du-meilleur-acetate-de-trenbolone\/\">mais les effets de Trenbolone Enanthate de durer plus longtemps.<\/a> La posologie recommand\u00e9e de Trenbolone \u00c9nanthate est plus grande que l&rsquo;ac\u00e9tate de version. Les athl\u00e8tes et les culturistes utilisent environ 400 \u00e0 600 mg par semaine. Cependant, les femmes ne doivent pas utiliser ce st\u00e9ro\u00efde en raison de ses hautes propri\u00e9t\u00e9s androg\u00e8nes.<\/p>\n<p>Comme l&rsquo;ac\u00e9tate de version, Trenbolone \u00c9nanthate am\u00e9liore la r\u00e9tention d&rsquo;azote dans les muscles et la synth\u00e8se des prot\u00e9ines. Les utilisateurs peuvent augmenter leur masse musculaire et la qualit\u00e9 des tissus musculaires de fa\u00e7on assez spectaculaire. Car il favorise la production de l&rsquo;IGF-1 dans le corps, il permet \u00e9galement aux utilisateurs d&rsquo;am\u00e9liorer la force, l&rsquo;endurance et la densit\u00e9 osseuse et la force et aussi l&rsquo;augmentation du cartilage, du tissu conjonctif et des cellules nerveuses. Cela signifie aussi que l&rsquo;exp\u00e9rience des utilisateurs une meilleure gu\u00e9rison des muscles, des os et du tissu conjonctif avec l&rsquo;utilisation de ce st\u00e9ro\u00efde. Comme il n&rsquo;est pas aromatiser, il n&rsquo;a pas d&rsquo;effets secondaires li\u00e9s \u0153strog\u00e8nes comme la Gyn\u00e9comastie et la r\u00e9tention d&rsquo;eau.<\/p>\n<blockquote><p><a href=\"http:\/\/getanabolics.biz\/fr\/deca-durabolin-effets-secondaires\/\">Trenlobone \u00e9galement des liens avec les r\u00e9cepteurs des androg\u00e8nes, <\/a>tr\u00e8s fortement, entra\u00eenant l&rsquo;am\u00e9lioration de la croissance musculaire, qui \u00e0 son tour am\u00e9liore le m\u00e9tabolisme et la combustion des graisses. Il emp\u00eache \u00e9galement les muscles du gaspillage et pr\u00e9serve la masse musculaire lorsque les utilisateurs sont sur la restriction calorique r\u00e9gimes.<\/p><\/blockquote>\n<p>Cependant, il existe assez peu d&rsquo;effets secondaires \u00e0 l&rsquo;\u00c9nanthate de Trenbolone. Atrophie testiculaire est garanti par les utilisateurs. Il provoque aussi la peau grasse, acn\u00e9, un comportement agressif et d&rsquo;autres effets secondaires androg\u00e8nes. Il peut affecter le foie et la fonction r\u00e9nale. \u00c0 la fois \u00e0 l&rsquo;ac\u00e9tate et l&rsquo;\u00e9nanthate versions de Trenbolone peut causer une grave perte de cheveux par rapport \u00e0 d&rsquo;autres st\u00e9ro\u00efdes anabolisants, et ils ne doivent pas \u00eatre utilis\u00e9s par ceux qui souffrent de la calvitie masculine.<\/p>\n<h3>Lire la suite<\/h3>\n<p><a href=\"http:\/\/getanabolics.biz\/fr\/principaux-resultats-du-meilleur-acetate-de-trenbolone\/\">GRANDS R\u00c9SULTATS DU MEILLEUR AC\u00c9TATE DE TRENBOLONE<\/a><\/p>\n<p><a href=\"http:\/\/getanabolics.biz\/fr\/tout-ce-que-vous-devez-savoir-sur-anadrol\/\">TOUT CE QUE VOUS DEVEZ SAVOIR SUR ANADROL<\/a><\/p>\n<p><a href=\"http:\/\/getanabolics.biz\/fr\/leffet-des-steroides-sur-la-peau-humaine\/\">L&rsquo;EFFET DES ST\u00c9RO\u00cfDES SUR LA PEAU HUMAINE<\/a><\/p>\n<p><a href=\"http:\/\/getanabolics.biz\/fr\/rassemblez-une-masse-seche-sans-effets-secondaires\/\">RASSEMBLER UNE MASSE SECHE SANS EFFETS SECONDAIRES<\/a><\/p>\n<p><a href=\"http:\/\/getanabolics.biz\/fr\/quelle-devrait-etre-la-duree-du-cours-des-steroides\/\">Quelle devrait \u00eatre la dur\u00e9e de l&rsquo;\u00e9volution des st\u00e9ro\u00efdes?<\/a><\/p>\n","protected":false},"excerpt":{"rendered":"<p>Package: Flacon de 10 ml chacune 1 ml contient 200 mg de Trenbolone Enanthate<br \/>Fabricant: British Dragon<br \/>Brand name: Trenbolone Enanthate<br \/>Aussi connu comme: Trenabol- E<\/p>\n","protected":false},"featured_media":442,"comment_status":"open","ping_status":"closed","template":"","meta":[],"product_cat":[104,117],"product_tag":[46],"_links":{"self":[{"href":"https:\/\/getanabolics.biz\/fr\/wp-json\/wp\/v2\/product\/783"}],"collection":[{"href":"https:\/\/getanabolics.biz\/fr\/wp-json\/wp\/v2\/product"}],"about":[{"href":"https:\/\/getanabolics.biz\/fr\/wp-json\/wp\/v2\/types\/product"}],"replies":[{"embeddable":true,"href":"https:\/\/getanabolics.biz\/fr\/wp-json\/wp\/v2\/comments?post=783"}],"wp:featuredmedia":[{"embeddable":true,"href":"https:\/\/getanabolics.biz\/fr\/wp-json\/wp\/v2\/media\/442"}],"wp:attachment":[{"href":"https:\/\/getanabolics.biz\/fr\/wp-json\/wp\/v2\/media?parent=783"}],"wp:term":[{"taxonomy":"product_cat","embeddable":true,"href":"https:\/\/getanabolics.biz\/fr\/wp-json\/wp\/v2\/product_cat?post=783"},{"taxonomy":"product_tag","embeddable":true,"href":"https:\/\/getanabolics.biz\/fr\/wp-json\/wp\/v2\/product_tag?post=783"}],"curies":[{"name":"wp","href":"https:\/\/api.w.org\/{rel}","templated":true}]}}