{"id":780,"date":"2017-04-27T10:32:35","date_gmt":"2017-04-27T10:44:01","guid":{"rendered":"http:\/\/getanabolics.biz\/product\/masteron-100-10ml-flacon-chaque-1-ml-contient-100-mg-de-propionate-de-drostanolone\/"},"modified":"2018-01-19T10:19:30","modified_gmt":"2018-01-19T10:19:30","slug":"masteron-100-10ml-vial-each-1ml-contains-100mg-drostanolone-propionate","status":"publish","type":"product","link":"https:\/\/getanabolics.biz\/fr\/produit\/masteron-100-10ml-vial-each-1ml-contains-100mg-drostanolone-propionate\/","title":{"rendered":"Masteron 100 &#8211; Dragon Pharma"},"content":{"rendered":"<h2>Acheter Masteron 100 &#8211; Dragon Pharma (Masteron 100)<\/h2>\n<p><a title=\"Acheter Masteron 100 au GetAnabolics\"><img src=\"http:\/\/getanabolics.biz\/images\/masteron-100-10-la.jpg\" width=\"30%\" align=\"right\" \/><\/a><br \/>\nPour ceux qui est \u00e0 la recherche d&rsquo;Masteron 100 et vous demandez-vous o\u00f9 acheter Masteron 100 de Dragon Pharma l\u00e9galement nous vous proposons Masteron 100 comme le meilleur choix pour de vrai les culturistes.<br \/>\n\u00c0 partir de maintenant sur une grande vari\u00e9t\u00e9 de st\u00e9ro\u00efdes injectables ainsi que des st\u00e9ro\u00efdes oraux et th\u00e9rapie post-cycle de l&rsquo;Dragon Pharma peut \u00eatre achet\u00e9 sur <b>GetAnabolics<\/b>. Nous heureux de pr\u00e9senter la nouvelle Masteron 100 de <span style=\"font-weight: bold;\">Dragon Pharma<\/span>.<br \/>\n<em>Tous les produits que nous vous proposons sont faites de l&rsquo;authentique, de haute qualit\u00e9 et de compos\u00e9s ont un seul but: aider les gens \u00e0 prendre de la masse musculaire, la force globale, \u00e0 br\u00fbler les graisses et de les aider sur le chemin de la perfection physique. Dans le but de cr\u00e9er un esprit constructif et civilis\u00e9 relation avec nos clients, nous allons faire le maximum d&rsquo;efforts pour assurer un service de haute qualit\u00e9, l&rsquo;approche de chaque personne que l&rsquo;adresse de notre magasin avec courtoisie et respect.<\/em><br \/>\nConstruire et maintenir un corps de r\u00eave ont besoin d&rsquo;une combinaison de m\u00e9thodes. Une bonne alimentation vient en premier dans la liste des composants essentiels n\u00e9cessaires \u00e0 l&rsquo;organisme. Deuxi\u00e8mement, assurez-vous toujours de l&rsquo;acheter et utiliser des st\u00e9ro\u00efdes l\u00e9gaux en ligne n&rsquo;est pas seulement pour \u00e9viter tout conflit avec la loi, mais plus important encore, pour \u00e9viter des complications de sant\u00e9.<br \/>\n<em><span style=\"font-weight: bold;\">GetAnabolics.Biz<\/span> is the online steroid supplier specially created and dedicated to provide each athlete and bodybuilder with best <span style=\"font-weight: bold;\">anabolic steroids<\/span> est la ligne de st\u00e9ro\u00efdes fournisseur sp\u00e9cialement con\u00e7u et d\u00e9di\u00e9 \u00e0 fournir \u00e0 chaque athl\u00e8te et de bodybuilder avec le meilleur des st\u00e9ro\u00efdes anabolisants \u00e0 prix discount. Nous avons choisi la plus fiable pour les marques \u00e0 collaborer afin d&rsquo;assurer la s\u00e9curit\u00e9, authentique et haut de gamme de st\u00e9ro\u00efdes pour nos clients.<\/em><br \/>\nL&rsquo;exp\u00e9dition des st\u00e9ro\u00efdes en toute s\u00e9curit\u00e9 est la principale pr\u00e9occupation pour la livraison de st\u00e9ro\u00efdes dans le monde entier. Notre exp\u00e9dition discr\u00e8te garantit que personne ne sait que vous achetez des st\u00e9ro\u00efdes en ligne.<\/p>\n<h2>Plus Masteron 100 Dragon Pharma d&rsquo;informations<\/h2>\n<p><b>10ml flacon, chaque 1 ml contient 100 mg de Propionate Drostanolone<\/b><\/p>\n<p><strong>Nom pharmaceutique: drostanolone propionate<\/strong><br \/>\n<strong> Structure chimique: 2 de l&rsquo;alpha-m\u00e9thyl-17-b\u00eata-hydroxy-5-alpha-androstan-3-one<\/strong><br \/>\n<strong> Poids mol\u00e9culaire de la base et de l&rsquo;ester: 360.5356<\/strong><br \/>\n<strong> Anabolisants\/Androg\u00e8nes Ratio: 62\/25<\/strong><br \/>\n<strong> Vie Active: 2-3 jours<\/strong><\/p>\n<p>La plupart des individus qui sont int\u00e9ress\u00e9s \u00e0 l&rsquo;utilisation de l&rsquo;enceinte drostanolone sont ceux qui cherchent \u00e0 ajouter du muscle et de la duret\u00e9 et la densit\u00e9 de leurs morphologies, presque toujours dans le but de comp\u00e9titions de culturisme. La drogue est consid\u00e9r\u00e9e comme id\u00e9ale pour ce pour de nombreuses raisons.<\/p>\n<p>Drostanolone, \u00e9tant 5-alpha r\u00e9duit, ne peut pas former des \u0153strog\u00e8nes lors de l&rsquo;interaction avec l&rsquo;enzyme aromatase, mais encore montre une tr\u00e8s forte affinit\u00e9 pour elle. Parce qu&rsquo;il prend beaucoup de l&rsquo;enzyme aromatase, pourtant, est abstenu de fait, l&rsquo;aide par sa structure make-up, il r\u00e9duit la quantit\u00e9 d&rsquo;\u0153strog\u00e8ne form\u00e9 \u00e0 partir d&rsquo;autres st\u00e9ro\u00efdes parce qu&rsquo;il y a de moins en moins de l&rsquo;aromatase enzymes pour \u00eatre utilis\u00e9 par les compos\u00e9s pour former des \u0153strog\u00e8nes (1). Cependant, la plupart trouverez qu&rsquo;drostanolone est trop cher pour qu&rsquo;ils l&rsquo;utilisent pour cette seule raison, surtout quand des compos\u00e9s tels que le Proviron sont disponibles \u00e0 des co\u00fbts beaucoup plus bas.<\/p>\n<p><em>Drostanolone peut augmenter la duret\u00e9 et la densit\u00e9, donnant \u00e0 un individu la plus compl\u00e8te de l&rsquo;apparence lors de la comp\u00e9tition sur la sc\u00e8ne. C&rsquo;est un effet que beaucoup de pure androg\u00e8nes, exposition de. Mais vous devez d\u00e9j\u00e0 plut\u00f4t faible de graisse corporelle, niveau pour prendre pleinement effet. Si cela est fait, drostanolone peut favoriser une augmentation de la force tout en gardant la graisse du corps m\u00eame ou m\u00eame en l&rsquo;abaissant, quelque chose peut aider \u00e0 pr\u00e9venir la perte de masse musculaire pendant un r\u00e9gime. Cela peut \u00e9galement permettre \u00e0 des athl\u00e8tes de force ou les athl\u00e8tes dans les sports qui ont des classes de poids pour augmenter la performance sans le risque d&rsquo;\u00eatre \u00e9lev\u00e9 dans une cat\u00e9gorie de poids sup\u00e9rieure ou ajouter une masse qui peut g\u00eaner la performance.<\/em><\/p>\n<p><b>Utilisation\/Dosage<\/b><\/p>\n<p><em>Drostanolone est principalement consid\u00e9r\u00e9 comme un pr\u00e9-drogue du concours pour les bodybuilders. Pour les effets \u00e0 \u00eatre pleinement r\u00e9alis\u00e9 un utilisateur doit \u00eatre \u00e0 un tr\u00e8s faible pourcentage de graisse corporelle. Si un utilisateur n&rsquo;est pas, le muscle \u00ab\u00a0durcissement\u00a0\u00bb de l&rsquo;effet que beaucoup de regarder lors de l&rsquo;utilisation de l&rsquo;enceinte ne sera pas r\u00e9alis\u00e9. Ceci, coupl\u00e9 avec le fait que les gains de masse est rare d&rsquo;avoir de la drostanolone, devrait \u00eatre un avertissement pour les personnes qu&rsquo;ils seront peut-\u00eatre d\u00e9\u00e7us de leurs r\u00e9sultats, \u00e0 moins qu&rsquo;ils sont bien conditionn\u00e9s.<\/em><\/p>\n<p>Comme indiqu\u00e9 pr\u00e9c\u00e9demment, il a \u00e9t\u00e9 sugg\u00e9r\u00e9 que les athl\u00e8tes de force ou de comp\u00e9tition les athl\u00e8tes peuvent b\u00e9n\u00e9ficier de drostanolone, car il peut am\u00e9liorer la force, alors que ne pas ajouter beaucoup de masse ou de poids de l&rsquo;utilisateur. Cependant, il ya d&rsquo;innombrables autres compos\u00e9s plus efficaces et mieux adapt\u00e9s \u00e0 des fins telles que l&rsquo;utilisation de drostanolone aurait apparemment inutiles pour atteindre de tels objectifs.<\/p>\n<p>Depuis l&rsquo;ester propionate est presque toujours utilis\u00e9 avec drostanolone il est n\u00e9cessaire pour les utilisateurs d&rsquo;administrer le compos\u00e9 de tous les jours ou au moins tous les deux jours afin de maintenir un assez stable de sang au niveau de la drogue. La majorit\u00e9 des utilisateurs se fera bien sur le compos\u00e9 \u00e0 l&rsquo;aide de doses allant de 50 \u00e0 100 mg tous les jours ou tous les autres jours, pour un total de 300 \u00e0 500 milligrammes par semaine. Les utilisateurs plus exp\u00e9riment\u00e9s de la drogue, peut ex\u00e9cuter des doses plus \u00e9lev\u00e9es, mais depuis que le compos\u00e9 doit \u00eatre empil\u00e9 avec d&rsquo;autres afin de maximiser l&rsquo;efficacit\u00e9, de grandes doses sont pour la plupart pas n\u00e9cessaire.<\/p>\n<p><b>Risques\/Effets Secondaires<\/b><\/p>\n<p>L&rsquo;aromatisation est pas un probl\u00e8me avec drostanolone, comme discut\u00e9 pr\u00e9c\u00e9demment. Par cons\u00e9quent, la r\u00e9tention d&rsquo;eau et gyn\u00e9comastie ne sont pas un probl\u00e8me avec ce compos\u00e9, et comme l&rsquo;a dit il en fait des expositions anti-oestrog\u00e9niques des capacit\u00e9s par la fa\u00e7on d&rsquo;\u00eatre en mesure de rivaliser avec d&rsquo;autres substrats tout en essayant de se lier \u00e0 l&rsquo;aromatase(2). Ainsi, il montre tr\u00e8s peu dans la mani\u00e8re d&rsquo;\u00eatre h\u00e9patotoxiques, et peut \u00eatre utilis\u00e9 pour de longs cycles sans foie des dommages susceptibles de se produire.<\/p>\n<p><span style=\"text-decoration: underline;\">En termes d&rsquo;effets secondaires n\u00e9gatifs, la seule pr\u00e9occupation serait de les androg\u00e8nes propri\u00e9t\u00e9s de la dihydrotestost\u00e9rone. Des choses telles que la peau grasse, l&rsquo;acn\u00e9, le corps\/visage croissance des cheveux, perte de cheveux et si enclin \u00e0 la calvitie masculine. Drostanolone est une forme synth\u00e9tique de la DHT, donc Proscar aurait aucun impact sur le niveau des effets androg\u00e9niques (1,3). Les personnes avec un front d\u00e9garni et\/ou ceux qui sont pr\u00e9dispos\u00e9s \u00e0 la calvitie masculine peut \u00eatre n\u00e9cessaire pour \u00e9viter ce compos\u00e9 comme il est probable qu&rsquo;il sera tout simplement aggraver la condition suppl\u00e9mentaire. Comme il doit \u00eatre pr\u00e9vu ainsi, les utilisateurs ont souvent de fa\u00e7on anecdotique signal\u00e9 que le compos\u00e9 peut exasp\u00e9rer toutes les conditions m\u00e9dicales existantes concernant la prostate, ou de causer des complications de la prostate dans ceux qui l&rsquo;ont subi aucune avant (3).<\/span><\/p>\n<p>Il existe des rapports anecdotiques que certains femmes qui ont exp\u00e9riment\u00e9 avec les compos\u00e9s. Toutefois, en raison des effets de virilisation qui sera sans aucun doute se produire avec un compos\u00e9 tel que drostanolone il n&rsquo;est pas recommand\u00e9 que ce soit tent\u00e9e. L&rsquo;habitude des effets secondaires irr\u00e9versibles tels que la croissance des cheveux, approfondissement de la voix et d&rsquo;autres sympt\u00f4mes sont susceptibles d&rsquo;appara\u00eetre assez rapidement, si l&rsquo;utilisation de la drogue a continu\u00e9 sur la m\u00eame un peu de base pour les femmes.<\/p>\n<h3>Lire la suite<\/h3>\n<p><a href=\"http:\/\/getanabolics.biz\/fr\/achetez-dianabol-en-ligne-sur-getanabolics-biz\/\">ACHETER DIANABOL EN LIGNE SUR GETANABOLICS.BIZ<\/a><\/p>\n<p><a href=\"http:\/\/getanabolics.biz\/fr\/winstrol-cest-quoi-et-pour-quoi-il-sagit\/\">WINSTROL, QU&rsquo;EST-CE QUE C&rsquo;EST?<\/a><\/p>\n<p><a href=\"http:\/\/getanabolics.biz\/fr\/cytomel-t3-avis-sur-getanabolics-biz\/\">CYTOMEL T3 REVIEWS SUR GETANABOLICS.BIZ<\/a><\/p>\n<p><a href=\"http:\/\/getanabolics.biz\/fr\/pause-entre-les-cours-de-steroides-et-pct\/\">PAUSE ENTRE STEROID COURS ET PCT<\/a><\/p>\n<p><a href=\"http:\/\/getanabolics.biz\/fr\/quelle-est-lefficacite-du-pont-steroide\/\">\u00c0 quel point le pont st\u00e9roidien est-il efficace?<\/a><\/p>\n","protected":false},"excerpt":{"rendered":"<p>Package: 10ml flacon, chaque 1 ml contient 100 mg de Propionate de Drostanolone<br \/>Fabricant: Dragon Pharma<br \/>Brand name: Masteron 100<br \/>Aussi connu comme: Masteron 100<\/p>\n","protected":false},"featured_media":454,"comment_status":"open","ping_status":"closed","template":"","meta":[],"product_cat":[104],"product_tag":[45],"_links":{"self":[{"href":"https:\/\/getanabolics.biz\/fr\/wp-json\/wp\/v2\/product\/780"}],"collection":[{"href":"https:\/\/getanabolics.biz\/fr\/wp-json\/wp\/v2\/product"}],"about":[{"href":"https:\/\/getanabolics.biz\/fr\/wp-json\/wp\/v2\/types\/product"}],"replies":[{"embeddable":true,"href":"https:\/\/getanabolics.biz\/fr\/wp-json\/wp\/v2\/comments?post=780"}],"wp:featuredmedia":[{"embeddable":true,"href":"https:\/\/getanabolics.biz\/fr\/wp-json\/wp\/v2\/media\/454"}],"wp:attachment":[{"href":"https:\/\/getanabolics.biz\/fr\/wp-json\/wp\/v2\/media?parent=780"}],"wp:term":[{"taxonomy":"product_cat","embeddable":true,"href":"https:\/\/getanabolics.biz\/fr\/wp-json\/wp\/v2\/product_cat?post=780"},{"taxonomy":"product_tag","embeddable":true,"href":"https:\/\/getanabolics.biz\/fr\/wp-json\/wp\/v2\/product_tag?post=780"}],"curies":[{"name":"wp","href":"https:\/\/api.w.org\/{rel}","templated":true}]}}