{"id":779,"date":"2017-04-27T10:32:35","date_gmt":"2017-04-27T10:44:01","guid":{"rendered":"http:\/\/getanabolics.biz\/product\/liv-52-100-comprimes-de-divers-ingredients-a-base-de-plantes\/"},"modified":"2018-01-19T11:13:52","modified_gmt":"2018-01-19T11:13:52","slug":"liv-52-100-comprimes-de-divers-ingredients-a-base-de-plantes","status":"publish","type":"product","link":"https:\/\/getanabolics.biz\/fr\/produit\/liv-52-100-comprimes-de-divers-ingredients-a-base-de-plantes\/","title":{"rendered":"Divers Ingr\u00e9dients \u00c0 Base De Plantes &#8211; Himalaya"},"content":{"rendered":"<h2>Acheter Divers Ingr\u00e9dients \u00c0 Base De Plantes &#8211; Himalaya (Liv.52)<\/h2>\n<p><a title=\"Acheter Divers Ingr\u00e9dients \u00c0 Base De Plantes au GetAnabolics\"><img src=\"http:\/\/getanabolics.biz\/images\/samarin-140.jpg\" width=\"30%\" align=\"right\" \/><\/a><br \/>\nPour ceux qui est \u00e0 la recherche d&rsquo;Divers Ingr\u00e9dients \u00c0 Base De Plantes et vous demandez-vous o\u00f9 acheter Divers Ingr\u00e9dients \u00c0 Base De Plantes de Himalaya l\u00e9galement nous vous proposons Liv.52 comme le meilleur choix pour de vrai les culturistes.<br \/>\n\u00c0 partir de maintenant sur une grande vari\u00e9t\u00e9 de st\u00e9ro\u00efdes injectables ainsi que des st\u00e9ro\u00efdes oraux et th\u00e9rapie post-cycle de l&rsquo;Himalaya peut \u00eatre achet\u00e9 sur <b>GetAnabolics<\/b>. Nous heureux de pr\u00e9senter la nouvelle Divers Ingr\u00e9dients \u00c0 Base De Plantes de <span style=\"font-weight: bold;\">Himalaya<\/span>.<br \/>\n<em>Tous les produits que nous vous proposons sont faites de l&rsquo;authentique, de haute qualit\u00e9 et de compos\u00e9s ont un seul but: aider les gens \u00e0 prendre de la masse musculaire, la force globale, \u00e0 br\u00fbler les graisses et de les aider sur le chemin de la perfection physique. Dans le but de cr\u00e9er un esprit constructif et civilis\u00e9 relation avec nos clients, nous allons faire le maximum d&rsquo;efforts pour assurer un service de haute qualit\u00e9, l&rsquo;approche de chaque personne que l&rsquo;adresse de notre magasin avec courtoisie et respect.<\/em><br \/>\nConstruire et maintenir un corps de r\u00eave ont besoin d&rsquo;une combinaison de m\u00e9thodes. Une bonne alimentation vient en premier dans la liste des composants essentiels n\u00e9cessaires \u00e0 l&rsquo;organisme. Deuxi\u00e8mement, assurez-vous toujours de l&rsquo;acheter et utiliser des st\u00e9ro\u00efdes l\u00e9gaux en ligne n&rsquo;est pas seulement pour \u00e9viter tout conflit avec la loi, mais plus important encore, pour \u00e9viter des complications de sant\u00e9.<br \/>\n<span style=\"font-weight: bold;\">GetAnabolics.Biz<\/span> is the online steroid supplier specially created and dedicated to provide each athlete and bodybuilder with best <span style=\"font-weight: bold;\">anabolic steroids<\/span> est la ligne de st\u00e9ro\u00efdes fournisseur sp\u00e9cialement con\u00e7u et d\u00e9di\u00e9 \u00e0 fournir \u00e0 chaque athl\u00e8te et de bodybuilder avec le meilleur des st\u00e9ro\u00efdes anabolisants \u00e0 prix discount. Nous avons choisi la plus fiable pour les marques \u00e0 collaborer afin d&rsquo;assurer la s\u00e9curit\u00e9, authentique et haut de gamme de st\u00e9ro\u00efdes pour nos clients.<br \/>\nL&rsquo;exp\u00e9dition des st\u00e9ro\u00efdes en toute s\u00e9curit\u00e9 est la principale pr\u00e9occupation pour la livraison de st\u00e9ro\u00efdes dans le monde entier. Notre exp\u00e9dition discr\u00e8te garantit que personne ne sait que vous achetez des st\u00e9ro\u00efdes en ligne.<\/p>\n<h2>Plus Divers Ingr\u00e9dients \u00c0 Base De Plantes Himalaya d&rsquo;informations<\/h2>\n<p><b>100 comprim\u00e9s de Divers Ingr\u00e9dients \u00e0 base de plantes<\/b><\/p>\n<ul>\n<li><strong>Pr\u00e9sentation<\/strong> : <em>Bo\u00eete de 100 comprim\u00e9s <\/em><\/li>\n<\/ul>\n<p><span style=\"text-decoration: underline;\">Un organe vital du corps humain, le foie remplit plusieurs fonctions essentielles et joue un r\u00f4le de premier plan dans le m\u00e9tabolisme et la digestion, ainsi que de l&rsquo;assimilation et de transformation des glucides, des prot\u00e9ines et des lipides, et de d\u00e9toxification de l&rsquo;organisme de bilieuses s\u00e9cr\u00e9tions et malsain \u00e9l\u00e9ments.<\/span><\/p>\n<p><strong>Commencer le traitement avec une dose quotidienne de Liv.52, c&rsquo;est \u00e0 dire: 3 fois par jour, prendre 1 capsule.<br \/>\nLiv.52 a pas d&rsquo;effets secondaires; toutefois, dans des cas isol\u00e9s, laxatif doux effets ont \u00e9t\u00e9 observ\u00e9s.<\/strong><\/p>\n<h3>Lire la suite<\/h3>\n<p><a href=\"http:\/\/getanabolics.biz\/fr\/hormone-de-croissance-hgh-les-faits-les-plus-importants\/\">CROISSANCE HORMONE HGH &#8211; LES FAITS LES PLUS IMPORTANTS<\/a><\/p>\n<p><a href=\"http:\/\/getanabolics.biz\/fr\/winstrol-cest-quoi-et-pour-quoi-il-sagit\/\">WINSTROL, QU&rsquo;EST-CE QUE C&rsquo;EST?<\/a><\/p>\n<p><a href=\"http:\/\/getanabolics.biz\/fr\/puis-je-economiser-du-poids-apres-un-cours-de-steroides\/\">PUIS-JE CONSERVER DU POIDS APR\u00c8S UN COURS DE ST\u00c9RO\u00cfDE?<\/a><\/p>\n<p><a href=\"http:\/\/getanabolics.biz\/fr\/pause-entre-les-cours-de-steroides-et-pct\/\">PAUSE ENTRE STEROID COURS ET PCT<\/a><\/p>\n<p><a href=\"http:\/\/getanabolics.biz\/fr\/culturisme-et-steroides\/\">BODYBUILDING ET ST\u00c9RO\u00cfDES<\/a><\/p>\n","protected":false},"excerpt":{"rendered":"<p>Package: 100 comprim\u00e9s de Divers Ingr\u00e9dients \u00e0 base de plantes<br \/>Fabricant: Himalaya<br \/>Brand name: Divers Ingr\u00e9dients \u00c0 Base De Plantes<br \/>Aussi connu comme: Liv.52<\/p>\n","protected":false},"featured_media":1182,"comment_status":"open","ping_status":"closed","template":"","meta":[],"product_cat":[89],"product_tag":[43],"_links":{"self":[{"href":"https:\/\/getanabolics.biz\/fr\/wp-json\/wp\/v2\/product\/779"}],"collection":[{"href":"https:\/\/getanabolics.biz\/fr\/wp-json\/wp\/v2\/product"}],"about":[{"href":"https:\/\/getanabolics.biz\/fr\/wp-json\/wp\/v2\/types\/product"}],"replies":[{"embeddable":true,"href":"https:\/\/getanabolics.biz\/fr\/wp-json\/wp\/v2\/comments?post=779"}],"wp:featuredmedia":[{"embeddable":true,"href":"https:\/\/getanabolics.biz\/fr\/wp-json\/wp\/v2\/media\/1182"}],"wp:attachment":[{"href":"https:\/\/getanabolics.biz\/fr\/wp-json\/wp\/v2\/media?parent=779"}],"wp:term":[{"taxonomy":"product_cat","embeddable":true,"href":"https:\/\/getanabolics.biz\/fr\/wp-json\/wp\/v2\/product_cat?post=779"},{"taxonomy":"product_tag","embeddable":true,"href":"https:\/\/getanabolics.biz\/fr\/wp-json\/wp\/v2\/product_tag?post=779"}],"curies":[{"name":"wp","href":"https:\/\/api.w.org\/{rel}","templated":true}]}}