{"id":777,"date":"2017-04-27T10:32:35","date_gmt":"2017-04-27T10:44:01","guid":{"rendered":"http:\/\/getanabolics.biz\/product\/hcg-10000iu-1-flacon-de-10-000-ui-dhcg\/"},"modified":"2018-01-19T08:27:50","modified_gmt":"2018-01-19T08:27:50","slug":"hcg-10000-1-vial-of-10000-iu-hcg","status":"publish","type":"product","link":"https:\/\/getanabolics.biz\/fr\/produit\/hcg-10000-1-vial-of-10000-iu-hcg\/","title":{"rendered":"HCG 10000 &#8211; Bharat serums"},"content":{"rendered":"<h2>Acheter HCG 10000 &#8211; Bharat serums (HCG 10000IU)<\/h2>\n<p><a title=\"Acheter HCG 10000 au GetAnabolics\"><img src=\"http:\/\/getanabolics.biz\/images\/hcg5000.jpg\" width=\"30%\" align=\"right\" \/><\/a><br \/>\nPour ceux qui est \u00e0 la recherche d&rsquo;HCG 10000 et vous demandez-vous o\u00f9 acheter HCG 10000 de Bharat serums l\u00e9galement nous vous proposons HCG 10000IU comme le meilleur choix pour de vrai les culturistes.<br \/>\n\u00c0 partir de maintenant sur une grande vari\u00e9t\u00e9 de st\u00e9ro\u00efdes injectables ainsi que des st\u00e9ro\u00efdes oraux et th\u00e9rapie post-cycle de l&rsquo;Bharat serums peut \u00eatre achet\u00e9 sur <b>GetAnabolics<\/b>. Nous heureux de pr\u00e9senter la nouvelle HCG 10000 de <span style=\"font-weight: bold;\">Bharat serums<\/span>.<br \/>\n<em>Tous les produits que nous vous proposons sont faites de l&rsquo;authentique, de haute qualit\u00e9 et de compos\u00e9s ont un seul but: aider les gens \u00e0 prendre de la masse musculaire, la force globale, \u00e0 br\u00fbler les graisses et de les aider sur le chemin de la perfection physique. Dans le but de cr\u00e9er un esprit constructif et civilis\u00e9 relation avec nos clients, nous allons faire le maximum d&rsquo;efforts pour assurer un service de haute qualit\u00e9, l&rsquo;approche de chaque personne que l&rsquo;adresse de notre magasin avec courtoisie et respect.<\/em><br \/>\nConstruire et maintenir un corps de r\u00eave ont besoin d&rsquo;une combinaison de m\u00e9thodes. Une bonne alimentation vient en premier dans la liste des composants essentiels n\u00e9cessaires \u00e0 l&rsquo;organisme. Deuxi\u00e8mement, assurez-vous toujours de l&rsquo;acheter et utiliser des st\u00e9ro\u00efdes l\u00e9gaux en ligne n&rsquo;est pas seulement pour \u00e9viter tout conflit avec la loi, mais plus important encore, pour \u00e9viter des complications de sant\u00e9.<br \/>\n<em><span style=\"font-weight: bold;\">GetAnabolics.Biz<\/span> is the online steroid supplier specially created and dedicated to provide each athlete and bodybuilder with best <span style=\"font-weight: bold;\">anabolic steroids<\/span> est la ligne de st\u00e9ro\u00efdes fournisseur sp\u00e9cialement con\u00e7u et d\u00e9di\u00e9 \u00e0 fournir \u00e0 chaque athl\u00e8te et de bodybuilder avec le meilleur des st\u00e9ro\u00efdes anabolisants \u00e0 prix discount. Nous avons choisi la plus fiable pour les marques \u00e0 collaborer afin d&rsquo;assurer la s\u00e9curit\u00e9, authentique et haut de gamme de st\u00e9ro\u00efdes pour nos clients.<\/em><br \/>\nL&rsquo;exp\u00e9dition des st\u00e9ro\u00efdes en toute s\u00e9curit\u00e9 est la principale pr\u00e9occupation pour la livraison de st\u00e9ro\u00efdes dans le monde entier. Notre exp\u00e9dition discr\u00e8te garantit que personne ne sait que vous achetez des st\u00e9ro\u00efdes en ligne.<\/p>\n<h2>Plus HCG 10000 Bharat serums d&rsquo;informations<\/h2>\n<p><b>1 flacon de 10 000 UI d&rsquo;HCG (pas de solution de l&rsquo;eau inclus)<\/b><\/p>\n<blockquote><p><strong>HCG<\/strong> n&rsquo;est pas un st\u00e9ro\u00efde anabolisants\/androg\u00e8nes mais d&rsquo;une prot\u00e9ine naturelle de l&rsquo;hormone qui se d\u00e9veloppe dans le placenta d&rsquo;une femme enceinte. <strong>L&rsquo;HCG<\/strong> est fabriqu\u00e9 \u00e0 partir de l&rsquo;urine des femmes enceintes, car il est \u00e9limin\u00e9 sous forme inchang\u00e9e dans le sang via la femme&rsquo;urine, en passant par les reins. Disponibles dans le commerce, <strong>l&rsquo;HCG<\/strong> est vendu comme une substance s\u00e8che et peut \u00eatre utilis\u00e9 \u00e0 la fois chez les hommes et les femmes. chez les femmes injectable <strong>HCG<\/strong> permet d&rsquo;ovulation car elle influe sur les derni\u00e8res \u00e9tapes du d\u00e9veloppement de l&rsquo;ovule, et donc stimuler l&rsquo;ovulation. Chez les hommes, <strong>l&rsquo;HCG<\/strong> stimule la production d&rsquo;hormones androg\u00e8nes (testost\u00e9rone). Pour cette raison, les athl\u00e8tes utilisent <strong>HCG<\/strong> injectable pour augmenter la production de testost\u00e9rone. L&rsquo;HCG est souvent utilis\u00e9 en combinaison avec des st\u00e9ro\u00efdes anabolisants\/androg\u00e8nes pendant ou apr\u00e8s le traitement.<\/p><\/blockquote>\n<p>Puisque le corps a g\u00e9n\u00e9ralement besoin d&rsquo;une certaine quantit\u00e9 de temps pour obtenir sa production de testost\u00e9rone va encore une fois, l&rsquo;athl\u00e8te, apr\u00e8s l&rsquo;arr\u00eat des compos\u00e9s de st\u00e9ro\u00efdes, leurs exp\u00e9riences dans une phase de transition difficile qui va souvent de pair avec une perte consid\u00e9rable de force et de masse musculaire. L&rsquo;administration de l&rsquo;HCG directement apr\u00e8s le traitement de st\u00e9ro\u00efdes contribue \u00e0 r\u00e9duire cette condition parce que l&rsquo;HCG augmente la production de testost\u00e9rone dans les testicules tr\u00e8s rapidement et de mani\u00e8re fiable. Dans le cas d&rsquo;atrophie testiculaire caus\u00e9s par des m\u00e9ga-doses et de tr\u00e8s longues p\u00e9riodes d&rsquo;utilisation, l&rsquo;HCG permet \u00e9galement d&rsquo;apporter rapidement les testicules de retour vers leur \u00e9tat d&rsquo;origine (taille). Depuis occasionnel des injections de HCG lors de la prise de st\u00e9ro\u00efdes peut \u00e9viter une atrophie testiculaire, de nombreux athl\u00e8tes utilisent HCG pendant deux \u00e0 trois semaines dans le milieu de leur traitement aux st\u00e9ro\u00efdes. Il est souvent observ\u00e9 que pendant ce temps l&rsquo;athl\u00e8te fait de son mieux progr\u00e8s par rapport aux gains en force et en masse musculaire. Ceux qui sont sur le jus toute l&rsquo;ann\u00e9e, qui pourraient souffrir des cons\u00e9quences psychologiques, ou qui serait peut-risque de la rupture d&rsquo;une relation \u00e0 cause de cela doit tenir compte de cet inconv\u00e9nient lors de la prise de la HCG \u00e0 intervalles r\u00e9guliers. Une diminution de la libido et de la spermatogen\u00e8se due \u00e0 des st\u00e9ro\u00efdes, dans la plupart des cas, peuvent \u00eatre gu\u00e9ris par un traitement avec l&rsquo;HCG.<\/p>\n<p><em>La plupart des athl\u00e8tes, cependant, l&rsquo;utilisation de l&rsquo;HCG \u00e0 la fin d&rsquo;un traitement afin d&rsquo;\u00e9viter une \u00ab\u00a0crash,\u00a0\u00bb qui est, pour assurer la meilleure transition possible dans \u00ab\u00a0la formation naturelle.\u00a0\u00bb Une condition, cependant, est que la prise de st\u00e9ro\u00efdes ou de la posologie sera r\u00e9duite progressivement et uniform\u00e9ment avant de prendre l&rsquo;HCG. Bien que l&rsquo;HCG provoque une augmentation rapide et significative de la teneur endog\u00e8ne de testost\u00e9rone dans le plasma niveau, malheureusement, il n&rsquo;est pas un rem\u00e8de parfait pour \u00e9viter la perte de force et de masse \u00e0 la fin d&rsquo;un traitement aux st\u00e9ro\u00efdes. Bien que l&rsquo;HCG ne stimulent la production de testost\u00e9rone endog\u00e8ne, <a href=\"http:\/\/getanabolics.biz\/fr\/winstrol-cest-quoi-et-pour-quoi-il-sagit\/\">il n&rsquo;aide pas \u00e0 r\u00e9tablir la normale de l&rsquo;axe hypothalamo-hypophyso des testicules de l&rsquo;axe.<\/a> L&rsquo;hypothalamus et l&rsquo;hypophyse sont encore dans un \u00e9tat r\u00e9fractaire apr\u00e8s une utilisation prolong\u00e9e de st\u00e9ro\u00efdes et de rester de cette fa\u00e7on alors que l&rsquo;HCG est utilis\u00e9 parce que la testost\u00e9rone endog\u00e8ne produit \u00e0 la suite de l&rsquo;HCG exog\u00e8ne r\u00e9prime la production endog\u00e8ne de LH. Une fois que l&rsquo;HCG est interrompu, l&rsquo;athl\u00e8te doit encore passer par une p\u00e9riode de r\u00e9ajustement. C&rsquo;est simplement retard\u00e9e par l&rsquo;HCG utilisation.\u00a0\u00bb Pour cette raison, les athl\u00e8tes exp\u00e9riment\u00e9s souvent prendre <a href=\"http:\/\/getanabolics.biz\/fr\/produit\/promifen-10-onglets-contient-50-mg-de-citrate-de-clomifene\/\">Clomid<\/a> et le <a href=\"http:\/\/getanabolics.biz\/fr\/produit\/clenbuterol-40-100-tabs-each-40-mcg-clenbuterol-hydrochloride\/\">Clenbut\u00e9rol <\/a>suivantes HCG apport ou ils commencent imm\u00e9diatement \u00e0 un autre traitement aux st\u00e9ro\u00efdes. Certains prennent HCG simplement de sortir le \u00ab\u00a0les st\u00e9ro\u00efdes\u00a0\u00bb pour au moins deux \u00e0 trois semaines.<\/em><\/p>\n<p><strong>HCG notice indiquer clairement<\/strong> que l&rsquo;HCG \u00ab\u00a0n&rsquo;a aucun effet connu sur la mobilisation des graisses, de l&rsquo;app\u00e9tit ou de la sensation de faim, ou la distribution de graisse corporelle.\u00a0\u00bb Il affirme, en outre, \u00ab\u00a0HCG n&rsquo;a pas \u00e9t\u00e9 d\u00e9montr\u00e9 pour \u00eatre efficace en tant que th\u00e9rapie adjuvante dans le traitement de l&rsquo;ob\u00e9sit\u00e9, il n&rsquo;a pas d&rsquo;augmenter la perte de graisse au-del\u00e0 de celle qui r\u00e9sulte de la restriction calorique. 6000 I. U. de l&rsquo;HCG dans une seule injection a entra\u00een\u00e9 une hausse des niveaux de testost\u00e9rone pendant six jours apr\u00e8s l&rsquo;injection. \u00c0 la dose de 1500 I. U. la pharma niveau de testost\u00e9rone augmente de 250 \u00e0 300% (2.5-3fold) par rapport \u00e0 la valeur initiale. L&rsquo;athl\u00e8te doit injecter un HCG ampoule tous les 5 jours. Depuis le niveau de testost\u00e9rone est consid\u00e9rablement \u00e9lev\u00e9 pendant plusieurs jours, il est inutile d&rsquo;injecter de l&rsquo;HCG plus d&rsquo;une fois tous les 5 jours. La dose efficace pour les athl\u00e8tes est g\u00e9n\u00e9ralement 2000-5000 I. U. par injection et devrait, comme d\u00e9j\u00e0 indiqu\u00e9, \u00eatre inject\u00e9 tous les 5 jours. HCG ne doit \u00eatre pris que pendant quelques semaines. Si l&rsquo;HCG est pris par des athl\u00e8tes masculins pendant de nombreuses semaines et \u00e0 des doses \u00e9lev\u00e9es, il est possible que les testicules ne r\u00e9pondent mal \u00e0 une plus tard HCG d&rsquo;admission et d&rsquo;une lib\u00e9ration du corps de l&rsquo;s propre LH. Cela pourrait entra\u00eener un permanent inad\u00e9quate de la fonction gonadique.<\/p>\n<p>HCG peut en partie \u00e0 cause des effets secondaires semblables \u00e0 ceux de la testost\u00e9rone injectable. Une plus forte production de testost\u00e9rone va \u00e9galement de pair avec un niveau \u00e9lev\u00e9 d&rsquo;oestrog\u00e8ne qui pourrait entra\u00eener une gyn\u00e9comastie. Cela peut se manifester dans une temporaire de la croissance des seins, ou renforcer, d\u00e9j\u00e0 existant, de la croissance des seins chez les hommes. Athl\u00e8tes pr\u00e9voyants combinent donc HCG avec un anti-\u0153strog\u00e8ne. Les athl\u00e8tes masculins signalent \u00e9galement des \u00e9rections plus fr\u00e9quentes et une augmentation du d\u00e9sir sexuel. \u00c0 fortes doses, il peut causer de l&rsquo;acn\u00e9 et le stockage de min\u00e9raux et d&rsquo;eau. Le dernier point doit \u00eatre particuli\u00e8rement observ\u00e9e depuis la r\u00e9tention d&rsquo;eau qui est possible gr\u00e2ce \u00e0 l&rsquo;utilisation de l&rsquo;HCG pourrait donner le syst\u00e8me musculaire un gonfl\u00e9s et larmoyants apparence. Les athl\u00e8tes qui ont d\u00e9j\u00e0 augment\u00e9 leur niveau de testost\u00e9rone endog\u00e8ne par la prise de Clomid et de l&rsquo;intention par la suite de prendre HCG pourrait exp\u00e9rience consid\u00e9rable de la r\u00e9tention d&rsquo;eau et les sympt\u00f4mes f\u00e9minisation distinctes (gyn\u00e9comastie, la tendance vers les d\u00e9p\u00f4ts de graisse sur les hanches). Cela est d\u00fb au fait que la testost\u00e9rone \u00e9lev\u00e9 conduit \u00e0 un taux de conversion \u00e9lev\u00e9 d&rsquo;\u0153strog\u00e8nes. Chez les tr\u00e8s jeunes athl\u00e8tes HCG, comme les st\u00e9ro\u00efdes anabolisants peut provoquer un retard de croissance \u00e0 d\u00e9but de la croissance car elle ferme pr\u00e9matur\u00e9ment le epiphysial plaques de croissance. Les sautes d&rsquo;humeur et l&rsquo;hypertension art\u00e9rielle peut \u00e9galement \u00eatre attribu\u00e9e \u00e0 l&rsquo;apport de l&rsquo;HCG.<\/p>\n<p>HCG&rsquo;forme de l&rsquo;administration est \u00e9galement inhabituel. La substance choriongonadotropin est un blanc poudreux lyophilis\u00e9 substance qui est g\u00e9n\u00e9ralement utilis\u00e9 comme une compresse. Solution injectable contenant du chlorure de sodium isotonique est inject\u00e9 dans l&rsquo;HCG ampoule et m\u00e9lang\u00e9 avec de la substance s\u00e8che. La solution est alors pr\u00eat \u00e0 \u00eatre utilis\u00e9 et doit \u00eatre inject\u00e9 par voie intramusculaire. Si seulement une partie de la substance est inject\u00e9e la solution r\u00e9siduelle doit \u00eatre stock\u00e9 dans le r\u00e9frig\u00e9rateur. Il n&rsquo;est pas n\u00e9cessaire de stocker la particule de l&rsquo;HCG dans le r\u00e9frig\u00e9rateur; cependant, il doit \u00eatre gard\u00e9 hors de la lumi\u00e8re et en dessous d&rsquo;une temp\u00e9rature de 25* C.<\/p>\n<h3>Lire la suite<\/h3>\n<p><a href=\"http:\/\/getanabolics.biz\/fr\/hormone-de-croissance-hgh-les-faits-les-plus-importants\/\">CROISSANCE HORMONE HGH &#8211; LES FAITS LES PLUS IMPORTANTS<\/a><\/p>\n<p><a href=\"http:\/\/getanabolics.biz\/fr\/winstrol-cest-quoi-et-pour-quoi-il-sagit\/\">WINSTROL, QU&rsquo;EST-CE QUE C&rsquo;EST?<\/a><\/p>\n<p><a href=\"http:\/\/getanabolics.biz\/fr\/puis-je-economiser-du-poids-apres-un-cours-de-steroides\/\">PUIS-JE CONSERVER DU POIDS APR\u00c8S UN COURS DE ST\u00c9RO\u00cfDE?<\/a><\/p>\n<p><a href=\"http:\/\/getanabolics.biz\/fr\/pause-entre-les-cours-de-steroides-et-pct\/\">PAUSE ENTRE STEROID COURS ET PCT<\/a><\/p>\n<p><a href=\"http:\/\/getanabolics.biz\/fr\/culturisme-et-steroides\/\">BODYBUILDING ET ST\u00c9RO\u00cfDES<\/a><\/p>\n","protected":false},"excerpt":{"rendered":"<p>Package: 1 flacon de 10 000 UI d&rsquo;HCG<br \/>Fabricant: Bharat serums<br \/>Brand name: HCG 10000<br \/>Aussi connu comme: HCG 10000IU<\/p>\n","protected":false},"featured_media":424,"comment_status":"open","ping_status":"closed","template":"","meta":[],"product_cat":[89,96],"product_tag":[48],"_links":{"self":[{"href":"https:\/\/getanabolics.biz\/fr\/wp-json\/wp\/v2\/product\/777"}],"collection":[{"href":"https:\/\/getanabolics.biz\/fr\/wp-json\/wp\/v2\/product"}],"about":[{"href":"https:\/\/getanabolics.biz\/fr\/wp-json\/wp\/v2\/types\/product"}],"replies":[{"embeddable":true,"href":"https:\/\/getanabolics.biz\/fr\/wp-json\/wp\/v2\/comments?post=777"}],"wp:featuredmedia":[{"embeddable":true,"href":"https:\/\/getanabolics.biz\/fr\/wp-json\/wp\/v2\/media\/424"}],"wp:attachment":[{"href":"https:\/\/getanabolics.biz\/fr\/wp-json\/wp\/v2\/media?parent=777"}],"wp:term":[{"taxonomy":"product_cat","embeddable":true,"href":"https:\/\/getanabolics.biz\/fr\/wp-json\/wp\/v2\/product_cat?post=777"},{"taxonomy":"product_tag","embeddable":true,"href":"https:\/\/getanabolics.biz\/fr\/wp-json\/wp\/v2\/product_tag?post=777"}],"curies":[{"name":"wp","href":"https:\/\/api.w.org\/{rel}","templated":true}]}}