{"id":776,"date":"2017-04-27T10:32:35","date_gmt":"2017-04-27T10:44:01","guid":{"rendered":"http:\/\/getanabolics.biz\/product\/hcg-5000iu-1-flacon-de-5000-ui-de-hcg\/"},"modified":"2018-01-19T08:47:26","modified_gmt":"2018-01-19T08:47:26","slug":"hcg-5000-1-vial-of-5000-iu-hcg","status":"publish","type":"product","link":"https:\/\/getanabolics.biz\/fr\/produit\/hcg-5000-1-vial-of-5000-iu-hcg\/","title":{"rendered":"HCG 5000 &#8211; Bharat serums"},"content":{"rendered":"<h2>Acheter HCG 5000 &#8211; Bharat serums (HCG 5000IU)<\/h2>\n<p><a title=\"Acheter HCG 5000 au GetAnabolics\"><img src=\"http:\/\/getanabolics.biz\/images\/vitagon.jpg\" width=\"30%\" align=\"right\" \/><\/a><br \/>\nPour ceux qui est \u00e0 la recherche d&rsquo;HCG 5000 et vous demandez-vous o\u00f9 acheter HCG 5000 de Bharat serums l\u00e9galement nous vous proposons HCG 5000IU comme le meilleur choix pour de vrai les culturistes.<br \/>\n\u00c0 partir de maintenant sur une grande vari\u00e9t\u00e9 de st\u00e9ro\u00efdes injectables ainsi que des st\u00e9ro\u00efdes oraux et th\u00e9rapie post-cycle de l&rsquo;Bharat serums peut \u00eatre achet\u00e9 sur <b>GetAnabolics<\/b>. Nous heureux de pr\u00e9senter la nouvelle HCG 5000 de <span style=\"font-weight: bold;\">Bharat serums<\/span>.<br \/>\n<em>Tous les produits que nous vous proposons sont faites de l&rsquo;authentique, de haute qualit\u00e9 et de compos\u00e9s ont un seul but: aider les gens \u00e0 prendre de la masse musculaire, la force globale, \u00e0 br\u00fbler les graisses et de les aider sur le chemin de la perfection physique. Dans le but de cr\u00e9er un esprit constructif et civilis\u00e9 relation avec nos clients, nous allons faire le maximum d&rsquo;efforts pour assurer un service de haute qualit\u00e9, l&rsquo;approche de chaque personne que l&rsquo;adresse de notre magasin avec courtoisie et respect.<\/em><br \/>\nConstruire et maintenir un corps de r\u00eave ont besoin d&rsquo;une combinaison de m\u00e9thodes. Une bonne alimentation vient en premier dans la liste des composants essentiels n\u00e9cessaires \u00e0 l&rsquo;organisme. Deuxi\u00e8mement, assurez-vous toujours de l&rsquo;acheter et utiliser des st\u00e9ro\u00efdes l\u00e9gaux en ligne n&rsquo;est pas seulement pour \u00e9viter tout conflit avec la loi, mais plus important encore, pour \u00e9viter des complications de sant\u00e9.<br \/>\n<em><span style=\"font-weight: bold;\">GetAnabolics.Biz<\/span> is the online steroid supplier specially created and dedicated to provide each athlete and bodybuilder with best <span style=\"font-weight: bold;\">anabolic steroids<\/span> est la ligne de st\u00e9ro\u00efdes fournisseur sp\u00e9cialement con\u00e7u et d\u00e9di\u00e9 \u00e0 fournir \u00e0 chaque athl\u00e8te et de bodybuilder avec le meilleur des st\u00e9ro\u00efdes anabolisants \u00e0 prix discount. Nous avons choisi la plus fiable pour les marques \u00e0 collaborer afin d&rsquo;assurer la s\u00e9curit\u00e9, authentique et haut de gamme de st\u00e9ro\u00efdes pour nos clients.<\/em><br \/>\nL&rsquo;exp\u00e9dition des st\u00e9ro\u00efdes en toute s\u00e9curit\u00e9 est la principale pr\u00e9occupation pour la livraison de st\u00e9ro\u00efdes dans le monde entier. Notre exp\u00e9dition discr\u00e8te garantit que personne ne sait que vous achetez des st\u00e9ro\u00efdes en ligne.<\/p>\n<h2>Plus HCG 5000 Bharat serums d&rsquo;informations<\/h2>\n<p><b>1 flacon de 5000 UI de HCG<\/b><\/p>\n<blockquote><p>HCG, n&rsquo;est pas un st\u00e9ro\u00efde anabolisant\/un-drogenic de st\u00e9ro\u00efdes, mais d&rsquo;une prot\u00e9ine naturelle de l&rsquo;hormone qui se d\u00e9veloppe dans les placenta d&rsquo;une femme enceinte. L&rsquo;HCG est fabriqu\u00e9 \u00e0 partir de l&rsquo;urine des femmes enceintes, car il est excr\u00e9t\u00e9 par l&rsquo;onu \u00e0 chang\u00e9 de forme \u00e0 partir du sang par l&rsquo;urine de la femme, en passant par les reins. L&rsquo; disponibles dans le commerce HCG est vendu comme une substance s\u00e8che et peut \u00eatre utilis\u00e9 \u00e0 la fois chez les hommes et les femmes. dans les femmes injectable HCG permet d&rsquo;ovulation car elle influe sur les derni\u00e8res \u00e9tapes du d\u00e9veloppement de l&rsquo; ovule, stimulant ainsi l&rsquo;ovulation. Dans un homme HCG stimule la production d&rsquo;hormones androg\u00e8nes (la testost\u00e9rone). Pour cette raison, les athl\u00e8tes utilisent HCG injectable pour augmenter la production de testost\u00e9rone. L&rsquo;HCG est souvent utilis\u00e9 en combinaison avec des st\u00e9ro\u00efdes anabolisants\/androg\u00e8nes pendant ou apr\u00e8s le traitement.<\/p><\/blockquote>\n<h1>Acheter HCG Pregnyl<\/h1>\n<p>Depuis le corps g\u00e9n\u00e9ralement besoin d&rsquo;une certaine quantit\u00e9 de temps pour obtenir sa production de testost\u00e9rone va encore une fois, l&rsquo;athl\u00e8te, apr\u00e8s l&rsquo;arr\u00eat des compos\u00e9s de st\u00e9ro\u00efdes, leurs exp\u00e9riences dans une phase de transition difficile qui va souvent de main dans la main, avec une perte consid\u00e9rable de force et de masse musculaire. L&rsquo;administration de l&rsquo;HCG directement apr\u00e8s le traitement de st\u00e9ro\u00efdes contribue \u00e0 r\u00e9duire cette condition parce que l&rsquo;HCG augmente la production de testost\u00e9rone dans les testicules tr\u00e8s rapidement et de mani\u00e8re fiable. Dans le cas d&rsquo;atrophie testiculaire caus\u00e9s par des m\u00e9ga-doses et tr\u00e8s de longues p\u00e9riodes d&rsquo;utilisation, l&rsquo;HCG permet \u00e9galement d&rsquo;apporter rapidement les testicules de retour vers leur \u00e9tat d&rsquo;origine (taille). Depuis occasionnel des injections de HCG lors de la prise de st\u00e9ro\u00efdes peut \u00e9viter une atrophie testiculaire, de nombreux athl\u00e8tes l&rsquo;utilisation de l&rsquo;HCG pour deux \u00e0 trois semaines dans le milieu de leur traitement aux st\u00e9ro\u00efdes. Il est souvent observ\u00e9 que, au cours de cette fois, l&rsquo;athl\u00e8te fait de son mieux progr\u00e8s par rapport aux gains en force et en masse musculaire. Ceux qui sont sur le jus toute l&rsquo;ann\u00e9e, qui pourraient souffrir des cons\u00e9quences psychologiques, ou qui serait peut-\u00eatre le risque de la rupture d&rsquo;une relation \u00e0 cause de cela doit tenir compte de cet inconv\u00e9nient lors de la prise HCG \u00e0 intervalles r\u00e9guliers. Une diminution de la libido et de la spermatogen\u00e8se due \u00e0 des st\u00e9ro\u00efdes, dans la plupart des cas, peut \u00eatre gu\u00e9ris par un traitement avec l&rsquo;HCG.<\/p>\n<p>la Plupart des athl\u00e8tes, cependant, l&rsquo;utilisation de l&rsquo;HCG \u00e0 la fin d&rsquo;un traitement afin d&rsquo;\u00e9viter un \u00ab\u00a0crash\u00a0\u00bb, c&rsquo;est-\u00e0 &#8211; obtenir la meilleure transition possible dans \u00ab\u00a0la formation naturelle.\u00a0\u00bb Une condition, cependant, est que les st\u00e9ro\u00efdes l&rsquo;apport ou de la posologie sera r\u00e9duite progressivement et uniform\u00e9ment avant de prendre l&rsquo;HCG. Bien que l&rsquo;HCG provoque une rapide et augmentation significative de la teneur endog\u00e8ne plasma &#8211; niveau de testost\u00e9rone, il n&rsquo;est malheureusement pas un rem\u00e8de parfait pour \u00e9viter la perte de force et de masse \u00e0 la fin d&rsquo;un traitement aux st\u00e9ro\u00efdes. Bien que l&rsquo;HCG n&rsquo; stimuler la production de testost\u00e9rone endog\u00e8ne, \u00e7a n&rsquo;aide pas \u00e0 r\u00e9tablir la normale l&rsquo;hypothalamus\/hypophyse testiculaire de l&rsquo;axe. L&rsquo;hypothalamus et l&rsquo;hypophyse sont encore dans un \u00e9tat r\u00e9fractaire apr\u00e8s une utilisation prolong\u00e9e de st\u00e9ro\u00efdes, et de rester de cette fa\u00e7on alors que l&rsquo;HCG est utilis\u00e9, parce que la endog\u00e8ne la testost\u00e9rone produite comme un r\u00e9sultat de l&rsquo;HCG exog\u00e8ne r\u00e9prime la production endog\u00e8ne de LH. Une fois que l&rsquo;HCG est interrompu, l&rsquo;athl\u00e8te doit encore passer par une p\u00e9riode de r\u00e9ajustement. Il s&rsquo;agit simplement d&rsquo; retard\u00e9 par l&rsquo;HCG utiliser.\u00a0\u00bb Pour cette raison, les athl\u00e8tes exp\u00e9riment\u00e9s souvent prendre <a href=\"http:\/\/getanabolics.biz\/fr\/produit\/promifen-10-onglets-contient-50-mg-de-citrate-de-clomifene\/\">Clomid <\/a>et le <a href=\"http:\/\/getanabolics.biz\/fr\/produit\/clenbuterol-40-100-tabs-each-40-mcg-clenbuterol-hydrochloride\/\">Clenbut\u00e9rol <\/a>suivant HCG apport ou ils commencent imm\u00e9diatement \u00e0 un autre traitement aux st\u00e9ro\u00efdes. Certains prennent HCG simplement sortir de la \u00ab\u00a0st\u00e9ro\u00efdes\u00a0\u00bb pendant au moins deux \u00e0 trois semaines.<\/p>\n<p><em>HCG notice indique clairement que l&rsquo;HCG \u00ab\u00a0n&rsquo;a aucun effet connu sur la mobilisation des graisses, de l&rsquo;app\u00e9tit ou le sens de la de la faim, ou la distribution de graisse corporelle.\u00a0\u00bb Il ajoute, \u00ab\u00a0l&rsquo;HCG n&rsquo;a pas \u00e9t\u00e9 d\u00e9montr\u00e9 pour \u00eatre efficace traitement adjuvant dans le traitement de l&rsquo;ob\u00e9sit\u00e9, il n&rsquo;a pas d&rsquo;augmenter la perte de graisse au-del\u00e0 de celle qui r\u00e9sulte de l&rsquo; la restriction calorique. 6000 I. U. de l&rsquo;HCG dans une seule injection a entra\u00een\u00e9 une hausse des niveaux de testost\u00e9rone pendant six jours apr\u00e8s l&rsquo;injection. \u00c0 la dose de 1500 I. U. le pharmatestosterone niveau augmente de 250 \u00e0 300% (2.5-3fold) par rapport \u00e0 la valeur initiale. L&rsquo;athl\u00e8te doit injecter un HCG ampoule tous les 5 jours. Depuis le niveau de testost\u00e9rone est consid\u00e9rablement \u00e9lev\u00e9 pendant plusieurs jours, il est inutile d&rsquo;injecter HCG plus d&rsquo;une fois tous les 5 jours. La dose efficace pour les athl\u00e8tes est g\u00e9n\u00e9ralement 2000-5000 I. U. par injection et devrait-comme d\u00e9j\u00e0 mentionn\u00e9-\u00eatre inject\u00e9 tous les 5 jours. HCG ne doit \u00eatre pris que pour un quelques semaines. Si l&rsquo;HCG est pris par des athl\u00e8tes masculins pendant de nombreuses semaines et \u00e0 des doses \u00e9lev\u00e9es, il est possible que les testicules ne r\u00e9pondent mal \u00e0 une plus tard HCG d&rsquo;admission et d&rsquo;une lib\u00e9ration du corps propre LH. Cela pourrait r\u00e9sultat permanent d&rsquo;insuffisance gonadique de la fonction.<\/em><\/p>\n<p><a href=\"http:\/\/getanabolics.biz\/fr\/winstrol-cest-quoi-et-pour-quoi-il-sagit\/\">HCG peut en partie \u00e0 cause des effets secondaires<\/a> semblables \u00e0 ceux de la testost\u00e9rone injectable. Un \u00e9lev\u00e9 de testost\u00e9rone la production va \u00e9galement de pair avec un niveau \u00e9lev\u00e9 d&rsquo;oestrog\u00e8ne qui pourrait entra\u00eener une gyn\u00e9comastie. Cela peut se manifester dans une temporaire de la croissance des seins, ou renforcer, d\u00e9j\u00e0 existant dans la croissance des seins hommes. Athl\u00e8tes pr\u00e9voyants combinent donc HCG avec un anti-\u0153strog\u00e8ne. Les athl\u00e8tes masculins signalent \u00e9galement plus \u00e9rections fr\u00e9quentes et une augmentation du d\u00e9sir sexuel. \u00c0 haute dose, elle peut provoquer de l&rsquo;acn\u00e9 et le stockage de min\u00e9raux et de l&rsquo;eau. Le dernier point doit \u00eatre particuli\u00e8rement observ\u00e9e depuis la r\u00e9tention d&rsquo;eau ce qui est possible gr\u00e2ce \u00e0 l&rsquo;utilisation de l&rsquo;HCG pourrait donner le syst\u00e8me musculaire un gonfl\u00e9s et larmoyants apparence. Les athl\u00e8tes qui ont d\u00e9j\u00e0 augment\u00e9 leur niveau de testost\u00e9rone endog\u00e8ne par la prise de Clomid et l&rsquo;intention de prendre la suite Pregnyl pu faire l&rsquo;exp\u00e9rience consid\u00e9rable de la r\u00e9tention d&rsquo;eau et distinctes f\u00e9minisation des sympt\u00f4mes (gyn\u00e9comastie, la tendance vers les d\u00e9p\u00f4ts de graisse sur les hanches). Cela est d\u00fb \u00e0 la fait que la testost\u00e9rone \u00e9lev\u00e9 conduit \u00e0 un taux de conversion \u00e9lev\u00e9 d&rsquo;\u0153strog\u00e8nes. Chez les tr\u00e8s jeunes athl\u00e8tes HCG, comme les st\u00e9ro\u00efdes anabolisants, peut provoquer un retard de croissance \u00e0 d\u00e9but de la croissance car elle ferme pr\u00e9matur\u00e9ment le epiphysial plaques de croissance. Les sautes d&rsquo;humeur et l&rsquo;hypertension art\u00e9rielle peut \u00e9galement \u00eatre attribu\u00e9e \u00e0 l&rsquo;apport de l&rsquo;HCG.<\/p>\n<p>HCG de la forme de l&rsquo;administration est \u00e9galement inhabituel. La substance choriongonadotropin est un blanc poudreux lyophilis\u00e9 substance qui est g\u00e9n\u00e9ralement utilis\u00e9 comme une compresse. Chaque package, pour chaque HCG ampoule, comprend une autre ampoule avec une solution injectable contenant du chlorure de sodium isotonique. Ce liquide, apr\u00e8s les deux ampoules ont \u00e9t\u00e9 ouverts de mani\u00e8re st\u00e9rile, est inject\u00e9 dans le HCG ampoule et m\u00e9lang\u00e9 avec la substance s\u00e8che. La solution est alors pr\u00eat \u00e0 \u00eatre utilis\u00e9 et doit \u00eatre inject\u00e9 par voie intramusculaire. Si seulement une partie de la substance est inject\u00e9e la solution r\u00e9siduelle doit \u00eatre stock\u00e9 dans le r\u00e9frig\u00e9rateur. Il n&rsquo;est pas n\u00e9cessaire pour stocker la particule de l&rsquo;HCG dans le r\u00e9frig\u00e9rateur; cependant, il doit \u00eatre gard\u00e9 hors de la lumi\u00e8re et de en dessous d&rsquo;une temp\u00e9rature de 25* C.<br \/>\n<strong>Acheter HCG<\/strong> pour augmenter les niveaux de testost\u00e9rone.<\/p>\n<h3>Lire la suite<\/h3>\n<p><a href=\"http:\/\/getanabolics.biz\/fr\/hormone-de-croissance-hgh-les-faits-les-plus-importants\/\">CROISSANCE HORMONE HGH &#8211; LES FAITS LES PLUS IMPORTANTS<\/a><\/p>\n<p><a href=\"http:\/\/getanabolics.biz\/fr\/winstrol-cest-quoi-et-pour-quoi-il-sagit\/\">WINSTROL, QU&rsquo;EST-CE QUE C&rsquo;EST?<\/a><\/p>\n<p><a href=\"http:\/\/getanabolics.biz\/fr\/puis-je-economiser-du-poids-apres-un-cours-de-steroides\/\">PUIS-JE CONSERVER DU POIDS APR\u00c8S UN COURS DE ST\u00c9RO\u00cfDE?<\/a><\/p>\n<p><a href=\"http:\/\/getanabolics.biz\/fr\/pause-entre-les-cours-de-steroides-et-pct\/\">PAUSE ENTRE STEROID COURS ET PCT<\/a><\/p>\n<p><a href=\"http:\/\/getanabolics.biz\/fr\/culturisme-et-steroides\/\">BODYBUILDING ET ST\u00c9RO\u00cfDES<\/a><\/p>\n","protected":false},"excerpt":{"rendered":"<p>Package: 1 flacon de 5000 UI de HCG<br \/>Fabricant: Bharat serums<br \/>Brand name: HCG 5000<br \/>Aussi connu comme: HCG 5000IU<\/p>\n","protected":false},"featured_media":418,"comment_status":"open","ping_status":"closed","template":"","meta":[],"product_cat":[89,96],"product_tag":[48],"_links":{"self":[{"href":"https:\/\/getanabolics.biz\/fr\/wp-json\/wp\/v2\/product\/776"}],"collection":[{"href":"https:\/\/getanabolics.biz\/fr\/wp-json\/wp\/v2\/product"}],"about":[{"href":"https:\/\/getanabolics.biz\/fr\/wp-json\/wp\/v2\/types\/product"}],"replies":[{"embeddable":true,"href":"https:\/\/getanabolics.biz\/fr\/wp-json\/wp\/v2\/comments?post=776"}],"wp:featuredmedia":[{"embeddable":true,"href":"https:\/\/getanabolics.biz\/fr\/wp-json\/wp\/v2\/media\/418"}],"wp:attachment":[{"href":"https:\/\/getanabolics.biz\/fr\/wp-json\/wp\/v2\/media?parent=776"}],"wp:term":[{"taxonomy":"product_cat","embeddable":true,"href":"https:\/\/getanabolics.biz\/fr\/wp-json\/wp\/v2\/product_cat?post=776"},{"taxonomy":"product_tag","embeddable":true,"href":"https:\/\/getanabolics.biz\/fr\/wp-json\/wp\/v2\/product_tag?post=776"}],"curies":[{"name":"wp","href":"https:\/\/api.w.org\/{rel}","templated":true}]}}