{"id":774,"date":"2017-04-27T10:32:35","date_gmt":"2017-04-27T10:44:01","guid":{"rendered":"http:\/\/getanabolics.biz\/product\/trenarapid-10ml-flacon-contient-1000-mg-100-mgml-de-lacetate-de-trenbolone\/"},"modified":"2018-01-19T09:23:40","modified_gmt":"2018-01-19T09:23:40","slug":"trenarapid-10ml-flacon-contient-1000-mg-100-mgml-de-lacetate-de-trenbolone","status":"publish","type":"product","link":"https:\/\/getanabolics.biz\/fr\/produit\/trenarapid-10ml-flacon-contient-1000-mg-100-mgml-de-lacetate-de-trenbolone\/","title":{"rendered":"Trenbolone Acetate &#8211; Alpha-Pharma"},"content":{"rendered":"<h2>Acheter Trenbolone Acetate &#8211; Alpha-Pharma (Trenarapid)<\/h2>\n<p><a title=\"Acheter Trenbolone Acetate au GetAnabolics\"><img src=\"http:\/\/getanabolics.biz\/images\/trena-rapid.jpg\" width=\"30%\" align=\"right\" \/><\/a><br \/>\nPour ceux qui est \u00e0 la recherche d&rsquo;Trenbolone Acetate et vous demandez-vous o\u00f9 acheter Trenbolone Acetate de Alpha-Pharma l\u00e9galement nous vous proposons Trenarapid comme le meilleur choix pour de vrai les culturistes.<br \/>\n<em>\u00c0 partir de maintenant sur une grande vari\u00e9t\u00e9 de st\u00e9ro\u00efdes injectables ainsi que des st\u00e9ro\u00efdes oraux et th\u00e9rapie post-cycle de l&rsquo;Alpha-Pharma peut \u00eatre achet\u00e9 sur <b>GetAnabolics<\/b>. Nous heureux de pr\u00e9senter la nouvelle Trenbolone Acetate de <span style=\"font-weight: bold;\">Alpha-Pharma<\/span>.<\/em><br \/>\nTous les produits que nous vous proposons sont faites de l&rsquo;authentique, de haute qualit\u00e9 et de compos\u00e9s ont un seul but: aider les gens \u00e0 prendre de la masse musculaire, la force globale, \u00e0 br\u00fbler les graisses et de les aider sur le chemin de la perfection physique. Dans le but de cr\u00e9er un esprit constructif et civilis\u00e9 relation avec nos clients, nous allons faire le maximum d&rsquo;efforts pour assurer un service de haute qualit\u00e9, l&rsquo;approche de chaque personne que l&rsquo;adresse de notre magasin avec courtoisie et respect.<br \/>\n<em>Construire et maintenir un corps de r\u00eave ont besoin d&rsquo;une combinaison de m\u00e9thodes. Une bonne alimentation vient en premier dans la liste des composants essentiels n\u00e9cessaires \u00e0 l&rsquo;organisme. Deuxi\u00e8mement, assurez-vous toujours de l&rsquo;acheter et utiliser des st\u00e9ro\u00efdes l\u00e9gaux en ligne n&rsquo;est pas seulement pour \u00e9viter tout conflit avec la loi, mais plus important encore, pour \u00e9viter des complications de sant\u00e9.<\/em><br \/>\n<span style=\"font-weight: bold;\">GetAnabolics.Biz<\/span> is the online steroid supplier specially created and dedicated to provide each athlete and bodybuilder with best <span style=\"font-weight: bold;\">anabolic steroids<\/span> est la ligne de st\u00e9ro\u00efdes fournisseur sp\u00e9cialement con\u00e7u et d\u00e9di\u00e9 \u00e0 fournir \u00e0 chaque athl\u00e8te et de bodybuilder avec le meilleur des st\u00e9ro\u00efdes anabolisants \u00e0 prix discount. Nous avons choisi la plus fiable pour les marques \u00e0 collaborer afin d&rsquo;assurer la s\u00e9curit\u00e9, authentique et haut de gamme de st\u00e9ro\u00efdes pour nos clients.<br \/>\nL&rsquo;exp\u00e9dition des st\u00e9ro\u00efdes en toute s\u00e9curit\u00e9 est la principale pr\u00e9occupation pour la livraison de st\u00e9ro\u00efdes dans le monde entier. Notre exp\u00e9dition discr\u00e8te garantit que personne ne sait que vous achetez des st\u00e9ro\u00efdes en ligne.<\/p>\n<h2>Plus Trenbolone Acetate Alpha-Pharma d&rsquo;informations<\/h2>\n<p><b>10ml flacon contient 1000 mg (100 mg\/ml) de l&rsquo;Ac\u00e9tate de Trenbolone<\/b><\/p>\n<p><u>Caract\u00e9ristiques<\/u><br \/>\n<strong>Active-Vie: Environ 2 jours<\/strong><br \/>\n<strong> Classe de drogue: Anabolisants\/St\u00e9ro\u00efdes Androg\u00e8nes (pour injection)<\/strong><br \/>\n<strong> Moyenne Rapport\u00e9 Dosage: Hommes de 75 mg tous les jours ou deux jours<\/strong><br \/>\n<strong> Acn\u00e9: Oui, surtout dans des dosages plus \u00e9lev\u00e9s.<\/strong><br \/>\n<strong> R\u00e9tention d&rsquo;eau: Non<\/strong><br \/>\n<strong> L&rsquo;hypertension Art\u00e9rielle: Oui<\/strong><br \/>\n<strong> Aromatisation: Aucun<\/strong><br \/>\n<strong> Foie Toxique: Oui,discutable<\/strong><br \/>\n<strong> Conversion de DHT: Non<\/strong><br \/>\n<strong> Diminution HPTA fonction: Oui, de mod\u00e9r\u00e9e \u00e0 extr\u00eame<\/strong><\/p>\n<p>Trenbolone est un androg\u00e8ne tr\u00e8s puissant avec une forte activit\u00e9 anabolique. Il est bien adapt\u00e9 pour l&rsquo;accumulation rapide de la force et de la masse musculaire, g\u00e9n\u00e9ralement fournir \u00e0 l&rsquo;utilisateur des r\u00e9sultats exceptionnels dans une p\u00e9riode de temps relativement court. L&rsquo;effet anabolisant de cette drogue est souvent compar\u00e9 \u00e0 des agents gonflants populaires tels que Dianabol ou de testost\u00e9rone, avec une diff\u00e9rence tr\u00e8s importante. Trenbolone ne convertit pas \u00e0 l&rsquo;oestrog\u00e8ne. C&rsquo;est en effet un compos\u00e9 unique puisque les m\u00e9dicaments de masse, presque comme une r\u00e8gle, sera aromatiser (ou causer d&rsquo;autres probl\u00e8mes li\u00e9s \u0153strog\u00e8nes) fortement. Lorsque l&rsquo;on pense de prendre plus doux (concernant les \u0153strog\u00e8nes) st\u00e9ro\u00efdes nous nous attendons g\u00e9n\u00e9ralement beaucoup plus faible croissance des muscles, mais pas avec Trenbolone. Ici nous n&rsquo;avons pas \u00e0 vous soucier des effets secondaires li\u00e9s \u0153strog\u00e8nes, mais ont encore un tr\u00e8s puissant masse\/force de la drogue. Il n&rsquo;y a pas de r\u00e9tention d&rsquo;eau notable, de sorte que la masse acquise au cours d&rsquo;un cycle de Trenbolone sera tr\u00e8s difficile et d\u00e9fini (en fournissant des niveaux de graisse sont assez bas). Gyn\u00e9comastie n&rsquo;est pas beaucoup d&rsquo;un probl\u00e8me, donc il ne devrait pas y avoir besoin de plus, un anti-\u0153strog\u00e8ne si trenbolone est le seul st\u00e9ro\u00efde administr\u00e9.<\/p>\n<p><em>Le niveau d&rsquo;androg\u00e8nes \u00e9lev\u00e9s r\u00e9sultant de ce st\u00e9ro\u00efde, en l&rsquo;absence est l&rsquo;exc\u00e8s d&rsquo;\u0153strog\u00e8nes, peut \u00e9galement acc\u00e9l\u00e9rer la combustion des graisses du corps. Le r\u00e9sultat devrait \u00eatre une beaucoup plus physique, esp\u00e9rons-le, sans la n\u00e9cessit\u00e9 de suivre un r\u00e9gime extr\u00eame. Trenbolone peut donc contribuer \u00e0 une incroyablement dur, d\u00e9chir\u00e9 physique et est un produit id\u00e9al pour les culturistes comp\u00e9titifs.<\/em><\/p>\n<p><strong>Trenbolone<\/strong> est nettement plus puissant que la testost\u00e9rone, et a un effet qui est jusqu&rsquo;\u00e0 trois fois plus forte sur un milligramme pour milligramme. De m\u00eame, nous pouvons nous attendre \u00e0 voir un certain niveau d&rsquo;androg\u00e8ne effets secondaires avec l&rsquo;utilisation de ce compos\u00e9. La peau grasse, un comportement agressif, l&rsquo;acn\u00e9 et la perte de cheveux ne sont donc pas rare au cours d&rsquo;un cycle avec ce st\u00e9ro\u00efde. La nature androg\u00e8ne de cette drogue, bien s\u00fbr, c&rsquo;est un point tr\u00e8s risqu\u00e9 pour les femmes \u00e0 utiliser, la possibilit\u00e9 pour les sympt\u00f4mes de virilisation extr\u00eamement \u00e9lev\u00e9 avec un puissant androg\u00e8ne.<\/p>\n<blockquote><p><strong>Trenbolone<\/strong> est \u00e9galement beaucoup plus puissant que la testost\u00e9rone \u00e0 la suppression de la production d&rsquo;androg\u00e8nes endog\u00e8nes. Cela rend clair le fait que les \u0153strog\u00e8nes n&rsquo;est pas le seul coupable de l&rsquo;inhibition de la r\u00e9troaction n\u00e9gative, comme ici, il n&rsquo;y a pas d&rsquo;accumulation de cette hormone \u00e0 signaler ici. Il y a cependant une activit\u00e9 comme un progestatif inh\u00e9rents \u00e0 ce compos\u00e9, comme trenbolone est un 19-nortestost\u00e9rone (nandrolone) d\u00e9riv\u00e9 (un trait caract\u00e9ristique de ces compos\u00e9s). Cependant, il semble probable qu&rsquo;une grande partie de son caract\u00e8re r\u00e9pressif encore d\u00e9coule de sa puissante action des androg\u00e8nes. Avec la forte incidence de trenbolone sur endog\u00e8ne de testost\u00e9rone, bien entendu, l&rsquo;utilisation d&rsquo;un m\u00e9dicament stimulant, comme <strong>HCG<\/strong> et\/ou <strong>Clomid<\/strong>\/<strong>Nolvadex<\/strong> est recommand\u00e9 lors de la conclusion d&rsquo;une corticoth\u00e9rapie (une combinaison de pr\u00e9f\u00e9rence). Sans leur utilisation, il peut prendre une longue p\u00e9riode de temps pour l&rsquo;\u00e9quilibre hormonal de reprendre, comme les testicules peut \u00e0 premi\u00e8re vue ne pas \u00eatre en mesure de r\u00e9pondre normalement \u00e0 la reprise de la production de gonadotrophines endog\u00e8nes en raison d&rsquo;un \u00e9tat atrophi\u00e9. Ceux qui ont utilis\u00e9 r\u00e9guli\u00e8rement Trenbolone souvent la pr\u00e9tention d&rsquo;\u00eatre indispensable. Une dose quotidienne de 37,5 \u00e0 75 mg est la gamme la plus populaire lors de l&rsquo;ex\u00e9cution d&rsquo;un cycle. Alors que de Trenbolone est tr\u00e8s puissant lorsqu&rsquo;il est utilis\u00e9 seul, il est g\u00e9n\u00e9ralement combin\u00e9 avec d&rsquo;autres st\u00e9ro\u00efdes pour un effet encore plus grand. Au cours d&rsquo;une phase de coupe, on pourrait ajouter un non-aromatiser anabolisants tels que <a href=\"http:\/\/getanabolics.biz\/fr\/produit\/rexobol-10-acheter-winstrol-pilules-50-onglets-chacun-contient-10-mg-de-stanozolol\/\">Winstrol <\/a>ou Primobolan. De telles combinaisons d&rsquo;obtenir une plus grande densit\u00e9 et la duret\u00e9 du muscle. On pourrait aussi en vrac avec ce m\u00e9dicament, avec l&rsquo;ajout d&rsquo;un renforcement des compos\u00e9s comme <strong>Dianabol ou de Testost\u00e9rone.<\/strong> Alors que le gain de masse serait tout \u00e0 fait formidable avec une pile, un certain niveau de r\u00e9tention d&rsquo;eau serait probablement \u00e9galement l&rsquo;accompagner. Moyennement efficace, ces anabolisants <a href=\"http:\/\/getanabolics.biz\/fr\/produit\/deca-100-10x1ml-ampoules-each-has-100-mg-total-1000-mg-nandrolone-decaonate\/\">Deca-Durabolin<\/a> ou <a href=\"http:\/\/getanabolics.biz\/fr\/produit\/boldebolin-1-flacon-de-10-ml-1-ml-contient-250-mg-de-boldenone\/\">\u00c9quilibre <\/a>serait quelque peu d&rsquo;un point \u00e0 mi-chemin, offrant plus de force et de masse, mais sans le m\u00eame niveau de ballonnement de l&rsquo;eau nous voir avec des st\u00e9ro\u00efdes plus facilement aromatis\u00e9s.<\/p><\/blockquote>\n<h3>Lire la suite<\/h3>\n<p><a href=\"http:\/\/getanabolics.biz\/fr\/principaux-resultats-du-meilleur-acetate-de-trenbolone\/\">GRANDS R\u00c9SULTATS DU MEILLEUR AC\u00c9TATE DE TRENBOLONE<\/a><\/p>\n<p><a href=\"http:\/\/getanabolics.biz\/fr\/tout-ce-que-vous-devez-savoir-sur-anadrol\/\">TOUT CE QUE VOUS DEVEZ SAVOIR SUR ANADROL<\/a><\/p>\n<p><a href=\"http:\/\/getanabolics.biz\/fr\/leffet-des-steroides-sur-la-peau-humaine\/\">L&rsquo;EFFET DES ST\u00c9RO\u00cfDES SUR LA PEAU HUMAINE<\/a><\/p>\n<p><a href=\"http:\/\/getanabolics.biz\/fr\/rassemblez-une-masse-seche-sans-effets-secondaires\/\">RASSEMBLER UNE MASSE SECHE SANS EFFETS SECONDAIRES<\/a><\/p>\n<p><a href=\"http:\/\/getanabolics.biz\/fr\/quelle-devrait-etre-la-duree-du-cours-des-steroides\/\">Quelle devrait \u00eatre la dur\u00e9e de l&rsquo;\u00e9volution des st\u00e9ro\u00efdes?<\/a><\/p>\n","protected":false},"excerpt":{"rendered":"<p>Package: 10ml flacon contient 1000 mg (100 mg\/ml) de l&rsquo;Ac\u00e9tate de Trenbolone<br \/>Fabricant: Alpha-Pharma<br \/>Brand name: Trenbolone Acetate<br \/>Aussi connu comme: Trenarapid<\/p>\n","protected":false},"featured_media":406,"comment_status":"open","ping_status":"closed","template":"","meta":[],"product_cat":[104,117],"product_tag":[40],"_links":{"self":[{"href":"https:\/\/getanabolics.biz\/fr\/wp-json\/wp\/v2\/product\/774"}],"collection":[{"href":"https:\/\/getanabolics.biz\/fr\/wp-json\/wp\/v2\/product"}],"about":[{"href":"https:\/\/getanabolics.biz\/fr\/wp-json\/wp\/v2\/types\/product"}],"replies":[{"embeddable":true,"href":"https:\/\/getanabolics.biz\/fr\/wp-json\/wp\/v2\/comments?post=774"}],"wp:featuredmedia":[{"embeddable":true,"href":"https:\/\/getanabolics.biz\/fr\/wp-json\/wp\/v2\/media\/406"}],"wp:attachment":[{"href":"https:\/\/getanabolics.biz\/fr\/wp-json\/wp\/v2\/media?parent=774"}],"wp:term":[{"taxonomy":"product_cat","embeddable":true,"href":"https:\/\/getanabolics.biz\/fr\/wp-json\/wp\/v2\/product_cat?post=774"},{"taxonomy":"product_tag","embeddable":true,"href":"https:\/\/getanabolics.biz\/fr\/wp-json\/wp\/v2\/product_tag?post=774"}],"curies":[{"name":"wp","href":"https:\/\/api.w.org\/{rel}","templated":true}]}}