{"id":773,"date":"2017-04-27T10:31:41","date_gmt":"2017-04-27T10:44:01","guid":{"rendered":"http:\/\/getanabolics.biz\/product\/parabolin-parabolin-trenbolone-75mg-boite-de-5-ampoules-15-ml\/"},"modified":"2018-01-19T13:58:09","modified_gmt":"2018-01-19T13:58:09","slug":"parabolin-parabolan-parabolin-trenbolone-75mg-box-of-5-ampoules-1-5ml","status":"publish","type":"product","link":"https:\/\/getanabolics.biz\/fr\/produit\/parabolin-parabolan-parabolin-trenbolone-75mg-box-of-5-ampoules-1-5ml\/","title":{"rendered":"Parabolin (Parabolan) &#8211; Alpha Pharma"},"content":{"rendered":"<h2>Acheter Parabolin (Parabolan) &#8211; Alpha Pharma (Parabolin)<\/h2>\n<p><a title=\"Acheter Parabolin (Parabolan) au GetAnabolics\"><img src=\"http:\/\/getanabolics.biz\/images\/parabolin.jpg\" width=\"30%\" align=\"right\" \/><\/a><br \/>\nPour ceux qui est \u00e0 la recherche d&rsquo;Parabolin (Parabolan) et vous demandez-vous o\u00f9 acheter Parabolin (Parabolan) de Alpha Pharma l\u00e9galement nous vous proposons Parabolin comme le meilleur choix pour de vrai les culturistes.<br \/>\n\u00c0 partir de maintenant sur une grande vari\u00e9t\u00e9 de st\u00e9ro\u00efdes injectables ainsi que des st\u00e9ro\u00efdes oraux et th\u00e9rapie post-cycle de l&rsquo;Alpha Pharma peut \u00eatre achet\u00e9 sur <b>GetAnabolics<\/b>. Nous heureux de pr\u00e9senter la nouvelle Parabolin (Parabolan) de <span style=\"font-weight: bold;\">Alpha Pharma<\/span>.<br \/>\nTous les produits que nous vous proposons sont faites de l&rsquo;authentique, de haute qualit\u00e9 et de compos\u00e9s ont un seul but: aider les gens \u00e0 prendre de la masse musculaire, la force globale, \u00e0 br\u00fbler les graisses et de les aider sur le chemin de la perfection physique. Dans le but de cr\u00e9er un esprit constructif et civilis\u00e9 relation avec nos clients, nous allons faire le maximum d&rsquo;efforts pour assurer un service de haute qualit\u00e9, l&rsquo;approche de chaque personne que l&rsquo;adresse de notre magasin avec courtoisie et respect.<br \/>\n<em>Construire et maintenir un corps de r\u00eave ont besoin d&rsquo;une combinaison de m\u00e9thodes. Une bonne alimentation vient en premier dans la liste des composants essentiels n\u00e9cessaires \u00e0 l&rsquo;organisme. Deuxi\u00e8mement, assurez-vous toujours de l&rsquo;acheter et utiliser des st\u00e9ro\u00efdes l\u00e9gaux en ligne n&rsquo;est pas seulement pour \u00e9viter tout conflit avec la loi, mais plus important encore, pour \u00e9viter des complications de sant\u00e9.<\/em><br \/>\n<span style=\"font-weight: bold;\">GetAnabolics.Biz<\/span> is the online steroid supplier specially created and dedicated to provide each athlete and bodybuilder with best <span style=\"font-weight: bold;\">anabolic steroids<\/span> est la ligne de st\u00e9ro\u00efdes fournisseur sp\u00e9cialement con\u00e7u et d\u00e9di\u00e9 \u00e0 fournir \u00e0 chaque athl\u00e8te et de bodybuilder avec le meilleur des st\u00e9ro\u00efdes anabolisants \u00e0 prix discount. Nous avons choisi la plus fiable pour les marques \u00e0 collaborer afin d&rsquo;assurer la s\u00e9curit\u00e9, authentique et haut de gamme de st\u00e9ro\u00efdes pour nos clients.<br \/>\nL&rsquo;exp\u00e9dition des st\u00e9ro\u00efdes en toute s\u00e9curit\u00e9 est la principale pr\u00e9occupation pour la livraison de st\u00e9ro\u00efdes dans le monde entier. Notre exp\u00e9dition discr\u00e8te garantit que personne ne sait que vous achetez des st\u00e9ro\u00efdes en ligne.<\/p>\n<h2>Plus Parabolin (Parabolan) Alpha Pharma d&rsquo;informations<\/h2>\n<h2>Parabolin (Trenbolone 75mg) Bo\u00eete de 5 Ampoules &#8211; 1,5 ml<\/h2>\n<ul>\n<li><strong>(Trenbolone de Base HexaHydroBencyl Carbonate Ester)<\/strong><\/li>\n<li><strong>[17beta-Hydroxyestra-4,9,11-trien-3-one]<\/strong><\/li>\n<li><strong>Formule: C20 H24 O3<\/strong><\/li>\n<li><strong>Poids Mol\u00e9culaire (base): 270.3706<\/strong><\/li>\n<li><strong>Poids Mol\u00e9culaire (ester):130.1864<\/strong><\/li>\n<li><strong>la Formule (de base): C18 H22 O2<\/strong><\/li>\n<li><strong>Point de Fusion (base): 183-186C<\/strong><\/li>\n<li><strong>Fabricant: (\u00e0 l&rsquo;origine) Negma, Diff\u00e9rents des Laboratoires clandestins<\/strong><\/li>\n<li><strong>Dose Efficace (Hommes): 300-500mgs\/semaine<\/strong><\/li>\n<li><strong>Dose Efficace (Femmes): Non recommand\u00e9<\/strong><\/li>\n<li><strong>vie Active: de 10 \u00e0 14 jours<\/strong><\/li>\n<li><strong>Demi-Vie: 5 \u00e0 7 jours<\/strong><\/li>\n<li><strong>Temps de D\u00e9tection: 4 \u00e0 5 semaines<\/strong><\/li>\n<li><strong>Anabolisants\/Androg\u00e8nes ratio: 500\/500<\/strong><\/li>\n<\/ul>\n<p>Parabolan est utilis\u00e9 que par des utilisateurs exp\u00e9riment\u00e9s parce qu&rsquo;il est un tr\u00e8s puissant et r\u00e9sistant et de produits. Son principal effet est de produire plus dur, plus dense, et un renforcement des muscles, faisant de lui un produit tr\u00e8s populaire pour les athl\u00e8tes.<\/p>\n<p><em>Parabolan est ni affect\u00e9e par l&rsquo;aromatase ou de la 5-alpha-r\u00e9ductase. Cela signifie qu&rsquo;il devient ni plus faible ni plus fort dans des androg\u00e8nes cible sensible des tissus et est une caract\u00e9ristique partag\u00e9e par la DHT (DyhydroTestosterone) d\u00e9riv\u00e9s de st\u00e9ro\u00efdes. Depuis Parabolan est, bien s\u00fbr, un Trenbolone, il n&rsquo;est pas en fait d\u00e9riv\u00e9 de DHT mais plut\u00f4t, il est d\u00e9riv\u00e9 de la 19-Nor-Testost\u00e9rone. Parabolan n&rsquo;a pas d&rsquo;activit\u00e9 oestrog\u00e9nique (il peut effectivement r\u00e9duire les concentrations s\u00e9riques d&rsquo;estradiol dans le corps), est une tr\u00e8s forte anabolisants et androg\u00e8nes compos\u00e9 (5x plus fort que la testost\u00e9rone dans les deux cat\u00e9gories!), et il se lie bien pour le r\u00e9cepteur des androg\u00e8nes. En fait, la liaison \u00ab\u00a0bien\u00a0\u00bb pour le r\u00e9cepteur des androg\u00e8nes est assez un euph\u00e9misme. Il n&rsquo;est pas injectable AAS dans notre arsenal qui se lie au r\u00e9cepteur des androg\u00e8nes (AR) ainsi que le Trenbolone. C&rsquo;est probablement l&rsquo;une des principales raisons qui Parabolan est donc recherch\u00e9 pour l&rsquo;utiliser comme un precontest de l&rsquo;agent. Les R\u00e9cepteurs des androg\u00e8nes sont trouv\u00e9s dans les cellules adipeuses ainsi que des cellules musculaires, (8) et nous savons tous que les androg\u00e8nes agissent sur l&rsquo;AR dans les cellules musculaires pour favoriser la croissance. Les androg\u00e8nes agissent aussi directement sur l&rsquo;AR dans les cellules de graisse \u00e0 affecter la combustion des graisses.(9)(6) La plus forte androg\u00e8nes se lie \u00e0 l&rsquo;A. R, le plus \u00e9lev\u00e9 de la lipolyse (combustion des graisses) effet sur les tissus adipeux (9)(5). Comme si cela&rsquo;a pas assez de bonnes nouvelles, certains st\u00e9ro\u00efdes m\u00eame augmenter le nombre de A. R. dans les muscles et la graisse (9)(10), m&rsquo;a conduit \u00e0 supposer que ce perte de graisse effet sera amplifi\u00e9 avec l&rsquo;utilisation concomitante d&rsquo;autres compos\u00e9s, tels que la testost\u00e9rone injectable.<\/em><\/p>\n<p>Un autre m\u00e9canisme par lequel Parabolan provoque l&rsquo;accumulation de muscle et perte de graisse est sa capacit\u00e9 comme un agent de partage des nutriments.(7) en fait, ce que cela signifie, c&rsquo;est que pendant l&rsquo;utilisation de l&rsquo;\u00e9nergie et des Transports, plus de la nourriture que vous mangez va devenir de Muscle et moins (le cas \u00e9ch\u00e9ant) deviennent Gras. Vraiment! Comme vous pouvez le voir, la plupart de Parabolan&rsquo;culte de la r\u00e9putation est bien m\u00e9rit\u00e9e. Et comme si cela&rsquo;est pas assez, Parabolan augmente sensiblement le niveau d&rsquo;IGF-1 dans le tissu musculaire (2), ce qui en soi est une tr\u00e8s anabolisants hormones. Et, il&rsquo;int\u00e9ressant de noter que non seulement il augmente les niveaux d&rsquo;IGF-1 dans le muscle plus de deux fois (2), il provoque aussi des cellules satellites du muscle (cellules de r\u00e9parer les muscles endommag\u00e9s) \u00e0 \u00eatre plus sensibles \u00e0 l&rsquo;IGF-1 et d&rsquo;autres facteurs de croissance(3). Ceci me conduit \u00e0 supposer que Parabolan (ou n&rsquo;importe quelle version de Tren) serait synergique dans un cycle contenant toute forme injectable de l&rsquo;IGF-1.<\/p>\n<p>Parabolan arrive aussi de se lier tr\u00e8s fortement pour le r\u00e9cepteur des glucocortico\u00efdes, et ce, \u00e0 son tour, donne un joli effet anti-catabolique. En partie, peut aider \u00e0 expliquer pourquoi faible(ish) les doses d&rsquo;il semble fonctionner bien, ainsi que pourquoi il contribue \u00e0 la perte de graisse. Vous voyez, les hormones glucocortico\u00efdes envoyer un message aux cellules musculaires de se lib\u00e8rent des prot\u00e9ines (ce qui est appel\u00e9 le catabolisme), ce qui est exactement le contraire de ce que nous voulons.<\/p>\n<p>Ce m\u00e9dicament piles bien avec la plupart de tout, en particulier la Testost\u00e9rone (en fait, si vous voulez \u00e9viter la dysfonction sexuelle, l&#8217;empilage testost\u00e9rone est n\u00e9cessaire). J&rsquo;ai aussi trouv\u00e9 que c&rsquo;\u00e9tait un excellent ajout \u00e0 une pile contenant de l&rsquo;\u00c9quilibre. Malheureusement, l&rsquo;insomnie qui Parabolan donne de nombreux utilisateurs, ajout\u00e9 \u00e0 l&rsquo;augmentation de l&rsquo;app\u00e9tit, l&rsquo;\u00c9quilibre peut causer rend minuit snacking presque in\u00e9vitable pour ceux qui re\u00e7oivent ces effets. Parabolan est le plus souvent utilis\u00e9 dans les piles lorsque les \u00ab\u00a0la qualit\u00e9 musculaire\u00a0\u00bb le gain est favoris\u00e9e par rapport \u00e0 ballonnements et la r\u00e9tention d&rsquo;eau. Vraiment, je pense que Parabolan (ou tout Tren) est un grand \u00ab\u00a0coupe\u00a0\u00bb anabolisants, m\u00eame s&rsquo;il a \u00e9t\u00e9 utilis\u00e9 avec succ\u00e8s par de nombreux dans les deux Coupe et de cycles de gonflement.<\/p>\n<p><b>Parabolan Effets Secondaires<\/b><\/p>\n<p>Certains utilisateurs de Par rapport de la Dysfonction sexuelle (Tren-Dick) et les sympt\u00f4mes de Gyno (probablement de la progest\u00e9rone, comme Trenbolone agit sur les r\u00e9cepteurs de la progest\u00e9rone, mais pas le r\u00e9cepteur des oestrog\u00e8nes). Comme vous le savez, la Trenbolone est, malheureusement, un progestatif. Tren se lie au r\u00e9cepteur de l&rsquo;hormone de sexe f\u00e9minin de la progest\u00e9rone (avec environ 60% de la force r\u00e9elle de la progest\u00e9rone) (4). Dans l&rsquo;hyper-sensibles muscle-research.com les membres, cela peut conduire \u00e0 des ballonnements et la croissance des seins lorsqu&rsquo;il est combin\u00e9 avec un oestrog\u00e9nique ou aromatisable produit, mais probablement pas lorsque utilis\u00e9es sans que l&rsquo;un (12). Pire encore, la Trenbolone&rsquo;s m\u00e9tabolite actif (17beta-trenbolone) a une affinit\u00e9 de liaison pour le r\u00e9cepteur de la progest\u00e9rone qui est en fait plus grande que celle de la progest\u00e9rone elle-m\u00eame (5). Pas de panique, cependant, un inhibiteur de l&rsquo;aromatase Letrozole peuvent \u00e9galement abaisser les niveaux de progest\u00e9rone, et de lutter contre la progestative c\u00f4t\u00e9s (13)(14). Je vais consid\u00e9rer son inclusion au .25-.5mgs\/jour dans un cycle contenant Parabolan ou tout 19-nor compos\u00e9.<\/p>\n<p>Ironiquement, m\u00eame si Para est une excellente coupe de la drogue, il permettra de r\u00e9duire votre niveau de la thyro\u00efde (11). Ce faisant, par le moyen du corps de l&rsquo;s de r\u00e9troaction n\u00e9gative de la boucle, soul\u00e8ve \u00e9galement la prolactine. Ergo, je vous recommande de prendre la T3 (25mcg\/jour) ou T4 (100 mcg\/jour) avec votre Tren pour \u00e9viter la souffrance de l&rsquo;augmentation des taux de prolactine et de l&rsquo;arm\u00e9e d&rsquo;effets secondaires ind\u00e9sirables, cela pourrait causer. Pour ces raisons, de nombreuses personnes d&rsquo;\u00e9viter l&#8217;empilement de Tren avec Deca (Nandrolone D\u00e9canoate), qui est aussi un progestatif (4).<\/p>\n<p>Changements mentaux sont un fameux effet secondaire de tout type, de l&rsquo;utilisation de trenbolone et le Para n&rsquo;est pas une exception \u00e0 cette r\u00e8gle. Les androg\u00e8nes augmentation des produits chimiques dans le cerveau qui favorisent un comportement agressif(12). Cela peut \u00eatre b\u00e9n\u00e9fique pour certains athl\u00e8tes qui veulent am\u00e9liorer la vitesse et la puissance, mais peut-\u00eatre que pr\u00e9judiciable \u00e0 ceux qui essaient de tenir un emploi en tant que travailleur social. Je crois que cela peut \u00eatre contr\u00f4l\u00e9e. Il semble que si vous \u00eates un laid-back, doux-mannered gars, vous allez toujours \u00eatre de la m\u00eame fa\u00e7on. Si vous \u00eates d\u00e9j\u00e0 un trou du cul, vous allez probablement \u00eatre un encore plus grand trou du cul.<\/p>\n<p>Pour certains, le pire effet de toute sorte de Trenbolone est \u00ab\u00a0Tren de la toux\u00a0\u00bb. Tren \u00c9nanthate de ne pas avoir cet effet sur la plupart, mais Parabolan parfois. Tren Ac\u00e9tate semble \u00eatre le pire des d\u00e9linquants quand il s&rsquo;agit de Tren-Toux. Beaucoup de faire rapport que, de ce c\u00f4t\u00e9-effet dispara\u00eet apr\u00e8s les deux premi\u00e8res semaines d&rsquo;utilisation. Aussi, tout type de Tren donne beaucoup d&rsquo;utilisateurs un peu de l&rsquo;insomnie. Les plus notables effets secondaires de Parabolan est que g\u00e9n\u00e9ralement, il augmente la transpiration consid\u00e9rablement, m\u00eame en donnant aux utilisateurs vicieux \u00ab\u00a0sueurs nocturnes\u00a0\u00bb qui vont bien avec l&rsquo;insomnie. Monter une vol\u00e9e d&rsquo;escaliers peut causer certains Tren utilisateurs de sortir d&rsquo;une des perles de sueur et de devenir poussif. Apr\u00e8s avoir mentionn\u00e9 que, il doit \u00eatre not\u00e9 que beaucoup de gens l&rsquo;exp\u00e9rience d&rsquo;une r\u00e9duction de la capacit\u00e9 cardio-vasculaire lors de l&rsquo;utilisation Par. Encore, ses incroyables effets sur la force et l&rsquo;apparence de dire qu&rsquo;il va tomber dans de nombreux membres de l&rsquo; cycles pour les hors saisons et en hiver (quand la transpiration gagn\u00e9&rsquo;t \u00eatre autant de probl\u00e8me).<\/p>\n<p><b>Parabolan R\u00e9f\u00e9rences:<\/b><\/p>\n<ol>\n<li>Br J Nutr. 1978 Nov;40(3):563-72.<\/li>\n<li>J Cell Physiol. Novembre 2004;201(2):181-9.<\/li>\n<li>Endocrinologie. 1989 Peut;124(5):2110-7.<\/li>\n<li>Cancer Res 1978 Nov; 38(11 Pt 2):4186-98<\/li>\n<li>APMIS. D\u00e9cembre 2000;108(12):838-46.<\/li>\n<li>(Xu X, et al. \u00ab\u00a0Les effets des androg\u00e8nes sur la r\u00e9gulation de la lipolyse dans le tissu adipeux cellules pr\u00e9curseurs.\u00a0\u00bb Endocrinologie F\u00e9vrier 1990;126(2):1229 ).<\/li>\n<li>J Anim Sci. 1992 Nov;70(11):3381-90.<\/li>\n<li>Am J Physiol. 1998 Jun;274(6 Pt 1):C1645-52.<\/li>\n<li>Biochim Biophys Acta. 1995 Mai 11;1244(1):117-20.<\/li>\n<li>J Appl. Physiol.94 1153-61 2003<\/li>\n<li>Res V\u00e9t\u00e9rinaire Sci 1981 Jan;30(1):7-13<\/li>\n<li>Med Sci Sports Exerc. 2003 Jan; 35(1):32-8<\/li>\n<li>la Progest\u00e9rone n&rsquo;est pas essentiel \u00e0 la diff\u00e9renciantes potentiel de l&rsquo;\u00e9pith\u00e9lium mammaire chez la souris m\u00e2le. Freeman, Topper. L&rsquo;endocrinologie. 1978 Jul;103(1):186-92<\/li>\n<li>Eur J Obstet Gynecol Reprod Biol. 2002 Nov 15;105(2):161-5.<\/li>\n<li>J Clin Endocrinol Metab. 1995 sept;80(9):2658-60.<\/li>\n<\/ol>\n<h3>Lire la suite<\/h3>\n<p><a href=\"http:\/\/getanabolics.biz\/fr\/achetez-dianabol-en-ligne-sur-getanabolics-biz\/\">ACHETER DIANABOL EN LIGNE SUR GETANABOLICS.BIZ<\/a><\/p>\n<p><a href=\"http:\/\/getanabolics.biz\/fr\/winstrol-cest-quoi-et-pour-quoi-il-sagit\/\">WINSTROL, QU&rsquo;EST-CE QUE C&rsquo;EST?<\/a><\/p>\n<p><a href=\"http:\/\/getanabolics.biz\/fr\/cytomel-t3-avis-sur-getanabolics-biz\/\">CYTOMEL T3 REVIEWS SUR GETANABOLICS.BIZ<\/a><\/p>\n<p><a href=\"http:\/\/getanabolics.biz\/fr\/pause-entre-les-cours-de-steroides-et-pct\/\">PAUSE ENTRE STEROID COURS ET PCT<\/a><\/p>\n<p><a href=\"http:\/\/getanabolics.biz\/fr\/quelle-est-lefficacite-du-pont-steroide\/\">\u00c0 quel point le pont st\u00e9roidien est-il efficace?<\/a><\/p>\n<p>&nbsp;<\/p>\n","protected":false},"excerpt":{"rendered":"<p>Package: Parabolin (Trenbolone 75mg) Bo\u00eete de 5 Ampoules &#8211; 1,5 ml<br \/>Fabricant: Alpha Pharma<br \/>Brand name: Parabolin (Parabolan)<br \/>Aussi connu comme: Parabolin<\/p>\n","protected":false},"featured_media":316,"comment_status":"open","ping_status":"closed","template":"","meta":[],"product_cat":[104],"product_tag":[40],"_links":{"self":[{"href":"https:\/\/getanabolics.biz\/fr\/wp-json\/wp\/v2\/product\/773"}],"collection":[{"href":"https:\/\/getanabolics.biz\/fr\/wp-json\/wp\/v2\/product"}],"about":[{"href":"https:\/\/getanabolics.biz\/fr\/wp-json\/wp\/v2\/types\/product"}],"replies":[{"embeddable":true,"href":"https:\/\/getanabolics.biz\/fr\/wp-json\/wp\/v2\/comments?post=773"}],"wp:featuredmedia":[{"embeddable":true,"href":"https:\/\/getanabolics.biz\/fr\/wp-json\/wp\/v2\/media\/316"}],"wp:attachment":[{"href":"https:\/\/getanabolics.biz\/fr\/wp-json\/wp\/v2\/media?parent=773"}],"wp:term":[{"taxonomy":"product_cat","embeddable":true,"href":"https:\/\/getanabolics.biz\/fr\/wp-json\/wp\/v2\/product_cat?post=773"},{"taxonomy":"product_tag","embeddable":true,"href":"https:\/\/getanabolics.biz\/fr\/wp-json\/wp\/v2\/product_tag?post=773"}],"curies":[{"name":"wp","href":"https:\/\/api.w.org\/{rel}","templated":true}]}}