{"id":772,"date":"2017-04-27T10:31:41","date_gmt":"2017-04-27T10:44:01","guid":{"rendered":"http:\/\/getanabolics.biz\/product\/nandrorapid-boite-de-10-ampoules-de-1-ml-100-mg-ml-nandrolone-phenylpropionate\/"},"modified":"2018-01-21T11:52:56","modified_gmt":"2018-01-21T11:52:56","slug":"nandrorapid-n-phenylpropionate-box-of-10-ampoules-of-1-ml-100mg-ml-nandrolone-phenylpropionate","status":"publish","type":"product","link":"https:\/\/getanabolics.biz\/fr\/produit\/nandrorapid-n-phenylpropionate-box-of-10-ampoules-of-1-ml-100mg-ml-nandrolone-phenylpropionate\/","title":{"rendered":"NandroRapid (N. Phenylpropionate) &#8211; Alpha Pharma"},"content":{"rendered":"<h2>Acheter NandroRapid (N. Phenylpropionate) &#8211; Alpha Pharma (Nandrorapid)<\/h2>\n<p><a title=\"Acheter NandroRapid (N. Phenylpropionate) au GetAnabolics\"><img src=\"http:\/\/getanabolics.biz\/images\/nandro-rapid-alphapharm.jpg\" width=\"30%\" align=\"right\" \/><\/a><br \/>\nPour ceux qui est \u00e0 la recherche d&rsquo;NandroRapid (N. Phenylpropionate) et vous demandez-vous o\u00f9 acheter NandroRapid (N. Phenylpropionate) de Alpha Pharma l\u00e9galement nous vous proposons Nandrorapid comme le meilleur choix pour de vrai les culturistes.<br \/>\n\u00c0 partir de maintenant sur une grande vari\u00e9t\u00e9 de st\u00e9ro\u00efdes injectables ainsi que des st\u00e9ro\u00efdes oraux et th\u00e9rapie post-cycle de l&rsquo;Alpha Pharma peut \u00eatre achet\u00e9 sur <b>GetAnabolics<\/b>. Nous heureux de pr\u00e9senter la nouvelle NandroRapid (N. Phenylpropionate) de <span style=\"font-weight: bold;\">Alpha Pharma<\/span>.<br \/>\n<em>Tous les produits que nous vous proposons sont faites de l&rsquo;authentique, de haute qualit\u00e9 et de compos\u00e9s ont un seul but: aider les gens \u00e0 prendre de la masse musculaire, la force globale, \u00e0 br\u00fbler les graisses et de les aider sur le chemin de la perfection physique. Dans le but de cr\u00e9er un esprit constructif et civilis\u00e9 relation avec nos clients, nous allons faire le maximum d&rsquo;efforts pour assurer un service de haute qualit\u00e9, l&rsquo;approche de chaque personne que l&rsquo;adresse de notre magasin avec courtoisie et respect.<\/em><br \/>\nConstruire et maintenir un corps de r\u00eave ont besoin d&rsquo;une combinaison de m\u00e9thodes. Une bonne alimentation vient en premier dans la liste des composants essentiels n\u00e9cessaires \u00e0 l&rsquo;organisme. Deuxi\u00e8mement, assurez-vous toujours de l&rsquo;acheter et utiliser des st\u00e9ro\u00efdes l\u00e9gaux en ligne n&rsquo;est pas seulement pour \u00e9viter tout conflit avec la loi, mais plus important encore, pour \u00e9viter des complications de sant\u00e9.<br \/>\n<span style=\"font-weight: bold;\">GetAnabolics.Biz<\/span> is the online steroid supplier specially created and dedicated to provide each athlete and bodybuilder with best <span style=\"font-weight: bold;\">anabolic steroids<\/span> est la ligne de st\u00e9ro\u00efdes fournisseur sp\u00e9cialement con\u00e7u et d\u00e9di\u00e9 \u00e0 fournir \u00e0 chaque athl\u00e8te et de bodybuilder avec le meilleur des st\u00e9ro\u00efdes anabolisants \u00e0 prix discount. Nous avons choisi la plus fiable pour les marques \u00e0 collaborer afin d&rsquo;assurer la s\u00e9curit\u00e9, authentique et haut de gamme de st\u00e9ro\u00efdes pour nos clients.<br \/>\n<em>L&rsquo;exp\u00e9dition des st\u00e9ro\u00efdes en toute s\u00e9curit\u00e9 est la principale pr\u00e9occupation pour la livraison de st\u00e9ro\u00efdes dans le monde entier. Notre exp\u00e9dition discr\u00e8te garantit que personne ne sait que vous achetez des st\u00e9ro\u00efdes en ligne.<\/em><\/p>\n<h2>Plus NandroRapid (N. Phenylpropionate) Alpha Pharma d&rsquo;informations<\/h2>\n<p><b>Bo\u00eete de 10 Ampoules de 1 ml, 100 mg \/ ml. Nandrolone Phenylpropionate<\/b><\/p>\n<p><em>la Nandrolone Phenylpropionate, aussi connu comme la BNP est tr\u00e8s similaire \u00e0 la tr\u00e8s populaire de st\u00e9ro\u00efdes de Deca qui est la Nandrolone avec une plus longue ester (D\u00e9canoate). Nandrolone Phenylpropionate est, par cons\u00e9quent, une plus courte dur\u00e9e d&rsquo;action Deca pour toutes fins utiles. Pour l&rsquo;anecdote, il semble produire moins de r\u00e9tention d&rsquo;eau que son action plus longue cousin, et ce serait tr\u00e8s coh\u00e9rent avec testost\u00e9rones injectables, o\u00f9 nous constatons que la r\u00e9duction des esters de fournir beaucoup moins de r\u00e9tention d&rsquo;eau.<\/em><\/p>\n<p>Ses un progestatif, comme toute la Nandrolone d\u00e9riv\u00e9s, et est fabriqu\u00e9 par la suppression de l&rsquo;atome de carbone \u00e0 la 19\u00e8me position de la Steran Noyau de la testost\u00e9rone. Cependant, bien que ses un progestatif, la Nandrolone (ind\u00e9pendamment de l&rsquo;ester) ne produit pas beaucoup de ce que nous pourrions appeler correctement les effets secondaires oestrog\u00e9niques. Les effets secondaires de la Nandrolone Phenylpropionate serait donc plus juste de les qualifier de progestenic dans la nature, car il ne convertit \u00e0 l&rsquo;oestrog\u00e8ne, \u00e0 environ 20% le taux de la testost\u00e9rone.<\/p>\n<p><em>Ind\u00e9pendamment de l&rsquo;ester et la r\u00e9tention d&rsquo;eau ne r\u00e9sistant pas, nous constatons que toutes les caract\u00e9ristiques d&rsquo;trouv\u00e9 dans un type de Nandrolone sont trouv\u00e9s dans tous les autres. La Nandrolone, probablement en raison de sa progestenic la nature a la capacit\u00e9 d&rsquo;am\u00e9liorer la synth\u00e8se du collag\u00e8ne ainsi que le contenu min\u00e9ral osseux. Clairement, ce serait un \u00e9norme avantage pour les athl\u00e8tes avec le tissu conjonctif de probl\u00e8mes ou d&rsquo;autres questions d&rsquo;int\u00e9r\u00eat commun, m\u00eame si la drogue test\u00e9 les athl\u00e8tes ont besoin pour \u00e9viter Nandrolones en raison de leur d\u00e9tectabilit\u00e9 dans l&rsquo;urine pendant un an \u00e0 dix-huit mois apr\u00e8s l&rsquo;administration. Aussi, car il est un progestatif (avec une l\u00e9g\u00e8re oestrog\u00e9nique de la capacit\u00e9), il a probablement certains des effets tr\u00e8s b\u00e9n\u00e9fiques sur le syst\u00e8me immunitaire m\u00e9di\u00e9e par les anti-processus inflammatoire, apaisant ainsi les articulations ainsi que d&rsquo;aider \u00e0 les gu\u00e9rir.<\/em><\/p>\n<p>La Nandrolone est l&rsquo;un des rares st\u00e9ro\u00efdes qui a \u00e9t\u00e9 utilis\u00e9 avec succ\u00e8s dans les malades du SIDA afin de stimuler la prise de poids, et bien que les athl\u00e8tes utilisant des BNP au lieu de Deca trouve que c&rsquo;produisent un peu moins de gain de poids, ce est probablement un r\u00e9sultat de qui prennent moins de poids de l&rsquo;eau. Nandrolone Phenylpropionate, est l&rsquo;un des plus populaires de drogue que Deca pour une utilisation dans les cycles de coupe r\u00e9cemment, en raison de ce fait.<\/p>\n<p><em>Cela nous am\u00e8ne au fait que, bien que le D\u00e9ca a une tr\u00e8s longue dur\u00e9e de vie active, la BNP a beaucoup plus court, ce qui signifie que les gens sont oblig\u00e9s d&rsquo;injecter au moins deux fois par semaine, avec le plus de protocole commun d&rsquo;\u00eatre tous les trois jours. Les r\u00e9sultats sont visibles beaucoup plus rapidement avec des BNP en comparaison avec Deca, et ses rapidement devenir une alternative plus populaire.<\/em><\/p>\n<p><b>effets Secondaires Possibles<\/b>: Parce que la nandrolone est pas d\u00e9compos\u00e9 en DHT, les effets d\u00e9l\u00e9t\u00e8res pour la plupart des st\u00e9ro\u00efdes anabolisants sur le cuir chevelu, de la peau et de la prostate sont diminu\u00e9es d&rsquo;un degr\u00e9; mais il est assez ventil\u00e9 pour le beaucoup plus faible androg\u00e8nes dihydronandrolone. Le manque d&rsquo;alkylation sur la 17a-carbone r\u00e9duit consid\u00e9rablement la drogue, la toxicit\u00e9 du foie. Les effets oestrog\u00e9niques r\u00e9sultant de la r\u00e9action avec de l&rsquo;aromatase sont \u00e9galement att\u00e9nu\u00e9s comme un r\u00e9sultat de la drogue d&rsquo;un progestatif, mais les effets sont tels que la gyn\u00e9comastie et la r\u00e9duction de la libido encore se produire dans de plus grandes doses. D&rsquo;autres effets secondaires peuvent inclure la dysfonction \u00e9rectile et des d\u00e9g\u00e2ts cardiovasculaires, ainsi que de plusieurs maux r\u00e9sultant de l&rsquo;effet du m\u00e9dicament d&rsquo;abaisser les niveaux de l&rsquo;hormone lut\u00e9inisante par le biais de la r\u00e9troaction n\u00e9gative.<\/p>\n<p><b>dose Efficace<\/b>: 50 &#8211; 150 mg tous les deux jours.<\/p>\n","protected":false},"excerpt":{"rendered":"<p>Package: Bo\u00eete de 10 Ampoules de 1 ml, 100 mg \/ ml. Nandrolone Phenylpropionate<br \/>\nFabricant: Alpha Pharma<br \/>\nBrand name: NandroRapid (N. Phenylpropionate)<br \/>\nAussi connu comme: Nandrorapid<\/p>\n<h3>Lire la suite<\/h3>\n<p><a href=\"http:\/\/getanabolics.biz\/fr\/acheter-clomid-online-sur-getanabolics-biz\/\">ACHETER CLOMID EN LIGNE SUR GETANABOLICS.BIZ<\/a><\/p>\n<p><a href=\"http:\/\/getanabolics.biz\/fr\/hormone-de-croissance-hgh-les-faits-les-plus-importants\/\">CROISSANCE HORMONE HGH &#8211; LES FAITS LES PLUS IMPORTANTS<\/a><\/p>\n<p><a href=\"http:\/\/getanabolics.biz\/fr\/caracteristiques-des-cours-courtes-de-steroides\/\">CARACT\u00c9RISTIQUES DES COURTS COURTS DE ST\u00c9RO\u00cfDES<\/a><\/p>\n<p><a href=\"http:\/\/getanabolics.biz\/fr\/pause-entre-les-cours-de-steroides-et-pct\/\">PAUSE ENTRE STEROID COURS ET PCT<\/a><\/p>\n<p><a href=\"http:\/\/getanabolics.biz\/fr\/quelle-est-lefficacite-du-pont-steroide\/\">\u00c0 quel point le pont st\u00e9roidien est-il efficace?<\/a><\/p>\n","protected":false},"featured_media":310,"comment_status":"open","ping_status":"closed","template":"","meta":[],"product_cat":[104],"product_tag":[40],"_links":{"self":[{"href":"https:\/\/getanabolics.biz\/fr\/wp-json\/wp\/v2\/product\/772"}],"collection":[{"href":"https:\/\/getanabolics.biz\/fr\/wp-json\/wp\/v2\/product"}],"about":[{"href":"https:\/\/getanabolics.biz\/fr\/wp-json\/wp\/v2\/types\/product"}],"replies":[{"embeddable":true,"href":"https:\/\/getanabolics.biz\/fr\/wp-json\/wp\/v2\/comments?post=772"}],"wp:featuredmedia":[{"embeddable":true,"href":"https:\/\/getanabolics.biz\/fr\/wp-json\/wp\/v2\/media\/310"}],"wp:attachment":[{"href":"https:\/\/getanabolics.biz\/fr\/wp-json\/wp\/v2\/media?parent=772"}],"wp:term":[{"taxonomy":"product_cat","embeddable":true,"href":"https:\/\/getanabolics.biz\/fr\/wp-json\/wp\/v2\/product_cat?post=772"},{"taxonomy":"product_tag","embeddable":true,"href":"https:\/\/getanabolics.biz\/fr\/wp-json\/wp\/v2\/product_tag?post=772"}],"curies":[{"name":"wp","href":"https:\/\/api.w.org\/{rel}","templated":true}]}}