{"id":771,"date":"2017-04-27T10:32:35","date_gmt":"2017-04-27T10:44:01","guid":{"rendered":"http:\/\/getanabolics.biz\/product\/nandrobolin-1-flacon-de-10-ml-contient-2500-mg-de-nandrolone-decaonate\/"},"modified":"2018-01-19T10:04:51","modified_gmt":"2018-01-19T10:04:51","slug":"nandrobolin-1-flacon-de-10-ml-contient-2500-mg-de-nandrolone-decaonate","status":"publish","type":"product","link":"https:\/\/getanabolics.biz\/fr\/produit\/nandrobolin-1-flacon-de-10-ml-contient-2500-mg-de-nandrolone-decaonate\/","title":{"rendered":"Deca 250 &#8211; Alpha-Pharma"},"content":{"rendered":"<h2>Acheter Deca 250 &#8211; Alpha-Pharma (Nandrobolin)<\/h2>\n<p><a title=\"Acheter Deca 250 au GetAnabolics\"><img src=\"http:\/\/getanabolics.biz\/images\/decanan-250-10.jpg\" width=\"30%\" align=\"right\" \/><\/a><br \/>\nPour ceux qui est \u00e0 la recherche d&rsquo;Deca 250 et vous demandez-vous o\u00f9 acheter Deca 250 de Alpha-Pharma l\u00e9galement nous vous proposons Nandrobolin comme le meilleur choix pour de vrai les culturistes.<br \/>\n\u00c0 partir de maintenant sur une grande vari\u00e9t\u00e9 de st\u00e9ro\u00efdes injectables ainsi que des st\u00e9ro\u00efdes oraux et th\u00e9rapie post-cycle de l&rsquo;Alpha-Pharma peut \u00eatre achet\u00e9 sur <b>GetAnabolics<\/b>. Nous heureux de pr\u00e9senter la nouvelle Deca 250 de <span style=\"font-weight: bold;\">Alpha-Pharma<\/span>.<br \/>\n<em>Tous les produits que nous vous proposons sont faites de l&rsquo;authentique, de haute qualit\u00e9 et de compos\u00e9s ont un seul but: aider les gens \u00e0 prendre de la masse musculaire, la force globale, \u00e0 br\u00fbler les graisses et de les aider sur le chemin de la perfection physique. Dans le but de cr\u00e9er un esprit constructif et civilis\u00e9 relation avec nos clients, nous allons faire le maximum d&rsquo;efforts pour assurer un service de haute qualit\u00e9, l&rsquo;approche de chaque personne que l&rsquo;adresse de notre magasin avec courtoisie et respect.<\/em><br \/>\nConstruire et maintenir un corps de r\u00eave ont besoin d&rsquo;une combinaison de m\u00e9thodes. Une bonne alimentation vient en premier dans la liste des composants essentiels n\u00e9cessaires \u00e0 l&rsquo;organisme. Deuxi\u00e8mement, assurez-vous toujours de l&rsquo;acheter et utiliser des st\u00e9ro\u00efdes l\u00e9gaux en ligne n&rsquo;est pas seulement pour \u00e9viter tout conflit avec la loi, mais plus important encore, pour \u00e9viter des complications de sant\u00e9.<br \/>\n<em><span style=\"font-weight: bold;\">GetAnabolics.Biz<\/span> is the online steroid supplier specially created and dedicated to provide each athlete and bodybuilder with best <span style=\"font-weight: bold;\">anabolic steroids<\/span> est la ligne de st\u00e9ro\u00efdes fournisseur sp\u00e9cialement con\u00e7u et d\u00e9di\u00e9 \u00e0 fournir \u00e0 chaque athl\u00e8te et de bodybuilder avec le meilleur des st\u00e9ro\u00efdes anabolisants \u00e0 prix discount. Nous avons choisi la plus fiable pour les marques \u00e0 collaborer afin d&rsquo;assurer la s\u00e9curit\u00e9, authentique et haut de gamme de st\u00e9ro\u00efdes pour nos clients.<\/em><br \/>\nL&rsquo;exp\u00e9dition des st\u00e9ro\u00efdes en toute s\u00e9curit\u00e9 est la principale pr\u00e9occupation pour la livraison de st\u00e9ro\u00efdes dans le monde entier. Notre exp\u00e9dition discr\u00e8te garantit que personne ne sait que vous achetez des st\u00e9ro\u00efdes en ligne.<\/p>\n<h2>Plus Deca 250 Alpha-Pharma d&rsquo;informations<\/h2>\n<p><b>1 flacon de 10 ml contient 2500 mg de Nandrolone Decaonate<br \/>\n<\/b><\/p>\n<p><strong>Classe de drogue: Injectable Androg\u00e9niques anabolisants\/st\u00e9ro\u00efdes Anabolisants<\/strong><br \/>\n<strong> La posologie moyenne recommand\u00e9e: Entre 300 et 800 mg par semaine pour les hommes et entre 50 et 100 mg par semaine pour les femmes.<\/strong><br \/>\n<strong> Vie Active: Entre 14 et 16 jours<\/strong><br \/>\n<strong> R\u00e9tention d&rsquo;eau: Oui<\/strong><br \/>\n<strong> Toxique pour le foie: Pas de<\/strong><br \/>\n<strong> Diminue HPTA fonction: Tr\u00e8s \u00e9lev\u00e9<\/strong><br \/>\n<strong> SRD Conversion: Non<\/strong><\/p>\n<h1>Deca pour vente<\/h1>\n<blockquote><p><a href=\"http:\/\/getanabolics.biz\/fr\/produit\/deca-300-1-vial-of-10-ml-contains-total-3000-mg-nandrolone-decaonate\/\">Deca-Durabolin<\/a> ou Deca comme il est populairement connu, le plus populaire st\u00e9ro\u00efde et a \u00e9t\u00e9 pendant de nombreuses ann\u00e9es. Le compos\u00e9 est la Nandrolone D\u00e9canoate et est fabriqu\u00e9 et commercialis\u00e9 sous le nom de marque Deca Durabolin par la soci\u00e9t\u00e9 pharmaceutique Organon. Ce produit a \u00e9t\u00e9 disponible depuis 1962 et est connu et largement utilis\u00e9 pour sa forte anabolisants st\u00e9ro\u00efdiens propri\u00e9t\u00e9s. Deca-Durabolin est un 19-nor st\u00e9ro\u00efdes anabolisants et imite de pr\u00e8s les propri\u00e9t\u00e9s de la Testost\u00e9rone.<\/p><\/blockquote>\n<p>Dans le corps humain, la Nandrolone est l&rsquo;hormone qui est responsable de la croissance. En utilisant Deca-Durabolin, les utilisateurs sont essentiellement \u00e0 stimuler les niveaux de la Nandrolone dans le corps, ce qui conduit \u00e0 une augmentation de la croissance musculaire, la num\u00e9ration des globules rouges, la r\u00e9tention d&rsquo;azote et d&rsquo;h\u00e9moglobine. Tous ces effets sont tr\u00e8s pris\u00e9es par les culturistes et les athl\u00e8tes et Deca-Durabolin favorise \u00e9galement acc\u00e9l\u00e9rer la r\u00e9g\u00e9n\u00e9ration des tissus endommag\u00e9s. C&rsquo;est une tr\u00e8s forte st\u00e9ro\u00efdes et a la plus longue vie active entre les st\u00e9ro\u00efdes. En cons\u00e9quence, il est \u00e9galement l&rsquo;un des plus faibles agissant des st\u00e9ro\u00efdes avec des effets visibles apr\u00e8s 4 semaines d&rsquo;administration du m\u00e9dicament, mais cela signifie \u00e9galement que les effets peuvent \u00eatre vus longtemps apr\u00e8s l&rsquo;arr\u00eat du m\u00e9dicament.<\/p>\n<p><a href=\"http:\/\/getanabolics.biz\/fr\/produit\/deca-100-10x1ml-ampoules-each-has-100-mg-total-1000-mg-nandrolone-decaonate\/\">Deca-Durabolin<\/a> doit \u00eatre inject\u00e9 au moins 8 \u00e0 12 semaines, et certains ont m\u00eame l&rsquo;\u00e9tendre \u00e0 16 semaines. La posologie recommand\u00e9e pour les hommes est de 300 \u00e0 400 mg par semaine, mais cela peut \u00eatre repouss\u00e9 \u00e0 environ 600 mg\/semaine sous la stricte supervision. Le dosage recommand\u00e9 pour les femmes est de beaucoup inf\u00e9rieur \u00e0 50 \u00e0 100 mg\/semaine comme il est mod\u00e9r\u00e9ment androg\u00e8ne.<\/p>\n<p>En dehors de la vive croissance musculaire, Deca-Durabolin a \u00e9galement joint soulager les effets. M\u00eame \u00e0 petites doses pour la commune des fins de secours, il peut conduire \u00e0 une croissance de muscle et de force. Comme il augmente la r\u00e9tention d&rsquo;azote dans les muscles, l&rsquo;augmentation dans le tissu musculaire se produit avec une augmentation de la synth\u00e8se du collag\u00e8ne, conduisant \u00e0 d&rsquo;\u00e9normes construire en force.<\/p>\n<p><em>Comme un tr\u00e8s puissant st\u00e9ro\u00efde anabolisant, il a tous les effets secondaires n\u00e9gatifs des hormones st\u00e9ro\u00efdiennes. La suppression de la testost\u00e9rone est beaucoup plus grande avec Deca-Durabolin utiliser qu&rsquo;avec d&rsquo;autres st\u00e9ro\u00efdes anabolisants. C&rsquo;est pourquoi les suppl\u00e9ments de testost\u00e9rone doit \u00eatre pris au cours d&rsquo;un cycle de <a href=\"http:\/\/getanabolics.biz\/fr\/produit\/deca-100-10x1ml-ampoules-each-has-100-mg-total-1000-mg-nandrolone-decaonate\/\">Deca Durabolin<\/a> sinon le corps peut devenir compl\u00e8tement d\u00e9ficientes testost\u00e9rone. La r\u00e9tention d&rsquo;eau est un autre effet secondaire, mais ce qui est comparativement plus faible que d&rsquo;autres st\u00e9ro\u00efdes anabolisants. Comme Deca-Durabolin aromatise \u00e0 un degr\u00e9 mod\u00e9r\u00e9, de l&rsquo;oestrog\u00e8ne effets secondaires li\u00e9s \u00e0 la sont aussi produites.<\/em><\/p>\n<h3>Lire la suite<\/h3>\n<p><a href=\"http:\/\/getanabolics.biz\/fr\/deca-durabolin-effets-secondaires\/\">EFFETS SECONDAIRES DECA DURABOLIN<\/a><\/p>\n<p><a href=\"http:\/\/getanabolics.biz\/fr\/tout-sur-proviron-mesterolone\/\">TOUT SUR PROVIRON (MESTEROLONE)<\/a><\/p>\n<p><a href=\"http:\/\/getanabolics.biz\/fr\/quelle-devrait-etre-la-duree-du-cours-des-steroides\/\">Quelle devrait \u00eatre la dur\u00e9e de l&rsquo;\u00e9volution des st\u00e9ro\u00efdes?<\/a><\/p>\n<p><a href=\"http:\/\/getanabolics.biz\/fr\/creatine-sur-un-cours-de-steroides\/\">CREATINE SUR UN COURS DE STEROIDES<\/a><\/p>\n<p><a href=\"http:\/\/getanabolics.biz\/fr\/crossfit-et-steroides\/\">CROSSFIT ET ST\u00c9RO\u00cfDES<\/a><\/p>\n","protected":false},"excerpt":{"rendered":"<p>Package: 1 flacon de 10 ml contient 2500 mg de Nandrolone Decaonate<br \/>Fabricant: Alpha-Pharma<br \/>Brand name: Deca 250<br \/>Aussi connu comme: Nandrobolin<\/p>\n","protected":false},"featured_media":400,"comment_status":"open","ping_status":"closed","template":"","meta":[],"product_cat":[127,104,117],"product_tag":[40],"_links":{"self":[{"href":"https:\/\/getanabolics.biz\/fr\/wp-json\/wp\/v2\/product\/771"}],"collection":[{"href":"https:\/\/getanabolics.biz\/fr\/wp-json\/wp\/v2\/product"}],"about":[{"href":"https:\/\/getanabolics.biz\/fr\/wp-json\/wp\/v2\/types\/product"}],"replies":[{"embeddable":true,"href":"https:\/\/getanabolics.biz\/fr\/wp-json\/wp\/v2\/comments?post=771"}],"wp:featuredmedia":[{"embeddable":true,"href":"https:\/\/getanabolics.biz\/fr\/wp-json\/wp\/v2\/media\/400"}],"wp:attachment":[{"href":"https:\/\/getanabolics.biz\/fr\/wp-json\/wp\/v2\/media?parent=771"}],"wp:term":[{"taxonomy":"product_cat","embeddable":true,"href":"https:\/\/getanabolics.biz\/fr\/wp-json\/wp\/v2\/product_cat?post=771"},{"taxonomy":"product_tag","embeddable":true,"href":"https:\/\/getanabolics.biz\/fr\/wp-json\/wp\/v2\/product_tag?post=771"}],"curies":[{"name":"wp","href":"https:\/\/api.w.org\/{rel}","templated":true}]}}