{"id":767,"date":"2017-04-27T10:31:41","date_gmt":"2017-04-27T10:42:54","guid":{"rendered":"http:\/\/getanabolics.biz\/product\/testocyp-1-boite-de-10-ampoules-chaque-1-ampoule-contient-250-mg-de-cypionate-de-testosterone\/"},"modified":"2018-01-21T12:18:51","modified_gmt":"2018-01-21T12:18:51","slug":"testosterone-cyp-250-1-box-of-10-ampoules-each-1-ampoule-contains-250-mg-testosterone-cypionate","status":"publish","type":"product","link":"https:\/\/getanabolics.biz\/fr\/produit\/testosterone-cyp-250-1-box-of-10-ampoules-each-1-ampoule-contains-250-mg-testosterone-cypionate\/","title":{"rendered":"Testosterone Cyp. 250 &#8211; Alpha Pharma"},"content":{"rendered":"<h2>Acheter Testosterone Cyp. 250 &#8211; Alpha Pharma (Testocyp)<\/h2>\n<p><a title=\"Acheter Testosterone Cyp. 250 au GetAnabolics\"><img src=\"http:\/\/getanabolics.biz\/images\/c-ject-300.jpg\" width=\"30%\" align=\"right\" \/><\/a><br \/>\nPour ceux qui est \u00e0 la recherche d&rsquo;Testosterone Cyp. 250 et vous demandez-vous o\u00f9 acheter Testosterone Cyp. 250 de Alpha Pharma l\u00e9galement nous vous proposons Testocyp comme le meilleur choix pour de vrai les culturistes.<br \/>\n\u00c0 partir de maintenant sur une grande vari\u00e9t\u00e9 de st\u00e9ro\u00efdes injectables ainsi que des st\u00e9ro\u00efdes oraux et th\u00e9rapie post-cycle de l&rsquo;Alpha Pharma peut \u00eatre achet\u00e9 sur <b>GetAnabolics<\/b>. Nous heureux de pr\u00e9senter la nouvelle Testosterone Cyp. 250 de <span style=\"font-weight: bold;\">Alpha Pharma<\/span>.<br \/>\n<em>Tous les produits que nous vous proposons sont faites de l&rsquo;authentique, de haute qualit\u00e9 et de compos\u00e9s ont un seul but: aider les gens \u00e0 prendre de la masse musculaire, la force globale, \u00e0 br\u00fbler les graisses et de les aider sur le chemin de la perfection physique. Dans le but de cr\u00e9er un esprit constructif et civilis\u00e9 relation avec nos clients, nous allons faire le maximum d&rsquo;efforts pour assurer un service de haute qualit\u00e9, l&rsquo;approche de chaque personne que l&rsquo;adresse de notre magasin avec courtoisie et respect.<\/em><br \/>\nConstruire et maintenir un corps de r\u00eave ont besoin d&rsquo;une combinaison de m\u00e9thodes. Une bonne alimentation vient en premier dans la liste des composants essentiels n\u00e9cessaires \u00e0 l&rsquo;organisme. Deuxi\u00e8mement, assurez-vous toujours de l&rsquo;acheter et utiliser des st\u00e9ro\u00efdes l\u00e9gaux en ligne n&rsquo;est pas seulement pour \u00e9viter tout conflit avec la loi, mais plus important encore, pour \u00e9viter des complications de sant\u00e9.<br \/>\n<span style=\"font-weight: bold;\">GetAnabolics.Biz<\/span> is the online steroid supplier specially created and dedicated to provide each athlete and bodybuilder with best <span style=\"font-weight: bold;\">anabolic steroids<\/span> est la ligne de st\u00e9ro\u00efdes fournisseur sp\u00e9cialement con\u00e7u et d\u00e9di\u00e9 \u00e0 fournir \u00e0 chaque athl\u00e8te et de bodybuilder avec le meilleur des st\u00e9ro\u00efdes anabolisants \u00e0 prix discount. Nous avons choisi la plus fiable pour les marques \u00e0 collaborer afin d&rsquo;assurer la s\u00e9curit\u00e9, authentique et haut de gamme de st\u00e9ro\u00efdes pour nos clients.<br \/>\n<em>L&rsquo;exp\u00e9dition des st\u00e9ro\u00efdes en toute s\u00e9curit\u00e9 est la principale pr\u00e9occupation pour la livraison de st\u00e9ro\u00efdes dans le monde entier. Notre exp\u00e9dition discr\u00e8te garantit que personne ne sait que vous achetez des st\u00e9ro\u00efdes en ligne.<\/em><\/p>\n<h2>Plus Testosterone Cyp. 250 Alpha Pharma d&rsquo;informations<\/h2>\n<p><strong>1 bo\u00eete de 10 ampoules, chaque 1 ampoule contient 250 mg de Cypionate de Testost\u00e9rone<\/strong><\/p>\n<p><u>Caract\u00e9ristiques<\/u><br \/>\n<strong>Active-Vie: 15-16 jours<\/strong><br \/>\n<strong> Classe de Drogue: Androg\u00e9niques anabolisants\/St\u00e9ro\u00efdes Anabolisants (Pour injection)<\/strong><br \/>\n<strong> Moyenne Rapport\u00e9 Dosage: Hommes 200-1000mg par semaine.<\/strong><br \/>\n<strong> l&rsquo;Acn\u00e9: Oui, commun<\/strong><br \/>\n<strong> la R\u00e9tention d&rsquo;Eau: Oui, haute<\/strong><br \/>\n<strong> l&rsquo;hypertension Art\u00e9rielle: Oui, normalement, en raison du haut de l&rsquo;eau \/\u00e9lectrolyte de r\u00e9tention<\/strong><br \/>\n<strong> Foie Toxique: Faible, sauf dans l&rsquo;absurde doses<\/strong><br \/>\n<strong> Aromatisation: Oui, haute<\/strong><br \/>\n<strong> Conversion de DHT: Oui, haute<\/strong><br \/>\n<strong> Diminue HPTA Fonction: Oui, s\u00e9v\u00e8rement<\/strong><\/p>\n<p><em>Cypionate de Testost\u00e9rone est un ester de long-action de la testost\u00e9rone. En raison de la longueur de son ester (8 atomes de carbone), il est stock\u00e9 principalement dans le tissu adipeux lors de l&rsquo;intra-musuclar injection, et puis, lentement, mais tr\u00e8s s\u00fbrement lib\u00e9r\u00e9 au cours d&rsquo;une certaine p\u00e9riode de temps. Un pic est observ\u00e9 apr\u00e8s 24 \u00e0 48 heures de l&rsquo;injection, puis un lent d\u00e9clin, pour atteindre un point d&rsquo;\u00e9quilibre au bout de 12 jours et d&rsquo;y rester plus de 3 semaines de temps. Bien s\u00fbr, la plupart des utilisateurs des anabolisants ne sera pas trouver des avantages dans l&rsquo;utilisation de cet \u00e9quilibre-point de la dose, de sorte que ce produit est normalement inject\u00e9 une fois par semaine, en faisant la plus faible dose tr\u00e8s sup\u00e9rieure \u00e0 la moiti\u00e9 de la dose maximale \u00e0 un moment donn\u00e9. C&rsquo;est \u00e0 peu pr\u00e8s le d\u00e9part de sang. Une longue dur\u00e9e d&rsquo;action de l&rsquo;ester de testost\u00e9rone est un must-have dans toute la masse-cycle de la construction. C&rsquo;est un tr\u00e8s d\u00e9cent produit. Personnellement, j&rsquo;ai plus d&rsquo;affinit\u00e9 pour la testost\u00e9rone \u00e9nanthate, mais quelques utilisateurs de noter une diff\u00e9rence entre les deux produits, et les deux restent un meilleur achat que leur populaire homologue sustanon 250, ce qui est un mauvais choix de la testost\u00e9rone, \u00e0 mon avis. Il est logique qu&rsquo;il suffit \u00e0 l&rsquo;utilisateur opte pour celui qui est le plus facilement disponible \u00e0 l&rsquo;\u00e9poque. Ils vendent pour environ le m\u00eame prix, et sont presque aussi bon. Donc, la plupart des Nord et Sud-Am\u00e9ricains, les utilisateurs seront g\u00e9n\u00e9ralement opter pour l&rsquo;utilisation d&rsquo;un cypionate, il est plus disponible dans ces r\u00e9gions, alors que les Europ\u00e9ens et les Asiatiques vont probablement pr\u00e9f\u00e9rer l&rsquo;\u00e9nanthate de version. Une longue dur\u00e9e d&rsquo;action de l&rsquo;ester de testost\u00e9rone peut \u00eatre la meilleure pour tous vos transports en besoins de renforcement, mais ce n&rsquo;est pas un produit facile \u00e0 utiliser. En raison de l&rsquo;extr\u00eame longueur de l&rsquo;action (3-4 semaines), on ne peut pas r\u00e9soudre facilement des probl\u00e8mes apparaissant simplement en arr\u00eatant le produit, car il va continuer \u00e0 agir et \u00e0 aggraver les effets secondaires sur de longues p\u00e9riodes de temps. En ce qui concerne le contr\u00f4le des dommages et de la th\u00e9rapie post-cycle, une certaine familiarit\u00e9 avec l&rsquo;usage des m\u00e9dicaments auxiliaires est n\u00e9cessaire avant d&rsquo;utiliser une longue dur\u00e9e d&rsquo;action produit de la testost\u00e9rone. Nolvadex et Proviron sera tr\u00e8s utile dans de tels cas, et apr\u00e8s le cycle de l&rsquo;HCG et clomid ou Nolvadex sera demand\u00e9 ainsi \u00e0 aider \u00e0 la restauration naturelle de testost\u00e9rone. La fr\u00e9quence des effets secondaires est probablement le plus \u00e9lev\u00e9 avec ce type de produit.<\/em><\/p>\n<p>bien que la plupart vous diront que c&rsquo;est un gaspillage de ne pas utiliser la testost\u00e9rone, car il faudra les \u00e2ges plus de temps \u00e0 construire de masse appropri\u00e9, ce sont tous les points \u00e0 prendre en consid\u00e9ration. La testost\u00e9rone est un produit qui est tr\u00e8s utilis\u00e9 par les d\u00e9butants et les anciens combattants et \u00e0 juste titre. Ceux qui craignent de ne jamais comprendre le bon usage des m\u00e9dicaments auxiliaires, peuvent vouloir sucer et \u00e0 investir dans des propionate ou de suspension de testost\u00e9rone \u00e0 la place. Ceux-ci sont beaucoup plus courte dur\u00e9e d&rsquo;action et plus facile \u00e0 contr\u00f4ler, mais ils ont besoin d&rsquo;\u00eatre inject\u00e9 une fois tous les deux jours, alors que ce type d&rsquo;ester donne beaucoup de gains avec une seule injection par semaine. Quelque chose \u00e0 garder \u00e0 l&rsquo;esprit.<\/p>\n<p><strong> Empilage et d&rsquo;Utilisation:<\/strong><\/p>\n<p><em>la Testost\u00e9rone est le plus puissant compos\u00e9 il y a, alors, \u00e9videmment, son tout \u00e0 fait correct de l&rsquo;utiliser par lui-m\u00eame. Avec une longue dur\u00e9e d&rsquo;action ester comme Cypionate des doses de 500 \u00e0 1000 mg par semaine sont utilis\u00e9s avec une tr\u00e8s claire des r\u00e9sultats sur une p\u00e9riode de 10 semaines. Si vous avez jamais vu un homme se gonflent avec la taille, puis la testost\u00e9rone a \u00e9t\u00e9 la cause de celui-ci. Mais la testost\u00e9rone est n\u00e9anmoins souvent empil\u00e9s. En raison de la fr\u00e9quence \u00e9lev\u00e9e d&rsquo;effets secondaires, les gens vont g\u00e9n\u00e9ralement divis\u00e9s dans une pile de testost\u00e9rone et d&rsquo;un plus doux des composants afin d&rsquo;obtenir un cycle moins risqu\u00e9, mais sans avoir \u00e0 donner le plus de gains. Primobolan, l&rsquo;\u00c9quilibre et <a href=\"http:\/\/getanabolics.biz\/fr\/produit\/deca-100-10x1ml-ampoules-each-has-100-mg-total-1000-mg-nandrolone-decaonate\/\">Deca-Durabolin<\/a> sont les armes de choix dans cette affaire. Deca semble \u00eatre la plus populaire, probablement en raison de son tr\u00e8s doux, nature androg\u00e8ne. Mais Deca \u00e9tant l&rsquo;un des risques les plus \u00e9lev\u00e9s pour \u00e0 peu pr\u00e8s tous les autres effets secondaires, je n&rsquo;aurais probablement pas le conseiller. Si Deca est utilis\u00e9, g\u00e9n\u00e9ralement une dose de 200 \u00e0 400 mg est ajout\u00e9 \u00e0 de 500 \u00e0 750 mg de testost\u00e9rone par semaine.<\/em><\/p>\n<p>Primobolan est parfois opt\u00e9 pour, et peut \u00eatre tr\u00e8s pratique car elle ne prend pas aromatiser, ce qui fera au total, le niveau de r\u00e9tention d&rsquo;eau et de gain de graisse beaucoup moins qu&rsquo;avec plus de test ou avec Deca par exemple. Malheureusement, la douceur de son caract\u00e8re, combin\u00e9 avec un manque d&rsquo;\u0153strog\u00e8nes faire Primobolan une mauvaise constructeur de masse. Encore une fois, des doses de 300 \u00e0 400 mg sont utilis\u00e9s. En fait, je peux sugg\u00e9rer une dose plus \u00e9lev\u00e9e, mais avec les prix actuels pour les Primo je ne pense pas qu&rsquo;il serait tr\u00e8s populaire. Ma pr\u00e9f\u00e9rence personnelle va \u00e0 l&rsquo;\u00c9quilibre. Androgenically il n&rsquo;est pas beaucoup plus fort que Deca parce qu&rsquo;il n&rsquo;a pratiquement pas d&rsquo;affinit\u00e9 pour la 5-alpha-r\u00e9ductase, l&rsquo;enzyme est seulement la moiti\u00e9 de l&rsquo;androg\u00e8nes comme la testost\u00e9rone. Son deux fois plus fort que Deca, mg de mg, et a une occurrence plus faible d&rsquo;effets secondaires. Il a quelques oestrog\u00e8ne, mais pas beaucoup si elle a effectivement tendance \u00e0 pencher d&rsquo;une personne plut\u00f4t que de gonfler comme Deca volont\u00e9. Il augmente \u00e9galement l&rsquo;app\u00e9tit, ce qui favorise les gains, et am\u00e9liore les performances a\u00e9robies, ce qui peut \u00eatre le v\u0153u que la testost\u00e9rone a normalement un effet inverse.<\/p>\n<p>bien s\u00fbr de cypionate de testost\u00e9rone peuvent \u00eatre combin\u00e9s avec n&rsquo;importe quel nombre de compos\u00e9s en dehors de ces, mais ces faire le meilleur match. Lors de l&#8217;empilage avec de la testost\u00e9rone, on a besoin de regarder ce que l&rsquo;autre compos\u00e9 peut apporter. Soit il a une caract\u00e9ristique que la testost\u00e9rone n&rsquo;a pas, ou de ses nominalement plus s\u00fbr. La testost\u00e9rone apportera toute la masse, afin d&rsquo;ajouter un autre st\u00e9ro\u00efdes pour am\u00e9liorer la masse est futile. Plus de testost\u00e9rone est le meilleur rem\u00e8de pour cela.<\/p>\n<p>On a besoin d&rsquo;\u00eatre familier avec une foule d&rsquo;autres compos\u00e9s lors de l&rsquo;utilisation de longue dur\u00e9e d&rsquo;action esters de testost\u00e9rone. Tout d&rsquo;abord, des anti-oestrog\u00e8nes. Le taux d&rsquo;aromatisation de la testost\u00e9rone est assez grande, donc la r\u00e9tention d&rsquo;eau et de gain de graisse sont un fait et gyno n&rsquo;est jamais bien loin. Si des probl\u00e8mes surviennent, on est mieux de commencer sur 20 mg de Nolvadex par jour et de rester jusqu&rsquo;\u00e0 ce que les probl\u00e8mes disparaissent. Je ne voudrais pas rester sur elle pendant un cycle entier, car il peut r\u00e9duire les gains. En termes de l&rsquo;aromatase bloqueur, la testost\u00e9rone est l&rsquo;un des rares compos\u00e9s o\u00f9 <a href=\"http:\/\/getanabolics.biz\/fr\/produit\/proviron-buy-proviron-50-tabs-each-tab-25mg-mesterolone\/\">Proviron <\/a>peut effectivement \u00eatre pr\u00e9f\u00e9r\u00e9e \u00e0 l&rsquo;arimidex. Le proviron ne sera pas seulement de r\u00e9duire l&rsquo;oestrog\u00e8ne et peut \u00eatre utilis\u00e9 pendant une dur\u00e9e prolong\u00e9e sur un cycle de testost\u00e9rone, il va aussi se lier avec une grande affinit\u00e9 \u00e0 la sex hormone binding prot\u00e9ines dans le sang et permettra \u00e0 un plus haut niveau de testost\u00e9rone libre dans le corps, am\u00e9liorant ainsi les gains.<\/p>\n<p>G\u00e9n\u00e9ralement de 50 \u00e0 100 mg suffit, l&rsquo;extr\u00e9mit\u00e9 inf\u00e9rieure est pr\u00e9f\u00e9r\u00e9 pour des r\u00e9sultats optimaux depuis l&rsquo;\u0153strog\u00e8ne joue un r\u00f4le cl\u00e9 dans les gains, mais ceux qui sont les plus inquiets \u00e0 propos de l&rsquo;oestrog\u00e8ne devrait opter pour une dose plus \u00e9lev\u00e9e. Pour ceux qui s&rsquo;inqui\u00e8tent effets secondaires androg\u00e8nes (perte de cheveux, l&rsquo;hypertrophie de la prostate, l&rsquo;approfondissement de la voix), on peut utiliser le traitement de perte de cheveux finasteride. Ce qui bloque la 5-alpha-r\u00e9ductase, enzyme et arr\u00eats de la conversion de la testost\u00e9rone le plus androg\u00e8ne compos\u00e9 de DHT. Je ne suis pas un grand fan de cela, parce que la DHT r\u00e9duit oestrog\u00e9nique ballonnement, augmente gratuitement les niveaux de testost\u00e9rone et est un tr\u00e8s puissant androg\u00e8ne qui est 3-4 fois plus puissant que la testost\u00e9rone. Ceux qui s&rsquo;inqui\u00e8tent de la perte de cheveux peut toutefois opter pour arimidex comme leur anti-aromatase, depuis Proviron est une forme de DHT, apr\u00e8s tout.<\/p>\n<p>Apr\u00e8s un cycle, principalement en raison de la forte aromatisation et augmenter les niveaux d&rsquo;estradiol dans le sang apr\u00e8s l&rsquo;arr\u00eat du traitement, les niveaux de testost\u00e9rone naturelle sera s\u00e9v\u00e8rement r\u00e9prim\u00e9e. Cela signifie que des mesures doivent \u00eatre prises pour assurer le retour rapide de testost\u00e9rone naturelle, ou nous risquons de perdre beaucoup de gains r\u00e9alis\u00e9s lors de l&rsquo;utilisation de la testost\u00e9rone. Puisque c&rsquo;est un non-toxique, puissant masse-builder surtout utilis\u00e9 dans de longues de 10 \u00e0 12 cycles d&rsquo;une semaine. De sorte que certains le r\u00e9tr\u00e9cissement des testicules se produit en trop. Il est tr\u00e8s important que les gens voient que l&rsquo;HCG et Nolvadex\/clomid sont essentielles comme une th\u00e9rapie post-cycle, et que les deux sont tout aussi importants dans la r\u00e9alisation de notre objectif. HCG injections doit \u00eatre d\u00e9but\u00e9 la derni\u00e8re semaine du cycle, et a continu\u00e9 pendant de 3-4 semaines, \u00e0 l&rsquo;aide de 1500-3000 UI tous les 5-6 jours. HCG va agir comme une alternative \u00e0 la LH et de commencer la testost\u00e9rone endog\u00e8ne du cycle, augmentant ainsi testicule taille une fois de plus. Puis, environ 2 semaines apr\u00e8s le dernier coup de la testost\u00e9rone est donn\u00e9, Nolvadex\/Clomid cycle doit \u00eatre d\u00e9marr\u00e9. 40 mg de Nolva ou 150 mg de Clomid par jour pendant deux semaines, suivies de deux semaines de plus avec 20 mg de Nolva ou 100 mg de Clomid par jour devrait \u00eatre suffisant. Rappelez-vous toujours que l&rsquo;HCG est suppressif de testost\u00e9rone naturelle elle-m\u00eame et doit \u00eatre interrompu au moins 2 semaines avant la fin du Nolvadex\/Clomid.<\/p>\n<h3>Lire la suite<\/h3>\n<p><a href=\"http:\/\/getanabolics.biz\/fr\/deca-durabolin-effets-secondaires\/\">EFFETS SECONDAIRES DECA DURABOLIN<\/a><\/p>\n<p><a href=\"http:\/\/getanabolics.biz\/fr\/tout-sur-proviron-mesterolone\/\">TOUT SUR PROVIRON (MESTEROLONE)<\/a><\/p>\n<p><a href=\"http:\/\/getanabolics.biz\/fr\/quelle-devrait-etre-la-duree-du-cours-des-steroides\/\">Quelle devrait \u00eatre la dur\u00e9e de l&rsquo;\u00e9volution des st\u00e9ro\u00efdes?<\/a><\/p>\n<p><a href=\"http:\/\/getanabolics.biz\/fr\/creatine-sur-un-cours-de-steroides\/\">CREATINE SUR UN COURS DE STEROIDES<\/a><\/p>\n<p><a href=\"http:\/\/getanabolics.biz\/fr\/crossfit-et-steroides\/\">CROSSFIT ET ST\u00c9RO\u00cfDES<\/a><\/p>\n","protected":false},"excerpt":{"rendered":"<p>Package: 1 bo\u00eete de 10 ampoules, chaque 1 ampoule contient 250 mg de Cypionate de Testost\u00e9rone<br \/>Fabricant: Alpha Pharma<br \/>Brand name: Testosterone Cyp. 250<br \/>Aussi connu comme: Testocyp<\/p>\n","protected":false},"featured_media":304,"comment_status":"open","ping_status":"closed","template":"","meta":[],"product_cat":[104,117],"product_tag":[40],"_links":{"self":[{"href":"https:\/\/getanabolics.biz\/fr\/wp-json\/wp\/v2\/product\/767"}],"collection":[{"href":"https:\/\/getanabolics.biz\/fr\/wp-json\/wp\/v2\/product"}],"about":[{"href":"https:\/\/getanabolics.biz\/fr\/wp-json\/wp\/v2\/types\/product"}],"replies":[{"embeddable":true,"href":"https:\/\/getanabolics.biz\/fr\/wp-json\/wp\/v2\/comments?post=767"}],"wp:featuredmedia":[{"embeddable":true,"href":"https:\/\/getanabolics.biz\/fr\/wp-json\/wp\/v2\/media\/304"}],"wp:attachment":[{"href":"https:\/\/getanabolics.biz\/fr\/wp-json\/wp\/v2\/media?parent=767"}],"wp:term":[{"taxonomy":"product_cat","embeddable":true,"href":"https:\/\/getanabolics.biz\/fr\/wp-json\/wp\/v2\/product_cat?post=767"},{"taxonomy":"product_tag","embeddable":true,"href":"https:\/\/getanabolics.biz\/fr\/wp-json\/wp\/v2\/product_tag?post=767"}],"curies":[{"name":"wp","href":"https:\/\/api.w.org\/{rel}","templated":true}]}}