{"id":766,"date":"2017-04-27T10:31:41","date_gmt":"2017-04-27T10:42:54","guid":{"rendered":"http:\/\/getanabolics.biz\/product\/testocyp-flacon-de-10-ml-chaque-1-ml-contient-250-mg-de-cypionate-de-testosterone\/"},"modified":"2018-01-21T12:33:05","modified_gmt":"2018-01-21T12:33:05","slug":"testosterone-cyp-250-10-ml-vial-each-1ml-contains-250-mg-testosterone-cypionate","status":"publish","type":"product","link":"https:\/\/getanabolics.biz\/fr\/produit\/testosterone-cyp-250-10-ml-vial-each-1ml-contains-250-mg-testosterone-cypionate\/","title":{"rendered":"Testosterone Cyp. 250 &#8211; Alpha Pharma"},"content":{"rendered":"<h2>Acheter Testosterone Cyp. 250 &#8211; Alpha Pharma (Testocyp)<\/h2>\n<p><a title=\"Acheter Testosterone Cyp. 250 au GetAnabolics\"><img src=\"http:\/\/getanabolics.biz\/images\/cypionate-250-10-la.jpg\" width=\"30%\" align=\"right\" \/><\/a><br \/>\n<img loading=\"lazy\" class=\"size-medium wp-image-32351148 alignright\" src=\"http:\/\/getanabolics.biz\/wp-content\/uploads\/2017\/04\/Testosterone-Cyp.-250-1-242x300.jpg\" alt=\"\" width=\"242\" height=\"300\" srcset=\"https:\/\/getanabolics.biz\/wp-content\/uploads\/2017\/04\/Testosterone-Cyp.-250-1-242x300.jpg 242w, https:\/\/getanabolics.biz\/wp-content\/uploads\/2017\/04\/Testosterone-Cyp.-250-1.jpg 290w\" sizes=\"(max-width: 242px) 100vw, 242px\" \/>Pour ceux qui est \u00e0 la recherche d&rsquo;Testosterone Cyp. 250 et vous demandez-vous o\u00f9 acheter Testosterone Cyp. 250 de Alpha Pharma l\u00e9galement nous vous proposons Testocyp comme le meilleur choix pour de vrai les culturistes.<br \/>\n\u00c0 partir de maintenant sur une grande vari\u00e9t\u00e9 de st\u00e9ro\u00efdes injectables ainsi que des st\u00e9ro\u00efdes oraux et th\u00e9rapie post-cycle de l&rsquo;Alpha Pharma peut \u00eatre achet\u00e9 sur <b>GetAnabolics<\/b>. Nous heureux de pr\u00e9senter la nouvelle Testosterone Cyp. 250 de <span style=\"font-weight: bold;\">Alpha Pharma<\/span>.<br \/>\nTous les produits que nous vous proposons sont faites de l&rsquo;authentique, de haute qualit\u00e9 et de compos\u00e9s ont un seul but: aider les gens \u00e0 prendre de la masse musculaire, la force globale, \u00e0 br\u00fbler les graisses et de les aider sur le chemin de la perfection physique. Dans le but de cr\u00e9er un esprit constructif et civilis\u00e9 relation avec nos clients, nous allons faire le maximum d&rsquo;efforts pour assurer un service de haute qualit\u00e9, l&rsquo;approche de chaque personne que l&rsquo;adresse de notre magasin avec courtoisie et respect.<br \/>\n<em>Construire et maintenir un corps de r\u00eave ont besoin d&rsquo;une combinaison de m\u00e9thodes. Une bonne alimentation vient en premier dans la liste des composants essentiels n\u00e9cessaires \u00e0 l&rsquo;organisme. Deuxi\u00e8mement, assurez-vous toujours de l&rsquo;acheter et utiliser des st\u00e9ro\u00efdes l\u00e9gaux en ligne n&rsquo;est pas seulement pour \u00e9viter tout conflit avec la loi, mais plus important encore, pour \u00e9viter des complications de sant\u00e9.<\/em><br \/>\n<span style=\"font-weight: bold;\">GetAnabolics.Biz<\/span> is the online steroid supplier specially created and dedicated to provide each athlete and bodybuilder with best <span style=\"font-weight: bold;\">anabolic steroids<\/span> est la ligne de st\u00e9ro\u00efdes fournisseur sp\u00e9cialement con\u00e7u et d\u00e9di\u00e9 \u00e0 fournir \u00e0 chaque athl\u00e8te et de bodybuilder avec le meilleur des st\u00e9ro\u00efdes anabolisants \u00e0 prix discount. Nous avons choisi la plus fiable pour les marques \u00e0 collaborer afin d&rsquo;assurer la s\u00e9curit\u00e9, authentique et haut de gamme de st\u00e9ro\u00efdes pour nos clients.<br \/>\n<em>L&rsquo;exp\u00e9dition des st\u00e9ro\u00efdes en toute s\u00e9curit\u00e9 est la principale pr\u00e9occupation pour la livraison de st\u00e9ro\u00efdes dans le monde entier. Notre exp\u00e9dition discr\u00e8te garantit que personne ne sait que vous achetez des st\u00e9ro\u00efdes en ligne.<\/em><\/p>\n<h2>Plus Testosterone Cyp. 250 Alpha Pharma d&rsquo;informations<\/h2>\n<p><b>flacon de 10 ml, chaque 1 ml contient 250 mg de Cypionate de Testost\u00e9rone<\/b><\/p>\n<p><strong>Classe de drogue: Injectable androg\u00e8nes et les st\u00e9ro\u00efdes anabolisants.<\/strong><br \/>\n<strong> La posologie moyenne recommand\u00e9e: Entre 250 et 1000 mg par semaine pour les hommes <\/strong><br \/>\n<strong> Vie Active: Entre 15 et 16 jours<\/strong><br \/>\n<strong> R\u00e9tention d&rsquo;eau:<\/strong><br \/>\n<strong> Toxique pour le foie: Faible, mais peut augmenter avec de grandes doses<\/strong><br \/>\n<strong> Diminue HPTA fonction: Oui, de tr\u00e8s haute<\/strong><br \/>\n<strong> SRD Conversion:<\/strong><br \/>\n<strong> Aromatisation:<\/strong><\/p>\n<p>La principale hormone sexuelle m\u00e2le Testost\u00e9rone est et est produite naturellement dans les deux hommes et les femmes ? mais les m\u00e2les produisent environ 40 fois plus de testost\u00e9rone que les femmes. Cypionate testost\u00e9rone est une forme pure de testost\u00e9rone et a \u00e9t\u00e9 utilis\u00e9 pendant des ann\u00e9es pour traiter de faibles niveaux de testost\u00e9rone chez les hommes. C&rsquo;est une tr\u00e8s forte st\u00e9ro\u00efdes anabolisants avec de puissantes propri\u00e9t\u00e9s androg\u00e8nes et est consid\u00e9r\u00e9 comme l&rsquo;un des plus efficace et efficiente des hormones \u00e0 des fins qu&rsquo;il est utilis\u00e9 pour. Cypionate testost\u00e9rone est aussi puissant que la Testost\u00e9rone \u00c9nanthate et ces deux compos\u00e9s sont presque identiques. Ce st\u00e9ro\u00efde produit le m\u00eame effet que l&rsquo;hormone de la testost\u00e9rone et les athl\u00e8tes et les body-builders utilisation de ce st\u00e9ro\u00efde \u00e0 exag\u00e9rer les effets de la testost\u00e9rone.<\/p>\n<h1>de Cypionate de Testost\u00e9rone De Vente<\/h1>\n<p><em>Ce compos\u00e9 est peut-\u00eatre le best steroid hormone de remplacement, d&rsquo;am\u00e9lioration de la performance et la croissance musculaire. La posologie recommand\u00e9e pour les d\u00e9butants est d&rsquo;environ 400 \u00e0 500 mg par semaine, de pr\u00e9f\u00e9rence, partag\u00e9 entre deux injections. Sinon, la posologie recommand\u00e9e est de 200 mg tous les 7 \u00e0 10 jours pour ceux qui cherchent \u00e0 am\u00e9liorer leurs performances. Les utilisateurs les plus avanc\u00e9s utilisent m\u00eame jusqu&rsquo;\u00e0 1000 mg par semaine, mais les effets secondaires peuvent \u00eatre tr\u00e8s \u00e9lev\u00e9s \u00e0 de tels niveaux. La dur\u00e9e recommand\u00e9e pour la Testost\u00e9rone Cypionate cycles est entre 8 et 16 semaines.<\/em><\/p>\n<p>Ce st\u00e9ro\u00efde augmente la r\u00e9tention d&rsquo;azote dans les muscles et am\u00e9liore la synth\u00e8se des prot\u00e9ines. Il augmente aussi le nombre de globules rouges et bloque l&rsquo;effet des hormones comme le cortisol, qui favorisent l&rsquo;atrophie musculaire. Ce st\u00e9ro\u00efde offre tous les avantages attendus de st\u00e9ro\u00efdes anabolisants et comme il a une longue dur\u00e9e de vie active de 15 jours environ, ses effets durent pendant une longue p\u00e9riode. Il augmente \u00e9galement la production de l&rsquo;IGF-1. Par l&rsquo;utilisation de la Testost\u00e9rone Cypionate, les athl\u00e8tes et les body-builders peuvent augmenter la force, la masse musculaire et une meilleure utilisation des prot\u00e9ines.<\/p>\n<p>Il favorise \u00e9galement la combustion des graisses et augmente le taux m\u00e9tabolique, car il emp\u00eache l&rsquo;atrophie musculaire et la croissance du muscle. Il aide \u00e9galement les athl\u00e8tes \u00e0 gagner de la masse musculaire maigre et les aide \u00e0 pr\u00e9server la masse musculaire, m\u00eame avec la restriction calorique r\u00e9gimes.<\/p>\n<blockquote><p>Comme la Testost\u00e9rone Cypionate est un puissant st\u00e9ro\u00efde anabolisant, ses effets secondaires sont tr\u00e8s prononc\u00e9es et ce st\u00e9ro\u00efde ne devrait pas \u00eatre utilis\u00e9 par les femmes. Comme il aromatise \u00e0 un haut degr\u00e9, les utilisateurs peuvent s&rsquo;attendre oestrog\u00e8ne effets secondaires li\u00e9s comme la Gyn\u00e9comastie, une \u00e9l\u00e9vation de la pression art\u00e9rielle, la r\u00e9tention d&rsquo;eau et la r\u00e9duction de bons niveaux de cholest\u00e9rol. Atrophie testiculaire est assur\u00e9 effet secondaire, qui est la raison de ce st\u00e9ro\u00efde, il ne faut pas abuser.<\/p><\/blockquote>\n<h3>Lire la suite<\/h3>\n<p><a href=\"http:\/\/getanabolics.biz\/fr\/deca-durabolin-effets-secondaires\/\">EFFETS SECONDAIRES DECA DURABOLIN<\/a><\/p>\n<p><a href=\"http:\/\/getanabolics.biz\/fr\/tout-sur-proviron-mesterolone\/\">TOUT SUR PROVIRON (MESTEROLONE)<\/a><\/p>\n<p><a href=\"http:\/\/getanabolics.biz\/fr\/quelle-devrait-etre-la-duree-du-cours-des-steroides\/\">Quelle devrait \u00eatre la dur\u00e9e de l&rsquo;\u00e9volution des st\u00e9ro\u00efdes?<\/a><\/p>\n<p><a href=\"http:\/\/getanabolics.biz\/fr\/creatine-sur-un-cours-de-steroides\/\">CREATINE SUR UN COURS DE STEROIDES<\/a><\/p>\n<p><a href=\"http:\/\/getanabolics.biz\/fr\/crossfit-et-steroides\/\">CROSSFIT ET ST\u00c9RO\u00cfDES<\/a><\/p>\n","protected":false},"excerpt":{"rendered":"<p>Package: Flacon de 10 ml, chaque 1 ml contient 250 mg de Cypionate de Testost\u00e9rone<br \/>Fabricant: Alpha Pharma<br \/>Brand name: Testosterone Cyp. 250<br \/>Aussi connu comme: Testocyp<\/p>\n","protected":false},"featured_media":32351144,"comment_status":"open","ping_status":"closed","template":"","meta":[],"product_cat":[104,117],"product_tag":[40],"_links":{"self":[{"href":"https:\/\/getanabolics.biz\/fr\/wp-json\/wp\/v2\/product\/766"}],"collection":[{"href":"https:\/\/getanabolics.biz\/fr\/wp-json\/wp\/v2\/product"}],"about":[{"href":"https:\/\/getanabolics.biz\/fr\/wp-json\/wp\/v2\/types\/product"}],"replies":[{"embeddable":true,"href":"https:\/\/getanabolics.biz\/fr\/wp-json\/wp\/v2\/comments?post=766"}],"wp:featuredmedia":[{"embeddable":true,"href":"https:\/\/getanabolics.biz\/fr\/wp-json\/wp\/v2\/media\/32351144"}],"wp:attachment":[{"href":"https:\/\/getanabolics.biz\/fr\/wp-json\/wp\/v2\/media?parent=766"}],"wp:term":[{"taxonomy":"product_cat","embeddable":true,"href":"https:\/\/getanabolics.biz\/fr\/wp-json\/wp\/v2\/product_cat?post=766"},{"taxonomy":"product_tag","embeddable":true,"href":"https:\/\/getanabolics.biz\/fr\/wp-json\/wp\/v2\/product_tag?post=766"}],"curies":[{"name":"wp","href":"https:\/\/api.w.org\/{rel}","templated":true}]}}