{"id":765,"date":"2017-04-27T10:31:41","date_gmt":"2017-04-27T10:42:54","guid":{"rendered":"http:\/\/getanabolics.biz\/product\/testobolin-flacon-de-10-ml-1-ml-contient-250-mg-denanthate-de-testosterone\/"},"modified":"2018-01-21T12:44:02","modified_gmt":"2018-01-21T12:44:02","slug":"testosterone-enant-250-10-ml-vial-each-1-ml-contains-250-mg-testosterone-enanthate","status":"publish","type":"product","link":"https:\/\/getanabolics.biz\/fr\/produit\/testosterone-enant-250-10-ml-vial-each-1-ml-contains-250-mg-testosterone-enanthate\/","title":{"rendered":"Testosterone Enant. 250 &#8211; Alpha Pharma"},"content":{"rendered":"<h2>Acheter Testosterone Enant. 250 &#8211; Alpha Pharma (Testobolin)<\/h2>\n<p><a title=\"Acheter Testosterone Enant. 250 au GetAnabolics\"><img src=\"http:\/\/getanabolics.biz\/images\/testo-depot.jpg\" width=\"30%\" align=\"right\" \/><\/a><br \/>\nPour ceux qui est \u00e0 la recherche d&rsquo;Testosterone Enant. 250 et vous demandez-vous o\u00f9 acheter Testosterone Enant. 250 de Alpha Pharma l\u00e9galement nous vous proposons Testobolin comme le meilleur choix pour de vrai les culturistes.<br \/>\n\u00c0 partir de maintenant sur une grande vari\u00e9t\u00e9 de st\u00e9ro\u00efdes injectables ainsi que des st\u00e9ro\u00efdes oraux et th\u00e9rapie post-cycle de l&rsquo;Alpha Pharma peut \u00eatre achet\u00e9 sur <b>GetAnabolics<\/b>. Nous heureux de pr\u00e9senter la nouvelle Testosterone Enant. 250 de <span style=\"font-weight: bold;\">Alpha Pharma<\/span>.<br \/>\n<em>Tous les produits que nous vous proposons sont faites de l&rsquo;authentique, de haute qualit\u00e9 et de compos\u00e9s ont un seul but: aider les gens \u00e0 prendre de la masse musculaire, la force globale, \u00e0 br\u00fbler les graisses et de les aider sur le chemin de la perfection physique. Dans le but de cr\u00e9er un esprit constructif et civilis\u00e9 relation avec nos clients, nous allons faire le maximum d&rsquo;efforts pour assurer un service de haute qualit\u00e9, l&rsquo;approche de chaque personne que l&rsquo;adresse de notre magasin avec courtoisie et respect.<\/em><br \/>\nConstruire et maintenir un corps de r\u00eave ont besoin d&rsquo;une combinaison de m\u00e9thodes. Une bonne alimentation vient en premier dans la liste des composants essentiels n\u00e9cessaires \u00e0 l&rsquo;organisme. Deuxi\u00e8mement, assurez-vous toujours de l&rsquo;acheter et utiliser des st\u00e9ro\u00efdes l\u00e9gaux en ligne n&rsquo;est pas seulement pour \u00e9viter tout conflit avec la loi, mais plus important encore, pour \u00e9viter des complications de sant\u00e9.<br \/>\n<span style=\"font-weight: bold;\">GetAnabolics.Biz<\/span> is the online steroid supplier specially created and dedicated to provide each athlete and bodybuilder with best <span style=\"font-weight: bold;\">anabolic steroids<\/span> est la ligne de st\u00e9ro\u00efdes fournisseur sp\u00e9cialement con\u00e7u et d\u00e9di\u00e9 \u00e0 fournir \u00e0 chaque athl\u00e8te et de bodybuilder avec le meilleur des st\u00e9ro\u00efdes anabolisants \u00e0 prix discount. Nous avons choisi la plus fiable pour les marques \u00e0 collaborer afin d&rsquo;assurer la s\u00e9curit\u00e9, authentique et haut de gamme de st\u00e9ro\u00efdes pour nos clients.<br \/>\n<em>L&rsquo;exp\u00e9dition des st\u00e9ro\u00efdes en toute s\u00e9curit\u00e9 est la principale pr\u00e9occupation pour la livraison de st\u00e9ro\u00efdes dans le monde entier. Notre exp\u00e9dition discr\u00e8te garantit que personne ne sait que vous achetez des st\u00e9ro\u00efdes en ligne.<\/em><\/p>\n<h2>Plus Testosterone Enant. 250 Alpha Pharma d&rsquo;informations<\/h2>\n<p><b>flacon de 10 ml, 1 ml contient 250 mg d&rsquo;\u00c9nanthate de Testost\u00e9rone<\/b><\/p>\n<p>\u00e9nanthate de Testost\u00e9rone est un ester de l&rsquo;origine naturelle des androg\u00e8nes, testost\u00e9rone. Il est responsable pour le d\u00e9veloppement normal des caract\u00e8res sexuels masculins. En cas d&rsquo;insuffisance de la production de testost\u00e9rone quasi complet de l&rsquo;\u00e9quilibre de la fonctionnelle, anatomiques, et psychique des sympt\u00f4mes de carence peuvent \u00eatre obtenus par la substitution de la testost\u00e9rone.\u00a0\u00bb<\/p>\n<blockquote><p>Ces lignes d\u00e9crire clairement ce qu&rsquo;est un important et efficace testost\u00e9rone, l&rsquo;hormone est. L&rsquo;un des nombreux testost\u00e9rone substances est la testost\u00e9rone \u00e9nanthate. Dans un homme, il est normalement utilis\u00e9 pour traiter l&rsquo;hypogonadisme r\u00e9sultant d&rsquo;une carence en androg\u00e8nes (1) et l&rsquo;an\u00e9mie (2). \u00c9tonnamment, dans les \u00e9coles de m\u00e9decine de la testost\u00e9rone \u00e9nanthate est \u00e9galement utilis\u00e9 chez les femmes et les enfants. Les gar\u00e7ons et les jeunes hommes le prendre comme la croissance de la th\u00e9rapie et les femmes le prendre comme un \u00ab\u00a0additif traitement de certaines formes de croissance des mamelons lors de la post-m\u00e9nopause\u00a0\u00bb. Dans la construction du corps, cependant, il est LA \u00ab\u00a0masse de construction de st\u00e9ro\u00efdes.\u00a0\u00bb Peu importe ce que vous pensez de Dianabol, Parabolan, Anadrol 50, Finaject, et d&rsquo;autres, quand il s&rsquo;agit de la force, de la masse musculaire et la rapidit\u00e9 des gains de poids, la testost\u00e9rone est encore le \u00ab\u00a0Roi de la Route.\u00a0\u00bb La testost\u00e9rone \u00e9nanthate est l&rsquo;\u00e9quivalent Europ\u00e9en de Cypionate de Testost\u00e9rone qui est principalement disponible aux \u00e9tats-UNIS (voir aussi la Testost\u00e9rone Cypionate). \u00c9nanthate de testost\u00e9rone, comme la plupart des noms de marque d&rsquo;ores et d\u00e9j\u00e0 proposer, est une longue dur\u00e9e d&rsquo;action depot des st\u00e9ro\u00efdes. Selon le m\u00e9tabolisme et le corps initiale du niveau d&rsquo;hormone, il a une dur\u00e9e de validit\u00e9 de deux \u00e0 trois semaines, alors que, th\u00e9oriquement, de tr\u00e8s longs intervalles entre les injections sont possibles. Bien que la Testost\u00e9rone \u00e9nanthate est efficace pendant plusieurs semaines, il est inject\u00e9 au moins une fois par semaine dans la construction du corps, la puissance de levage et de levage de poids. Ce, par tous les moyens, de sens puisque la Testost\u00e9rone \u00e9nanthate a une demi-vie plasmatique de temps dans le sang d&rsquo;une semaine seulement.<\/p><\/blockquote>\n<p>L&rsquo;avantage d\u00e9cisif de la Testost\u00e9rone \u00e9nanthate, cependant, est que cette substance a un tr\u00e8s fort effet androg\u00e8ne et est coupl\u00e9 avec un intense anabolisants composant. Cela permet \u00e0 presque tout le monde, \u00e0 l&rsquo;int\u00e9rieur d&rsquo;un court laps de temps, \u00e0 se cr\u00e9er beaucoup de force et de masse. L&rsquo;, forte et rapide poids le gain est combin\u00e9 avec la r\u00e9tention d&rsquo;eau distincts depuis une r\u00e9tention d&rsquo;\u00e9lectrolytes et de l&rsquo;eau se produit. Un effet agr\u00e9able, c&rsquo;est que l&rsquo;\u00e9norme gain de force va de pair avec la r\u00e9tention d&rsquo;eau. Halt\u00e9rophiles et les halt\u00e9rophiles pouvoir, en particulier dans les cat\u00e9gories de poids sup\u00e9rieures, d&rsquo;appr\u00e9cier cette caract\u00e9ristique. Dans ce groupe, la Testost\u00e9rone \u00e9nanthate, Cypionate Testost\u00e9rone, et <a href=\"http:\/\/getanabolics.biz\/fr\/produit\/sustanon-250-1-box-of-10-ampoules-each-1-amp-contains-250-mg-testosterone-esters\/\">Sustanon 250 <\/a>sont les st\u00e9ro\u00efdes, ce qui est aussi clairement refl\u00e9t\u00e9 dans les dosages. Des doses de 500 mg, 1000 mg ou m\u00eame 2000 mg par jour ne sont pas rare, vous l&rsquo;esprit, par jour, pas par semaine. Disciplines sportives n\u00e9cessitant un haut degr\u00e9 de puissance brute, de l&rsquo;agressivit\u00e9 et de l&rsquo;endurance offre une excellente application pour le D\u00e9p\u00f4t de la Testost\u00e9rone. La r\u00e9tention d&rsquo;eau distincts a aussi d&rsquo;autres avantages. Ceux qui ont des probl\u00e8mes avec les articulations de l&rsquo;\u00e9paule cartilages ou dont les disques intervert\u00e9braux, en raison des ann\u00e9es de lourds formation, de montrer les premiers signes d&rsquo;usure, peuvent obtenir un soulagement temporaire par la prise de testost\u00e9rone.<\/p>\n<p>Pour le culturiste, la r\u00e9tention d&rsquo;eau qui va de pair avec la Testost\u00e9rone \u00e9nanthate est \u00e0 double tranchant. Certainement, on obtient rapidement massive et forte; cependant, l&rsquo;image refl\u00e9t\u00e9e, apr\u00e8s quelques semaines de montre souvent compl\u00e8tement \u00e0 plat, aqueux et bouffi muscles. Les muscles apparaissent comme si elles ont \u00e9t\u00e9 gonfl\u00e9 avec de l&rsquo;air \u00a0\u00bb \u00e0 de nouvelles dimensions, pourtant, au cours de la flexion rien ne se passe. Ceux qui ne croient pas, cela devrait s&#8217;emb\u00eater \u00e0 aller visiter ce qu&rsquo;on appelle \u00ab\u00a0body building champions\u00a0\u00bb pendant la morte-saison, lorsque ces quantit\u00e9s exag\u00e9r\u00e9es de \u00ab\u00a0Testo\u00a0\u00bb venir dans. <a href=\"http:\/\/getanabolics.biz\/fr\/tout-sur-proviron-mesterolone\/\">Un coup d&rsquo;oeil \u00e0 la d\u00e9funte musculation magazine WBF rend encore plus claire.<\/a> Un probl\u00e8me suppl\u00e9mentaire lors de la prise de Testost\u00e9rone \u00e9nanthate est que le taux de conversion en oestrog\u00e8ne est tr\u00e8s \u00e9lev\u00e9. Ceci, d&rsquo;une part, conduit le corps \u00e0 stocker plus de graisse; d&rsquo;autre part, la f\u00e9minisation des sympt\u00f4mes (gyn\u00e9comastie) ne sont pas inhabituelles. Cependant, il doit \u00eatre clairement indiqu\u00e9 que cela d\u00e9pend de l&rsquo;athl\u00e8te de la pr\u00e9disposition. Par tous les moyens, il y a des athl\u00e8tes qui m\u00eame avec 1000 mg \/semaine ne montrent pas de sympt\u00f4mes f\u00e9minisation ou les d\u00e9p\u00f4ts de graisse et qui souffrent de r\u00e9tention en eau tr\u00e8s faible. D&rsquo;autres, cependant, de d\u00e9velopper des douleurs aux mamelons en regardant simplement une Testoviron Depot ampoule. Pourtant, l&rsquo;apport suppl\u00e9mentaire de Nolvadex et Proviron devraient \u00eatre consid\u00e9r\u00e9es \u00e0 la dose de 500 mg \/semaine. Comme d\u00e9j\u00e0 mentionn\u00e9, Testo est efficace pour tout le monde, que ce soit un d\u00e9butant ou M. Olympia. La testost\u00e9rone \u00e9nanthate \u00e9galement fortement favorise le processus de r\u00e9g\u00e9n\u00e9ration. Cela conduit \u00e0 nettement plus court surcompensation phases, un sentiment accru de bien-\u00eatre, et une nette augmentation de l&rsquo;\u00e9nergie. C&rsquo;est aussi la raison pour laquelle plusieurs athl\u00e8tes sont en mesure de travailler sur deux fois par jour pendant plusieurs heures, six jours par semaine et de continuer \u00e0 construire la masse et de la force. Ceux qui peuvent travailler de nouveau deux heures apr\u00e8s un dur entra\u00eenement jambes sais que Testo \u0153uvres. Les athl\u00e8tes qui prennent de la Testost\u00e9rone \u00e9nanthate rapport \u00e0 une trop forte effet de pompe au cours de la formation. Cette \u00ab\u00a0st\u00e9ro\u00efdes pompe\u00a0\u00bb est attribu\u00e9 \u00e0 une augmentation du volume sanguin avec un plus grand apport d&rsquo;oxyg\u00e8ne et une plus grande quantit\u00e9 de globules rouges. Ceux qui prennent des m\u00e9gadoses de l&rsquo;\u00e9nanthate de Testost\u00e9rone va d\u00e9j\u00e0 se sentent une \u00e9norme pompe dans le haut de leurs cuisses et des mollets lors de la mont\u00e9e des escaliers. Malgr\u00e9 cela, nous recommandons que les novices en st\u00e9ro\u00efdes rester \u00e0 l&rsquo;\u00e9cart de tous les compos\u00e9s de testost\u00e9rone. Il est tr\u00e8s clair: Ceux qui n&rsquo;ont jamais pris de st\u00e9ro\u00efdes ne sont pas encore besoin de toute la testost\u00e9rone et doit attendre jusqu&rsquo;\u00e0 ce que plus tard, quand les \u00ab\u00a0plus faibles\u00a0\u00bb st\u00e9ro\u00efdes commencer \u00e0 avoir peu d&rsquo;effet. Pour les plus avanc\u00e9s, la Testost\u00e9rone \u00e9nanthate peut \u00eatre pris seul ou en combinaison avec d&rsquo;autres compos\u00e9s.<\/p>\n<p><em>Les effets secondaires de la Testost\u00e9rone \u00e9nanthate sont principalement l&rsquo;effet androg\u00e8ne distinct et l&rsquo;augmentation de la r\u00e9tention d&rsquo;eau. C&rsquo;est g\u00e9n\u00e9ralement la raison de la survenue fr\u00e9quente d&rsquo;hypertonie (3). Ceux qui ont une pr\u00e9disposition pour la haute pression sanguine ou dont la pression art\u00e9rielle est \u00e9lev\u00e9e lorsqu&rsquo;ils commencent \u00e0 prendre de la Testost\u00e9rone \u00e9nanthate devrait l&rsquo;\u00eatre p\u00e9riodiquement v\u00e9rifi\u00e9s par un m\u00e9decin. Si n\u00e9cessaire, la prise d&rsquo;un m\u00e9dicament antihypertenseur (4) tels que les Catapresan est conseill\u00e9. De nombreux athl\u00e8tes de l&rsquo;exp\u00e9rience d&rsquo;une forte acn\u00e9 vulgaris avec de la Testost\u00e9rone \u00e9nanthate, qui se manifeste sur le dos, la poitrine, les \u00e9paules et les bras plus que sur le visage. Les athl\u00e8tes qui prennent de grandes quantit\u00e9s de Testo peuvent souvent \u00eatre facilement reconnu en raison de ces caract\u00e9ristiques. Il est int\u00e9ressant de noter que, dans certains athl\u00e8tes, ces caract\u00e9ristiques ne se produire apr\u00e8s l&rsquo;utilisation du compos\u00e9 a \u00e9t\u00e9 abandonn\u00e9e, ce qui implique un effet de rebond. Dans les cas graves, la m\u00e9decine Accutane peut vous aider. D\u00e9j\u00e0 discut\u00e9 de la f\u00e9minisation de sympt\u00f4mes, en particulier gyn\u00e9comastie, qui exigent la prise d&rsquo;un anti-\u0153strog\u00e8ne. Excitation sexuelle avec des \u00e9rections fr\u00e9quentes au d\u00e9but de consommation est normale. Chez les jeunes athl\u00e8tes, \u00ab\u00a0en plus de virilisation,la testost\u00e9rone peut \u00e9galement conduire \u00e0 une acc\u00e9l\u00e9ration de la croissance et de la maturation osseuse, pour un pr\u00e9matur\u00e9 epiphysial fermeture des plaques de croissance et donc une hauteur inf\u00e9rieure\u00a0\u00bb (Jenapharm GmbH, insertion de paquet pour Testosteron Depot).&rsquo; Depuis surtout les plus grands athl\u00e8tes qui sont couronn\u00e9es de succ\u00e8s dans la construction du corps, les jeunes adultes devraient bien r\u00e9fl\u00e9chir avant de prendre des anabolisants\/st\u00e9ro\u00efdes androg\u00e8nes, en particulier la testost\u00e9rone.<\/em><\/p>\n<p>un Autre effet secondaire de la Testost\u00e9rone \u00e9nanthate est mentionn\u00e9 dans le magazine de bodybuilding Muscle Media 2000, juin, juillet 1993, \u00e0 la page 45. Juger si c&rsquo;est positif ou n\u00e9gatif, est laiss\u00e9e au lecteur. &lsquo;Il y A quelques ann\u00e9es, the Lancet, Revue M\u00e9dicale de l&rsquo;Angleterre d\u00e9clar\u00e9 que la testost\u00e9rone (le proto-type de st\u00e9ro\u00efde anabolisant) \u00e0 \u00eatre remarquablement efficace m\u00e2le de contr\u00f4le des naissances. Les chercheurs ont men\u00e9 des 12 mois de l&rsquo;\u00e9tude qui a inclus 270 hommes et a d\u00e9termin\u00e9 que des injections hebdomadaires de la testost\u00e9rone, l&rsquo;hormone \u00e9taient \u00a0\u00bb s\u00fbrs, stables et efficaces.&rsquo; Ils ont d\u00e9couvert que l&rsquo;hebdomadaire des injections de testost\u00e9rone a un taux de r\u00e9ussite de 99.2% comme une m\u00e9thode de contr\u00f4le des naissances. Ce qui le rend plus efficace que la pilule contraceptive (97%) et beaucoup plus efficaces que les pr\u00e9servatifs (88%). L&rsquo;\u00e9tude a \u00e9galement r\u00e9v\u00e9l\u00e9 que les effets de la contraception injections ont \u00e9t\u00e9 enti\u00e8rement r\u00e9versibles \u00e0 l&rsquo;arr\u00eat de l&rsquo;administration de la drogue et que les injections de testost\u00e9rone produit peu d&rsquo;effets secondaires.\u00a0\u00bb<\/p>\n<p><span style=\"text-decoration: underline;\">des \u00e9tudes Similaires avec les m\u00eames donn\u00e9es sont \u00e9galement en cours dans une universit\u00e9 allemande de la clinique. Bien que ce n&rsquo;est pas le sujet de ce livre, ces r\u00e9sultats soulignent au moins le besoin de stimulant de testost\u00e9rone compos\u00e9s pendant et apr\u00e8s la prise de Testost\u00e9rone \u00e9nanthate. Depuis qu&rsquo;il est efficace pendant une longue p\u00e9riode de temps, la Testost\u00e9rone \u00e9nanthate est toujours pris de plus en plus fr\u00e9quemment par les athl\u00e8tes lors de leur \u00ab\u00a0st\u00e9ro\u00efdes intervalles de temps.\u00a0\u00bb Une injection de 250 mg tous les 2-3 semaines contribue \u00e0 maintenir la force et la masse. Si cette application a de sens reste \u00e0 voir; le fait est qu&rsquo;il fonctionne.<\/span><\/p>\n<h3>Lire la suite<\/h3>\n<p><a href=\"http:\/\/getanabolics.biz\/fr\/principaux-resultats-du-meilleur-acetate-de-trenbolone\/\">GRANDS R\u00c9SULTATS DU MEILLEUR AC\u00c9TATE DE TRENBOLONE<\/a><\/p>\n<p><a href=\"http:\/\/getanabolics.biz\/fr\/tout-ce-que-vous-devez-savoir-sur-anadrol\/\">TOUT CE QUE VOUS DEVEZ SAVOIR SUR ANADROL<\/a><\/p>\n<p><a href=\"http:\/\/getanabolics.biz\/fr\/leffet-des-steroides-sur-la-peau-humaine\/\">L&rsquo;EFFET DES ST\u00c9RO\u00cfDES SUR LA PEAU HUMAINE<\/a><\/p>\n<p><a href=\"http:\/\/getanabolics.biz\/fr\/rassemblez-une-masse-seche-sans-effets-secondaires\/\">RASSEMBLER UNE MASSE SECHE SANS EFFETS SECONDAIRES<\/a><\/p>\n<p><a href=\"http:\/\/getanabolics.biz\/fr\/quelle-devrait-etre-la-duree-du-cours-des-steroides\/\">Quelle devrait \u00eatre la dur\u00e9e de l&rsquo;\u00e9volution des st\u00e9ro\u00efdes?<\/a><\/p>\n","protected":false},"excerpt":{"rendered":"<p>Package: Flacon de 10 ml, 1 ml contient 250 mg d&rsquo;\u00c9nanthate de Testost\u00e9rone<br \/>Fabricant: Alpha Pharma<br \/>Brand name: Testosterone Enant. 250<br \/>Aussi connu comme: Testobolin<\/p>\n","protected":false},"featured_media":298,"comment_status":"open","ping_status":"closed","template":"","meta":[],"product_cat":[104,117],"product_tag":[40],"_links":{"self":[{"href":"https:\/\/getanabolics.biz\/fr\/wp-json\/wp\/v2\/product\/765"}],"collection":[{"href":"https:\/\/getanabolics.biz\/fr\/wp-json\/wp\/v2\/product"}],"about":[{"href":"https:\/\/getanabolics.biz\/fr\/wp-json\/wp\/v2\/types\/product"}],"replies":[{"embeddable":true,"href":"https:\/\/getanabolics.biz\/fr\/wp-json\/wp\/v2\/comments?post=765"}],"wp:featuredmedia":[{"embeddable":true,"href":"https:\/\/getanabolics.biz\/fr\/wp-json\/wp\/v2\/media\/298"}],"wp:attachment":[{"href":"https:\/\/getanabolics.biz\/fr\/wp-json\/wp\/v2\/media?parent=765"}],"wp:term":[{"taxonomy":"product_cat","embeddable":true,"href":"https:\/\/getanabolics.biz\/fr\/wp-json\/wp\/v2\/product_cat?post=765"},{"taxonomy":"product_tag","embeddable":true,"href":"https:\/\/getanabolics.biz\/fr\/wp-json\/wp\/v2\/product_tag?post=765"}],"curies":[{"name":"wp","href":"https:\/\/api.w.org\/{rel}","templated":true}]}}