{"id":764,"date":"2017-04-27T10:31:41","date_gmt":"2017-04-27T10:42:54","guid":{"rendered":"http:\/\/getanabolics.biz\/product\/induject-250-10ml-flacon-multidose-contient-2500mg-250mgml-les-esters-de-testosterone\/"},"modified":"2018-01-21T12:52:17","modified_gmt":"2018-01-21T12:52:17","slug":"sustanon-250-10ml-multidose-vial-contains-2500mg-250mgml-testosterone-esters","status":"publish","type":"product","link":"https:\/\/getanabolics.biz\/fr\/produit\/sustanon-250-10ml-multidose-vial-contains-2500mg-250mgml-testosterone-esters\/","title":{"rendered":"Sustanon 250 &#8211; Alpha Pharma"},"content":{"rendered":"<h2>Acheter Sustanon 250 &#8211; Alpha Pharma (Induject-250)<\/h2>\n<p><a title=\"Acheter Sustanon 250 au GetAnabolics\"><img src=\"http:\/\/getanabolics.biz\/images\/androx-400.jpg\" width=\"30%\" align=\"right\" \/><\/a><br \/>\nPour ceux qui est \u00e0 la recherche d&rsquo;Sustanon 250 et vous demandez-vous o\u00f9 acheter Sustanon 250 de Alpha Pharma l\u00e9galement nous vous proposons Induject-250 comme le meilleur choix pour de vrai les culturistes.<br \/>\n\u00c0 partir de maintenant sur une grande vari\u00e9t\u00e9 de st\u00e9ro\u00efdes injectables ainsi que des st\u00e9ro\u00efdes oraux et th\u00e9rapie post-cycle de l&rsquo;Alpha Pharma peut \u00eatre achet\u00e9 sur <b>GetAnabolics<\/b>. Nous heureux de pr\u00e9senter la nouvelle Sustanon 250 de <span style=\"font-weight: bold;\">Alpha Pharma<\/span>.<br \/>\n<em>Tous les produits que nous vous proposons sont faites de l&rsquo;authentique, de haute qualit\u00e9 et de compos\u00e9s ont un seul but: aider les gens \u00e0 prendre de la masse musculaire, la force globale, \u00e0 br\u00fbler les graisses et de les aider sur le chemin de la perfection physique. Dans le but de cr\u00e9er un esprit constructif et civilis\u00e9 relation avec nos clients, nous allons faire le maximum d&rsquo;efforts pour assurer un service de haute qualit\u00e9, l&rsquo;approche de chaque personne que l&rsquo;adresse de notre magasin avec courtoisie et respect.<\/em><br \/>\nConstruire et maintenir un corps de r\u00eave ont besoin d&rsquo;une combinaison de m\u00e9thodes. Une bonne alimentation vient en premier dans la liste des composants essentiels n\u00e9cessaires \u00e0 l&rsquo;organisme. Deuxi\u00e8mement, assurez-vous toujours de l&rsquo;acheter et utiliser des st\u00e9ro\u00efdes l\u00e9gaux en ligne n&rsquo;est pas seulement pour \u00e9viter tout conflit avec la loi, mais plus important encore, pour \u00e9viter des complications de sant\u00e9.<br \/>\n<span style=\"font-weight: bold;\">GetAnabolics.Biz<\/span> is the online steroid supplier specially created and dedicated to provide each athlete and bodybuilder with best <span style=\"font-weight: bold;\">anabolic steroids<\/span> est la ligne de st\u00e9ro\u00efdes fournisseur sp\u00e9cialement con\u00e7u et d\u00e9di\u00e9 \u00e0 fournir \u00e0 chaque athl\u00e8te et de bodybuilder avec le meilleur des st\u00e9ro\u00efdes anabolisants \u00e0 prix discount. Nous avons choisi la plus fiable pour les marques \u00e0 collaborer afin d&rsquo;assurer la s\u00e9curit\u00e9, authentique et haut de gamme de st\u00e9ro\u00efdes pour nos clients.<br \/>\nL&rsquo;exp\u00e9dition des st\u00e9ro\u00efdes en toute s\u00e9curit\u00e9 est la principale pr\u00e9occupation pour la livraison de st\u00e9ro\u00efdes dans le monde entier. Notre exp\u00e9dition discr\u00e8te garantit que personne ne sait que vous achetez des st\u00e9ro\u00efdes en ligne.<\/p>\n<h2>Plus Sustanon 250 Alpha Pharma d&rsquo;informations<\/h2>\n<p><b>10ml flacon multidose contient 2500mg (250mg\/ml) les Esters de Testost\u00e9rone<\/b><\/p>\n<p><strong>Androx 400 contient par ml:<\/strong><br \/>\n<strong> \u2022 100 mg de Testost\u00e9rone Phenylpropionate<\/strong><br \/>\n<strong> \u2022 100 mg de Cypionate de Testost\u00e9rone<\/strong><br \/>\n<strong> \u2022 100 mg de D\u00e9canoate de Testost\u00e9rone<\/strong><br \/>\n<strong> \u2022 100 mg de Testost\u00e9rone Isocaproate<\/strong><\/p>\n<p>Sustanon est un st\u00e9ro\u00efde tr\u00e8s populaire qui est tr\u00e8s appr\u00e9ci\u00e9 par ses utilisateurs car il offre plusieurs avantages par rapport \u00e0 d&rsquo;autres compos\u00e9s de testost\u00e9rone. Sustanon est un m\u00e9lange de quatre testost\u00e9rones diff\u00e9rentes qui, fond\u00e9e sur le bien-chronom\u00e9tr\u00e9 composition, ont un effet synergique. Cette particularit\u00e9 a deux des caract\u00e9ristiques positives de l&rsquo;athl\u00e8te. Tout d&rsquo;abord, bas\u00e9 sur la combinaison sp\u00e9ciale de l&rsquo;effet des compos\u00e9s, Sustanon, milligramme pour milligramme, a un meilleur effet de la Testost\u00e9rone \u00e9nanthate, cypionate, le propionate de seul. Deuxi\u00e8mement, l&rsquo;effet des quatre testost\u00e9rones est sorti \u00e0 temps, de sorte que Sustanon va rapidement dans le syst\u00e8me et reste efficace dans le corps pendant plusieurs semaines. En raison de la propionate \u00e9galement inclus dans le st\u00e9ro\u00efde, Sustanon est efficace apr\u00e8s une journ\u00e9e et, sur la base mixte dans d\u00e9canoates, reste actif pendant 3 \u00e0 4 semaines.<\/p>\n<p>Sustanon a un effet androg\u00e8ne distinct qui est coupl\u00e9 avec un fort effet anabolisant. Il est donc bien adapt\u00e9 pour construire la force et de la masse. Une augmentation rapide de la force du corps et une augmentation du poids du corps se produisent. Les athl\u00e8tes qui utilisent Sustanon rapport \u00e0 une solide croissance musculaire car elle r\u00e9sulte en moins de r\u00e9tention d&rsquo;eau et aromatise \u00e9galement moins que la testost\u00e9rone \u00e9nanthate ou cypionate. En effet beaucoup de bodybuilders qui utilisent la testost\u00e9rone et la lutte contre la r\u00e9tention d&rsquo;eau distincts et un niveau \u00e9lev\u00e9 d&rsquo;oestrog\u00e8ne pr\u00e9f\u00e8rent Sustanon sur les autres \u00e0 longue dur\u00e9e d&rsquo;action depot testost\u00e9rone.<\/p>\n<p><em>Il est en outre remarqu\u00e9 que Sustanon est \u00e9galement efficace lorsque des doses relativement faibles sont donn\u00e9s \u00e0 des athl\u00e8tes bien avanc\u00e9. Il est int\u00e9ressant de noter que lorsque Sustanon est donn\u00e9e aux athl\u00e8tes qui ont d\u00e9j\u00e0 utilis\u00e9 ce compos\u00e9 dans la m\u00eame ou plus faibles doses, elle conduit \u00e0 des r\u00e9sultats similaires bonne que lors de la pr\u00e9c\u00e9dente admission. Sustanon est habituellement inject\u00e9 au moins une fois par semaine, ce qui peut \u00eatre \u00e9tir\u00e9 jusqu&rsquo;\u00e0 10 jours. Le dosage en bodybuilding et powerlifting varie de 250 mg tous les 14 jours jusqu&rsquo;\u00e0 1000 mg ou plus par jour. Depuis ces doses \u00e9lev\u00e9es ne sont pas recommand\u00e9s-et, heureusement, ne sont \u00e9galement pas prises dans la plupart des cas, la r\u00e8gle est 250-1000 mg\/semaine. Une dose de 500 mg\/semaine est tout \u00e0 fait suffisant pour la plupart, et peut souvent \u00eatre r\u00e9duite \u00e0 250 mg\/ semaine en combinant Sustanon avec un st\u00e9ro\u00efde oral. Sustanon est bien tol\u00e9r\u00e9 comme une base de st\u00e9ro\u00efdes pendant le traitement qui stimule la r\u00e9g\u00e9n\u00e9ration, l&rsquo;athl\u00e8te donne un coup de pied \u00ab\u00a0suffisante\u00a0\u00bb pour les unit\u00e9s de formation intense, et \u00e0 c\u00f4t\u00e9 de la d\u00e9j\u00e0 mentionn\u00e9 avantage de la rapide augmentation de la force et de gain musculaire solide se distingue \u00e9galement par sa compatibilit\u00e9. Afin de gagner de la masse rapide Sustanon est souvent combin\u00e9 avec Deca-Durabolin, <a href=\"http:\/\/getanabolics.biz\/fr\/achetez-dianabol-en-ligne-sur-getanabolics-biz\/\">Dianabol <\/a>ou <a href=\"http:\/\/getanabolics.biz\/fr\/produit\/anadrol-50-tabs-each-tab-contains-50-mg-oxymetholone\/\">Anadrol <\/a>tandis que les athl\u00e8tes qui sont plus dans la qualit\u00e9 pr\u00e9f\u00e8rent combiner avec <a href=\"http:\/\/getanabolics.biz\/fr\/produit\/parabolan-box-of-10-ampoules-of-1ml-75mg-ml-trenbolone-hexahydrobenzylcarbonate\/\">Parabolan<\/a>, <a href=\"http:\/\/getanabolics.biz\/fr\/produit\/rexobol-10-acheter-winstrol-pilules-50-onglets-chacun-contient-10-mg-de-stanozolol\/\">Winstrol<\/a>, Oxandrolone ou Primobolan.<\/em><\/p>\n<h3>Lire la suite<\/h3>\n<p><a href=\"http:\/\/getanabolics.biz\/fr\/tout-sur-proviron-mesterolone\/\">TOUT SUR PROVIRON (MESTEROLONE)<\/a><\/p>\n<p><a href=\"http:\/\/getanabolics.biz\/fr\/acheter-clomid-online-sur-getanabolics-biz\/\">ACHETER CLOMID EN LIGNE SUR GETANABOLICS.BIZ<\/a><\/p>\n<p><a href=\"http:\/\/getanabolics.biz\/fr\/creatine-sur-un-cours-de-steroides\/\">CREATINE SUR UN COURS DE STEROIDES<\/a><\/p>\n<p><a href=\"http:\/\/getanabolics.biz\/fr\/rassemblez-une-masse-seche-sans-effets-secondaires\/\">RASSEMBLER UNE MASSE SECHE SANS EFFETS SECONDAIRES<\/a><\/p>\n<p><a href=\"http:\/\/getanabolics.biz\/fr\/quelle-devrait-etre-la-duree-du-cours-des-steroides\/\">Quelle devrait \u00eatre la dur\u00e9e de l&rsquo;\u00e9volution des st\u00e9ro\u00efdes?<\/a><\/p>\n","protected":false},"excerpt":{"rendered":"<p>Package: 10ml flacon multidose contient 2500mg (250mg\/ml) les Esters de Testost\u00e9rone<br \/>Fabricant: Alpha Pharma<br \/>Brand name: Sustanon 250<br \/>Aussi connu comme: Induject-250<\/p>\n","protected":false},"featured_media":292,"comment_status":"open","ping_status":"closed","template":"","meta":[],"product_cat":[104],"product_tag":[40],"_links":{"self":[{"href":"https:\/\/getanabolics.biz\/fr\/wp-json\/wp\/v2\/product\/764"}],"collection":[{"href":"https:\/\/getanabolics.biz\/fr\/wp-json\/wp\/v2\/product"}],"about":[{"href":"https:\/\/getanabolics.biz\/fr\/wp-json\/wp\/v2\/types\/product"}],"replies":[{"embeddable":true,"href":"https:\/\/getanabolics.biz\/fr\/wp-json\/wp\/v2\/comments?post=764"}],"wp:featuredmedia":[{"embeddable":true,"href":"https:\/\/getanabolics.biz\/fr\/wp-json\/wp\/v2\/media\/292"}],"wp:attachment":[{"href":"https:\/\/getanabolics.biz\/fr\/wp-json\/wp\/v2\/media?parent=764"}],"wp:term":[{"taxonomy":"product_cat","embeddable":true,"href":"https:\/\/getanabolics.biz\/fr\/wp-json\/wp\/v2\/product_cat?post=764"},{"taxonomy":"product_tag","embeddable":true,"href":"https:\/\/getanabolics.biz\/fr\/wp-json\/wp\/v2\/product_tag?post=764"}],"curies":[{"name":"wp","href":"https:\/\/api.w.org\/{rel}","templated":true}]}}