{"id":763,"date":"2017-04-27T10:31:41","date_gmt":"2017-04-27T10:42:54","guid":{"rendered":"http:\/\/getanabolics.biz\/product\/induject-250-1-boite-de-10-ampoules-de-1-amp-contient-250-mg-esters-de-testosterone\/"},"modified":"2018-01-21T17:20:38","modified_gmt":"2018-01-21T17:20:38","slug":"sustanon-250-1-box-of-10-ampoules-each-1-amp-contains-250-mg-testosterone-esters","status":"publish","type":"product","link":"https:\/\/getanabolics.biz\/fr\/produit\/sustanon-250-1-box-of-10-ampoules-each-1-amp-contains-250-mg-testosterone-esters\/","title":{"rendered":"Sustanon 250 &#8211; Alpha Pharma"},"content":{"rendered":"<h2>Acheter Sustanon 250 &#8211; Alpha Pharma (Induject-250)<\/h2>\n<p><a title=\"Acheter Sustanon 250 au GetAnabolics\"><img src=\"http:\/\/getanabolics.biz\/images\/sustanon-250-organon.jpg\" width=\"30%\" align=\"right\" \/><\/a><br \/>\nPour ceux qui est \u00e0 la recherche d&rsquo;Sustanon 250 et vous demandez-vous o\u00f9 acheter Sustanon 250 de Alpha Pharma l\u00e9galement nous vous proposons Induject-250 comme le meilleur choix pour de vrai les culturistes.<br \/>\n\u00c0 partir de maintenant sur une grande vari\u00e9t\u00e9 de st\u00e9ro\u00efdes injectables ainsi que des st\u00e9ro\u00efdes oraux et th\u00e9rapie post-cycle de l&rsquo;Alpha Pharma peut \u00eatre achet\u00e9 sur <b>GetAnabolics<\/b>. Nous heureux de pr\u00e9senter la nouvelle Sustanon 250 de <span style=\"font-weight: bold;\">Alpha Pharma<\/span>.<br \/>\n<em>Tous les produits que nous vous proposons sont faites de l&rsquo;authentique, de haute qualit\u00e9 et de compos\u00e9s ont un seul but: aider les gens \u00e0 prendre de la masse musculaire, la force globale, \u00e0 br\u00fbler les graisses et de les aider sur le chemin de la perfection physique. Dans le but de cr\u00e9er un esprit constructif et civilis\u00e9 relation avec nos clients, nous allons faire le maximum d&rsquo;efforts pour assurer un service de haute qualit\u00e9, l&rsquo;approche de chaque personne que l&rsquo;adresse de notre magasin avec courtoisie et respect.<\/em><br \/>\n<em>Construire et maintenir un corps de r\u00eave ont besoin d&rsquo;une combinaison de m\u00e9thodes. Une bonne alimentation vient en premier dans la liste des composants essentiels n\u00e9cessaires \u00e0 l&rsquo;organisme. Deuxi\u00e8mement, assurez-vous toujours de l&rsquo;acheter et utiliser des st\u00e9ro\u00efdes l\u00e9gaux en ligne n&rsquo;est pas seulement pour \u00e9viter tout conflit avec la loi, mais plus important encore, pour \u00e9viter des complications de sant\u00e9.<\/em><br \/>\n<span style=\"font-weight: bold;\">GetAnabolics.Biz<\/span> is the online steroid supplier specially created and dedicated to provide each athlete and bodybuilder with best <span style=\"font-weight: bold;\">anabolic steroids<\/span> est la ligne de st\u00e9ro\u00efdes fournisseur sp\u00e9cialement con\u00e7u et d\u00e9di\u00e9 \u00e0 fournir \u00e0 chaque athl\u00e8te et de bodybuilder avec le meilleur des st\u00e9ro\u00efdes anabolisants \u00e0 prix discount. Nous avons choisi la plus fiable pour les marques \u00e0 collaborer afin d&rsquo;assurer la s\u00e9curit\u00e9, authentique et haut de gamme de st\u00e9ro\u00efdes pour nos clients.<br \/>\nL&rsquo;exp\u00e9dition des st\u00e9ro\u00efdes en toute s\u00e9curit\u00e9 est la principale pr\u00e9occupation pour la livraison de st\u00e9ro\u00efdes dans le monde entier. Notre exp\u00e9dition discr\u00e8te garantit que personne ne sait que vous achetez des st\u00e9ro\u00efdes en ligne.<\/p>\n<h2>Plus Sustanon 250 Alpha Pharma d&rsquo;informations<\/h2>\n<p><b>1 bo\u00eete de 10 ampoules de 1 amp contient 250 mg Esters de Testost\u00e9rone<\/b><\/p>\n<p><strong>Classe de drogue: Injectable androg\u00e8nes et les st\u00e9ro\u00efdes anabolisants<\/strong><br \/>\n<strong> La posologie moyenne recommand\u00e9e: Entre 250 et 1000 mg par semaine pour les hommes<\/strong><br \/>\n<strong> Vie Active: Environ 21 jours<\/strong><br \/>\n<strong> R\u00e9tention d&rsquo;eau: Oui<\/strong><br \/>\n<strong> Toxique pour le foie: Oui, mais faible<\/strong><br \/>\n<strong> Diminue HPTA fonction: Extr\u00eame<\/strong><br \/>\n<strong> SRD Conversion:<\/strong><br \/>\n<strong> Aromatisation: Oui<\/strong><\/p>\n<p>Sustanon 250 est l&rsquo;un des plus populaires et des plus importantes formes de testost\u00e9rone injectable. Il a \u00e9t\u00e9 largement utilis\u00e9 par les athl\u00e8tes et les body builder depuis qu&rsquo;il a \u00e9t\u00e9 tout d&rsquo;abord publi\u00e9 dans les march\u00e9s, dans les ann\u00e9es 1970. Ce m\u00e9dicament a d&rsquo;abord \u00e9t\u00e9 d\u00e9velopp\u00e9 et commercialis\u00e9 par Organon. Il a \u00e9t\u00e9 pr\u00e9par\u00e9 pour \u00eatre plus b\u00e9n\u00e9fique que de tout autre produit de la testost\u00e9rone. C&rsquo;est un m\u00e9dicament qui offre une rapide lib\u00e9ration de la testost\u00e9rone et puis plus progressive de l&rsquo;\u00e9tendue des rejets de l&rsquo;hormone. Il se compose de quatre esters de testost\u00e9rone \u2013 30milligrams de Propionate de Testost\u00e9rone, 60 mg de Testost\u00e9rone Isocaproate, 60 milligrammes de Phenylpropionate de Testost\u00e9rone et de 100 mg de D\u00e9canoate de Testost\u00e9rone par ml.<\/p>\n<p><em>Comme un tel puissant st\u00e9ro\u00efde anabolisant avec de hautes propri\u00e9t\u00e9s androg\u00e8nes, les femmes ne devraient pas utiliser ce st\u00e9ro\u00efde. Le plus bas niveau de dose pour les hommes est de 250 mg par semaine en tant que th\u00e9rapie de remplacement de testost\u00e9rone. La posologie recommand\u00e9e pour un bon premier cycle est de 500 mg par semaine. Le dosage peut \u00eatre augment\u00e9 \u00e0 750 mg par semaine pour plus de r\u00e9sultats appr\u00e9ciables. Seuls les utilisateurs avanc\u00e9s peuvent utiliser 1000mg par semaine et cela doit \u00eatre accompagn\u00e9 par les \u0153strog\u00e8nes de contr\u00f4le des drogues.<\/em><\/p>\n<blockquote><p>Sustanon 250 est en fait un m\u00e9lange de quatre diff\u00e9rents types de pr\u00e9parations de testost\u00e9rone pour atteindre les diff\u00e9rents temps de lib\u00e9ration. En cons\u00e9quence, les effets de Sustanon 250 sont les m\u00eames que celle de la testost\u00e9rone. Bien que c&rsquo;est un m\u00e9lange de quatre esters de testost\u00e9rone, il est aussi puissant que celui de la testost\u00e9rone pr\u00e9paration. L&rsquo;utilisation de Sustanon 250 \u00e0 des doses de plus de 250 mg par semaine, les r\u00e9sultats en rapide et constante de gain de masse musculaire. Il am\u00e9liore aussi la qualit\u00e9 du muscle et donne un gros coup d&rsquo;oeil. <a href=\"http:\/\/getanabolics.biz\/fr\/achetez-dianabol-en-ligne-sur-getanabolics-biz\/\">Il est \u00e9galement largement utilis\u00e9 par les athl\u00e8tes<\/a> et les culturistes pour gagner de la force.<\/p><\/blockquote>\n<p><em>Cependant, Sustanon 250 aromatise \u00e0 un degr\u00e9 \u00e9lev\u00e9, ce qui augmente les niveaux d&rsquo;oestrog\u00e8ne dans le corps humain. C&rsquo;est pourquoi Sustanon 250 doit \u00eatre utilis\u00e9 en combinaison avec de l&rsquo;oestrog\u00e8ne de contr\u00f4le des produits comme <a href=\"http:\/\/getanabolics.biz\/fr\/produit\/nolvadex-100-tabs-each-tab-contains-20mg-tamoxifen-citrate\/\">Nolvadex <\/a>et anti-aromatase m\u00e9dicaments comme Aromasin <a href=\"http:\/\/getanabolics.biz\/fr\/produit\/anazole-30-onglets-chacun-contient-1-mg-danastrozole\/\">Arimidex <\/a>et. Il n&rsquo;est pas tr\u00e8s stressant sur le foie, mais provoque une r\u00e9tention d&rsquo;eau \u00e9lev\u00e9e. Il augmente \u00e9galement le risque de Gyneconmastia et d&rsquo;autres probl\u00e8mes li\u00e9s \u00e0 l&rsquo;\u0153strog\u00e8ne et le taux de cholest\u00e9rol questions. Des niveaux de pression art\u00e9rielle sont \u00e9galement augment\u00e9 en raison de l&rsquo;utilisation de Sustanon 250. De plus, il provoque une atrophie des testicules.<\/em><\/p>\n<p><b>Acheter Sustanon en ligne<\/b> il est 100% d&rsquo;origine du vendeur officiel.<\/p>\n<h3>Lire la suite<\/h3>\n<p><a href=\"http:\/\/getanabolics.biz\/fr\/tout-sur-proviron-mesterolone\/\">TOUT SUR PROVIRON (MESTEROLONE)<\/a><\/p>\n<p><a href=\"http:\/\/getanabolics.biz\/fr\/acheter-clomid-online-sur-getanabolics-biz\/\">ACHETER CLOMID EN LIGNE SUR GETANABOLICS.BIZ<\/a><\/p>\n<p><a href=\"http:\/\/getanabolics.biz\/fr\/creatine-sur-un-cours-de-steroides\/\">CREATINE SUR UN COURS DE STEROIDES<\/a><\/p>\n<p><a href=\"http:\/\/getanabolics.biz\/fr\/rassemblez-une-masse-seche-sans-effets-secondaires\/\">RASSEMBLER UNE MASSE SECHE SANS EFFETS SECONDAIRES<\/a><\/p>\n<p><a href=\"http:\/\/getanabolics.biz\/fr\/quelle-devrait-etre-la-duree-du-cours-des-steroides\/\">Quelle devrait \u00eatre la dur\u00e9e de l&rsquo;\u00e9volution des st\u00e9ro\u00efdes?<\/a><\/p>\n","protected":false},"excerpt":{"rendered":"<p>Package: 1 bo\u00eete de 10 ampoules de 1 amp contient 250 mg Esters de Testost\u00e9rone<br \/>Fabricant: Alpha Pharma<br \/>Brand name: Sustanon 250<br \/>Aussi connu comme: Induject-250<\/p>\n","protected":false},"featured_media":292,"comment_status":"open","ping_status":"closed","template":"","meta":[],"product_cat":[104],"product_tag":[40],"_links":{"self":[{"href":"https:\/\/getanabolics.biz\/fr\/wp-json\/wp\/v2\/product\/763"}],"collection":[{"href":"https:\/\/getanabolics.biz\/fr\/wp-json\/wp\/v2\/product"}],"about":[{"href":"https:\/\/getanabolics.biz\/fr\/wp-json\/wp\/v2\/types\/product"}],"replies":[{"embeddable":true,"href":"https:\/\/getanabolics.biz\/fr\/wp-json\/wp\/v2\/comments?post=763"}],"wp:featuredmedia":[{"embeddable":true,"href":"https:\/\/getanabolics.biz\/fr\/wp-json\/wp\/v2\/media\/292"}],"wp:attachment":[{"href":"https:\/\/getanabolics.biz\/fr\/wp-json\/wp\/v2\/media?parent=763"}],"wp:term":[{"taxonomy":"product_cat","embeddable":true,"href":"https:\/\/getanabolics.biz\/fr\/wp-json\/wp\/v2\/product_cat?post=763"},{"taxonomy":"product_tag","embeddable":true,"href":"https:\/\/getanabolics.biz\/fr\/wp-json\/wp\/v2\/product_tag?post=763"}],"curies":[{"name":"wp","href":"https:\/\/api.w.org\/{rel}","templated":true}]}}