{"id":760,"date":"2017-04-27T10:31:41","date_gmt":"2017-04-27T10:42:54","guid":{"rendered":"http:\/\/getanabolics.biz\/product\/letromina-30-onglets-chacun-a-25-mg-de-letrozole\/"},"modified":"2018-01-21T17:10:15","modified_gmt":"2018-01-21T17:10:15","slug":"letromina-30-onglets-chacun-a-25-mg-de-letrozole","status":"publish","type":"product","link":"https:\/\/getanabolics.biz\/fr\/produit\/letromina-30-onglets-chacun-a-25-mg-de-letrozole\/","title":{"rendered":"Letrozole &#8211; Alpha-Pharma"},"content":{"rendered":"<h2>Acheter Letrozole &#8211; Alpha-Pharma (Letromina)<\/h2>\n<p><a title=\"Acheter Letrozole au GetAnabolics\"><img src=\"http:\/\/getanabolics.biz\/images\/letro-25-30-alphapharm.jpg\" width=\"30%\" align=\"right\" \/><\/a><br \/>\nPour ceux qui est \u00e0 la recherche d&rsquo;Letrozole et vous demandez-vous o\u00f9 acheter Letrozole de Alpha-Pharma l\u00e9galement nous vous proposons Letromina comme le meilleur choix pour de vrai les culturistes.<br \/>\n\u00c0 partir de maintenant sur une grande vari\u00e9t\u00e9 de st\u00e9ro\u00efdes injectables ainsi que des st\u00e9ro\u00efdes oraux et th\u00e9rapie post-cycle de l&rsquo;Alpha-Pharma peut \u00eatre achet\u00e9 sur <b>GetAnabolics<\/b>. Nous heureux de pr\u00e9senter la nouvelle Letrozole de <span style=\"font-weight: bold;\">Alpha-Pharma<\/span>.<br \/>\n<em>Tous les produits que nous vous proposons sont faites de l&rsquo;authentique, de haute qualit\u00e9 et de compos\u00e9s ont un seul but: aider les gens \u00e0 prendre de la masse musculaire, la force globale, \u00e0 br\u00fbler les graisses et de les aider sur le chemin de la perfection physique. Dans le but de cr\u00e9er un esprit constructif et civilis\u00e9 relation avec nos clients, nous allons faire le maximum d&rsquo;efforts pour assurer un service de haute qualit\u00e9, l&rsquo;approche de chaque personne que l&rsquo;adresse de notre magasin avec courtoisie et respect.<\/em><br \/>\nConstruire et maintenir un corps de r\u00eave ont besoin d&rsquo;une combinaison de m\u00e9thodes. Une bonne alimentation vient en premier dans la liste des composants essentiels n\u00e9cessaires \u00e0 l&rsquo;organisme. Deuxi\u00e8mement, assurez-vous toujours de l&rsquo;acheter et utiliser des st\u00e9ro\u00efdes l\u00e9gaux en ligne n&rsquo;est pas seulement pour \u00e9viter tout conflit avec la loi, mais plus important encore, pour \u00e9viter des complications de sant\u00e9.<br \/>\n<span style=\"font-weight: bold;\">GetAnabolics.Biz<\/span> is the online steroid supplier specially created and dedicated to provide each athlete and bodybuilder with best <span style=\"font-weight: bold;\">anabolic steroids<\/span> est la ligne de st\u00e9ro\u00efdes fournisseur sp\u00e9cialement con\u00e7u et d\u00e9di\u00e9 \u00e0 fournir \u00e0 chaque athl\u00e8te et de bodybuilder avec le meilleur des st\u00e9ro\u00efdes anabolisants \u00e0 prix discount. Nous avons choisi la plus fiable pour les marques \u00e0 collaborer afin d&rsquo;assurer la s\u00e9curit\u00e9, authentique et haut de gamme de st\u00e9ro\u00efdes pour nos clients.<br \/>\n<em>L&rsquo;exp\u00e9dition des st\u00e9ro\u00efdes en toute s\u00e9curit\u00e9 est la principale pr\u00e9occupation pour la livraison de st\u00e9ro\u00efdes dans le monde entier. Notre exp\u00e9dition discr\u00e8te garantit que personne ne sait que vous achetez des st\u00e9ro\u00efdes en ligne.<\/em><\/p>\n<h2>Plus Letrozole Alpha-Pharma d&rsquo;informations<\/h2>\n<blockquote><p><strong>30 onglets chacun a 2,5 mg de L\u00e9trozole<\/strong><\/p>\n<p><strong>Nom Pharmaceutique: le L\u00e9trozole<\/strong><br \/>\n<strong> Classe pharmacoth\u00e9rapeutique: Inhibiteur de l&rsquo;Aromatase<\/strong><br \/>\n<strong> dur\u00e9e de Vie Active: environ 48 heures<\/strong><\/p>\n<p>le L\u00e9trozole est un inhibiteur de l&rsquo;aromatase de troisi\u00e8me g\u00e9n\u00e9ration. Comme la plupart des inhibiteurs de l&rsquo;aromatase il a \u00e9t\u00e9 d\u00e9velopp\u00e9 pour lutter contre le cancer du sein en inhibant l&rsquo;aromatisation par l&rsquo;enzyme aromatase. Il est similaire \u00e0 l&rsquo;arimidex, cependant le l\u00e9trozole est beaucoup plus puissant dans sa capacit\u00e9 et est principalement utilis\u00e9 lorsque d&rsquo;autres traitements tels que des modulateurs s\u00e9lectifs des r\u00e9cepteurs aux \u0153strog\u00e8nes n&rsquo;ont pas r\u00e9ussi \u00e0 produire des r\u00e9sultats. C&rsquo;est pourquoi la majorit\u00e9 de la recherche sur le l\u00e9trozole a \u00e9t\u00e9 men\u00e9e sur les femmes post-m\u00e9nopaus\u00e9es, mais bien s\u00fbr, certaines conclusions peuvent \u00eatre traduites pour le b\u00e9n\u00e9fice des sportifs.<\/p>\n<p>En termes de la fa\u00e7on dont ces effets peuvent \u00eatre utilis\u00e9s pour le b\u00e9n\u00e9fice des bodybuilders et les athl\u00e8tes de force, le l\u00e9trozole est principalement utilis\u00e9 pour \u00e9viter toute oestrog\u00e9niques effets secondaires caus\u00e9s par l&rsquo;administration de st\u00e9ro\u00efdes anabolisants. Le l\u00e9trozole a \u00e9t\u00e9 show \u00e0 avoir la capacit\u00e9 de r\u00e9duire le taux d&rsquo;\u0153strog\u00e8ne dans le corps jusqu&rsquo;\u00e0 96-98%. Ce serait apparemment suffire \u00e0 elle seule \u00e0 rendre le compos\u00e9 voulu avec les utilisateurs de st\u00e9ro\u00efdes qui seraient int\u00e9ress\u00e9s. Cependant le l\u00e9trozole a \u00e9galement \u00e9t\u00e9 montr\u00e9 pour augmenter la quantit\u00e9 de l&rsquo;hormone lutenizing, l&rsquo;hormone folliculo-stimulante, et de la sex hormone binding globuline dans les utilisateurs (1). Lorsque vous combinez ces attributs avec le fait qu&rsquo;il aidera \u00e0 prot\u00e9ger contre gynocomastia, la r\u00e9tention d&rsquo;eau et d&rsquo;autres effets secondaires oestrog\u00e9niques letrozole, \u00e9videmment, peut r\u00e9pondre \u00e0 de nombreux besoins des utilisateurs.<\/p>\n<p><em>Il existe quelques \u00e9tudes sur les animaux qui ont sugg\u00e9r\u00e9 que le l\u00e9trozole peut aider \u00e0 r\u00e9duire ou m\u00eame \u00e9liminer les pr\u00e9-existant gynocomastia (2). Bien s\u00fbr, il existe certaines limites \u00e0 cette recherche car il n&rsquo;a jamais \u00e9t\u00e9 men\u00e9e en utilisant des sujets humains, mais il d\u00e9montre qu&rsquo;il peut y avoir un m\u00e9canisme par lequel cela pourrait se produire. Pour l&rsquo;anecdote, certains utilisateurs ont rapport\u00e9 qu&rsquo;ils ont connu une r\u00e9duction de leur pr\u00e9-existante gynocomastia, mais bien s\u00fbr, ces rapports ont leurs limites car ils n&rsquo;ont pas \u00e9t\u00e9 men\u00e9es avec les scientifiques, les contr\u00f4les en place. <\/em><\/p>\n<p>il est Int\u00e9ressant de noter, il faut environ 60 jours pour obtenir un \u00e9quilibre du plasma sanguin au niveau de letrozole une fois que l&rsquo;administration de la drogue commence (3). Cela peut n\u00e9cessiter que l&rsquo;utilisateur de commencer l&rsquo;utilisation de l&rsquo;enceinte avant le d\u00e9but de leur cycle de savoir si elles souhaitent que les effets \u00e0 pleine puissance une fois leur cycle commence. Cela peut \u00e9galement nuire \u00e0 la capacit\u00e9 du compos\u00e9 \u00e0 r\u00e9agir rapidement si un utilisateur commence administration du m\u00e9dicament pour contrer certains des effets secondaires qui sont apparus rapidement.<\/p>\n<p><strong>Utilisez le Dosage\/<\/strong><\/p>\n<p><em>pour l&rsquo;Anecdote utilisateurs ont rapport\u00e9 avoir vu de bons r\u00e9sultats en utilisant des doses allant de environ .25mgs par jour .5mgs par jour. Cependant, ces doses varient tr\u00e8s largement d&rsquo;utilisateur \u00e0 utilisateur, y compris les sch\u00e9mas posologiques. Certains ont signal\u00e9 l&rsquo;utilisation de l&rsquo;enceinte, tous les autres jours ou tous les trois jours, avec de bons r\u00e9sultats. Aussi, les doses rapport\u00e9es ont vari\u00e9 de .25mgs pour autant que de 2,5 mg par jour. <\/em><\/p>\n<p>Malgr\u00e9 ces preuves anecdotiques, il convient de noter que les doses aussi bas que 100 microgrammes peut causer le maximum de l&rsquo;inhibition de l&rsquo;enzyme aromatase. Il est donc souhaitable que les utilisateurs d&rsquo;exp\u00e9rimenter avec leurs doses de trouver quels niveaux peut \u00eatre maintenue pour le compos\u00e9 pour \u00eatre pleinement efficace, tout en minimisant les effets secondaires. Bien s\u00fbr, si un utilisateur essaie de traiter des effets secondaires qui ont d\u00e9j\u00e0 paru, on peut envisager de se tromper sur le c\u00f4t\u00e9 de l&rsquo;utilisation de trop de l\u00e9trozole et \u00e0 faire face \u00e0 ces effets secondaires, plut\u00f4t que de traiter avec quelque chose comme gynocomastia. Cependant, la gravit\u00e9 de l&rsquo;\u00e9tat sera probablement de d\u00e9terminer ce dans la plupart des cas.<\/p>\n<p>La posologie maximale qu&rsquo;un utilisateur voudrait utiliser serait de 2,5 mg par jour. Il a \u00e9t\u00e9 d\u00e9montr\u00e9 dans de nombreuses \u00e9tudes que ce dosage permettra d&rsquo;\u00e9liminer presque toutes les \u0153strog\u00e8nes dans le corps dans presque tous les individus. Toute dose de celle qui est plus \u00e9lev\u00e9 que ce serait tout simplement inutile.<\/p>\n<p><em>Malgr\u00e9 la capacit\u00e9 d&rsquo;augmenter la quantit\u00e9 de l&rsquo;hormone lutenizing, l&rsquo;hormone folliculo-stimulante, et de la sex hormone binding globuline dans les utilisateurs letrozole peut \u00eatre contre-productive si elle est utilis\u00e9e pendant la th\u00e9rapie post-cycle. Cela est d\u00fb \u00e0 la capacit\u00e9 du compos\u00e9 \u00e0 conduire les niveaux d&rsquo;oestrog\u00e8ne trop faible lors de l&rsquo;utilisation. Une fois que le compos\u00e9 est interrompu cela peut entra\u00eener un \u00ab\u00a0effet de rebond\u00a0\u00bb dans les niveaux d&rsquo;oestrog\u00e8ne avec ces \u00eatre assez \u00e9lev\u00e9s, quelque chose qui doit \u00eatre \u00e9vit\u00e9e, pendant ou apr\u00e8s la th\u00e9rapie post-cycle. L&rsquo;Anastrozole peut \u00eatre consid\u00e9r\u00e9 comme une alternative \u00e0 letrozole ce titre semble-t-il ne pas avoir un puissant effet. L&rsquo;effet pr\u00e9judiciable que le l\u00e9trozole a sur les niveaux de lipides sanguins est une autre raison pour laquelle de nombreux permettra d&rsquo;\u00e9viter de l&rsquo;utiliser pendant la th\u00e9rapie post-cycle, et ceci est discut\u00e9 ci-dessous. <\/em><\/p>\n<p><strong>Risques\/Effets Secondaires<\/strong><\/p>\n<p>Il est \u00e0 noter que, en th\u00e9orie, si l&rsquo;on devait toujours supprimer vos niveaux d&rsquo;oestrog\u00e8ne pendant une longue p\u00e9riode de temps, cela aurait un impact n\u00e9gatif sur votre sant\u00e9, y compris votre taux de cholest\u00e9rol. En raison de la capacit\u00e9 de letrozole pour inhiber l&rsquo;\u0153strog\u00e8ne autant, cela devrait certainement \u00eatre une source de pr\u00e9occupation pour la plupart des utilisateurs. Cependant, la recherche qui a port\u00e9 sur la relation entre l&rsquo;utilisation du l\u00e9trozole et le taux de cholest\u00e9rol est plut\u00f4t incoh\u00e9rent dans ses conclusions. De nombreuses \u00e9tudes ont conclu que le compos\u00e9 est pr\u00e9judiciable \u00e0 la fois \u00e0 un utilisateur de HDL et de LDL cholest\u00e9rol (4.5,6), tandis que d&rsquo;autres recherches n&rsquo;a trouv\u00e9 aucun lien. \u00c9videmment, les individus sont les mieux servis pour surveiller leur taux de cholest\u00e9rol tout en utilisant n&rsquo;importe quel compos\u00e9 par des tests sanguins cependant sauf que, le l\u00e9trozole ne devraient tout simplement pas \u00eatre ex\u00e9cut\u00e9 pendant de longues p\u00e9riodes de temps, si \u00e0 tout possible. Cela pourrait provoquer de graves complications m\u00e9dicales.<\/p>\n<p>avec les questions li\u00e9es aux lipides dans le sang, c&rsquo;est le fait que de nombreux utilisateurs se plaignent que leur libido est consid\u00e9rablement r\u00e9duite lors de l&rsquo;utilisation de l&rsquo;enceinte. Ceci est li\u00e9 au fait que l&rsquo;oestrog\u00e8ne est en partie responsable de la r\u00e9glementation du sexe d&rsquo;une personne en voiture. Depuis le l\u00e9trozole est tellement puissant qu&rsquo;il peut souvent conduire les niveaux d&rsquo;oestrog\u00e8ne trop faible et cela inhibe un utilisateur de la libido. Pour \u00e9viter cela, les utilisateurs peuvent doses les plus faibles, mais certains de fa\u00e7on empirique le rapport que m\u00eame \u00e0 des doses extr\u00eamement faibles de la drogue peut causer des probl\u00e8mes. Si c&rsquo;est le cas d&rsquo;un moins puissant compos\u00e9 tel que l&rsquo;ex\u00e9mestane ou l&rsquo;anastrozole peut-\u00eatre plus appropri\u00e9 option.<\/p>\n<p><em>R\u00e9f\u00e9rences<\/em><\/p>\n<p>1. de Boer H, Verschoor L, Ruinemans-Koerts J, Jansen, M. le L\u00e9trozole normalise les taux s\u00e9riques de testost\u00e9rone chez les personnes gravement ob\u00e8ses hommes avec hypogonadisme hypogonadotrope. Le Diab\u00e8te Obes Metab. 2005 Mai;7(3):211-5<\/p>\n<p>2. Mandava U, Kirma N, Tekmal RR. La surexpression de l&rsquo;Aromatase souris transg\u00e9niques mod\u00e8le: type de cellule sp\u00e9cifique de l&rsquo;expression et de l&rsquo;utilisation de letrozole \u00e0 abroger l&rsquo;hyperplasie mammaire sans affecter la physiologie normale. J Steroid Biochem Mol Biol. 2001 Dec;79(1-5):27-34<\/p>\n<p>3. Buzdar de l&rsquo;UA. Pharmacologie et pharmacocin\u00e9tique de la nouvelle g\u00e9n\u00e9ration inhibiteurs de l&rsquo;aromatase. Clin Cancer Res. 2003 Jan;9(1 Pt 2):468S-72S<\/p>\n<p>4. Klein KO, Demers LM, Santner SJ, Baron J, Cutler GO Jr, Santen RJ. L&rsquo;utilisation de ultrasensible la cellule recombinante d&rsquo;essais biologiques pour mesurer les niveaux d&rsquo;oestrog\u00e8ne chez les femmes avec le cancer du sein recevant un inhibiteur de l&rsquo;aromatase, le l\u00e9trozole. J Clin Endocrinol Metab. 1995 sept;80(9):2658-60<\/p>\n<p>5. Mauras N, O Brien KO, Klein KO, V. Hayes \u00ab\u00a0la suppression de l&rsquo;Oestrog\u00e8ne chez les hommes: effets m\u00e9taboliques.\u00a0\u00bb J Clin Endocrinol Metab. 2000 Jul;85(7):2370-7<\/p>\n<p>6. Leder BZ, et al. \u00ab\u00a0Les effets de l&rsquo;inhibition de l&rsquo;aromatase chez les personnes \u00e2g\u00e9es \u00e0 faible ou \u00e0 la limite de faible taux de Testost\u00e9rone s\u00e9rique.\u00a0\u00bb J Clin Endocrinol Metab. 2004 Mar;89(3):1174-80<\/p><\/blockquote>\n<h3>Lire la suite<\/h3>\n<p><a href=\"http:\/\/getanabolics.biz\/fr\/puis-je-economiser-du-poids-apres-un-cours-de-steroides\/\">PUIS-JE CONSERVER DU POIDS APR\u00c8S UN COURS DE ST\u00c9RO\u00cfDE?<\/a><\/p>\n<p><a href=\"http:\/\/getanabolics.biz\/fr\/creatine-sur-un-cours-de-steroides\/\">CREATINE SUR UN COURS DE STEROIDES<\/a><\/p>\n<p><a href=\"http:\/\/getanabolics.biz\/fr\/quelle-devrait-etre-la-duree-du-cours-des-steroides\/\">Quelle devrait \u00eatre la dur\u00e9e de l&rsquo;\u00e9volution des st\u00e9ro\u00efdes?<\/a><\/p>\n<p><a href=\"http:\/\/getanabolics.biz\/fr\/acheter-clomid-online-sur-getanabolics-biz\/\">ACHETER CLOMID EN LIGNE SUR GETANABOLICS.BIZ<\/a><\/p>\n<p><a href=\"http:\/\/getanabolics.biz\/fr\/caracteristiques-des-cours-courtes-de-steroides\/\">CARACT\u00c9RISTIQUES DES COURTS COURTS DE ST\u00c9RO\u00cfDES<\/a><\/p>\n","protected":false},"excerpt":{"rendered":"<p>Package: 30 onglets chacun a 2,5 mg de L\u00e9trozole<br \/>Fabricant: Alpha-Pharma<br \/>Brand name: Letrozole<br \/>Aussi connu comme: Letromina<\/p>\n","protected":false},"featured_media":376,"comment_status":"open","ping_status":"closed","template":"","meta":[],"product_cat":[89,111],"product_tag":[40],"_links":{"self":[{"href":"https:\/\/getanabolics.biz\/fr\/wp-json\/wp\/v2\/product\/760"}],"collection":[{"href":"https:\/\/getanabolics.biz\/fr\/wp-json\/wp\/v2\/product"}],"about":[{"href":"https:\/\/getanabolics.biz\/fr\/wp-json\/wp\/v2\/types\/product"}],"replies":[{"embeddable":true,"href":"https:\/\/getanabolics.biz\/fr\/wp-json\/wp\/v2\/comments?post=760"}],"wp:featuredmedia":[{"embeddable":true,"href":"https:\/\/getanabolics.biz\/fr\/wp-json\/wp\/v2\/media\/376"}],"wp:attachment":[{"href":"https:\/\/getanabolics.biz\/fr\/wp-json\/wp\/v2\/media?parent=760"}],"wp:term":[{"taxonomy":"product_cat","embeddable":true,"href":"https:\/\/getanabolics.biz\/fr\/wp-json\/wp\/v2\/product_cat?post=760"},{"taxonomy":"product_tag","embeddable":true,"href":"https:\/\/getanabolics.biz\/fr\/wp-json\/wp\/v2\/product_tag?post=760"}],"curies":[{"name":"wp","href":"https:\/\/api.w.org\/{rel}","templated":true}]}}