{"id":758,"date":"2017-04-27T10:31:41","date_gmt":"2017-04-27T10:42:54","guid":{"rendered":"http:\/\/getanabolics.biz\/product\/aromex-30-onglets-a-chaque-25mg-exemestane\/"},"modified":"2018-01-21T13:11:07","modified_gmt":"2018-01-21T13:11:07","slug":"aromex-30-onglets-a-chaque-25mg-exemestane","status":"publish","type":"product","link":"https:\/\/getanabolics.biz\/fr\/produit\/aromex-30-onglets-a-chaque-25mg-exemestane\/","title":{"rendered":"Aromasin &#8211; Alpha-Pharma"},"content":{"rendered":"<h2>Acheter Aromasin &#8211; Alpha-Pharma (Aromex)<\/h2>\n<p><a title=\"Acheter Aromasin au GetAnabolics\"><img src=\"http:\/\/getanabolics.biz\/images\/aromasin-25-30-aphapharm.jpg\" width=\"30%\" align=\"right\" \/><\/a><br \/>\nPour ceux qui est \u00e0 la recherche d&rsquo;Aromasin et vous demandez-vous o\u00f9 acheter Aromasin de Alpha-Pharma l\u00e9galement nous vous proposons Aromex comme le meilleur choix pour de vrai les culturistes.<br \/>\n\u00c0 partir de maintenant sur une grande vari\u00e9t\u00e9 de st\u00e9ro\u00efdes injectables ainsi que des st\u00e9ro\u00efdes oraux et th\u00e9rapie post-cycle de l&rsquo;Alpha-Pharma peut \u00eatre achet\u00e9 sur <b>GetAnabolics<\/b>. Nous heureux de pr\u00e9senter la nouvelle Aromasin de <span style=\"font-weight: bold;\">Alpha-Pharma<\/span>.<br \/>\n<em>Tous les produits que nous vous proposons sont faites de l&rsquo;authentique, de haute qualit\u00e9 et de compos\u00e9s ont un seul but: aider les gens \u00e0 prendre de la masse musculaire, la force globale, \u00e0 br\u00fbler les graisses et de les aider sur le chemin de la perfection physique. Dans le but de cr\u00e9er un esprit constructif et civilis\u00e9 relation avec nos clients, nous allons faire le maximum d&rsquo;efforts pour assurer un service de haute qualit\u00e9, l&rsquo;approche de chaque personne que l&rsquo;adresse de notre magasin avec courtoisie et respect.<\/em><br \/>\nConstruire et maintenir un corps de r\u00eave ont besoin d&rsquo;une combinaison de m\u00e9thodes. Une bonne alimentation vient en premier dans la liste des composants essentiels n\u00e9cessaires \u00e0 l&rsquo;organisme. Deuxi\u00e8mement, assurez-vous toujours de l&rsquo;acheter et utiliser des st\u00e9ro\u00efdes l\u00e9gaux en ligne n&rsquo;est pas seulement pour \u00e9viter tout conflit avec la loi, mais plus important encore, pour \u00e9viter des complications de sant\u00e9.<br \/>\n<span style=\"font-weight: bold;\">GetAnabolics.Biz<\/span> is the online steroid supplier specially created and dedicated to provide each athlete and bodybuilder with best <span style=\"font-weight: bold;\">anabolic steroids<\/span> est la ligne de st\u00e9ro\u00efdes fournisseur sp\u00e9cialement con\u00e7u et d\u00e9di\u00e9 \u00e0 fournir \u00e0 chaque athl\u00e8te et de bodybuilder avec le meilleur des st\u00e9ro\u00efdes anabolisants \u00e0 prix discount. Nous avons choisi la plus fiable pour les marques \u00e0 collaborer afin d&rsquo;assurer la s\u00e9curit\u00e9, authentique et haut de gamme de st\u00e9ro\u00efdes pour nos clients.<br \/>\nL&rsquo;exp\u00e9dition des st\u00e9ro\u00efdes en toute s\u00e9curit\u00e9 est la principale pr\u00e9occupation pour la livraison de st\u00e9ro\u00efdes dans le monde entier. Notre exp\u00e9dition discr\u00e8te garantit que personne ne sait que vous achetez des st\u00e9ro\u00efdes en ligne.<\/p>\n<h2>Plus Aromasin Alpha-Pharma d&rsquo;informations<\/h2>\n<p><strong>30 onglets a chaque 25mg Ex\u00e9mestane<\/strong><\/p>\n<blockquote><p>Dans le processus d&rsquo;aromatisation, l&rsquo;aromatase, une enzyme convertit les androg\u00e8nes en \u0153strog\u00e8nes. Si cette conversion est excessive, ballonnements, la d\u00e9pression, la perte de la libido, des troubles de la perte de graisse, ou m\u00eame la gyn\u00e9comastie peut se produire. Un inhibiteur de l&rsquo;aromatase (IA) est un moyen efficace de r\u00e9soudre ce probl\u00e8me.<\/p><\/blockquote>\n<h1>Aromasin pour vente<\/h1>\n<p>&nbsp;<\/p>\n<p><em>En revanche Arimidex et Letro qui fonctionnent de fa\u00e7on r\u00e9versible par le blocage de l&rsquo;acc\u00e8s \u00e0 une enzyme, l&rsquo;aromatase, Aromasin effectivement substances inactives personne mol\u00e9cules d&rsquo;enzyme quand il se lie \u00e0 eux. Il est vraiment, ni avantage, ni d\u00e9savantage de ce mode d&rsquo;action diff\u00e9rent. Comme avec tous les inhibiteurs de l&rsquo;aromatase, Aromasin le produit doit \u00eatre administr\u00e9 afin d&rsquo;optimiser les niveaux d&rsquo;estradiol, pas le plus bas possible. Lorsque dos\u00e9s correctement et d&rsquo;atteindre les m\u00eames niveaux d&rsquo;estradiol, il doesn\u2019t faire une diff\u00e9rence ce m\u00e9canisme d&rsquo;inhibition a \u00e9t\u00e9 utilis\u00e9.<\/em><\/p>\n<p>Comment puis \u00e0 choisir entre les inhibiteurs de l&rsquo;aromatase?<br \/>\nLes facteurs pertinents sont vraiment seulement l&rsquo;exp\u00e9rience des pr\u00e9c\u00e9dentes le cas \u00e9ch\u00e9ant, la disponibilit\u00e9, le co\u00fbt, la commodit\u00e9 et le profil des effets secondaires.<br \/>\nPas beaucoup distingue les inhibiteurs de l&rsquo;aromatase les uns des autres en termes de profil d&rsquo;effets secondaires. Je d\u00e9faveur Ex\u00e9mestane l\u00e9g\u00e8rement sur ce compte comme il\u2019s, certaines preuves de l&rsquo;h\u00e9patotoxicit\u00e9, mais cela est assez rare d&rsquo;effets secondaires comme une question de choix personnel, des facteurs tels que l&rsquo;exp\u00e9rience personnelle peut l&#8217;emporter sur elle.<\/p>\n<p>Aromasin est g\u00e9n\u00e9ralement fourni dans des comprim\u00e9s \u00e0 25 mg. Le dosage de l&rsquo;Aromasin st\u00e9ro\u00efde anabolisant cycles est le plus couramment 12,5 mg tous les deux jours, 12,5 mg par jour, ou tout au plus de 25 mg par jour.<\/p>\n<p><em>des doses Excessives sera reconnu par l&rsquo;estradiol niveau tombe en dessous de 20 pg\/mL, ou par la d\u00e9pression, diminution de la libido, les muscles, la plan\u00e9it\u00e9 et\/ou des douleurs articulaires. Exp\u00e9riment\u00e9s, souvent, les utilisateurs sont en mesure d&rsquo;identifier un besoin de r\u00e9duction de la dose uniquement \u00e0 partir de sympt\u00f4mes. Cependant, l&rsquo;analyse de sang est le gold standard pour d\u00e9terminer le dosage appropri\u00e9 de niveau, et de v\u00e9rifier que les sympt\u00f4mes sont en fait caus\u00e9s par l&rsquo;oestrog\u00e8ne faible.<\/em><\/p>\n<p>Comme avec les autres inhibiteurs de l&rsquo;aromatase, il\u2019s une relation entre la quantit\u00e9 de aromatisable st\u00e9ro\u00efdes utilis\u00e9s et de la dose de l&rsquo;inhibiteur n\u00e9cessaire, mais il\u2019s pas purement proportionnelle de la mati\u00e8re. Par exemple, let\u2019s de dire qu&rsquo;un cycle pr\u00e9c\u00e9dent d&rsquo;un palonnier utilis\u00e9 250 mg\/semaine de la testost\u00e9rone, ainsi que 750 mg\/semaine de la non-aromatisable st\u00e9ro\u00efdes. Et let\u2019s dire qu&rsquo;il a trouv\u00e9 12,5 mg\/jour Aromasin \u00e0 \u00eatre appropri\u00e9 pour ce cycle. S&rsquo;il le souhaite, \u00e0 pr\u00e9sent, l&rsquo;utilisation de 1000 mg\/semaine de la testost\u00e9rone, qui est quatre fois plus, le plus il est probable qu&rsquo;il ne doit pas multiplier son Ex\u00e9mestane dosage par quatre fois. Qui serait de 50 mg\/jour, qui est \u00e0 l&rsquo;ext\u00e9rieur de l&rsquo;intervalle posologique normal. Je le recommande \u00e0 25 mg\/jour en une dose estim\u00e9e dans ce cas.<\/p>\n<p>je n&rsquo;ai jamais d\u00e9riv\u00e9s des formules exactes pour l&rsquo;ajustement de la dose en fonction de la variation de la quantit\u00e9 de aromatisable st\u00e9ro\u00efdes. Probablement il n&rsquo;y a vraiment pas de formule universelle. De fa\u00e7on g\u00e9n\u00e9rale cependant, faire une estimation raisonnable ce qui permet d&rsquo;augmenter pour tenir compte de l&rsquo;augmentation de la quantit\u00e9 de aromatisable st\u00e9ro\u00efdes, mais sans d\u00e9passer l&rsquo;intervalle recommand\u00e9, \u00e0 moins que des tests sanguins prouve que n\u00e9cessaire.<\/p>\n<p>Certains utilisent Aromasin pendant PCT, mais j&rsquo;ai\u2019d de le faire uniquement si l&rsquo;analyse de sang montre \u00e9lev\u00e9s d&rsquo;estradiol les niveaux. Si c&rsquo;\u2019est le cas, alors l&rsquo;Ex\u00e9mestane est dans une faible mesure en fait le pr\u00e9f\u00e9r\u00e9 inhibiteur de l&rsquo;aromatase plus de Arimidex ou le l\u00e9trozole dans ce cas, parce que les deux autres peuvent avoir une certaine interaction avec le m\u00e9tabolisme de la Serm, tandis que Aromasin ne fonctionne pas.<\/p>\n<p><span style=\"text-decoration: underline;\">Si elle est utilis\u00e9e dans le cadre du PCT, l&rsquo;administration doit \u00eatre nettement moins qu&rsquo;au cours d&rsquo;un cycle, la quantit\u00e9 de aromatisable st\u00e9ro\u00efdes dans le sang sera beaucoup moins. G\u00e9n\u00e9ralement pas plus de 12,5 mg tous les deux jours seront n\u00e9cessaires, ou m\u00eame seulement chaque troisi\u00e8me ou le quatri\u00e8me jour.<\/span><\/p>\n<p>Bien que d\u00e9j\u00e0 mentionn\u00e9 ci-dessus, comme un point de fermeture I\u2019tiens \u00e0 r\u00e9it\u00e9rer qu&rsquo;il n&rsquo;y a vraiment pas de probl\u00e8me de la force relative de diff\u00e9rents inhibiteurs de l&rsquo;aromatase, et aucune raison d&rsquo;en choisir un sur l&rsquo;autre sur le compte de r\u00e9sistance revendiqu\u00e9es diff\u00e9rences. Let\u2019s de dire qu&rsquo;un dosage de l&rsquo;aromatase inibitor est plus fort \u2013 r\u00e9duit les \u0153strog\u00e8nes plus \u2013 qu&rsquo;un dosage de l&rsquo;autre. Si le premier r\u00e9duit les \u0153strog\u00e8nes trop, le dosage \u00e9tait trop grand nombre de milligrammes. Il\u2019s pas le produit a \u00e9t\u00e9 &amp;pour l&rsquo;artiste: \u00ab\u00a0trop fort.&amp;\u00a0\u00bb; Ou, si le second ne\u2019t de r\u00e9duire l&rsquo;estradiol, le dosage est trop quelques milligrammes, plut\u00f4t que le produit n&rsquo;\u00e9tant pas assez forts.<\/p>\n<p><strong>Tous les inhibiteurs de l&rsquo;aromatase d\u00e9passe les \u0153strog\u00e8nes de r\u00e9duction si l&rsquo;overdose, ou de sous-d\u00e9passement si underdosed. Il n&rsquo;y a aucune raison de pr\u00e9f\u00e9rer l&rsquo;un \u00e0 l&rsquo;autre \u00e0 cause de ce que peuvent dire \u00e0 propos de la force.<\/strong><\/p>\n<p>Arimidex, le L\u00e9trozole et Aromasin tous sont capables de bien fonctionner et pr\u00e9visible pour les \u0153strog\u00e8nes de contr\u00f4le. Si d\u00e9j\u00e0 exp\u00e9riment\u00e9 avec un inhibiteur de l&rsquo;aromatase, je vous recommande de continuer avec elle, en tant que personnels de dosage est d\u00e9j\u00e0 compris. Si vous n&rsquo;avez pas encore essay\u00e9 l&rsquo;un, puis l&rsquo;un d&rsquo;eux peut \u00eatre efficace. J&rsquo;esp\u00e8re que l&rsquo;explication ci-dessus vous aidera dans votre choix. Aromasin (Ex\u00e9mestane) et les st\u00e9ro\u00efdes anabolisants.<\/p>\n<p><em>R\u00e9f\u00e9rences: Par Bill Roberts https:\/\/thinksteroids.com\/steroid-profiles\/aromasin\/ <\/em><\/p>\n<p>pi\u00e8ce de th\u00e9\u00e2tre Ex\u00e9mestane \u00e0 la vente pour une r\u00e9gulation des \u0153strog\u00e8nes. Acheter pas cher Aromasin.<\/p>\n<p><a href=\"http:\/\/getanabolics.biz\/fr\/acheter-clomid-online-sur-getanabolics-biz\/\">ACHETER CLOMID EN LIGNE SUR GETANABOLICS.BIZ<\/a><\/p>\n<p><a href=\"http:\/\/getanabolics.biz\/fr\/hormone-de-croissance-hgh-les-faits-les-plus-importants\/\">CROISSANCE HORMONE HGH &#8211; LES FAITS LES PLUS IMPORTANTS<\/a><\/p>\n<p><a href=\"http:\/\/getanabolics.biz\/fr\/caracteristiques-des-cours-courtes-de-steroides\/\">CARACT\u00c9RISTIQUES DES COURTS COURTS DE ST\u00c9RO\u00cfDES<\/a><\/p>\n<p><a href=\"http:\/\/getanabolics.biz\/fr\/pause-entre-les-cours-de-steroides-et-pct\/\">PAUSE ENTRE STEROID COURS ET PCT<\/a><\/p>\n<p><a href=\"http:\/\/getanabolics.biz\/fr\/quelle-est-lefficacite-du-pont-steroide\/\">\u00c0 quel point le pont st\u00e9roidien est-il efficace?<\/a><\/p>\n","protected":false},"excerpt":{"rendered":"<p>Package: 30 onglets a chaque 25mg Ex\u00e9mestane<br \/>Fabricant: Alpha-Pharma<br \/>Brand name: Aromasin<br \/>Aussi connu comme: Aromex<\/p>\n","protected":false},"featured_media":364,"comment_status":"open","ping_status":"closed","template":"","meta":[],"product_cat":[89,111],"product_tag":[40],"_links":{"self":[{"href":"https:\/\/getanabolics.biz\/fr\/wp-json\/wp\/v2\/product\/758"}],"collection":[{"href":"https:\/\/getanabolics.biz\/fr\/wp-json\/wp\/v2\/product"}],"about":[{"href":"https:\/\/getanabolics.biz\/fr\/wp-json\/wp\/v2\/types\/product"}],"replies":[{"embeddable":true,"href":"https:\/\/getanabolics.biz\/fr\/wp-json\/wp\/v2\/comments?post=758"}],"wp:featuredmedia":[{"embeddable":true,"href":"https:\/\/getanabolics.biz\/fr\/wp-json\/wp\/v2\/media\/364"}],"wp:attachment":[{"href":"https:\/\/getanabolics.biz\/fr\/wp-json\/wp\/v2\/media?parent=758"}],"wp:term":[{"taxonomy":"product_cat","embeddable":true,"href":"https:\/\/getanabolics.biz\/fr\/wp-json\/wp\/v2\/product_cat?post=758"},{"taxonomy":"product_tag","embeddable":true,"href":"https:\/\/getanabolics.biz\/fr\/wp-json\/wp\/v2\/product_tag?post=758"}],"curies":[{"name":"wp","href":"https:\/\/api.w.org\/{rel}","templated":true}]}}