{"id":755,"date":"2017-04-27T10:31:41","date_gmt":"2017-04-27T10:42:54","guid":{"rendered":"http:\/\/getanabolics.biz\/product\/turinabol-10-50-onglets-chacun-contient-10-mg-chlordehydromethyltestosterone\/"},"modified":"2018-01-19T13:04:05","modified_gmt":"2018-01-19T13:04:05","slug":"turinabol-10-50-onglets-chacun-contient-10-mg-chlordehydromethyltestosterone","status":"publish","type":"product","link":"https:\/\/getanabolics.biz\/fr\/produit\/turinabol-10-50-onglets-chacun-contient-10-mg-chlordehydromethyltestosterone\/","title":{"rendered":"Turinabol &#8211; Alpha-Pharma"},"content":{"rendered":"<h2>Acheter Turinabol &#8211; Alpha-Pharma (Turinabol 10)<\/h2>\n<p><a title=\"Acheter Turinabol au GetAnabolics\"><img src=\"http:\/\/getanabolics.biz\/images\/turinabol_10-atlasp.jpg\" width=\"30%\" align=\"right\" \/><\/a><br \/>\nPour ceux qui est \u00e0 la recherche d&rsquo;Turinabol et vous demandez-vous o\u00f9 acheter Turinabol de Alpha-Pharma l\u00e9galement nous vous proposons Turinabol 10 comme le meilleur choix pour de vrai les culturistes.<br \/>\n\u00c0 partir de maintenant sur une grande vari\u00e9t\u00e9 de st\u00e9ro\u00efdes injectables ainsi que des st\u00e9ro\u00efdes oraux et th\u00e9rapie post-cycle de l&rsquo;Alpha-Pharma peut \u00eatre achet\u00e9 sur <b>GetAnabolics<\/b>. Nous heureux de pr\u00e9senter la nouvelle Turinabol de <span style=\"font-weight: bold;\">Alpha-Pharma<\/span>.<br \/>\n<em>Tous les produits que nous vous proposons sont faites de l&rsquo;authentique, de haute qualit\u00e9 et de compos\u00e9s ont un seul but: aider les gens \u00e0 prendre de la masse musculaire, la force globale, \u00e0 br\u00fbler les graisses et de les aider sur le chemin de la perfection physique. Dans le but de cr\u00e9er un esprit constructif et civilis\u00e9 relation avec nos clients, nous allons faire le maximum d&rsquo;efforts pour assurer un service de haute qualit\u00e9, l&rsquo;approche de chaque personne que l&rsquo;adresse de notre magasin avec courtoisie et respect.<\/em><br \/>\nConstruire et maintenir un corps de r\u00eave ont besoin d&rsquo;une combinaison de m\u00e9thodes. Une bonne alimentation vient en premier dans la liste des composants essentiels n\u00e9cessaires \u00e0 l&rsquo;organisme. Deuxi\u00e8mement, assurez-vous toujours de l&rsquo;acheter et utiliser des st\u00e9ro\u00efdes l\u00e9gaux en ligne n&rsquo;est pas seulement pour \u00e9viter tout conflit avec la loi, mais plus important encore, pour \u00e9viter des complications de sant\u00e9.<br \/>\n<span style=\"font-weight: bold;\">GetAnabolics.Biz<\/span> is the online steroid supplier specially created and dedicated to provide each athlete and bodybuilder with best <span style=\"font-weight: bold;\">anabolic steroids<\/span> est la ligne de st\u00e9ro\u00efdes fournisseur sp\u00e9cialement con\u00e7u et d\u00e9di\u00e9 \u00e0 fournir \u00e0 chaque athl\u00e8te et de bodybuilder avec le meilleur des st\u00e9ro\u00efdes anabolisants \u00e0 prix discount. Nous avons choisi la plus fiable pour les marques \u00e0 collaborer afin d&rsquo;assurer la s\u00e9curit\u00e9, authentique et haut de gamme de st\u00e9ro\u00efdes pour nos clients.<br \/>\n<em>L&rsquo;exp\u00e9dition des st\u00e9ro\u00efdes en toute s\u00e9curit\u00e9 est la principale pr\u00e9occupation pour la livraison de st\u00e9ro\u00efdes dans le monde entier. Notre exp\u00e9dition discr\u00e8te garantit que personne ne sait que vous achetez des st\u00e9ro\u00efdes en ligne.<\/em><\/p>\n<h2>Plus Turinabol Alpha-Pharma d&rsquo;informations<\/h2>\n<p><b>50 onglets chacun contient 10 mg Chlordehydromethyltestosterone<\/b><\/p>\n<p>Oral-Turinabol est un st\u00e9ro\u00efde oral qui a \u00e9t\u00e9 d\u00e9velopp\u00e9 au cours de la d\u00e9but des ann\u00e9es 1960.<\/p>\n<blockquote><p>OT a principalement un effet anabolisant qui est combin\u00e9 avec un androg\u00e8ne relativement faible de composant. Sur une \u00e9chelle de 1 \u00e0 100, l&rsquo;effet androg\u00e8ne est tr\u00e8s faible -seulement 6 et l&rsquo;effet anabolisant est de 53. (\u00c0 titre de comparaison: l&rsquo;effet androg\u00e8ne de Dianabol est de 45 et son effet anabolisant est de 90.) Oral-Turinabol a donc milligramme pour milli-gramme d&rsquo;un plus faible effet de <a href=\"http:\/\/getanabolics.biz\/fr\/produit\/dianabol-100-tabs-each-contains-10-mg-methandienone\/\">Dianabol<\/a>. Il n&rsquo;est donc pas un st\u00e9ro\u00efde qui provoque rapidement un gain de force, de poids et de masse musculaire. Plut\u00f4t, les r\u00e9sultats r\u00e9alisables se manifestent dans un solide gain de muscle et, si elles sont prises au cours de plusieurs semaines, \u00e9galement dans un bon gain de force. L&rsquo;athl\u00e8te ne sera certainement pas obtenir un gonfl\u00e9s regardez comme c&rsquo;est le cas avec de la Testost\u00e9rone, Dianabol, et <a href=\"http:\/\/getanabolics.biz\/fr\/produit\/anadrol-100-tabs-each-tab-contains-50-mg-oxymetholone\/\">Anadrol <\/a>50. La concentration sanguine maximale de l&rsquo;Oral-Turinabol lors de la prise de 10, 20 ou 40 mg\/jour est de 1,5 -3.5 ou 4,5 fois plus de testost\u00e9rone endog\u00e8ne de la concentration (voir aussi Dianabol). Cela montre clairement que l&rsquo;efficacit\u00e9 de ce compos\u00e9 d\u00e9pend fortement de la dose.<\/p><\/blockquote>\n<p>0,4 x livre (poids du corps) x nombre de jours = nombre de comprim\u00e9s \u00e0 prendre durant l&rsquo;intervalle de prise<br \/>\nmg \/ comprim\u00e9<\/p>\n<p>Un athl\u00e8te pesant 200 livres prendrait seulement 4 comprim\u00e9s de 5 mg (20 mg\/jour.) Dans notre exp\u00e9rience, les culturistes prendre de 8 \u00e0 10 comprim\u00e9s de 5 mg, qui est de 40 \u00e0 50 mg\/jour. Beaucoup d&rsquo;enthousiasme rapport \u00e0 de bons r\u00e9sultats avec ce dosage: on construit un solide de masse musculaire, le gain de force est un d\u00e9tour, la r\u00e9tention d&rsquo;eau est tr\u00e8s faible, et l&rsquo;\u0153strog\u00e8ne caus\u00e9s par les effets secondaires sont rares. Ce n&rsquo;est pas sans raison OT est aussi populaire chez les halt\u00e9rophiles et les halt\u00e9rophiles qui appr\u00e9cient ces caract\u00e9ristiques.<\/p>\n<p><em>en Raison de ses caract\u00e9ristiques OT est \u00e9galement appropri\u00e9 de st\u00e9ro\u00efdes \u00e0 la fois pour les hommes et les femmes dans les comp\u00e9titions. Une pile tr\u00e8s efficace pour les bodybuilders masculins se compose de 50 mg OT\/jour, 228 mg <a href=\"http:\/\/getanabolics.biz\/fr\/produit\/parabolin-parabolan-parabolin-trenbolone-75mg-box-of-5-ampoules-1-5ml\/\">Parabolan<\/a>\/semaine, et de 150 mg de Winstrol Depot\/semaine. Ceux qui ont apport\u00e9 leur graisse corporelle \u00e0 un niveau bas par un r\u00e9gime et\/ou \u00e0 l&rsquo;aide de fatburning substances (par exemple, le Clenbut\u00e9rol, de l&rsquo;\u00c9ph\u00e9drine, le Salbutamol, Cytomel, Triacana), qui trouveront ci-dessus combinaison de st\u00e9ro\u00efdes se manifestera en dur, nettement d\u00e9fini, mais toujours dense et pleine de muscles. Aucune hypertrophie des seins, pas de surplus d&rsquo;\u0153strog\u00e8ne, et pas de liquide, boursoufflement du syst\u00e8me musculaire. Si OT sur les \u00e9tats-UNIS sur le march\u00e9 noir pour l&rsquo;usage de st\u00e9ro\u00efdes, les culturistes, les halt\u00e9rophiles et les halt\u00e9rophiles deviendrais folle pour ce Est-allemand anabolisants.<\/em><\/p>\n<p>OT jouit d&rsquo;une grande popularit\u00e9 car il est rapidement d\u00e9compos\u00e9 par le corps et ses m\u00e9tabolites sont excr\u00e9t\u00e9s relativement rapidement dans l&rsquo;urine. La souvent pos\u00e9 la question concernant la fa\u00e7on dont de nombreux jours avant un test OT peuvent \u00eatre prises afin d&rsquo;\u00eatre \u00ab\u00a0propre\u00a0\u00bb est difficile de r\u00e9pondre en particulier ou en g\u00e9n\u00e9ral. Nous savons de source s\u00fbre que les athl\u00e8tes qui ne prennent OT comme un st\u00e9ro\u00efde et qui, en partie, prendre des doses de 10 &#8211; 15 comprim\u00e9s\/jour, ont cess\u00e9 la com-livre exactement cinq jours avant un test de dopage et test\u00e9 n\u00e9gatif. Ces indications sont pris en charge par le fait que m\u00eame positif analyses d&rsquo;urine ont rarement mentionn\u00e9 les noms Oral-Turinabol ou chlordehydromethyl-la testost\u00e9rone.<\/p>\n<p>Les effets secondaires potentiels de OT d\u00e9pendent g\u00e9n\u00e9ralement de la dose et sont sp\u00e9cifiques au genre. chez les femmes, selon leur pr\u00e9disposition, l&rsquo;habitude de virilisation sympt\u00f4mes apparaissent et augmentent lorsque le dos-\u00e2ges de plus de 20 mg par jour sont pris sur une p\u00e9riode prolong\u00e9e. Chez les hommes, d\u00e9j\u00e0 discut\u00e9 r\u00e9duit la production de testost\u00e9rone peuvent rarement \u00eatre \u00e9vit\u00e9es. La gyn\u00e9comastie se produit rarement avec l&rsquo;OT Depuis la r\u00e9ponse de l&rsquo;eau et des \u00e9lectrolytes et des m\u00e9nages n&rsquo;est pas trop distinctes athl\u00e8tes que rarement rapport de r\u00e9tention d&rsquo;eau et l&rsquo;hypertension art\u00e9rielle. L&rsquo;acn\u00e9, douleurs gastro-intestinales, et incontr\u00f4l\u00e9 de comportement agressif sont \u00e9galement l&rsquo;exception plut\u00f4t que la r\u00e8gle, avec OT Une augmentation de la libido est signal\u00e9e dans la plupart des cas par les deux sexes. Depuis la substance chlordehydromethyltestosterone est je 7-alpha alkyl\u00e9s le fabricant dans sa notice recommande de la fonction h\u00e9patique \u00eatre v\u00e9rifi\u00e9 r\u00e9guli\u00e8rement car il peut \u00eatre n\u00e9gativement affect\u00e9 par des doses \u00e9lev\u00e9es et le risque de dommages au foie ne peut pas \u00eatre exclue. Ainsi, OT est \u00e9galement un st\u00e9ro\u00efde qui peut \u00eatre pris sans interruption pour de longs intervalles. Les \u00e9tudes d&rsquo;athl\u00e8tes masculins qui, sur une p\u00e9riode de six semaines ont re\u00e7u 10 mg OT\/jour n&rsquo;ont pas montr\u00e9 aucun signe de sant\u00e9 en danger d&rsquo;effets.<\/p>\n<p><span style=\"text-decoration: underline;\">La disponibilit\u00e9 de l&rsquo;OT est extr\u00eamement pauvre. Il n&rsquo;y a aucune chance de trouver un original Oral-Turinabol tablette aux \u00e9tats-UNIS<\/span><\/p>\n<h3>Lire la suite<\/h3>\n<p><a href=\"http:\/\/getanabolics.biz\/fr\/achetez-dianabol-en-ligne-sur-getanabolics-biz\/\">ACHETER DIANABOL EN LIGNE SUR GETANABOLICS.BIZ<\/a><\/p>\n<p><a href=\"http:\/\/getanabolics.biz\/fr\/winstrol-cest-quoi-et-pour-quoi-il-sagit\/\">WINSTROL, QU&rsquo;EST-CE QUE C&rsquo;EST?<\/a><\/p>\n<p><a href=\"http:\/\/getanabolics.biz\/fr\/cytomel-t3-avis-sur-getanabolics-biz\/\">CYTOMEL T3 REVIEWS SUR GETANABOLICS.BIZ<\/a><\/p>\n<p><a href=\"http:\/\/getanabolics.biz\/fr\/pause-entre-les-cours-de-steroides-et-pct\/\">PAUSE ENTRE STEROID COURS ET PCT<\/a><\/p>\n<p><a href=\"http:\/\/getanabolics.biz\/fr\/quelle-est-lefficacite-du-pont-steroide\/\">\u00c0 quel point le pont st\u00e9roidien est-il efficace?<\/a><\/p>\n","protected":false},"excerpt":{"rendered":"<p>Package: 50 onglets chacun contient 10 mg Chlordehydromethyltestosterone<br \/>Fabricant: Alpha-Pharma<br \/>Brand name: Turinabol<br \/>Aussi connu comme: Turinabol 10<\/p>\n","protected":false},"featured_media":346,"comment_status":"open","ping_status":"closed","template":"","meta":[],"product_cat":[111],"product_tag":[40],"_links":{"self":[{"href":"https:\/\/getanabolics.biz\/fr\/wp-json\/wp\/v2\/product\/755"}],"collection":[{"href":"https:\/\/getanabolics.biz\/fr\/wp-json\/wp\/v2\/product"}],"about":[{"href":"https:\/\/getanabolics.biz\/fr\/wp-json\/wp\/v2\/types\/product"}],"replies":[{"embeddable":true,"href":"https:\/\/getanabolics.biz\/fr\/wp-json\/wp\/v2\/comments?post=755"}],"wp:featuredmedia":[{"embeddable":true,"href":"https:\/\/getanabolics.biz\/fr\/wp-json\/wp\/v2\/media\/346"}],"wp:attachment":[{"href":"https:\/\/getanabolics.biz\/fr\/wp-json\/wp\/v2\/media?parent=755"}],"wp:term":[{"taxonomy":"product_cat","embeddable":true,"href":"https:\/\/getanabolics.biz\/fr\/wp-json\/wp\/v2\/product_cat?post=755"},{"taxonomy":"product_tag","embeddable":true,"href":"https:\/\/getanabolics.biz\/fr\/wp-json\/wp\/v2\/product_tag?post=755"}],"curies":[{"name":"wp","href":"https:\/\/api.w.org\/{rel}","templated":true}]}}