{"id":754,"date":"2017-04-27T10:31:41","date_gmt":"2017-04-27T10:42:54","guid":{"rendered":"http:\/\/getanabolics.biz\/product\/rexobol-10-acheter-winstrol-pilules-50-onglets-chacun-contient-10-mg-de-stanozolol\/"},"modified":"2018-01-19T13:10:18","modified_gmt":"2018-01-19T13:10:18","slug":"rexobol-10-acheter-winstrol-pilules-50-onglets-chacun-contient-10-mg-de-stanozolol","status":"publish","type":"product","link":"https:\/\/getanabolics.biz\/fr\/produit\/rexobol-10-acheter-winstrol-pilules-50-onglets-chacun-contient-10-mg-de-stanozolol\/","title":{"rendered":"Winstrol tabs 10 &#8211; Alpha-Pharma"},"content":{"rendered":"<h2>Acheter Winstrol tabs 10 &#8211; Alpha-Pharma (Rexobol-10)<\/h2>\n<p><a title=\"Acheter Winstrol tabs 10 au GetAnabolics\"><img src=\"http:\/\/getanabolics.biz\/images\/rexobol.jpg\" width=\"30%\" align=\"right\" \/><\/a><br \/>\nPour ceux qui est \u00e0 la recherche d&rsquo;Winstrol tabs 10 et vous demandez-vous o\u00f9 acheter Winstrol tabs 10 de Alpha-Pharma l\u00e9galement nous vous proposons Rexobol-10 comme le meilleur choix pour de vrai les culturistes.<br \/>\n\u00c0 partir de maintenant sur une grande vari\u00e9t\u00e9 de st\u00e9ro\u00efdes injectables ainsi que des st\u00e9ro\u00efdes oraux et th\u00e9rapie post-cycle de l&rsquo;Alpha-Pharma peut \u00eatre achet\u00e9 sur <b>GetAnabolics<\/b>. Nous heureux de pr\u00e9senter la nouvelle Winstrol tabs 10 de <span style=\"font-weight: bold;\">Alpha-Pharma<\/span>.<br \/>\n<em>Tous les produits que nous vous proposons sont faites de l&rsquo;authentique, de haute qualit\u00e9 et de compos\u00e9s ont un seul but: aider les gens \u00e0 prendre de la masse musculaire, la force globale, \u00e0 br\u00fbler les graisses et de les aider sur le chemin de la perfection physique. Dans le but de cr\u00e9er un esprit constructif et civilis\u00e9 relation avec nos clients, nous allons faire le maximum d&rsquo;efforts pour assurer un service de haute qualit\u00e9, l&rsquo;approche de chaque personne que l&rsquo;adresse de notre magasin avec courtoisie et respect.<\/em><br \/>\nConstruire et maintenir un corps de r\u00eave ont besoin d&rsquo;une combinaison de m\u00e9thodes. Une bonne alimentation vient en premier dans la liste des composants essentiels n\u00e9cessaires \u00e0 l&rsquo;organisme. Deuxi\u00e8mement, assurez-vous toujours de l&rsquo;acheter et utiliser des st\u00e9ro\u00efdes l\u00e9gaux en ligne n&rsquo;est pas seulement pour \u00e9viter tout conflit avec la loi, mais plus important encore, pour \u00e9viter des complications de sant\u00e9.<br \/>\n<em><span style=\"font-weight: bold;\">GetAnabolics.Biz<\/span> is the online steroid supplier specially created and dedicated to provide each athlete and bodybuilder with best <span style=\"font-weight: bold;\">anabolic steroids<\/span> est la ligne de st\u00e9ro\u00efdes fournisseur sp\u00e9cialement con\u00e7u et d\u00e9di\u00e9 \u00e0 fournir \u00e0 chaque athl\u00e8te et de bodybuilder avec le meilleur des st\u00e9ro\u00efdes anabolisants \u00e0 prix discount. Nous avons choisi la plus fiable pour les marques \u00e0 collaborer afin d&rsquo;assurer la s\u00e9curit\u00e9, authentique et haut de gamme de st\u00e9ro\u00efdes pour nos clients.<\/em><br \/>\nL&rsquo;exp\u00e9dition des st\u00e9ro\u00efdes en toute s\u00e9curit\u00e9 est la principale pr\u00e9occupation pour la livraison de st\u00e9ro\u00efdes dans le monde entier. Notre exp\u00e9dition discr\u00e8te garantit que personne ne sait que vous achetez des st\u00e9ro\u00efdes en ligne.<\/p>\n<h2>Plus Winstrol tabs 10 Alpha-Pharma d&rsquo;informations<\/h2>\n<p><b>Acheter Winstrol pilules 50 onglets chacun contient 10 mg de Stanozolol<\/b><\/p>\n<p>Winstrol est un tr\u00e8s populaire par voie orale ou injectable st\u00e9ro\u00efde anabolisant androg\u00e8ne. Il se classe l\u00e0-haut avec deca et dianabol comme le plus largement utilis\u00e9 et abus\u00e9 de la drogue par les athl\u00e8tes de haut niveau.<\/p>\n<blockquote><p><a href=\"http:\/\/getanabolics.biz\/fr\/produit\/azolol-azolol-100-tabs-each-contains-10-mg-stanozolol\/\">Stanozolol <\/a>est commun\u00e9ment appel\u00e9 winny (winstrol). Winstrol est disponible en deux formes, comme mentionn\u00e9 ci &#8211; dessus- \u00e0 la fois orale et injectable. Les injections sont le m\u00eame compos\u00e9 m\u00e9thyl\u00e9 que la forme orale du m\u00e9dicament. Toutefois, en raison de cette fonction, il ne peut pas \u00eatre est\u00e9rifi\u00e9 pour le temps de la lib\u00e9ration. Winstrol a une courte dur\u00e9e de vie active de pr\u00e8s de 8 heures.<\/p><\/blockquote>\n<p>Winstrol de contrebalancer les effets secondaires oestrog\u00e9niques tels que gyn\u00e9cologue et la r\u00e9tention d&rsquo;eau &#8211; une autre qualit\u00e9 qui le rend attrayant pour les athl\u00e8tes qui cherchent des gains de masse maigre. Winstrol est un substrat 5-alpha r\u00e9duit. 5-alpha r\u00e9duction des sauts de la double liaison entre les positions 4 et 5, qui est ce qui est n\u00e9cessaire pour l&rsquo;aromatase pour convertir en oestrog\u00e8ne. L&rsquo;Aromatase est une enzyme principale utilis\u00e9e pour la production d&rsquo;\u0153strog\u00e8nes dans le corps de l&rsquo;homme. Pour \u00e9viter le gyn\u00e9cologue, winstrol est bien adapt\u00e9.<\/p>\n<p>Depuis winstrol n&rsquo;est pas capable de convertir en oestrog\u00e8nes, anti-\u0153strog\u00e8ne, m\u00e9dicaments auxiliaires tels que nolvadex ou clomid ne sont pas n\u00e9cessaires lors de l&rsquo;utilisation de ce st\u00e9ro\u00efde. Gyno ne sera pas une pr\u00e9occupation pour la plupart, m\u00eame les personnes sensibles lors de l&rsquo;utilisation de ce st\u00e9ro\u00efde. Winstrol est excellent pour les maigres gains depuis la r\u00e9tention d&rsquo;eau est r\u00e9duite lors de l&rsquo;utilisation de ce st\u00e9ro\u00efde. Cela est d\u00fb au fait que l&rsquo;oestrog\u00e8ne est la cause de la r\u00e9tention d&rsquo;eau. Il est excellent \u00e0 utiliser parmi les athl\u00e8tes qui sont \u00e0 la recherche d&rsquo;une combinaison \u00e0 la fois de la force et de la vitesse.<\/p>\n<p><em>Un autre point \u00e0 propos de stanozolol est ses suppos\u00e9s effets anti-progestatifs. Winstrol est dit de lier et de concourir pour un poste au r\u00e9cepteur de la progest\u00e9rone, de la m\u00eame fa\u00e7on que clomid ou nolvadex est le r\u00e9cepteur des oestrog\u00e8nes. Ce qui est dit \u00e0 cause de winstrol pour inhiber les effets progestatifs. La progest\u00e9rone joue un r\u00f4le dans le d\u00e9veloppement de gyn\u00e9cologue, car il peut aggraver les effets secondaires oestrog\u00e9niques par les \u0153strog\u00e8nes angoissante et il joue \u00e9galement un r\u00f4le dans la gyn\u00e9cologue.<\/em><\/p>\n<p>Winstrol, dianabol, comme, ne doit pas \u00eatre utilis\u00e9 pendant de longues p\u00e9riodes de temps, car il est un 17-alpha-alkyl\u00e9s substance. De l&rsquo;utiliser pour beaucoup plus longtemps que 4 \u00e0 6 semaines n&rsquo;est pas conseill\u00e9. Certains athl\u00e8tes ont \u00e9t\u00e9 connus pour les utiliser pour huit semaines ou m\u00eame plus longtemps, mais l&rsquo;\u00e9l\u00e9vation des param\u00e8tres h\u00e9patiques sont une possibilit\u00e9, si c&rsquo;est le cas. Pour des raisons de s\u00e9curit\u00e9, une longue dur\u00e9e d&rsquo;utilisation n&rsquo;est pas recommand\u00e9e. De 4 \u00e0 6 semaines donnera \u00e0 l&rsquo;utilisateur de bons r\u00e9sultats, et il va ajouter un coup de pouce \u00e0 son cycle de st\u00e9ro\u00efdes, en particulier si empil\u00e9 avec une action plus longue injectable ester. La raison pour des r\u00e9sultats rapides avec winstrol est en raison de sa courte vie active, et combin\u00e9 avec une plus grande fr\u00e9quence de l&rsquo;injection ou de consommation par voie orale, les r\u00e9sultats sont assez rapides. <a href=\"http:\/\/getanabolics.biz\/fr\/produit\/dianabol-100-tabs-each-contains-10-mg-methandienone\/\">Dianabol <\/a>est \u00e9galement utilis\u00e9 \u00e0 cette fin.<\/p>\n<p>Lors de l&rsquo;utilisation de winstrol, de nombreux effets secondaires habituels sont rares. Ces derniers incluent l&rsquo;acn\u00e9, la r\u00e9tention d&rsquo;eau, l&rsquo;hypertension art\u00e9rielle, et l&rsquo;aromatisation conduisant \u00e0 gyno. Winstrol ne permet pas la conversion en DHT et des r\u00e9sultats en tr\u00e8s peu de la suppression de la LAPHT. Cependant, comme il est un 17-alpha-alkyl\u00e9s du substrat, de la toxicit\u00e9 du foie est un sujet de pr\u00e9occupation dans de fortes doses de winstrol ou lorsqu&rsquo;il est utilis\u00e9 pendant de longues p\u00e9riodes de temps. Cependant, il est un peu moins h\u00e9patotoxiques que la plupart des autres 17-AA st\u00e9ro\u00efdes. L&rsquo;\u00e9l\u00e9vation est les valeurs du foie est commune avec winstrol si utilis\u00e9 pendant de longues p\u00e9riodes de temps, ou \u00e0 des doses \u00e9lev\u00e9es.<\/p>\n<p><em>La posologie normale pour les hommes est entre 30 \u00e0 70 mg par jour pour les comprim\u00e9s et les 25-50 mg par jour pour la version injectable de winstrol. Winstrol est souvent combin\u00e9 avec d&rsquo;autres st\u00e9ro\u00efdes, selon les objectifs personnels de l&rsquo;athl\u00e8te. Pour gagner de la masse musculaire (en vrac), winstrol est le meilleur combin\u00e9 avec une plus forte androg\u00e8nes comme la testost\u00e9rone. Cela vous donnera le cycle d&rsquo;un bon effet anabolisant tout en r\u00e9duisant au minimum une activit\u00e9 oestrog\u00e9nique. Il en r\u00e9sulte une excellente augmentations de la masse musculaire maigre, en opposition \u00e0 la commune de cycle de gonflement qui augmente consid\u00e9rablement la masse musculaire tout en augmentant la r\u00e9tention d&rsquo;eau et des gains en mati\u00e8res grasses. Pour perdre de la graisse (couper), winstrol est le meilleur combin\u00e9 avec un non-aromatisation des androg\u00e8nes tels que la trenbolone ou halotestin. Cette combinaison peut cr\u00e9er un fortement d\u00e9fini, le regard dur. C&rsquo;est un look tr\u00e8s attrayant recherch\u00e9s par de nombreux bodybuilders.<\/em><br \/>\nLes femmes devraient prendre environ 5 \u00e0 10 mg par jour pendant la dur\u00e9e recommand\u00e9e de 4 \u00e0 6 semaines. .<\/p>\n<h3>Lire la suite<\/h3>\n<p><a href=\"http:\/\/getanabolics.biz\/fr\/achetez-dianabol-en-ligne-sur-getanabolics-biz\/\">ACHETER DIANABOL EN LIGNE SUR GETANABOLICS.BIZ<\/a><\/p>\n<p><a href=\"http:\/\/getanabolics.biz\/fr\/winstrol-cest-quoi-et-pour-quoi-il-sagit\/\">WINSTROL, QU&rsquo;EST-CE QUE C&rsquo;EST?<\/a><\/p>\n<p><a href=\"http:\/\/getanabolics.biz\/fr\/cytomel-t3-avis-sur-getanabolics-biz\/\">CYTOMEL T3 REVIEWS SUR GETANABOLICS.BIZ<\/a><\/p>\n<p><a href=\"http:\/\/getanabolics.biz\/fr\/pause-entre-les-cours-de-steroides-et-pct\/\">PAUSE ENTRE STEROID COURS ET PCT<\/a><\/p>\n<p><a href=\"http:\/\/getanabolics.biz\/fr\/quelle-est-lefficacite-du-pont-steroide\/\">\u00c0 quel point le pont st\u00e9roidien est-il efficace?<\/a><\/p>\n","protected":false},"excerpt":{"rendered":"<p>Package: Acheter Winstrol pilules 50 onglets chacun contient 10 mg de Stanozolol<br \/>Fabricant: Alpha-Pharma<br \/>Brand name: Winstrol tabs 10<br \/>Aussi connu comme: Rexobol-10<\/p>\n","protected":false},"featured_media":340,"comment_status":"open","ping_status":"closed","template":"","meta":[],"product_cat":[124,127,111],"product_tag":[40],"_links":{"self":[{"href":"https:\/\/getanabolics.biz\/fr\/wp-json\/wp\/v2\/product\/754"}],"collection":[{"href":"https:\/\/getanabolics.biz\/fr\/wp-json\/wp\/v2\/product"}],"about":[{"href":"https:\/\/getanabolics.biz\/fr\/wp-json\/wp\/v2\/types\/product"}],"replies":[{"embeddable":true,"href":"https:\/\/getanabolics.biz\/fr\/wp-json\/wp\/v2\/comments?post=754"}],"wp:featuredmedia":[{"embeddable":true,"href":"https:\/\/getanabolics.biz\/fr\/wp-json\/wp\/v2\/media\/340"}],"wp:attachment":[{"href":"https:\/\/getanabolics.biz\/fr\/wp-json\/wp\/v2\/media?parent=754"}],"wp:term":[{"taxonomy":"product_cat","embeddable":true,"href":"https:\/\/getanabolics.biz\/fr\/wp-json\/wp\/v2\/product_cat?post=754"},{"taxonomy":"product_tag","embeddable":true,"href":"https:\/\/getanabolics.biz\/fr\/wp-json\/wp\/v2\/product_tag?post=754"}],"curies":[{"name":"wp","href":"https:\/\/api.w.org\/{rel}","templated":true}]}}