{"id":753,"date":"2017-04-27T10:32:35","date_gmt":"2017-04-27T10:42:54","guid":{"rendered":"http:\/\/getanabolics.biz\/product\/provibol-acheter-proviron-50-onglets-chaque-onglet-25mg-mesterolone\/"},"modified":"2018-01-19T08:59:25","modified_gmt":"2018-01-19T08:59:25","slug":"proviron-buy-proviron-50-tabs-each-tab-25mg-mesterolone","status":"publish","type":"product","link":"https:\/\/getanabolics.biz\/fr\/produit\/proviron-buy-proviron-50-tabs-each-tab-25mg-mesterolone\/","title":{"rendered":"Proviron &#8211; Bayer\/Schering"},"content":{"rendered":"<h2>Acheter Proviron &#8211; Bayer\/Schering (Provibol)<\/h2>\n<p><a title=\"Acheter Proviron au GetAnabolics\"><img src=\"http:\/\/getanabolics.biz\/images\/proviron-bayer.jpg\" width=\"30%\" align=\"right\" \/><\/a><br \/>\nPour ceux qui est \u00e0 la recherche d&rsquo;Proviron et vous demandez-vous o\u00f9 acheter Proviron de Bayer\/Schering l\u00e9galement nous vous proposons Provibol comme le meilleur choix pour de vrai les culturistes.<br \/>\n\u00c0 partir de maintenant sur une grande vari\u00e9t\u00e9 de st\u00e9ro\u00efdes injectables ainsi que des st\u00e9ro\u00efdes oraux et th\u00e9rapie post-cycle de l&rsquo;Bayer\/Schering peut \u00eatre achet\u00e9 sur <b>GetAnabolics<\/b>. Nous heureux de pr\u00e9senter la nouvelle Proviron de <span style=\"font-weight: bold;\">Bayer\/Schering<\/span>.<br \/>\nTous les produits que nous vous proposons sont faites de l&rsquo;authentique, de haute qualit\u00e9 et de compos\u00e9s ont un seul but: aider les gens \u00e0 prendre de la masse musculaire, la force globale, \u00e0 br\u00fbler les graisses et de les aider sur le chemin de la perfection physique. Dans le but de cr\u00e9er un esprit constructif et civilis\u00e9 relation avec nos clients, nous allons faire le maximum d&rsquo;efforts pour assurer un service de haute qualit\u00e9, l&rsquo;approche de chaque personne que l&rsquo;adresse de notre magasin avec courtoisie et respect.<br \/>\nConstruire et maintenir un corps de r\u00eave ont besoin d&rsquo;une combinaison de m\u00e9thodes. Une bonne alimentation vient en premier dans la liste des composants essentiels n\u00e9cessaires \u00e0 l&rsquo;organisme. Deuxi\u00e8mement, assurez-vous toujours de l&rsquo;acheter et utiliser des st\u00e9ro\u00efdes l\u00e9gaux en ligne n&rsquo;est pas seulement pour \u00e9viter tout conflit avec la loi, mais plus important encore, pour \u00e9viter des complications de sant\u00e9.<br \/>\n<span style=\"font-weight: bold;\">GetAnabolics.Biz<\/span> is the online steroid supplier specially created and dedicated to provide each athlete and bodybuilder with best <span style=\"font-weight: bold;\">anabolic steroids<\/span> est la ligne de st\u00e9ro\u00efdes fournisseur sp\u00e9cialement con\u00e7u et d\u00e9di\u00e9 \u00e0 fournir \u00e0 chaque athl\u00e8te et de bodybuilder avec le meilleur des st\u00e9ro\u00efdes anabolisants \u00e0 prix discount. Nous avons choisi la plus fiable pour les marques \u00e0 collaborer afin d&rsquo;assurer la s\u00e9curit\u00e9, authentique et haut de gamme de st\u00e9ro\u00efdes pour nos clients.<br \/>\nL&rsquo;exp\u00e9dition des st\u00e9ro\u00efdes en toute s\u00e9curit\u00e9 est la principale pr\u00e9occupation pour la livraison de st\u00e9ro\u00efdes dans le monde entier. Notre exp\u00e9dition discr\u00e8te garantit que personne ne sait que vous achetez des st\u00e9ro\u00efdes en ligne.<\/p>\n<h2>Plus Proviron Bayer\/Schering d&rsquo;informations<\/h2>\n<p><b>Acheter Proviron 50 onglets, chaque onglet 25mg Mest\u00e9rolone<\/b><\/p>\n<p><em>Mest\u00e9rolone est un actif par voie orale, 1-m\u00e9thyl\u00e9 de la DHT. Comme Masteron, mais c&rsquo;est vraiment livr\u00e9 dans un oral. La DHT est le produit de conversion de la testost\u00e9rone \u00e0 la 5-alpha-r\u00e9ductase, enzyme, le r\u00e9sultat \u00e9tant une hormone qui est de 3 \u00e0 4 fois androg\u00e8ne et est structurellement incapable de former l&rsquo;\u0153strog\u00e8ne. On imagine alors que mest\u00e9rolone serait une drogue parfaite pour augmenter la force et ajouter des petits mais compl\u00e8tement lean gains \u00e0 l&rsquo;image. Malheureusement, il existe un m\u00e9canisme de contr\u00f4le pour la DHT dans le corps humain. Lorsque les niveaux sont trop \u00e9lev\u00e9s, la 3alpha hydroxyst\u00e9ro\u00efde d\u00e9shydrog\u00e9nase, enzyme convertit la plupart inactifs compos\u00e9 connu sous le nom alpha-3 (5-alpha-androstan-3alpha,17beta-diol), une prohormone, si vous voulez. Il peut \u00e9galement convertir retour \u00e0 la DHT par la m\u00eame enzyme lorsque de faibles niveaux de DHT sont d\u00e9tect\u00e9s. Mais cela signifie que le moins que l&rsquo;on utilise ridiculement \u00e9lev\u00e9 des montants, la plupart de ce qui est administr\u00e9 est tout \u00e0 fait inutile \u00e0 la hauteur du r\u00e9cepteur des androg\u00e8nes dans le tissu musculaire, et donc mest\u00e9rolone est pas particuli\u00e8rement adapt\u00e9, le cas \u00e9ch\u00e9ant, de favoriser l&rsquo;hypertrophie musculaire.<\/em><\/p>\n<h1>Acheter Proviron<\/h1>\n<p><em>Proviron a quatre diff\u00e9rentes utilisations dans le monde du bodybuilding. Le premier \u00e9tant le r\u00e9sultat de sa structure. C&rsquo;est la 5-alpha r\u00e9duit et ne sont pas capables de former des oestrog\u00e8nes, mais il a n\u00e9anmoins une affinit\u00e9 beaucoup plus \u00e9lev\u00e9e pour l&rsquo;aromatase, une enzyme qui convertit la testost\u00e9rone en \u0153strog\u00e8nes) que la testost\u00e9rone. Cela signifie que dans l&rsquo;administration avec de la testost\u00e9rone ou un autre compos\u00e9 aromatisable, il emp\u00eache les \u0153strog\u00e8nes build-up, car il se lie \u00e0 l&rsquo;enzyme aromatase, tr\u00e8s fortement, ce qui emp\u00eache ces st\u00e9ro\u00efdes d&rsquo;interagir avec elle et de former les \u0153strog\u00e8nes. Donc, <a href=\"http:\/\/getanabolics.biz\/fr\/tout-sur-proviron-mesterolone\/\">Mest\u00e9rolone <\/a>utilisation a l&rsquo;extr\u00eame avantage de r\u00e9duire les effets secondaires oestrog\u00e9niques et la r\u00e9tention d&rsquo;eau a not\u00e9 avec d&rsquo;autres st\u00e9ro\u00efdes, et en tant que tel encore l&rsquo;aide \u00e0 fournir la plupart maigres gains. De son a \u00e9galement \u00e9t\u00e9 sugg\u00e9r\u00e9 qu&rsquo;il pourrait en fait r\u00e9trograder le r\u00e9el r\u00e9cepteur des oestrog\u00e8nes rendant doublement efficace \u00e0 r\u00e9duire les niveaux d&rsquo;\u0153strog\u00e8nes circulants.<\/em><\/p>\n<p>Bayer Schering fait Proviron pour la vente.<\/p>\n<h3>Lire la suite<\/h3>\n<p><a href=\"http:\/\/getanabolics.biz\/fr\/tout-sur-proviron-mesterolone\/\">TOUT SUR PROVIRON (MESTEROLONE)<\/a><\/p>\n<p><a href=\"http:\/\/getanabolics.biz\/fr\/acheter-clomid-online-sur-getanabolics-biz\/\">ACHETER CLOMID EN LIGNE SUR GETANABOLICS.BIZ<\/a><\/p>\n<p><a href=\"http:\/\/getanabolics.biz\/fr\/creatine-sur-un-cours-de-steroides\/\">CREATINE SUR UN COURS DE STEROIDES<\/a><\/p>\n<p><a href=\"http:\/\/getanabolics.biz\/fr\/rassemblez-une-masse-seche-sans-effets-secondaires\/\">RASSEMBLER UNE MASSE SECHE SANS EFFETS SECONDAIRES<\/a><\/p>\n<p><a href=\"http:\/\/getanabolics.biz\/fr\/quelle-devrait-etre-la-duree-du-cours-des-steroides\/\">Quelle devrait \u00eatre la dur\u00e9e de l&rsquo;\u00e9volution des st\u00e9ro\u00efdes?<\/a><\/p>\n","protected":false},"excerpt":{"rendered":"<p>Package: Acheter Proviron 50 onglets, chaque onglet 25mg Mest\u00e9rolone<br \/>Fabricant: Bayer\/Schering<br \/>Brand name: Proviron<br \/>Aussi connu comme: Provibol<\/p>\n","protected":false},"featured_media":412,"comment_status":"open","ping_status":"closed","template":"","meta":[],"product_cat":[89,111],"product_tag":[47],"_links":{"self":[{"href":"https:\/\/getanabolics.biz\/fr\/wp-json\/wp\/v2\/product\/753"}],"collection":[{"href":"https:\/\/getanabolics.biz\/fr\/wp-json\/wp\/v2\/product"}],"about":[{"href":"https:\/\/getanabolics.biz\/fr\/wp-json\/wp\/v2\/types\/product"}],"replies":[{"embeddable":true,"href":"https:\/\/getanabolics.biz\/fr\/wp-json\/wp\/v2\/comments?post=753"}],"wp:featuredmedia":[{"embeddable":true,"href":"https:\/\/getanabolics.biz\/fr\/wp-json\/wp\/v2\/media\/412"}],"wp:attachment":[{"href":"https:\/\/getanabolics.biz\/fr\/wp-json\/wp\/v2\/media?parent=753"}],"wp:term":[{"taxonomy":"product_cat","embeddable":true,"href":"https:\/\/getanabolics.biz\/fr\/wp-json\/wp\/v2\/product_cat?post=753"},{"taxonomy":"product_tag","embeddable":true,"href":"https:\/\/getanabolics.biz\/fr\/wp-json\/wp\/v2\/product_tag?post=753"}],"curies":[{"name":"wp","href":"https:\/\/api.w.org\/{rel}","templated":true}]}}