{"id":752,"date":"2017-04-27T10:31:41","date_gmt":"2017-04-27T10:42:54","guid":{"rendered":"http:\/\/getanabolics.biz\/product\/oxydrolone-50-onglets-chacun-contient-50-mg-oxymetholone\/"},"modified":"2018-01-19T13:14:43","modified_gmt":"2018-01-19T13:14:43","slug":"oxydrolone-50-onglets-chacun-contient-50-mg-oxymetholone","status":"publish","type":"product","link":"https:\/\/getanabolics.biz\/fr\/produit\/oxydrolone-50-onglets-chacun-contient-50-mg-oxymetholone\/","title":{"rendered":"Anadrol &#8211; Alpha-Pharma"},"content":{"rendered":"<h2>Acheter Anadrol &#8211; Alpha-Pharma (Oxydrolone)<\/h2>\n<p><a title=\"Acheter Anadrol au GetAnabolics\"><img src=\"http:\/\/getanabolics.biz\/images\/oxydrolone.jpg\" width=\"30%\" align=\"right\" \/><\/a><br \/>\nPour ceux qui est \u00e0 la recherche d&rsquo;Anadrol et vous demandez-vous o\u00f9 acheter Anadrol de Alpha-Pharma l\u00e9galement nous vous proposons Oxydrolone comme le meilleur choix pour de vrai les culturistes.<br \/>\n\u00c0 partir de maintenant sur une grande vari\u00e9t\u00e9 de st\u00e9ro\u00efdes injectables ainsi que des st\u00e9ro\u00efdes oraux et th\u00e9rapie post-cycle de l&rsquo;Alpha-Pharma peut \u00eatre achet\u00e9 sur <b>GetAnabolics<\/b>. Nous heureux de pr\u00e9senter la nouvelle Anadrol de <span style=\"font-weight: bold;\">Alpha-Pharma<\/span>.<br \/>\n<em>Tous les produits que nous vous proposons sont faites de l&rsquo;authentique, de haute qualit\u00e9 et de compos\u00e9s ont un seul but: aider les gens \u00e0 prendre de la masse musculaire, la force globale, \u00e0 br\u00fbler les graisses et de les aider sur le chemin de la perfection physique. Dans le but de cr\u00e9er un esprit constructif et civilis\u00e9 relation avec nos clients, nous allons faire le maximum d&rsquo;efforts pour assurer un service de haute qualit\u00e9, l&rsquo;approche de chaque personne que l&rsquo;adresse de notre magasin avec courtoisie et respect.<\/em><br \/>\nConstruire et maintenir un corps de r\u00eave ont besoin d&rsquo;une combinaison de m\u00e9thodes. Une bonne alimentation vient en premier dans la liste des composants essentiels n\u00e9cessaires \u00e0 l&rsquo;organisme. Deuxi\u00e8mement, assurez-vous toujours de l&rsquo;acheter et utiliser des st\u00e9ro\u00efdes l\u00e9gaux en ligne n&rsquo;est pas seulement pour \u00e9viter tout conflit avec la loi, mais plus important encore, pour \u00e9viter des complications de sant\u00e9.<br \/>\n<em><span style=\"font-weight: bold;\">GetAnabolics.Biz<\/span> is the online steroid supplier specially created and dedicated to provide each athlete and bodybuilder with best <span style=\"font-weight: bold;\">anabolic steroids<\/span> est la ligne de st\u00e9ro\u00efdes fournisseur sp\u00e9cialement con\u00e7u et d\u00e9di\u00e9 \u00e0 fournir \u00e0 chaque athl\u00e8te et de bodybuilder avec le meilleur des st\u00e9ro\u00efdes anabolisants \u00e0 prix discount. Nous avons choisi la plus fiable pour les marques \u00e0 collaborer afin d&rsquo;assurer la s\u00e9curit\u00e9, authentique et haut de gamme de st\u00e9ro\u00efdes pour nos clients.<\/em><br \/>\nL&rsquo;exp\u00e9dition des st\u00e9ro\u00efdes en toute s\u00e9curit\u00e9 est la principale pr\u00e9occupation pour la livraison de st\u00e9ro\u00efdes dans le monde entier. Notre exp\u00e9dition discr\u00e8te garantit que personne ne sait que vous achetez des st\u00e9ro\u00efdes en ligne.<\/p>\n<h2>Plus Anadrol Alpha-Pharma d&rsquo;informations<\/h2>\n<p><b>50 onglets chacun contient 50 mg Oxymetholone<\/b><\/p>\n<p><span style=\"text-decoration: underline;\">Les principales utilisations m\u00e9dicales de st\u00e9ro\u00efdes anabolisants androg\u00e8nes sont \u00e0 traiter retard de la pubert\u00e9, certains types d&rsquo;impuissance et de gaspiller de l&rsquo;organisme caus\u00e9e par l&rsquo;infection \u00e0 VIH ou d&rsquo;autres maladies. Les st\u00e9ro\u00efdes anabolisants promouvoir la croissance du muscle squelettique et le d\u00e9veloppement des caract\u00e8res sexuels masculins, mais n&rsquo;ont \u00e9galement d&rsquo;autres effets. Anadrol 50 est le plus fort et, en m\u00eame temps, aussi le plus efficace des st\u00e9ro\u00efdes oraux. Anadrol a un effet androg\u00e8ne extr\u00eamement \u00e9lev\u00e9, qui va de pair avec une composante extr\u00eamement intense anabolisants &#8211; oxymetholone. Le tr\u00e8s effet androg\u00e8ne de Anadrol stimule la r\u00e9g\u00e9n\u00e9ration de l&rsquo;organisme, de sorte que le craint souvent \u00ab\u00a0plus de formation\u00a0\u00bb est peu probable de se produire. Une dose suffisante pour n&rsquo;importe quel athl\u00e8te serait de 0,5 &#8211; 0,8 mg. par livre de poids corporel\/jour. Cela correspond \u00e0 1-4 comprim\u00e9s; c&rsquo;est \u00e0 dire de 50 \u00e0 200 mg\/jour. En aucun cas, un athl\u00e8te doit prendre plus de quatre comprim\u00e9s en un jour donn\u00e9, de pr\u00e9f\u00e9rence, jamais plus de trois.<\/span><\/p>\n<p>Lors de la prise de Anadrol pour la premi\u00e8re fois, l&rsquo;athl\u00e8te doit commencer avec un apport de seulement un comprim\u00e9 de 50 mg. Apr\u00e8s une semaine, la dose quotidienne peut \u00eatre augment\u00e9e \u00e0 deux comprim\u00e9s, un comprim\u00e9 chaque matin et soir, \u00e0 prendre avec les repas. Des doses plus \u00e9lev\u00e9es ne doivent pas \u00eatre pris pour des p\u00e9riodes de plus de deux \u00e0 trois semaines. Toute utilisation de Anadrol ne doit pas d\u00e9passer six semaines. Apr\u00e8s l&rsquo;arr\u00eat de l&rsquo;Anadrol, il est important de poursuivre le traitement de st\u00e9ro\u00efdes avec un autre compos\u00e9, depuis, par ailleurs, une r\u00e9duction drastique de la masse musculaire et la force. Anadrol est le plus n\u00e9faste des st\u00e9ro\u00efdes oraux et sa consommation peut entra\u00eener de nombreux effets secondaires. La plupart des utilisateurs peuvent s&rsquo;attendre \u00e0 certains changements pathologiques dans leurs valeurs de foie apr\u00e8s environ une semaine. Ceux qui arr\u00eatent l&rsquo;utilisation de oxymetholone se montrent en g\u00e9n\u00e9ral des valeurs normales dans un d\u00e9lai de deux mois. Oxymetholone est le seul anabolisants\/st\u00e9ro\u00efdes androg\u00e8nes, qui est li\u00e9 avec le cancer du foie.<\/p>\n<p><b>Commune<\/b><\/p>\n<blockquote><p>Les principales utilisations m\u00e9dicales de st\u00e9ro\u00efdes anabolisants androg\u00e8nes sont \u00e0 traiter retard de la pubert\u00e9, certains types d&rsquo;impuissance et de gaspiller de l&rsquo;organisme caus\u00e9e par l&rsquo;infection \u00e0 VIH ou d&rsquo;autres maladies. Les st\u00e9ro\u00efdes anabolisants promouvoir la croissance du muscle squelettique et le d\u00e9veloppement des caract\u00e8res sexuels masculins, mais n&rsquo;ont \u00e9galement d&rsquo;autres effets. Anadrol 50 est le plus fort et, en m\u00eame temps, aussi le plus efficace des st\u00e9ro\u00efdes oraux. Anadrol a un effet androg\u00e8ne extr\u00eamement \u00e9lev\u00e9, qui va de pair avec une composante extr\u00eamement intense anabolisants &#8211; oxymetholone. Le tr\u00e8s effet androg\u00e8ne de Anadrol stimule la r\u00e9g\u00e9n\u00e9ration de l&rsquo;organisme, de sorte que le craint souvent \u00ab\u00a0plus de formation\u00a0\u00bb est peu probable de se produire. Anadrol peut donner des gains spectaculaires en force et en masse musculaire en un temps tr\u00e8s court. La r\u00e9tention d&rsquo;eau est consid\u00e9rable et, depuis la cellule musculaire attire beaucoup d&rsquo;eau, l&rsquo;ensemble du syst\u00e8me musculaire de la plupart des athl\u00e8tes sera lisse. Anadrol ne pas causer un gain de masse musculaire qualitatifs, mais plut\u00f4t quantitatif. Anadrol \u00ab\u00a0lubrifie\u00a0\u00bb les articulations, car l&rsquo;eau y est stock\u00e9. D&rsquo;une part, c&rsquo;est un facteur dans l&rsquo;augmentation \u00e9norme de la force et, d&rsquo;autre part, il permet \u00e0 des athl\u00e8tes avec des probl\u00e8mes d&rsquo;articulation d&rsquo;une s\u00e9ance d&rsquo;entra\u00eenement sans douleur. Un r\u00e9gime alimentaire strict, avec la prise simultan\u00e9e de Nolvadex et Proviron, peut consid\u00e9rablement r\u00e9duire la r\u00e9tention d&rsquo;eau. Anadrol augmente le nombre de globules rouges, ce qui permet au muscle d&rsquo;absorber plus d&rsquo;oxyg\u00e8ne. Le muscle a donc une autonomie sup\u00e9rieure et le niveau de performance. Anadrol est pas un st\u00e9ro\u00efde utilis\u00e9 dans la pr\u00e9paration pour une comp\u00e9tition, il ne contribue plus que tout autre st\u00e9ro\u00efde pendant un r\u00e9gime pour maintenir la masse musculaire et de permettre un entra\u00eenement intense.<\/p><\/blockquote>\n<p><b>Mode<\/b><\/p>\n<p>Anadrol est un comprim\u00e9 contient 50 mg. oxymetholone, \u00e0 prendre par la bouche. Une dose suffisante pour n&rsquo;importe quel athl\u00e8te serait de 50 \u00e0 200 mg\/jour. selon le poids et la fa\u00e7on dont l&rsquo;utilisateur avanc\u00e9 de st\u00e9ro\u00efdes anabolisants est \u00e0 l&rsquo;athl\u00e8te. Un apport de plus de trois comprim\u00e9s en un jour donn\u00e9 n&rsquo;est pas conseill\u00e9. La premi\u00e8re utilisation de Anadrol devrait commencer avec un apport de seulement un comprim\u00e9 de 50 mg. Apr\u00e8s une semaine, la dose quotidienne peut \u00eatre augment\u00e9e \u00e0 deux comprim\u00e9s, un comprim\u00e9 chaque matin et soir, \u00e0 prendre avec les repas. Les athl\u00e8tes qui sont plus avanc\u00e9s ou qui p\u00e8sent plus de 220 livres peut augmenter la dose de 150 mg\/jour dans la troisi\u00e8me semaine. Ce dosage, cependant, ne devrait pas \u00eatre pris pendant plus de deux \u00e0 trois semaines. L&rsquo;utilisation de Anadrol ne devrait jamais d\u00e9passer six semaines. Apr\u00e8s l&rsquo;arr\u00eat de l&rsquo;utilisation de Anadrol, il est important de poursuivre le traitement de st\u00e9ro\u00efdes avec un autre compos\u00e9, depuis, par ailleurs, une r\u00e9duction drastique de la masse musculaire et la force a lieu et l&rsquo;utilisateur. Les athl\u00e8tes de poursuivre leur traitement avec les produits injectables de testost\u00e9rone <a href=\"http:\/\/getanabolics.biz\/fr\/produit\/sustanon-250-1-box-of-10-ampoules-each-1-amp-contains-250-mg-testosterone-esters\/\">Sustanon 250<\/a> ou de <a href=\"http:\/\/getanabolics.biz\/fr\/produit\/testosterone-enant-250-10-ml-vial-each-1-ml-contains-250-mg-testosterone-enanthate\/\">Testost\u00e9rone \u00c9nanthate<\/a> pendant plusieurs semaines.<\/p>\n<p><b>Pr\u00e9cautions<\/b><\/p>\n<p>Anadrol est le plus n\u00e9faste des st\u00e9ro\u00efdes oraux et sa consommation peut entra\u00eener de nombreux effets secondaires. La plupart des utilisateurs peuvent s&rsquo;attendre \u00e0 certains changements pathologiques dans leurs valeurs de foie apr\u00e8s environ une semaine. Une augmentation des valeurs de foie de deux enzymes GOT et GPT, \u00e9galement appel\u00e9 transaminases, souvent, ne peuvent pas \u00eatre \u00e9vit\u00e9s, qui sont des indications de l&rsquo;h\u00e9patite, c&rsquo;est \u00e0 dire une infection du foie. Ceux qui interrompent oxymetholone se montrent en g\u00e9n\u00e9ral des valeurs normales dans un d\u00e9lai de deux mois. Plus l&rsquo;apport de Anadrol et\/ou \u00e0 des doses plus \u00e9lev\u00e9es peuvent provoquer une d\u00e9coloration jaune des ongles, des yeux ou de la peau. Le foie de l&rsquo;enzyme gamma-GT r\u00e9agit \u00e9galement de mani\u00e8re sensible \u00e0 l&rsquo;oxym\u00e9tholone, l&rsquo;amenant \u00e0 \u00e9lever. Si des doses \u00e9lev\u00e9es de Anadrol sont pris sur une longue p\u00e9riode, il y a un risque accru que les modifications h\u00e9patiques d\u00e9crites pourraient finir par endommager le foie. Lors de la prise d&rsquo;Anadrol 50, le foie, les valeurs ainsi que la LDH\/HBDH quotient, doivent toujours \u00eatre v\u00e9rifi\u00e9es par un m\u00e9decin comp\u00e9tent. Oxymetholone est le seul anabolisants\/st\u00e9ro\u00efdes androg\u00e8nes qui a \u00e9t\u00e9 li\u00e9 au cancer du foie. <a href=\"http:\/\/getanabolics.biz\/fr\/produit\/anadrol-500-tabs-each-tab-contains-50-mg-oxymetholone\/\">Anadrol <\/a>est pas recommand\u00e9 pour les femmes car elle provoque de nombreuses et, en partie, irr\u00e9versible virilisation sympt\u00f4mes tels que l&rsquo;acn\u00e9, hypertrophie clitoridienne, voix profonde, l&rsquo;augmentation de la croissance des cheveux sur les jambes, la barbe de croissance, absence de r\u00e8gles, augmentation de la libido, et la perte de cheveux.<\/p>\n<p><b>effets secondaires Possibles<\/b><\/p>\n<p>Oxymetholone convertit facilement en oestrog\u00e8nes qui provoque des signes de f\u00e9minisation et le d\u00e9j\u00e0 mentionn\u00e9 de la r\u00e9tention d&rsquo;eau, ce qui n\u00e9cessite l&rsquo;apport d&rsquo;anti-\u0153strog\u00e8nes. L&rsquo;augmentation de la r\u00e9tention d&rsquo;eau, en plus des probl\u00e8mes esth\u00e9tiques, peuvent encore \u00eatre pr\u00e9judiciable, car elle peut causer de l&rsquo;hypertension art\u00e9rielle. Dans les cas extr\u00eames, la consommation d&rsquo;un m\u00e9dicament anti-hypertenseur peut \u00eatre n\u00e9cessaire. Oxymetholone ne pas la conversion en DHT. Cependant, il est un androg\u00e8ne puissant. Les utilisateurs qui rencontrent des st\u00e9ro\u00efdes acn\u00e9 s\u00e9v\u00e8re caus\u00e9e par Anadrol pouvez obtenir ce probl\u00e8me sous contr\u00f4le en utilisant le m\u00e9dicament d&rsquo;ordonnance Accutane. D&rsquo;autres effets secondaires peuvent inclure des maux de t\u00eate, des naus\u00e9es, des vomissements, maux d&rsquo;estomac, manque d&rsquo;app\u00e9tit, l&rsquo;insomnie, et de la diarrh\u00e9e. L&rsquo;athl\u00e8te peut s&rsquo;attendre \u00e0 un sentiment de \u00ab\u00a0malaise g\u00e9n\u00e9ral\u00a0\u00bb avec la prise de Anadrol qui est compl\u00e8tement en contraste avec Dianabol, qui \u00e9voque un \u00ab\u00a0sentiment de bien-\u00eatre\u00a0\u00bb. L&rsquo;augmentation de l&rsquo;agressivit\u00e9 est caus\u00e9e par le fort niveau d&rsquo;androg\u00e8nes et se produit surtout lorsque de grandes quantit\u00e9s de testost\u00e9rone sont inject\u00e9s simultan\u00e9ment avec l&rsquo;utilisation de Anadrol. La propre production du corps de la testost\u00e9rone est consid\u00e9rablement r\u00e9duite depuis Anadrol a un effet inhibiteur sur l&rsquo;hypothalamus, ce qui r\u00e9duit ou arr\u00eate compl\u00e8tement la lib\u00e9ration de GnRH (gonadotropin releasing hormone). Pour cette raison, la prise de testost\u00e9rone stimulant des compos\u00e9s tels que l&rsquo;HCG et Clomid est absolument n\u00e9cessaire pour maintenir la production d&rsquo;hormones dans les testicules. Si vous remarquez d&rsquo;autres effets non \u00e9num\u00e9r\u00e9s ci-dessus, contactez votre m\u00e9decin.<\/p>\n<p><b>informations Suppl\u00e9mentaires<\/b><\/p>\n<p>Anadrol conserver dans un r\u00e9cipient bien ferm\u00e9 et hors de port\u00e9e des enfants. Anadrol conserver \u00e0 temp\u00e9rature ambiante et loin des exc\u00e8s de chaleur et d&rsquo;humidit\u00e9 (pas dans la salle de bain).<\/p>\n<h3>Lire la suite<\/h3>\n<p><a href=\"http:\/\/getanabolics.biz\/fr\/principaux-resultats-du-meilleur-acetate-de-trenbolone\/\">GRANDS R\u00c9SULTATS DU MEILLEUR AC\u00c9TATE DE TRENBOLONE<\/a><\/p>\n<p><a href=\"http:\/\/getanabolics.biz\/fr\/tout-ce-que-vous-devez-savoir-sur-anadrol\/\">TOUT CE QUE VOUS DEVEZ SAVOIR SUR ANADROL<\/a><\/p>\n<p><a href=\"http:\/\/getanabolics.biz\/fr\/leffet-des-steroides-sur-la-peau-humaine\/\">L&rsquo;EFFET DES ST\u00c9RO\u00cfDES SUR LA PEAU HUMAINE<\/a><\/p>\n<p><a href=\"http:\/\/getanabolics.biz\/fr\/rassemblez-une-masse-seche-sans-effets-secondaires\/\">RASSEMBLER UNE MASSE SECHE SANS EFFETS SECONDAIRES<\/a><\/p>\n<p><a href=\"http:\/\/getanabolics.biz\/fr\/quelle-devrait-etre-la-duree-du-cours-des-steroides\/\">Quelle devrait \u00eatre la dur\u00e9e de l&rsquo;\u00e9volution des st\u00e9ro\u00efdes?<\/a><\/p>\n","protected":false},"excerpt":{"rendered":"<p>Package: 50 onglets chacun contient 50 mg Oxymetholone<br \/>Fabricant: Alpha-Pharma<br \/>Brand name: Anadrol<br \/>Aussi connu comme: Oxydrolone<\/p>\n","protected":false},"featured_media":334,"comment_status":"open","ping_status":"closed","template":"","meta":[],"product_cat":[111,117],"product_tag":[40],"_links":{"self":[{"href":"https:\/\/getanabolics.biz\/fr\/wp-json\/wp\/v2\/product\/752"}],"collection":[{"href":"https:\/\/getanabolics.biz\/fr\/wp-json\/wp\/v2\/product"}],"about":[{"href":"https:\/\/getanabolics.biz\/fr\/wp-json\/wp\/v2\/types\/product"}],"replies":[{"embeddable":true,"href":"https:\/\/getanabolics.biz\/fr\/wp-json\/wp\/v2\/comments?post=752"}],"wp:featuredmedia":[{"embeddable":true,"href":"https:\/\/getanabolics.biz\/fr\/wp-json\/wp\/v2\/media\/334"}],"wp:attachment":[{"href":"https:\/\/getanabolics.biz\/fr\/wp-json\/wp\/v2\/media?parent=752"}],"wp:term":[{"taxonomy":"product_cat","embeddable":true,"href":"https:\/\/getanabolics.biz\/fr\/wp-json\/wp\/v2\/product_cat?post=752"},{"taxonomy":"product_tag","embeddable":true,"href":"https:\/\/getanabolics.biz\/fr\/wp-json\/wp\/v2\/product_tag?post=752"}],"curies":[{"name":"wp","href":"https:\/\/api.w.org\/{rel}","templated":true}]}}