{"id":751,"date":"2017-04-27T10:31:41","date_gmt":"2017-04-27T10:42:54","guid":{"rendered":"http:\/\/getanabolics.biz\/product\/oxanabol-50-onglets-10-mg-total-de-500-mg-oxandrolone\/"},"modified":"2018-01-19T13:34:36","modified_gmt":"2018-01-19T13:34:36","slug":"oxanabol-50-onglets-10-mg-total-de-500-mg-oxandrolone","status":"publish","type":"product","link":"https:\/\/getanabolics.biz\/fr\/produit\/oxanabol-50-onglets-10-mg-total-de-500-mg-oxandrolone\/","title":{"rendered":"Anavar &#8211; Alpha-Pharma"},"content":{"rendered":"<h2>Acheter Anavar &#8211; Alpha-Pharma (Oxanabol)<\/h2>\n<p><a title=\"Acheter Anavar au GetAnabolics\"><img src=\"http:\/\/getanabolics.biz\/images\/oxanabol.jpg\" width=\"30%\" align=\"right\" \/><\/a><br \/>\nPour ceux qui est \u00e0 la recherche d&rsquo;Anavar et vous demandez-vous o\u00f9 acheter Anavar de Alpha-Pharma l\u00e9galement nous vous proposons Oxanabol comme le meilleur choix pour de vrai les culturistes.<br \/>\n\u00c0 partir de maintenant sur une grande vari\u00e9t\u00e9 de st\u00e9ro\u00efdes injectables ainsi que des st\u00e9ro\u00efdes oraux et th\u00e9rapie post-cycle de l&rsquo;Alpha-Pharma peut \u00eatre achet\u00e9 sur <b>GetAnabolics<\/b>. Nous heureux de pr\u00e9senter la nouvelle Anavar de <span style=\"font-weight: bold;\">Alpha-Pharma<\/span>.<br \/>\n<em>Tous les produits que nous vous proposons sont faites de l&rsquo;authentique, de haute qualit\u00e9 et de compos\u00e9s ont un seul but: aider les gens \u00e0 prendre de la masse musculaire, la force globale, \u00e0 br\u00fbler les graisses et de les aider sur le chemin de la perfection physique. Dans le but de cr\u00e9er un esprit constructif et civilis\u00e9 relation avec nos clients, nous allons faire le maximum d&rsquo;efforts pour assurer un service de haute qualit\u00e9, l&rsquo;approche de chaque personne que l&rsquo;adresse de notre magasin avec courtoisie et respect.<\/em><br \/>\nConstruire et maintenir un corps de r\u00eave ont besoin d&rsquo;une combinaison de m\u00e9thodes. Une bonne alimentation vient en premier dans la liste des composants essentiels n\u00e9cessaires \u00e0 l&rsquo;organisme. Deuxi\u00e8mement, assurez-vous toujours de l&rsquo;acheter et utiliser des st\u00e9ro\u00efdes l\u00e9gaux en ligne n&rsquo;est pas seulement pour \u00e9viter tout conflit avec la loi, mais plus important encore, pour \u00e9viter des complications de sant\u00e9.<br \/>\n<span style=\"font-weight: bold;\">GetAnabolics.Biz<\/span> is the online steroid supplier specially created and dedicated to provide each athlete and bodybuilder with best <span style=\"font-weight: bold;\">anabolic steroids<\/span> est la ligne de st\u00e9ro\u00efdes fournisseur sp\u00e9cialement con\u00e7u et d\u00e9di\u00e9 \u00e0 fournir \u00e0 chaque athl\u00e8te et de bodybuilder avec le meilleur des st\u00e9ro\u00efdes anabolisants \u00e0 prix discount. Nous avons choisi la plus fiable pour les marques \u00e0 collaborer afin d&rsquo;assurer la s\u00e9curit\u00e9, authentique et haut de gamme de st\u00e9ro\u00efdes pour nos clients.<br \/>\n<em>L&rsquo;exp\u00e9dition des st\u00e9ro\u00efdes en toute s\u00e9curit\u00e9 est la principale pr\u00e9occupation pour la livraison de st\u00e9ro\u00efdes dans le monde entier. Notre exp\u00e9dition discr\u00e8te garantit que personne ne sait que vous achetez des st\u00e9ro\u00efdes en ligne.<\/em><\/p>\n<h2>Plus Anavar Alpha-Pharma d&rsquo;informations<\/h2>\n<p><b>50 Onglets \/ 10 mg Total de 500 mg Oxandrolone<\/b><\/p>\n<p><strong>Classe de drogue: Orale de St\u00e9ro\u00efdes Androg\u00e8nes\/Anabolisants<\/strong><br \/>\n<strong> La posologie moyenne recommand\u00e9e: Entre 20 et 50 mg\/jour pour les hommes et entre 5 et 15 mg\/jour pour les femmes<\/strong><br \/>\n<strong> Vie Active: Entre 8 et 12 heures<\/strong><br \/>\n<strong> R\u00e9tention d&rsquo;eau: Rare<\/strong><br \/>\n<strong> Toxique pour le foie: Oui, mais entre faible \u00e0 moyen.<\/strong><br \/>\n<strong> Diminue HPTA fonction: d\u00e9pend de la posologie<\/strong><br \/>\n<strong> SRD Conversion: Basse<\/strong><\/p>\n<p>Oxandrolone Anavar ou a d&rsquo;abord \u00e9t\u00e9 mis au point en 1964 par Searle Laboratoires pour combattre et traiter des conditions comme la perte de poids rapide et l&rsquo;atrophie musculaire comme beaucoup d&rsquo;autres st\u00e9ro\u00efdes anabolisants. Compar\u00e9 \u00e0 d&rsquo;autres st\u00e9ro\u00efdes anabolisants, Anavar est consid\u00e9r\u00e9 comme le plus s\u00fbr pour une utilisation pour les deux m\u00e2les et les femelles et sa tr\u00e8s largement utilis\u00e9 par les athl\u00e8tes.<\/p>\n<p><em>Comme Anavar est l&rsquo;un des plus doux des st\u00e9ro\u00efdes anabolisants, les hommes ont g\u00e9n\u00e9ralement de prendre beaucoup de grandes doses de voir des avantages appr\u00e9ciables. La posologie recommand\u00e9e pour les hommes est de 50 mg par jour. Le dosage peut \u00e9galement \u00eatre augment\u00e9e \u00e0 80 mg par jour en toute s\u00e9curit\u00e9 par des athl\u00e8tes masculins. Comme les femmes sont plus sensibles aux st\u00e9ro\u00efdes anabolisants, le dosage recommand\u00e9 pour les femmes est de 10 mg par jour avec 20 mg de Anavar par jour est la limite maximale pour les femmes. Anavar peut \u00e9galement \u00eatre utilis\u00e9 pour des p\u00e9riodes de temps plus longues que les autres st\u00e9ro\u00efdes anabolisants et les hommes et les femmes peuvent utiliser Anavar pour jusqu&rsquo;\u00e0 8 semaines.<\/em><\/p>\n<p>Anavar est pas destin\u00e9 \u00e0 \u00eatre utilis\u00e9 pour excessive et rapide d\u00e9veloppement de la masse musculaire. C&rsquo;est un doux anabolisants st\u00e9ro\u00efdes qui est destin\u00e9 \u00e0 \u00eatre utilis\u00e9 comme un produit dopant. Anavar est populaire car il peut entra\u00eener une augmentation dans le solide et le tissu musculaire maigre. Ce st\u00e9ro\u00efde est un grand muscle de la pr\u00e9servation des propri\u00e9t\u00e9s et peut pr\u00e9server le tissu musculaire tout en r\u00e9duisant la graisse du corps, m\u00eame dans un r\u00e9gime restreint en calories. Comme le tissu musculaire est pr\u00e9serv\u00e9e et augmente par rapport \u00e0 la graisse du corps, de l&rsquo;activit\u00e9 m\u00e9tabolique augmente \u00e9galement, ce qui augmente encore la vitesse \u00e0 laquelle la graisse du corps est br\u00fbl\u00e9 en place et utilis\u00e9.<\/p>\n<p><em>Cependant, il ya certains effets secondaires associ\u00e9s avec Anavar comme avec tous les autres st\u00e9ro\u00efdes anabolisants. Comme il est un st\u00e9ro\u00efde oral, c&rsquo;est un C17 alpha-alkyl\u00e9s m\u00e9dicaments, ce qui lui permet de survivre alors qu&rsquo;il p\u00e9n\u00e8tre dans la circulation sanguine. C&rsquo;est pourquoi il peut aussi \u00eatre toxique pour le foie, mais comme le st\u00e9ro\u00efde est si doux, la fonction h\u00e9patique semble pas \u00eatre affect\u00e9e \u00e0 la plupart des utilisateurs. De fortes doses de Anavar peut causer de l&rsquo;acn\u00e9 et de nombreux oestrog\u00e8ne effets secondaires li\u00e9s. Comme le m\u00e9dicament de ne pas aromatiser, la Gyn\u00e9comastie n&rsquo;est pas un effet secondaire. Il peut provoquer un exc\u00e8s de pilosit\u00e9 faciale et corporelle de la croissance, de l&rsquo;approfondissement de la voix et de l&rsquo;\u00e9largissement du clitoris chez les femmes. \u00c0 faibles doses, cependant, Anavar a tr\u00e8s peu ou pas d&rsquo;effets secondaires.<\/em><\/p>\n<h3>Lire la suite<\/h3>\n<p><a href=\"http:\/\/getanabolics.biz\/fr\/puis-je-economiser-du-poids-apres-un-cours-de-steroides\/\">PUIS-JE CONSERVER DU POIDS APR\u00c8S UN COURS DE ST\u00c9RO\u00cfDE?<\/a><\/p>\n<p><a href=\"http:\/\/getanabolics.biz\/fr\/creatine-sur-un-cours-de-steroides\/\">CREATINE SUR UN COURS DE STEROIDES<\/a><\/p>\n<p><a href=\"http:\/\/getanabolics.biz\/fr\/quelle-devrait-etre-la-duree-du-cours-des-steroides\/\">Quelle devrait \u00eatre la dur\u00e9e de l&rsquo;\u00e9volution des st\u00e9ro\u00efdes?<\/a><\/p>\n<p><a href=\"http:\/\/getanabolics.biz\/fr\/acheter-clomid-online-sur-getanabolics-biz\/\">ACHETER CLOMID EN LIGNE SUR GETANABOLICS.BIZ<\/a><\/p>\n<p><a href=\"http:\/\/getanabolics.biz\/fr\/caracteristiques-des-cours-courtes-de-steroides\/\">CARACT\u00c9RISTIQUES DES COURTS COURTS DE ST\u00c9RO\u00cfDES<\/a><\/p>\n","protected":false},"excerpt":{"rendered":"<p>Package: 50 Onglets \/ 10 mg Total de 500 mg Oxandrolone<br \/>Fabricant: Alpha-Pharma<br \/>Brand name: Anavar<br \/>Aussi connu comme: Oxanabol<\/p>\n","protected":false},"featured_media":328,"comment_status":"open","ping_status":"closed","template":"","meta":[],"product_cat":[124,127,111],"product_tag":[40],"_links":{"self":[{"href":"https:\/\/getanabolics.biz\/fr\/wp-json\/wp\/v2\/product\/751"}],"collection":[{"href":"https:\/\/getanabolics.biz\/fr\/wp-json\/wp\/v2\/product"}],"about":[{"href":"https:\/\/getanabolics.biz\/fr\/wp-json\/wp\/v2\/types\/product"}],"replies":[{"embeddable":true,"href":"https:\/\/getanabolics.biz\/fr\/wp-json\/wp\/v2\/comments?post=751"}],"wp:featuredmedia":[{"embeddable":true,"href":"https:\/\/getanabolics.biz\/fr\/wp-json\/wp\/v2\/media\/328"}],"wp:attachment":[{"href":"https:\/\/getanabolics.biz\/fr\/wp-json\/wp\/v2\/media?parent=751"}],"wp:term":[{"taxonomy":"product_cat","embeddable":true,"href":"https:\/\/getanabolics.biz\/fr\/wp-json\/wp\/v2\/product_cat?post=751"},{"taxonomy":"product_tag","embeddable":true,"href":"https:\/\/getanabolics.biz\/fr\/wp-json\/wp\/v2\/product_tag?post=751"}],"curies":[{"name":"wp","href":"https:\/\/api.w.org\/{rel}","templated":true}]}}