{"id":750,"date":"2017-04-27T10:31:41","date_gmt":"2017-04-27T10:42:54","guid":{"rendered":"http:\/\/getanabolics.biz\/product\/alphabol-500-onglets-chaque-comprime-contient-10-mg-de-methandienone\/"},"modified":"2018-06-25T07:09:19","modified_gmt":"2018-06-25T07:09:19","slug":"alphabol-500-onglets-chaque-comprime-contient-10-mg-de-methandienone","status":"publish","type":"product","link":"https:\/\/getanabolics.biz\/fr\/produit\/alphabol-500-onglets-chaque-comprime-contient-10-mg-de-methandienone\/","title":{"rendered":"Danabol &#8211; Alpha-Pharma"},"content":{"rendered":"<h2>Acheter Danabol &#8211; Alpha-Pharma (Alphabol)<\/h2>\n<p><a title=\"Acheter Danabol au GetAnabolics\"><img src=\"http:\/\/getanabolics.biz\/images\/danabol-10-500-lap.jpg\" width=\"30%\" align=\"right\" \/><\/a><br \/>\nPour ceux qui est \u00e0 la recherche d&rsquo;Danabol et vous demandez-vous o\u00f9 acheter Danabol de Alpha-Pharma l\u00e9galement nous vous proposons Alphabol comme le meilleur choix pour de vrai les culturistes.<br \/>\n<em>\u00c0 partir de maintenant sur une grande vari\u00e9t\u00e9 de st\u00e9ro\u00efdes injectables ainsi que des st\u00e9ro\u00efdes oraux et th\u00e9rapie post-cycle de l&rsquo;Alpha-Pharma peut \u00eatre achet\u00e9 sur <b>GetAnabolics<\/b>. Nous heureux de pr\u00e9senter la nouvelle Danabol de <span style=\"font-weight: bold;\">Alpha-Pharma<\/span>.<\/em><br \/>\nTous les produits que nous vous proposons sont faites de l&rsquo;authentique, de haute qualit\u00e9 et de compos\u00e9s ont un seul but: aider les gens \u00e0 prendre de la masse musculaire, la force globale, \u00e0 br\u00fbler les graisses et de les aider sur le chemin de la perfection physique. Dans le but de cr\u00e9er un esprit constructif et civilis\u00e9 relation avec nos clients, nous allons faire le maximum d&rsquo;efforts pour assurer un service de haute qualit\u00e9, l&rsquo;approche de chaque personne que l&rsquo;adresse de notre magasin avec courtoisie et respect.<br \/>\n<em>Construire et maintenir un corps de r\u00eave ont besoin d&rsquo;une combinaison de m\u00e9thodes. Une bonne alimentation vient en premier dans la liste des composants essentiels n\u00e9cessaires \u00e0 l&rsquo;organisme. Deuxi\u00e8mement, assurez-vous toujours de l&rsquo;acheter et utiliser des st\u00e9ro\u00efdes l\u00e9gaux en ligne n&rsquo;est pas seulement pour \u00e9viter tout conflit avec la loi, mais plus important encore, pour \u00e9viter des complications de sant\u00e9.<\/em><br \/>\n<span style=\"font-weight: bold;\">GetAnabolics.Biz<\/span> is the online steroid supplier specially created and dedicated to provide each athlete and bodybuilder with best <span style=\"font-weight: bold;\">anabolic steroids<\/span> est la ligne de st\u00e9ro\u00efdes fournisseur sp\u00e9cialement con\u00e7u et d\u00e9di\u00e9 \u00e0 fournir \u00e0 chaque athl\u00e8te et de bodybuilder avec le meilleur des st\u00e9ro\u00efdes anabolisants \u00e0 prix discount. Nous avons choisi la plus fiable pour les marques \u00e0 collaborer afin d&rsquo;assurer la s\u00e9curit\u00e9, authentique et haut de gamme de st\u00e9ro\u00efdes pour nos clients.<br \/>\nL&rsquo;exp\u00e9dition des st\u00e9ro\u00efdes en toute s\u00e9curit\u00e9 est la principale pr\u00e9occupation pour la livraison de st\u00e9ro\u00efdes dans le monde entier. Notre exp\u00e9dition discr\u00e8te garantit que personne ne sait que vous achetez des st\u00e9ro\u00efdes en ligne.<\/p>\n<h2>Plus Danabol Alpha-Pharma d&rsquo;informations<\/h2>\n<p><b>500 onglets chaque comprim\u00e9 contient 10 mg de Methandienone<\/b><\/p>\n<p><strong>Classe de drogue: Oral Androg\u00e9niques anabolisants\/st\u00e9ro\u00efdes Anabolisants<\/strong><br \/>\n<strong> La posologie moyenne recommand\u00e9e: Entre 15 et 50 mg\/jour pour les hommes et entre 5 et 10 mg\/jour pour les femmes<\/strong><br \/>\n<strong> Vie Active: Entre 6 \u00e0 8 heures<\/strong><br \/>\n<strong> R\u00e9tention d&rsquo;eau: Oui<\/strong><br \/>\n<strong> Toxique pour le foie: Oui<\/strong><br \/>\n<strong> Diminue HPTA fonction: Oui, d\u00e9pend de la dose et du cycle.<\/strong><br \/>\n<strong> SRD Conversion: Non<\/strong><\/p>\n<h1>Dianabol en vente<\/h1>\n<blockquote><p><a href=\"http:\/\/getanabolics.biz\/fr\/produit\/dianabol-100-tabs-each-contains-10-mg-methandienone\/\">Dianabol <\/a>a d&rsquo;abord \u00e9t\u00e9 cr\u00e9\u00e9 par le Dr Jean Ziegler et a d&rsquo;abord \u00e9t\u00e9 fabriqu\u00e9 et commercialis\u00e9 dans les ann\u00e9es 1960 par la soci\u00e9t\u00e9 Ciba produits Pharmaceutiques. Il est l&rsquo;un des st\u00e9ro\u00efdes anabolisants les plus populaires et a \u00e9t\u00e9 le premier st\u00e9ro\u00efde anabolisant orale \u00e0 \u00eatre synth\u00e9tis\u00e9. Il est l&rsquo;un des plus puissants st\u00e9ro\u00efdes anabolisants disponibles et il est aussi puissant que la testost\u00e9rone et est tr\u00e8s largement utilis\u00e9 par les athl\u00e8tes. Dbol est plus populairement appel\u00e9 Dbol et les anabolisants st\u00e9ro\u00efdiens hormone Methandrostenolone. Cette st\u00e9ro\u00efdiens hormone anabolique et mod\u00e9r\u00e9e androg\u00e8nes traits. Cela permet de Dbol \u00eatre tr\u00e8s efficace lorsqu&rsquo;il est utilis\u00e9 pour augmenter la masse musculaire et la force.<\/p><\/blockquote>\n<p>Dbol pour la vente est le st\u00e9ro\u00efde oral le formulaire de Methandrostenolone, qui est disponible s\u00e9par\u00e9ment dans la forme injectable. Dbol est tr\u00e8s rapide de st\u00e9ro\u00efdes, comme l&rsquo;indique son de la vie active et est mieux utilis\u00e9 pour construire de la masse musculaire et de la force dans les cycles de gonflement. Il poss\u00e8de l&rsquo;un des plus courte demi-vie de tous les st\u00e9ro\u00efdes anabolisants, et comme un r\u00e9sultat est tr\u00e8s efficace dans le d\u00e9marrage d&rsquo;un cycle au d\u00e9but du cycle. <a href=\"http:\/\/getanabolics.biz\/fr\/produit\/dianabol-buy-d-bol-100-tabs-each-contains-10-mg-methandienone\/\">Dianabol <\/a>peut \u00e9galement \u00eatre utilis\u00e9 dans les \u00e9tapes ult\u00e9rieures du cycle o\u00f9 les utilisateurs ont besoin pour \u00e9liminer les plateaux.<\/p>\n<p>La posologie recommand\u00e9e pour les hommes est entre 15 et 50 mg par jour, mais les r\u00e9sultats peuvent \u00eatre vus \u00e0 20mg par jour. 100 mg par jour est la quantit\u00e9 maximale de Dbol que n&rsquo;importe qui devrait utiliser. Pour les femmes, le dosage est bien plus faible, entre 5 et 10 mg\/jour. 30 mg par jour est la dose recommand\u00e9e pour les d\u00e9butants et que Dbol est tr\u00e8s est tr\u00e8s fort, les faibles doses sont parfois suffisants.<\/p>\n<p><em>Dianabol augmente la synth\u00e8se des prot\u00e9ines, et comme un r\u00e9sultat est le mieux utilis\u00e9 pour construire de la masse musculaire et la force. Dbol augmente aussi maigre, de gras libres de la masse musculaire et la r\u00e9tention d&rsquo;azote dans les muscles, ce qui est plus grand que celui qui est pr\u00e9vu par d&rsquo;autres st\u00e9ro\u00efdes anabolisants. Elle permet \u00e9galement de pr\u00e9server la masse musculaire lors d&rsquo;un r\u00e9gime hypocalorique. Cependant, comme un st\u00e9ro\u00efde oral, c&rsquo;est un 17 AA st\u00e9ro\u00efde qui r\u00e9duit l&rsquo;aromatisation de ce st\u00e9ro\u00efde. Cela rend tr\u00e8s toxique pour le foie. Il peut \u00e9galement provoquer une pression art\u00e9rielle \u00e9lev\u00e9e et les personnes souffrant d&rsquo;hypertension art\u00e9rielle ne devraient pas acheter Dianabol. Comme le m\u00e9dicament ne aromatiser, les effets secondaires li\u00e9s aux oestrog\u00e8nes tels que la Gyn\u00e9comastie peut \u00eatre pr\u00e9vu.<\/em><\/p>\n<p>Acheter Dianabol pilules maintenant qui est le plus populaire st\u00e9ro\u00efde anabolisant jamais fait. Gardez \u00e0 l&rsquo;esprit que tous les st\u00e9ro\u00efdes anabolisants ne doit pas \u00eatre utilis\u00e9 plus de 6 semaines.<\/p>\n<h3>Lire la suite<\/h3>\n<p><a href=\"http:\/\/getanabolics.biz\/fr\/achetez-dianabol-en-ligne-sur-getanabolics-biz\/\">ACHETER DIANABOL EN LIGNE SUR GETANABOLICS.BIZ<\/a><\/p>\n<p><a href=\"http:\/\/getanabolics.biz\/fr\/winstrol-cest-quoi-et-pour-quoi-il-sagit\/\">WINSTROL, QU&rsquo;EST-CE QUE C&rsquo;EST?<\/a><\/p>\n<p><a href=\"http:\/\/getanabolics.biz\/fr\/cytomel-t3-avis-sur-getanabolics-biz\/\">CYTOMEL T3 REVIEWS SUR GETANABOLICS.BIZ<\/a><\/p>\n<p><a href=\"http:\/\/getanabolics.biz\/fr\/pause-entre-les-cours-de-steroides-et-pct\/\">PAUSE ENTRE STEROID COURS ET PCT<\/a><\/p>\n<p><a href=\"http:\/\/getanabolics.biz\/fr\/quelle-est-lefficacite-du-pont-steroide\/\">\u00c0 quel point le pont st\u00e9roidien est-il efficace?<\/a><\/p>\n","protected":false},"excerpt":{"rendered":"<p>Package: 50 onglets chaque comprim\u00e9 contient 10 mg de Methandienone<br \/>Fabricant: Alpha-Pharma<br \/>Brand name: Danabol<br \/>Aussi connu comme: Alphabol<\/p>\n","protected":false},"featured_media":322,"comment_status":"open","ping_status":"closed","template":"","meta":[],"product_cat":[111,117],"product_tag":[40],"_links":{"self":[{"href":"https:\/\/getanabolics.biz\/fr\/wp-json\/wp\/v2\/product\/750"}],"collection":[{"href":"https:\/\/getanabolics.biz\/fr\/wp-json\/wp\/v2\/product"}],"about":[{"href":"https:\/\/getanabolics.biz\/fr\/wp-json\/wp\/v2\/types\/product"}],"replies":[{"embeddable":true,"href":"https:\/\/getanabolics.biz\/fr\/wp-json\/wp\/v2\/comments?post=750"}],"wp:featuredmedia":[{"embeddable":true,"href":"https:\/\/getanabolics.biz\/fr\/wp-json\/wp\/v2\/media\/322"}],"wp:attachment":[{"href":"https:\/\/getanabolics.biz\/fr\/wp-json\/wp\/v2\/media?parent=750"}],"wp:term":[{"taxonomy":"product_cat","embeddable":true,"href":"https:\/\/getanabolics.biz\/fr\/wp-json\/wp\/v2\/product_cat?post=750"},{"taxonomy":"product_tag","embeddable":true,"href":"https:\/\/getanabolics.biz\/fr\/wp-json\/wp\/v2\/product_tag?post=750"}],"curies":[{"name":"wp","href":"https:\/\/api.w.org\/{rel}","templated":true}]}}