{"id":749,"date":"2017-04-27T10:33:38","date_gmt":"2017-04-27T10:42:54","guid":{"rendered":"http:\/\/getanabolics.biz\/product\/soma-max-1-flacon-de-10iu-lhormone-de-croissance\/"},"modified":"2018-01-18T12:45:15","modified_gmt":"2018-01-18T12:45:15","slug":"hgh-1-vial-of-10iu-somatropin","status":"publish","type":"product","link":"https:\/\/getanabolics.biz\/fr\/produit\/hgh-1-vial-of-10iu-somatropin\/","title":{"rendered":"HGH &#8211; Maxtreme"},"content":{"rendered":"<h2>Acheter HGH &#8211; Maxtreme (Soma-Max)<\/h2>\n<p><a title=\"Acheter HGH au GetAnabolics\"><img src=\"http:\/\/getanabolics.biz\/images\/tropin-fitness-100IU-ifetech-1.jpg\" width=\"30%\" align=\"right\" \/><\/a><br \/>\nPour ceux qui est \u00e0 la recherche d&rsquo;HGH et vous demandez-vous o\u00f9 acheter HGH de Maxtreme l\u00e9galement nous vous proposons Soma-Max comme le meilleur choix pour de vrai les culturistes.<br \/>\n<em>\u00c0 partir de maintenant sur une grande vari\u00e9t\u00e9 de st\u00e9ro\u00efdes injectables ainsi que des st\u00e9ro\u00efdes oraux et th\u00e9rapie post-cycle de l&rsquo;Maxtreme peut \u00eatre achet\u00e9 sur <b>GetAnabolics<\/b>. Nous heureux de pr\u00e9senter la nouvelle HGH de <span style=\"font-weight: bold;\">Maxtreme<\/span>.<\/em><br \/>\nTous les produits que nous vous proposons sont faites de l&rsquo;authentique, de haute qualit\u00e9 et de compos\u00e9s ont un seul but: aider les gens \u00e0 prendre de la masse musculaire, la force globale, \u00e0 br\u00fbler les graisses et de les aider sur le chemin de la perfection physique. Dans le but de cr\u00e9er un esprit constructif et civilis\u00e9 relation avec nos clients, nous allons faire le maximum d&rsquo;efforts pour assurer un service de haute qualit\u00e9, l&rsquo;approche de chaque personne que l&rsquo;adresse de notre magasin avec courtoisie et respect.<br \/>\n<em>Construire et maintenir un corps de r\u00eave ont besoin d&rsquo;une combinaison de m\u00e9thodes. Une bonne alimentation vient en premier dans la liste des composants essentiels n\u00e9cessaires \u00e0 l&rsquo;organisme. Deuxi\u00e8mement, assurez-vous toujours de l&rsquo;acheter et utiliser des st\u00e9ro\u00efdes l\u00e9gaux en ligne n&rsquo;est pas seulement pour \u00e9viter tout conflit avec la loi, mais plus important encore, pour \u00e9viter des complications de sant\u00e9.<\/em><br \/>\n<span style=\"font-weight: bold;\">GetAnabolics.Biz<\/span> is the online steroid supplier specially created and dedicated to provide each athlete and bodybuilder with best <span style=\"font-weight: bold;\">anabolic steroids<\/span> est la ligne de st\u00e9ro\u00efdes fournisseur sp\u00e9cialement con\u00e7u et d\u00e9di\u00e9 \u00e0 fournir \u00e0 chaque athl\u00e8te et de bodybuilder avec le meilleur des st\u00e9ro\u00efdes anabolisants \u00e0 prix discount. Nous avons choisi la plus fiable pour les marques \u00e0 collaborer afin d&rsquo;assurer la s\u00e9curit\u00e9, authentique et haut de gamme de st\u00e9ro\u00efdes pour nos clients.<br \/>\nL&rsquo;exp\u00e9dition des st\u00e9ro\u00efdes en toute s\u00e9curit\u00e9 est la principale pr\u00e9occupation pour la livraison de st\u00e9ro\u00efdes dans le monde entier. Notre exp\u00e9dition discr\u00e8te garantit que personne ne sait que vous achetez des st\u00e9ro\u00efdes en ligne.<\/p>\n<h2>Plus HGH Maxtreme d&rsquo;informations<\/h2>\n<p><b>1 flacon de 10IU Somatropine<\/b><\/p>\n<ul>\n<li><strong>Laboratoire: Lifetech Labs<\/strong><\/li>\n<li><strong>Forme: Injection<\/strong><\/li>\n<li><strong>Mol\u00e9cule: l&rsquo;hormone de croissance<\/strong><\/li>\n<li><strong>Concentration: 10 UI \/ flacon<\/strong><\/li>\n<li><strong>Pr\u00e9sentation: 10 flacons de 10 UI<\/strong><\/li>\n<li><strong>posologie Recommand\u00e9e: 3.33 UI \/ jour (avant le petit d\u00e9jeuner)<\/strong><\/li>\n<li><strong>Dilution: Utiliser 1 ml d&rsquo;eau st\u00e9rilis\u00e9e<\/strong><\/li>\n<li><strong>flacon \u00e0 Dose: 3 * 3.33 UI (1 flacon pour les 3 jours)<\/strong><\/li>\n<li><strong>injection de la Dose: 3.33 UI = 0,33 ml (33 unit\u00e9s sur la seringue \u00e0 insuline)<\/strong><\/li>\n<\/ul>\n<div>\n<h3>qu&rsquo;est-Ce que Biotropin HGH<\/h3>\n<blockquote><p>l&rsquo;hormone de Croissance (GH ou HGH), aussi connu comme l&rsquo;hormone de croissance est une hormone peptidique qui <strong>stimule la croissance, la reproduction cellulaire et la r\u00e9g\u00e9n\u00e9ration<\/strong> chez l&rsquo;homme.<\/p>\n<p>l&rsquo;hormone de Croissance est un <strong>191 acides amin\u00e9s<\/strong>, une seule cha\u00eene polypeptidique qui est produite par somatotropiques cellules de l&rsquo;hypophyse ant\u00e9rieure.<\/p>\n<p>la Somatotropine agit en stimulant la lib\u00e9ration d&rsquo;une hormone appel\u00e9e somatom\u00e9dine par le foie <strong>la stimulation de la croissance des cellules du corps<\/strong>.<\/p>\n<p>l&rsquo;hormone de croissance est une hormone de stress qui augmente la concentration de glucose et d&rsquo;acides gras libres. Il stimule \u00e9galement la production de l&rsquo;IGF-1.<\/p><\/blockquote>\n<\/div>\n<div>\n<h3>Biotropin HGH Posologie<\/h3>\n<p>Biotropin\u00ae par Lifetech Labs est donn\u00e9e par injection.<\/p>\n<p>Reconstituer avec 1 ml d&rsquo;eau st\u00e9rile est meilleur, mais eau bact\u00e9riostatique (chlorure de sodium 0,9%) ou de s\u00e9rum physiologique (0,9% de NaCI) peut \u00e9galement \u00eatre utilis\u00e9.<\/p>\n<p>Ne pas faire tomber l&rsquo;eau directement dans la poudre, mais <strong>laissez l&rsquo;eau lentement glisser vers le bas \u00e0 l&rsquo;int\u00e9rieur de la paroi de la fiole. Manipuler avec soin et ne pas agiter le flacon.<\/strong><\/p>\n<p>Placez le flacon au r\u00e9frig\u00e9rateur. Apr\u00e8s environ 30 minutes, la poudre doit \u00eatre dissoute dans un liquide transparent, pr\u00eat pour l&rsquo;injection.<\/p>\n<p>Injecter la dose recommand\u00e9e dans la couche de graisse sous la peau.<\/p>\n<p>Il est recommand\u00e9 de prendre Biotropin\u00ae \u00e0 la <strong>m\u00eame heure tous les jours une fois par jour<\/strong>.<\/p>\n<p>Il est pr\u00e9f\u00e9rable d&rsquo;\u00e9viter de prendre Biotropin\u00ae avant de se coucher, que le corps lib\u00e8re de son endog\u00e8ne HGH pendant le sommeil profond cycle. Si vous prenez la dose avant le coucher, il pourrait interf\u00e9rer avec votre endog\u00e8ne HGH release.<\/p>\n<\/div>\n<div>\n<h3>Biotropin HGH Stockage<\/h3>\n<p><strong>Avant la reconstitution (lyophilis\u00e9 \/ lyophilis\u00e9):<\/strong><\/p>\n<ul>\n<li><strong>Peut \u00eatre conserv\u00e9 au r\u00e9frig\u00e9rateur (2\u00b0C \u00e0 8\u00b0C = 35\u00b0c \u00e0 47\u00b0F) pendant 36 mois.<\/strong><\/li>\n<li><strong>Peut \u00eatre conserv\u00e9 \u00e0 Temp\u00e9rature ambiante (jusqu&rsquo;\u00e0 37\u00b0C = 99\u00b0F) pendant 90 jours.<\/strong><\/li>\n<\/ul>\n<p><strong>Apr\u00e8s reconstitution (liquide):<\/strong><\/p>\n<ul>\n<li><strong>Peut \u00eatre conserv\u00e9 au r\u00e9frig\u00e9rateur (2\u00b0C \u00e0 8\u00b0C = 35\u00b0c \u00e0 47\u00b0F) pendant 5 jours.<\/strong><\/li>\n<\/ul>\n<p><em>Lifetech Laboratoires et Lifetech Laboratoires certifi\u00e9s partenaires officiels de toujours stocker les produits en laboratoire professionnel d&rsquo;un r\u00e9frig\u00e9rateur. Le temps de Transport \u00e0 la temp\u00e9rature de la pi\u00e8ce n&rsquo;a pas d&rsquo;effet sur la qualit\u00e9 des produits de d\u00e9gradation.<\/em><\/p>\n<p>Avant de donner une injection, v\u00e9rifier la date de p\u00e9remption indiqu\u00e9e sur le flacon. Ne pas utiliser si elle a expir\u00e9. Ne pas injecter des m\u00e9dicaments si la solution est trouble.<\/p>\n<p>une Fois reconstitu\u00e9, une Hormone de Croissance deviennent fragiles et doivent \u00eatre manipul\u00e9s avec pr\u00e9caution et ne doit pas \u00eatre secou\u00e9.<\/p>\n<p>C&rsquo;est la raison pour Lifetech Labs est venu avec le concept de <strong>\u201cl&rsquo;Un flacon = 3 jours\u201d.<\/strong><\/p>\n<p>Notre dose recommand\u00e9e est calcul\u00e9e pour une dur\u00e9e de vie de 3 jours pour assurer un maximum de qualit\u00e9 de nos produits sans d\u00e9gradation.<\/p>\n<p><strong>la Facilit\u00e9 d&rsquo;utilisation est l&rsquo;un des Lifetech Laboratoires concept cl\u00e9.<\/strong><\/p>\n<\/div>\n<div>\n<h3>Biotropin HGH Avantages<\/h3>\n<p>en Fonction des utilisateurs et de dosage, Biotropin\u00ae par Lifetech Labs fournit quelques-uns des principaux suivants en mati\u00e8re de sant\u00e9 et d&rsquo;esth\u00e9tique avantages:<\/p>\n<ul>\n<li>la peau est plus Lisse (premi\u00e8re notable sur le dos de la main et plus tard sur le corps)<\/li>\n<li>le plus Rapide des cheveux et des ongles croissance<\/li>\n<li>Hausse des niveaux d&rsquo;\u00e9nergie<\/li>\n<li>le plus Rapide de r\u00e9cup\u00e9ration d&rsquo;\u00e9nergie apr\u00e8s une activit\u00e9 physique<\/li>\n<li>Corps la perte de graisse<\/li>\n<li>la croissance Musculaire<\/li>\n<\/ul>\n<p>La quantit\u00e9 de muscle acquise en utilisant Biotropin\u00ae d\u00e9pend de nombreux facteurs, y compris l&rsquo;activit\u00e9 physique, la g\u00e9n\u00e9tique, l&rsquo;alimentation, l&rsquo;\u00e2ge, la qualit\u00e9 et la quantit\u00e9 de sommeil, les habitudes de vie, et pr\u00e9c\u00e9dent de l&rsquo;utilisation de st\u00e9ro\u00efdes ou de l&rsquo;hormone de croissance.<\/p>\n<p><strong>Une saine premi\u00e8re fois Biotropin\u00ae utilisateur qui est en bon \u00e9tat (travaux de 3 \u00e0 5 fois par semaine, dort au moins 7 heures par nuit et mange un riche en prot\u00e9ines, r\u00e9gime alimentaire) peuvent s&rsquo;attendre \u00e0 gagner environ 25% de la masse musculaire dans un d\u00e9lai de 4 \u00e0 5 mois. <\/strong><\/p>\n<p>Cela peut prendre quelques semaines avant de voir les r\u00e9sultats de votre Biotropin\u00ae th\u00e9rapie. Vous pouvez ne pas remarquer les changements dans un premier temps que <strong>r\u00e9sultats vient progressivement<\/strong>. Si vous prenez des <strong>Biotropin\u00ae tous les jours, vous permettront d&rsquo;am\u00e9liorer la probabilit\u00e9 de r\u00e9sultats positifs<\/strong>. Les r\u00e9sultats peuvent \u00e9ventuellement varier selon les personnes.<\/p>\n<h3>Lire la suite<\/h3>\n<p><a href=\"http:\/\/getanabolics.biz\/fr\/acheter-clomid-online-sur-getanabolics-biz\/\">ACHETER CLOMID EN LIGNE SUR GETANABOLICS.BIZ<\/a><\/p>\n<p><a href=\"http:\/\/getanabolics.biz\/fr\/hormone-de-croissance-hgh-les-faits-les-plus-importants\/\">CROISSANCE HORMONE HGH &#8211; LES FAITS LES PLUS IMPORTANTS<\/a><\/p>\n<p><a href=\"http:\/\/getanabolics.biz\/fr\/caracteristiques-des-cours-courtes-de-steroides\/\">CARACT\u00c9RISTIQUES DES COURTS COURTS DE ST\u00c9RO\u00cfDES<\/a><\/p>\n<p><a href=\"http:\/\/getanabolics.biz\/fr\/pause-entre-les-cours-de-steroides-et-pct\/\">PAUSE ENTRE STEROID COURS ET PCT<\/a><\/p>\n<p><a href=\"http:\/\/getanabolics.biz\/fr\/quelle-est-lefficacite-du-pont-steroide\/\">\u00c0 quel point le pont st\u00e9roidien est-il efficace?<\/a><\/p>\n<\/div>\n","protected":false},"excerpt":{"rendered":"<p>Package: 1 flacon de 10IU l&rsquo;hormone de croissance<br \/>Fabricant: Maxtreme<br \/>Brand name: HGH<br \/>Aussi connu comme: Soma-Max<\/p>\n","protected":false},"featured_media":586,"comment_status":"open","ping_status":"closed","template":"","meta":[],"product_cat":[99],"product_tag":[42],"_links":{"self":[{"href":"https:\/\/getanabolics.biz\/fr\/wp-json\/wp\/v2\/product\/749"}],"collection":[{"href":"https:\/\/getanabolics.biz\/fr\/wp-json\/wp\/v2\/product"}],"about":[{"href":"https:\/\/getanabolics.biz\/fr\/wp-json\/wp\/v2\/types\/product"}],"replies":[{"embeddable":true,"href":"https:\/\/getanabolics.biz\/fr\/wp-json\/wp\/v2\/comments?post=749"}],"wp:featuredmedia":[{"embeddable":true,"href":"https:\/\/getanabolics.biz\/fr\/wp-json\/wp\/v2\/media\/586"}],"wp:attachment":[{"href":"https:\/\/getanabolics.biz\/fr\/wp-json\/wp\/v2\/media?parent=749"}],"wp:term":[{"taxonomy":"product_cat","embeddable":true,"href":"https:\/\/getanabolics.biz\/fr\/wp-json\/wp\/v2\/product_cat?post=749"},{"taxonomy":"product_tag","embeddable":true,"href":"https:\/\/getanabolics.biz\/fr\/wp-json\/wp\/v2\/product_tag?post=749"}],"curies":[{"name":"wp","href":"https:\/\/api.w.org\/{rel}","templated":true}]}}