{"id":748,"date":"2017-04-27T10:32:35","date_gmt":"2017-04-27T10:41:48","guid":{"rendered":"http:\/\/getanabolics.biz\/product\/bold-max-1-flacon-de-10-ml-1-ml-contient-300-mg-de-boldenone\/"},"modified":"2018-01-19T07:07:59","modified_gmt":"2018-01-19T07:07:59","slug":"bold-max-1-boite-de-10-ml-flacon-de-1-ml-contient-300-mg-de-boldenone","status":"publish","type":"product","link":"https:\/\/getanabolics.biz\/fr\/produit\/bold-max-1-boite-de-10-ml-flacon-de-1-ml-contient-300-mg-de-boldenone\/","title":{"rendered":"Boldenone 300 &#8211; Maxtreme"},"content":{"rendered":"<h2>Acheter Boldenone 300 &#8211; Maxtreme (Bold-Max)<\/h2>\n<p><a title=\"Acheter Boldenone 300 au GetAnabolics\"><img src=\"http:\/\/getanabolics.biz\/images\/veboldex-400.jpg\" width=\"30%\" align=\"right\" \/><\/a><br \/>\nPour ceux qui est \u00e0 la recherche d&rsquo;Boldenone 300 et vous demandez-vous o\u00f9 acheter Boldenone 300 de Maxtreme l\u00e9galement nous vous proposons Bold-Max comme le meilleur choix pour de vrai les culturistes.<br \/>\n\u00c0 partir de maintenant sur une grande vari\u00e9t\u00e9 de st\u00e9ro\u00efdes injectables ainsi que des st\u00e9ro\u00efdes oraux et th\u00e9rapie post-cycle de l&rsquo;Maxtreme peut \u00eatre achet\u00e9 sur <b>GetAnabolics<\/b>. Nous heureux de pr\u00e9senter la nouvelle Boldenone 300 de <span style=\"font-weight: bold;\">Maxtreme<\/span>.<br \/>\n<em>Tous les produits que nous vous proposons sont faites de l&rsquo;authentique, de haute qualit\u00e9 et de compos\u00e9s ont un seul but: aider les gens \u00e0 prendre de la masse musculaire, la force globale, \u00e0 br\u00fbler les graisses et de les aider sur le chemin de la perfection physique. Dans le but de cr\u00e9er un esprit constructif et civilis\u00e9 relation avec nos clients, nous allons faire le maximum d&rsquo;efforts pour assurer un service de haute qualit\u00e9, l&rsquo;approche de chaque personne que l&rsquo;adresse de notre magasin avec courtoisie et respect.<\/em><br \/>\nConstruire et maintenir un corps de r\u00eave ont besoin d&rsquo;une combinaison de m\u00e9thodes. Une bonne alimentation vient en premier dans la liste des composants essentiels n\u00e9cessaires \u00e0 l&rsquo;organisme. Deuxi\u00e8mement, assurez-vous toujours de l&rsquo;acheter et utiliser des st\u00e9ro\u00efdes l\u00e9gaux en ligne n&rsquo;est pas seulement pour \u00e9viter tout conflit avec la loi, mais plus important encore, pour \u00e9viter des complications de sant\u00e9.<br \/>\n<span style=\"font-weight: bold;\">GetAnabolics.Biz<\/span> is the online steroid supplier specially created and dedicated to provide each athlete and bodybuilder with best <span style=\"font-weight: bold;\">anabolic steroids<\/span> est la ligne de st\u00e9ro\u00efdes fournisseur sp\u00e9cialement con\u00e7u et d\u00e9di\u00e9 \u00e0 fournir \u00e0 chaque athl\u00e8te et de bodybuilder avec le meilleur des st\u00e9ro\u00efdes anabolisants \u00e0 prix discount. Nous avons choisi la plus fiable pour les marques \u00e0 collaborer afin d&rsquo;assurer la s\u00e9curit\u00e9, authentique et haut de gamme de st\u00e9ro\u00efdes pour nos clients.<br \/>\n<em>L&rsquo;exp\u00e9dition des st\u00e9ro\u00efdes en toute s\u00e9curit\u00e9 est la principale pr\u00e9occupation pour la livraison de st\u00e9ro\u00efdes dans le monde entier. Notre exp\u00e9dition discr\u00e8te garantit que personne ne sait que vous achetez des st\u00e9ro\u00efdes en ligne.<\/em><\/p>\n<h2>Plus Boldenone 300 Maxtreme d&rsquo;informations<\/h2>\n<p><b>1 bo\u00eete de 10 ml flacon de 1 ml contient 300 mg de Boldenone<\/b><br \/>\n<strong>Nom pharmaceutique: Boldenone Undecylenate<\/strong><br \/>\n<strong> Poids mol\u00e9culaire de la base: 286.4132<\/strong><br \/>\n<strong> Poids mol\u00e9culaire de l&rsquo;ester: 186.2936 (acide undecylic, 11 atomes de carbone)<\/strong><br \/>\n<strong> Structure chimique: 1,4-androstadiene-3-one,17b-ol<\/strong><br \/>\n<strong> Vie Active: 14-16 jours<\/strong><br \/>\n<strong> Anabolisants\/Androg\u00e8nes Ratio (Plage): 100:50<\/strong><br \/>\n<strong> Temps de d\u00e9tection: 4 \u00e0 5 Mois<\/strong><\/p>\n<p><em><strong>und\u00e9cyl\u00e9nate boldenone<\/strong> est un tr\u00e8s anabolisant et mod\u00e9r\u00e9ment androg\u00e8ne st\u00e9ro\u00efdes. Son utilisation principale est dans la m\u00e9decine v\u00e9t\u00e9rinaire le plus souvent avec des chevaux, mais est devenu un favori des athl\u00e8tes de force et les culturistes. Il y a tr\u00e8s peu d&rsquo;aromatisation li\u00e9es \u00e0 l&rsquo;enceinte avec une quantit\u00e9 tr\u00e8s limit\u00e9e de la r\u00e9tention d&rsquo;eau rencontr\u00e9es par la plupart des utilisateurs. Une autre belle qualit\u00e9 du compos\u00e9 est la suivante augmentation de l&rsquo;app\u00e9tit souvent signal\u00e9s par les utilisateurs lors de l&rsquo;ex\u00e9cution de ce st\u00e9ro\u00efde, et souvent incluses dans les \u00ab\u00a0groupage\u00a0\u00bb cycles \u00e0 cette fin. Boldenone undecylenate augmente \u00e9galement hemaglobin et de l&rsquo;h\u00e9matocrite (le nombre de globules rouges et le pourcentage de globules rouges)[1], provoquant ainsi une plus grande \u00ab\u00a0pompe\u00a0\u00bb tout en travaillant. Bien que cela est vrai de presque tous les st\u00e9ro\u00efdes anabolisants, les effets seraient plus prononc\u00e9s avec boldenone undecylenate. Une am\u00e9lioration de la vascularisation devrait \u00e9galement \u00eatre connu en raison de ces augmentations, si la graisse du corps est \u00e0 un niveau assez bas.<\/em><\/p>\n<p>Les sportifs autres que les bodybuilders ou ceux qui sont concern\u00e9s principalement avec force peuvent \u00e9galement b\u00e9n\u00e9ficier de l&rsquo;und\u00e9cyl\u00e9nate boldenone. Cela est d\u00fb au fait que le compos\u00e9 stimule la lib\u00e9ration de l&rsquo;\u00e9rythropo\u00ef\u00e9tine, commun\u00e9ment appel\u00e9 l&rsquo;OEB, dans les reins. Erythropoeitin des signaux de l&rsquo;organisme \u00e0 augmenter la production des \u00e9rythrocytes (globules rouges). Les \u00e9rythrocytes sont le transporteur de l&rsquo;oxyg\u00e8ne dans le corps et, par cons\u00e9quent, si leur concentration est augment\u00e9e dans le corps, une augmentation de la consommation maximale d&rsquo;oxyg\u00e8ne capacit\u00e9 de produit et les performances peuvent \u00eatre am\u00e9lior\u00e9es en raison d&rsquo;un retard dans l&rsquo;ensemble de la fatigue, y compris l&rsquo;accumulation de l&rsquo;acide lactique. Bien que les r\u00e9sultats ne seraient pas trop dramatique, l&rsquo;utilisateur doit certainement remarqu\u00e9 une am\u00e9lioration, toutes choses \u00e9tant \u00e9gales par ailleurs.<\/p>\n<p><b>Utilisation\/Dosage<\/b><\/p>\n<p>En raison de l&rsquo;compos\u00e9s de vie active, les injections sont habituellement effectu\u00e9es deux fois par semaine pour maintenir des niveaux sanguins stables bien que certains utilisateurs pr\u00e9f\u00e8rent injecter une seule fois par semaine. La plupart des utilisateurs de fa\u00e7on empirique le rapport que la dose minimale pour la plupart des hommes est entre <strong>300 mg \u00e0 400 mg<\/strong> \u00e0 voir l&rsquo;un des effets importants de la drogue. Les femmes sera bien s\u00fbr de voir des r\u00e9sultats \u00e0 des doses beaucoup plus faibles, variant g\u00e9n\u00e9ralement entre 50 \u00e0 150 mg par semaine pour les utilisateurs moins exp\u00e9riment\u00e9s.<\/p>\n<p>Comme la plupart des compos\u00e9s, la majorit\u00e9 des utilisateurs pr\u00e9f\u00e8rent pile de boldenone undecylenate de la testost\u00e9rone. Cela devrait nier toute libido utilise qu&rsquo;un utilisateur peut rencontrer, ainsi que de fournir une combinaison puissante qui devrait se traduire par une augmentation spectaculaire de la masse maigre du corps. En raison de l&rsquo;absence de toxicit\u00e9 h\u00e9patique associ\u00e9e avec le compos\u00e9, d&rsquo;autres compos\u00e9s qui peuvent augmenter les valeurs du foie (comme la 17 alpha alkyl\u00e9s st\u00e9ro\u00efdes) peut \u00eatre ex\u00e9cut\u00e9 avec und\u00e9cyl\u00e9nate boldenone sans plus de complications.<\/p>\n<p>De nombreux utilisateurs estiment que <a href=\"http:\/\/getanabolics.biz\/fr\/produit\/boldebolin-1-flacon-de-10-ml-1-ml-contient-250-mg-de-boldenone\/\">equipoise <\/a>peut \u00eatre utilis\u00e9 \u00e0 la fois en \u00ab\u00a0gonflant\u00a0\u00bb et les cycles \u00ab\u00a0de coupe\u00a0\u00bb cycles, comme le manque de r\u00e9tention d&rsquo;eau associ\u00e9e \u00e0 son utilisation et \u00e0 l&rsquo;am\u00e9lioration de la vascularisation alors que sur le compos\u00e9 peut aider \u00e0 montrer une am\u00e9lioration dans la d\u00e9finition alors qu&rsquo;un utilisateur est en train de r\u00e9duire son corps de graisse. Dans le m\u00eame temps, le compos\u00e9 a un effet profond sur la masse musculaire et les r\u00e9sultats peuvent \u00eatre spectaculaires lors de l&rsquo;ex\u00e9cution avec un r\u00e9gime riche en prot\u00e9ines et en calories, avec un bon programme d&rsquo;entra\u00eenement.<\/p>\n<p>Pas consid\u00e9r\u00e9 comme un constructeur de masse rapide en comparaison \u00e0 d&rsquo;autres st\u00e9ro\u00efdes anabolisants, bold\u00e9none undecylenate va ajouter de la qualit\u00e9 de la masse musculaire maigre de fa\u00e7on constante tout au long du cycle. Pour l&rsquo;anecdote, les utilisateurs ont rapport\u00e9 que les cycles d&rsquo;au moins dix \u00e0 douze semaines de course de boldenone undecylenate sont n\u00e9cessaires <a href=\"http:\/\/getanabolics.biz\/fr\/acheter-clomid-online-sur-getanabolics-biz\/\">pour voir les effets complets de l&rsquo;enceinte.<\/a><\/p>\n<p><b> Risques\/Effets Secondaires<\/b><\/p>\n<p><strong>Pour la plupart<\/strong>, des probl\u00e8mes tels que la gyn\u00e9comastie et un degr\u00e9 \u00e9lev\u00e9 de l&rsquo;eau\/de la r\u00e9tention de sel sont presque inconnue avec ce compos\u00e9. Boldenone undecylenate taux de conversion d&rsquo;oestrog\u00e8ne est d&rsquo;environ cinquante pour cent de celle de la testost\u00e9rone[2,3]. Ainsi, depuis boldenone undecylenate est pas h\u00e9patotoxique pour toute mesure, il peut \u00eatre utilis\u00e9 pendant de longues p\u00e9riodes de temps au cours de vastes cycles. Certains effets secondaires qui peuvent \u00eatre exp\u00e9riment\u00e9s sont l&rsquo;acn\u00e9 et l&rsquo;augmentation de la masse-la croissance des cheveux, ainsi que les habituels effets de virilisation chez les femmes, cependant, ces sera probablement bien inf\u00e9rieur \u00e0 ceux d&rsquo;autres compos\u00e9s[3]. Si un utilisateur n&rsquo;est pas pile le compos\u00e9 avec de la testost\u00e9rone ils peuvent souffrir d&rsquo;effets secondaires sexuels, comme c&rsquo;est le cas avec la plupart des st\u00e9ro\u00efdes anabolisants.<\/p>\n<p>D&rsquo;un utilisateur \u00e0 un profil lipidique seront affect\u00e9s de mani\u00e8re n\u00e9gative, comme avec tous les st\u00e9ro\u00efdes, mais pas de la m\u00eame fa\u00e7on qu&rsquo;avec une forte androg\u00e8nes. Boldenone undecylenate pouvez convertir le <strong>DHN<\/strong> (tr\u00e8s doux d&rsquo;androg\u00e8nes en comparaison \u00e0 la <strong>DHT)<\/strong> par l&rsquo;interm\u00e9diaire de la 5 &#8211; alpha r\u00e9ductase, mais seulement une petite quantit\u00e9 sera effectivement converti en ce sens que le compos\u00e9, il n&rsquo;est pas difficile sur la ligne de cheveux[4,5]. Cependant, comme la plupart des autres compos\u00e9s si vous \u00eates enclin \u00e0 la calvitie masculine, bold\u00e9none undecylenate pouvez acc\u00e9l\u00e9rer ou faire la condition la plus prononc\u00e9e. Les probl\u00e8mes de Prostate sont \u00e9galement peu de chances d&rsquo;\u00eatre connu.<\/p>\n<blockquote><p><strong>Les compos\u00e9s actifs de vie est de 14 \u00e0 16 jours<\/strong>, cependant boldenone undecylenate ne produire des m\u00e9tabolites d\u00e9tectables qui appara\u00eetra dans un des utilisateurs de l&rsquo;urine pendant plusieurs mois apr\u00e8s l&rsquo;administration du m\u00e9dicament a cess\u00e9(2). Cela rend le compos\u00e9 de moins de id\u00e9al si de d\u00e9pistage des drogues est un sujet de pr\u00e9occupation.<\/p><\/blockquote>\n<h3>Lire la suite<\/h3>\n<p><a href=\"http:\/\/getanabolics.biz\/fr\/deca-durabolin-effets-secondaires\/\">EFFETS SECONDAIRES DECA DURABOLIN<\/a><\/p>\n<p><a href=\"http:\/\/getanabolics.biz\/fr\/tout-sur-proviron-mesterolone\/\">TOUT SUR PROVIRON (MESTEROLONE)<\/a><\/p>\n<p><a href=\"http:\/\/getanabolics.biz\/fr\/quelle-devrait-etre-la-duree-du-cours-des-steroides\/\">Quelle devrait \u00eatre la dur\u00e9e de l&rsquo;\u00e9volution des st\u00e9ro\u00efdes?<\/a><\/p>\n<p><a href=\"http:\/\/getanabolics.biz\/fr\/creatine-sur-un-cours-de-steroides\/\">CREATINE SUR UN COURS DE STEROIDES<\/a><\/p>\n<p><a href=\"http:\/\/getanabolics.biz\/fr\/crossfit-et-steroides\/\">CROSSFIT ET ST\u00c9RO\u00cfDES<\/a><\/p>\n","protected":false},"excerpt":{"rendered":"<p>Package: 1 bo\u00eete de 10 ml flacon de 1 ml contient 300 mg de Boldenone<br \/>Fabricant: Maxtreme<br \/>Brand name: Boldenone 300<br \/>Aussi connu comme: Bold-Max<\/p>\n","protected":false},"featured_media":448,"comment_status":"open","ping_status":"closed","template":"","meta":[],"product_cat":[104],"product_tag":[45],"_links":{"self":[{"href":"https:\/\/getanabolics.biz\/fr\/wp-json\/wp\/v2\/product\/748"}],"collection":[{"href":"https:\/\/getanabolics.biz\/fr\/wp-json\/wp\/v2\/product"}],"about":[{"href":"https:\/\/getanabolics.biz\/fr\/wp-json\/wp\/v2\/types\/product"}],"replies":[{"embeddable":true,"href":"https:\/\/getanabolics.biz\/fr\/wp-json\/wp\/v2\/comments?post=748"}],"wp:featuredmedia":[{"embeddable":true,"href":"https:\/\/getanabolics.biz\/fr\/wp-json\/wp\/v2\/media\/448"}],"wp:attachment":[{"href":"https:\/\/getanabolics.biz\/fr\/wp-json\/wp\/v2\/media?parent=748"}],"wp:term":[{"taxonomy":"product_cat","embeddable":true,"href":"https:\/\/getanabolics.biz\/fr\/wp-json\/wp\/v2\/product_cat?post=748"},{"taxonomy":"product_tag","embeddable":true,"href":"https:\/\/getanabolics.biz\/fr\/wp-json\/wp\/v2\/product_tag?post=748"}],"curies":[{"name":"wp","href":"https:\/\/api.w.org\/{rel}","templated":true}]}}