{"id":747,"date":"2017-04-27T10:33:38","date_gmt":"2017-04-27T10:41:48","guid":{"rendered":"http:\/\/getanabolics.biz\/product\/tren-ace-max-10-amperes-chacun-1-ampoule-a-100-mg-dacetate-de-trenbolone\/"},"modified":"2018-01-18T07:42:42","modified_gmt":"2018-01-18T07:42:42","slug":"trenbolone-acetate-10-amps-each-1-ampoule-has-100mg-trenbolone-acetate","status":"publish","type":"product","link":"https:\/\/getanabolics.biz\/fr\/produit\/trenbolone-acetate-10-amps-each-1-ampoule-has-100mg-trenbolone-acetate\/","title":{"rendered":"Trenbolone Acetate &#8211; Maxtreme"},"content":{"rendered":"<h2>Acheter Trenbolone Acetate &#8211; Maxtreme (Tren-Ace-Max)<\/h2>\n<p><a title=\"Acheter Trenbolone Acetate au GetAnabolics\"><img src=\"http:\/\/getanabolics.biz\/images\/finexal.jpg\" width=\"30%\" align=\"right\" \/><\/a><br \/>\nPour ceux qui est \u00e0 la recherche d&rsquo;Trenbolone Acetate et vous demandez-vous o\u00f9 acheter Trenbolone Acetate de Maxtreme l\u00e9galement nous vous proposons Tren-Ace-Max comme le meilleur choix pour de vrai les culturistes.<br \/>\n\u00c0 partir de maintenant sur une grande vari\u00e9t\u00e9 de st\u00e9ro\u00efdes injectables ainsi que des st\u00e9ro\u00efdes oraux et th\u00e9rapie post-cycle de l&rsquo;Maxtreme peut \u00eatre achet\u00e9 sur <b>GetAnabolics<\/b>. Nous heureux de pr\u00e9senter la nouvelle Trenbolone Acetate de <span style=\"font-weight: bold;\">Maxtreme<\/span>.<br \/>\n<em>Tous les produits que nous vous proposons sont faites de l&rsquo;authentique, de haute qualit\u00e9 et de compos\u00e9s ont un seul but: aider les gens \u00e0 prendre de la masse musculaire, la force globale, \u00e0 br\u00fbler les graisses et de les aider sur le chemin de la perfection physique. Dans le but de cr\u00e9er un esprit constructif et civilis\u00e9 relation avec nos clients, nous allons faire le maximum d&rsquo;efforts pour assurer un service de haute qualit\u00e9, l&rsquo;approche de chaque personne que l&rsquo;adresse de notre magasin avec courtoisie et respect.<\/em><br \/>\nConstruire et maintenir un corps de r\u00eave ont besoin d&rsquo;une combinaison de m\u00e9thodes. Une bonne alimentation vient en premier dans la liste des composants essentiels n\u00e9cessaires \u00e0 l&rsquo;organisme. Deuxi\u00e8mement, assurez-vous toujours de l&rsquo;acheter et utiliser des st\u00e9ro\u00efdes l\u00e9gaux en ligne n&rsquo;est pas seulement pour \u00e9viter tout conflit avec la loi, mais plus important encore, pour \u00e9viter des complications de sant\u00e9.<br \/>\n<em><span style=\"font-weight: bold;\">GetAnabolics.Biz<\/span> is the online steroid supplier specially created and dedicated to provide each athlete and bodybuilder with best <span style=\"font-weight: bold;\">anabolic steroids<\/span> est la ligne de st\u00e9ro\u00efdes fournisseur sp\u00e9cialement con\u00e7u et d\u00e9di\u00e9 \u00e0 fournir \u00e0 chaque athl\u00e8te et de bodybuilder avec le meilleur des st\u00e9ro\u00efdes anabolisants \u00e0 prix discount. Nous avons choisi la plus fiable pour les marques \u00e0 collaborer afin d&rsquo;assurer la s\u00e9curit\u00e9, authentique et haut de gamme de st\u00e9ro\u00efdes pour nos clients.<\/em><br \/>\n<em>L&rsquo;exp\u00e9dition des st\u00e9ro\u00efdes en toute s\u00e9curit\u00e9 est la principale pr\u00e9occupation pour la livraison de st\u00e9ro\u00efdes dans le monde entier. Notre exp\u00e9dition discr\u00e8te garantit que personne ne sait que vous achetez des st\u00e9ro\u00efdes en ligne.<\/em><\/p>\n<h2>Plus Trenbolone Acetate Maxtreme d&rsquo;informations<\/h2>\n<p><b>10 amp\u00e8res chacun 1 ampoule a 100 mg d&rsquo;Ac\u00e9tate de Trenbolone<\/b><\/p>\n<p><strong>Classe de drogue: Injectable androg\u00e8nes et les st\u00e9ro\u00efdes anabolisants.<\/strong><br \/>\n<strong> La posologie moyenne recommand\u00e9e: 75mg par jour ou tous les 2 jours pour les hommes<\/strong><br \/>\n<strong> Vie Active: Environ 2 jours<\/strong><br \/>\n<strong> R\u00e9tention d&rsquo;eau: Non<\/strong><br \/>\n<strong> Toxique pour le foie: Oui<\/strong><br \/>\n<strong> Diminue HPTA fonction: Oui<\/strong><br \/>\n<strong> SRD Conversion: Non<\/strong><br \/>\n<strong> Aromatisation: Aucun<\/strong><\/p>\n<blockquote><p><a href=\"http:\/\/getanabolics.biz\/fr\/produit\/trenarapid-10ml-flacon-contient-1000-mg-100-mgml-de-lacetate-de-trenbolone\/\">Ac\u00e9tate de Trenbolone <\/a>est l&rsquo;un des plus puissant st\u00e9ro\u00efde anabolisant qui existe et de nombreux athl\u00e8tes et les culturistes consid\u00e8rent comme le plus puissant st\u00e9ro\u00efde efficace. Ce st\u00e9ro\u00efde est un v\u00e9t\u00e9rinaire grade de st\u00e9ro\u00efdes anabolisants androg\u00e8nes. L&rsquo;hormone de Trenbolone a \u00e9t\u00e9 synth\u00e9tis\u00e9 pour la premi\u00e8re fois \u00e0 la fin des ann\u00e9es 1960 et, depuis lors, il est devenu l&rsquo;un des plus st\u00e9ro\u00efde populaire parmi les athl\u00e8tes et les culturistes. Ce st\u00e9ro\u00efde offre les avantages de puissants st\u00e9ro\u00efdes anabolisants dans une grande femme de la mode.<\/p><\/blockquote>\n<p>Cette hormone est un 19-nor st\u00e9ro\u00efdes qui la rend semblable \u00e0 Deca-Durabolin. En raison de sa structure unique, il n&rsquo;a pas aromatiser, ce qui \u00e9limine l&rsquo;oestrog\u00e8ne effets secondaires li\u00e9s. Cela rend \u00e9galement beaucoup plus efficace et plus s\u00fbr \u00e0 utiliser que les produits de la testost\u00e9rone. Trenlobone Ac\u00e9tate est tr\u00e8s puissant que l&rsquo;ac\u00e9tate d&rsquo;ester comprend une petite partie de la mol\u00e9cule. Comme un r\u00e9sultat de sa puissance, de sa posologie recommand\u00e9e est moindre que celle des produits de la testost\u00e9rone. La posologie recommand\u00e9e est entre 35 et 150 mg par jour. 50 \u00e0 75 mg par jour est id\u00e9al pour groupage et la force de l&rsquo;am\u00e9lioration. En raison de sa forte nature androg\u00e8ne, les femmes sont conseill\u00e9 de ne pas utiliser ce st\u00e9ro\u00efde.<\/p>\n<p><span style=\"text-decoration: underline;\">Il ya de nombreux avantages \u00e0 utiliser <a href=\"http:\/\/getanabolics.biz\/fr\/produit\/trenarapid-10ml-flacon-contient-1000-mg-100-mgml-de-lacetate-de-trenbolone\/\">Trenlobone Ac\u00e9tate<\/a>. Plus important encore, il favorise la r\u00e9tention d&rsquo;azote et la synth\u00e8se des prot\u00e9ines permettant l&rsquo;augmentation de la masse musculaire assez radicalement. Car il a plus d&rsquo;affinit\u00e9 pour les r\u00e9cepteurs des androg\u00e8nes que la testost\u00e9rone, gain de masse musculaire est souvent meilleure qu&rsquo;avec l&rsquo;utilisation de la testost\u00e9rone. Il a des propri\u00e9t\u00e9s anti-cataboliques qui bloquent l&rsquo;effet des hormones glucocortico\u00efdes et pr\u00e9vient l&rsquo;atrophie musculaire. Comme il favorise la croissance musculaire et r\u00e9duit l&rsquo;atrophie musculaire, il am\u00e9liore \u00e9galement le taux m\u00e9tabolique et la combustion des graisses. Il am\u00e9liore aussi la qualit\u00e9 du tissu musculaire.<\/span><\/p>\n<p><a href=\"http:\/\/getanabolics.biz\/fr\/produit\/trenarapid-10ml-flacon-contient-1000-mg-100-mgml-de-lacetate-de-trenbolone\/\">Trenlobone Ac\u00e9tate<\/a> augmente \u00e9galement la production de l&rsquo;IGF-1 dans le corps. IGF-1 est essentiellement responsable de l&rsquo;essentiel de la croissance des fonctions connexes. En cons\u00e9quence, l&rsquo;utilisation de Trenlobone Ac\u00e9tate favorise \u00e9galement la gu\u00e9rison, la r\u00e9paration, l&rsquo;augmentation de la solidit\u00e9 des os et la densit\u00e9, l&rsquo;am\u00e9lioration du cartilage et des tissus conjonctifs et augmentation dans le tissu nerveux. Ce st\u00e9ro\u00efde est souvent utilis\u00e9 dans les grandes doses de stimuler le syst\u00e8me nerveux et favoriser la gu\u00e9rison.<\/p>\n<p><em>Bien qu&rsquo;il soit tr\u00e8s puissant, il n&rsquo;a pas d&rsquo;effets secondaires oestrog\u00e9niques comme il ne aromatiser. Effets secondaires androg\u00e8nes comme l&rsquo;acn\u00e9, augmentation de la pilosit\u00e9 faciale et corporelle, le comportement agressif, l&rsquo;hypertrophie de la prostate et de la peau grasse peut \u00eatre pr\u00e9vu avec l&rsquo;utilisation de ce st\u00e9ro\u00efde. Atrophie testiculaire doit \u00eatre attendue par les utilisateurs et Trenlobone Ac\u00e9tate d&rsquo;utilisation peut \u00e9galement affecter la fonction r\u00e9nale et h\u00e9patique.<\/em><\/p>\n<h3>Lire la suite<\/h3>\n<p><a href=\"http:\/\/getanabolics.biz\/fr\/principaux-resultats-du-meilleur-acetate-de-trenbolone\/\">GRANDS R\u00c9SULTATS DU MEILLEUR AC\u00c9TATE DE TRENBOLONE<\/a><\/p>\n<p><a href=\"http:\/\/getanabolics.biz\/fr\/tout-ce-que-vous-devez-savoir-sur-anadrol\/\">TOUT CE QUE VOUS DEVEZ SAVOIR SUR ANADROL<\/a><\/p>\n<p><a href=\"http:\/\/getanabolics.biz\/fr\/leffet-des-steroides-sur-la-peau-humaine\/\">L&rsquo;EFFET DES ST\u00c9RO\u00cfDES SUR LA PEAU HUMAINE<\/a><\/p>\n<p><a href=\"http:\/\/getanabolics.biz\/fr\/rassemblez-une-masse-seche-sans-effets-secondaires\/\">RASSEMBLER UNE MASSE SECHE SANS EFFETS SECONDAIRES<\/a><\/p>\n<p><a href=\"http:\/\/getanabolics.biz\/fr\/quelle-devrait-etre-la-duree-du-cours-des-steroides\/\">Quelle devrait \u00eatre la dur\u00e9e de l&rsquo;\u00e9volution des st\u00e9ro\u00efdes?<\/a><\/p>\n","protected":false},"excerpt":{"rendered":"<p>Package: 10 amp\u00e8res chacun 1 ampoule a 100 mg d&rsquo;Ac\u00e9tate de Trenbolone<br \/>Fabricant: Maxtreme<br \/>Brand name: Trenbolone Acetate<br \/>Aussi connu comme: Tren-Ace-Max<\/p>\n","protected":false},"featured_media":574,"comment_status":"open","ping_status":"closed","template":"","meta":[],"product_cat":[104,117],"product_tag":[42],"_links":{"self":[{"href":"https:\/\/getanabolics.biz\/fr\/wp-json\/wp\/v2\/product\/747"}],"collection":[{"href":"https:\/\/getanabolics.biz\/fr\/wp-json\/wp\/v2\/product"}],"about":[{"href":"https:\/\/getanabolics.biz\/fr\/wp-json\/wp\/v2\/types\/product"}],"replies":[{"embeddable":true,"href":"https:\/\/getanabolics.biz\/fr\/wp-json\/wp\/v2\/comments?post=747"}],"wp:featuredmedia":[{"embeddable":true,"href":"https:\/\/getanabolics.biz\/fr\/wp-json\/wp\/v2\/media\/574"}],"wp:attachment":[{"href":"https:\/\/getanabolics.biz\/fr\/wp-json\/wp\/v2\/media?parent=747"}],"wp:term":[{"taxonomy":"product_cat","embeddable":true,"href":"https:\/\/getanabolics.biz\/fr\/wp-json\/wp\/v2\/product_cat?post=747"},{"taxonomy":"product_tag","embeddable":true,"href":"https:\/\/getanabolics.biz\/fr\/wp-json\/wp\/v2\/product_tag?post=747"}],"curies":[{"name":"wp","href":"https:\/\/api.w.org\/{rel}","templated":true}]}}