{"id":745,"date":"2017-04-27T10:33:38","date_gmt":"2017-04-27T10:41:48","guid":{"rendered":"http:\/\/getanabolics.biz\/product\/n-lone-d-100-10x1-ml-ampoules-chacun-a-100-mg-1000-mg-nandrolone-decaonate\/"},"modified":"2018-01-18T09:51:57","modified_gmt":"2018-01-18T09:51:57","slug":"deca-100-10x1ml-ampoules-each-has-100-mg-total-1000-mg-nandrolone-decaonate","status":"publish","type":"product","link":"https:\/\/getanabolics.biz\/fr\/produit\/deca-100-10x1ml-ampoules-each-has-100-mg-total-1000-mg-nandrolone-decaonate\/","title":{"rendered":"Deca 100 &#8211; Maxtreme"},"content":{"rendered":"<h2>Acheter Deca 100 &#8211; Maxtreme (N-Lone-D 100)<\/h2>\n<p><a title=\"Acheter Deca 100 au GetAnabolics\"><img src=\"http:\/\/getanabolics.biz\/images\/deca-100.jpg\" width=\"30%\" align=\"right\" \/><\/a><br \/>\n<em>Pour ceux qui est \u00e0 la recherche d&rsquo;Deca 100 et vous demandez-vous o\u00f9 acheter Deca 100 de Maxtreme l\u00e9galement nous vous proposons N-Lone-D 100 comme le meilleur choix pour de vrai les culturistes.<\/em><br \/>\n<em> \u00c0 partir de maintenant sur une grande vari\u00e9t\u00e9 de st\u00e9ro\u00efdes injectables ainsi que des st\u00e9ro\u00efdes oraux et th\u00e9rapie post-cycle de l&rsquo;Maxtreme peut \u00eatre achet\u00e9 sur <b>GetAnabolics<\/b>. Nous heureux de pr\u00e9senter la nouvelle Deca 100 de <span style=\"font-weight: bold;\">Maxtreme<\/span>.<\/em><br \/>\n<em> Tous les produits que nous vous proposons sont faites de l&rsquo;authentique, de haute qualit\u00e9 et de compos\u00e9s ont un seul but: aider les gens \u00e0 prendre de la masse musculaire, la force globale, \u00e0 br\u00fbler les graisses et de les aider sur le chemin de la perfection physique. Dans le but de cr\u00e9er un esprit constructif et civilis\u00e9 relation avec nos clients, nous allons faire le maximum d&rsquo;efforts pour assurer un service de haute qualit\u00e9, l&rsquo;approche de chaque personne que l&rsquo;adresse de notre magasin avec courtoisie et respect.<\/em><br \/>\n<em> Construire et maintenir un corps de r\u00eave ont besoin d&rsquo;une combinaison de m\u00e9thodes. Une bonne alimentation vient en premier dans la liste des composants essentiels n\u00e9cessaires \u00e0 l&rsquo;organisme. Deuxi\u00e8mement, assurez-vous toujours de l&rsquo;acheter et utiliser des st\u00e9ro\u00efdes l\u00e9gaux en ligne n&rsquo;est pas seulement pour \u00e9viter tout conflit avec la loi, mais plus important encore, pour \u00e9viter des complications de sant\u00e9.<\/em><br \/>\n<em> <span style=\"font-weight: bold;\">GetAnabolics.Biz<\/span> is the online steroid supplier specially created and dedicated to provide each athlete and bodybuilder with best <span style=\"font-weight: bold;\">anabolic steroids<\/span> est la ligne de st\u00e9ro\u00efdes fournisseur sp\u00e9cialement con\u00e7u et d\u00e9di\u00e9 \u00e0 fournir \u00e0 chaque athl\u00e8te et de bodybuilder avec le meilleur des st\u00e9ro\u00efdes anabolisants \u00e0 prix discount. Nous avons choisi la plus fiable pour les marques \u00e0 collaborer afin d&rsquo;assurer la s\u00e9curit\u00e9, authentique et haut de gamme de st\u00e9ro\u00efdes pour nos clients.<\/em><br \/>\n<em> L&rsquo;exp\u00e9dition des st\u00e9ro\u00efdes en toute s\u00e9curit\u00e9 est la principale pr\u00e9occupation pour la livraison de st\u00e9ro\u00efdes dans le monde entier. Notre exp\u00e9dition discr\u00e8te garantit que personne ne sait que vous achetez des st\u00e9ro\u00efdes en ligne.<\/em><\/p>\n<h2>Plus Deca 100 Maxtreme d&rsquo;informations<\/h2>\n<p><b>10\u00d71 ml ampoules chacun a 100 mg 1000 mg Nandrolone Decaonate<\/b><\/p>\n<p><u>Caract\u00e9ristiques<\/u><br \/>\n<strong>Active-Vie<\/strong>: 14-16 jours<br \/>\n<strong>Classe de drogue<\/strong>: Anabolisants\/st\u00e9ro\u00efdes Androg\u00e8nes (Pour Injection)<br \/>\n<strong>Moyenne Rapport\u00e9 Dosage<\/strong>: Hommes de 200-600mg hebdomadaire des Femmes de 50-100mg hebdomadaire<br \/>\n<strong>Acn\u00e9<\/strong>: Oui, dans des dosages plus \u00e9lev\u00e9s d&rsquo;androg\u00e8nes les personnes sensibles<br \/>\n<strong>R\u00e9tention d&rsquo;eau<\/strong>: Certains, beaucoup moins de testost\u00e9rone.<br \/>\nDiminue HPTA fonction mod\u00e9r\u00e9ment<br \/>\n<strong>L&rsquo;hypertension Art\u00e9rielle:<\/strong> Rare (Lorsqu&rsquo;il est utilis\u00e9 \u00e0 des doses plus de 600 mg par semaine)<br \/>\n<strong>Aromatisation<\/strong>: Faible, convertit \u00e0 moins actif norestrogens<br \/>\n<strong>Foie Toxique:<\/strong> Aucun.<br \/>\n<strong>Conversion de DHT:<\/strong> Non, convertis au NI &#8211; DHT avec une faible activit\u00e9<br \/>\n<strong>A not\u00e9 les Commentaires:<\/strong> Tr\u00e8s anabolisants\/mod\u00e9r\u00e9e effets androg\u00e9niques<\/p>\n<p><em>Deca-Durabolin est le plus r\u00e9pandu et le plus couramment utilis\u00e9 des st\u00e9ro\u00efdes injectables. Deca grande popularit\u00e9 peut \u00eatre attribu\u00e9e \u00e0 ses nombreuses applications possibles et, par ses r\u00e9sultats plut\u00f4t positifs. Deca-Durabolin causes de la cellule musculaire de stocker plus d&rsquo;azote qu&rsquo;il re-baux de sorte qu&rsquo;un \u00e9quilibre positif d&rsquo;azote est r\u00e9alis\u00e9. Un \u00e9quilibre positif d&rsquo;azote est synonyme de croissance musculaire depuis la cellule musculaire, dans cette phase, assimile (s&rsquo;accumule) une plus grande quantit\u00e9 de prot\u00e9ines que d&rsquo;habitude. Le m\u00eame fabricant, cependant, les points sur la notice d&rsquo;un \u00e9quilibre positif d&rsquo;azote et les prot\u00e9ines de renforcement de l&rsquo;effet qui l&rsquo;accompagnent ne se fera que si suffisamment de calories et de prot\u00e9ines sont fournis. On devrait le savoir, car, autrement, les r\u00e9sultats sont satisfaisants avec Deca ne peut pas \u00eatre obtenue. Le tr\u00e8s effet anabolisant de Deca-Durabolin est li\u00e9 \u00e0 un composant mod\u00e9r\u00e9ment androg\u00e8ne, de sorte qu&rsquo;un bon gain de masse musculaire et de force est obtenu. Dans le m\u00eame temps, la plupart des athl\u00e8tes de l&rsquo;avis de r\u00e9tention d&rsquo;eau consid\u00e9rables qui, sans doute, n&rsquo;est pas aussi distincte que celle de testost\u00e9rones injectables, mais qui, \u00e0 doses \u00e9lev\u00e9es peut \u00e9galement causer une apparence lisse et liquide. Depuis Deca stocke \u00e9galement plus d&rsquo;eau dans les tissus conjonctifs, il peut temporairement cas ou m\u00eame gu\u00e9rir la douleur dans les articulations. Cela est particuli\u00e8rement bon pour les athl\u00e8tes qui se plaignent de douleurs dans l&rsquo;\u00e9paule, du coude et du genou, ils peuvent souvent profiter de s\u00e9ances d&rsquo;entra\u00eenement sans douleur pendant le traitement avec Deca-Durabolin. Les athl\u00e8tes utilisent Deca, en fonction de leurs besoins, par l&rsquo;accumulation de muscle et dans la pr\u00e9paration pour une comp\u00e9tition.<\/em><\/p>\n<blockquote><p>Deca est adapt\u00e9, m\u00eame au-dessus de la moyenne, pour d\u00e9velopper la masse musculaire, car il favorise la synth\u00e8se des prot\u00e9ines et, simultan\u00e9ment, conduit \u00e0 la r\u00e9tention d&rsquo;eau. La dose optimale pour cette fin se situe entre 200 et 600 mg\/semaine. La recherche scientifique a montr\u00e9 que les meilleurs r\u00e9sultats peuvent \u00eatre obtenus par la dose de 2 mg\/kilo de poids de corps. Ceux qui prennent une dose de moins de 200 mg\/semaine sera g\u00e9n\u00e9ralement sentir seul un tr\u00e8s l\u00e9ger effet anabolisant qui, cependant, augmente avec des doses plus \u00e9lev\u00e9es. La plupart des athl\u00e8tes masculins exp\u00e9rience de bons r\u00e9sultats en prenant 400 mg\/semaine. St\u00e9ro\u00efdes novices n&rsquo;ont g\u00e9n\u00e9ralement besoin que de 200 mg\/semaine. Deca fonctionne tr\u00e8s bien pour l&rsquo;accumulation de muscle lorsqu&rsquo;il est combin\u00e9 avec Dianabol et la Testost\u00e9rone. Le c\u00e9l\u00e8bre Dianabol\/ Deca de la pile des r\u00e9sultats en forte et rapide gain de masse musculaire. La plupart des athl\u00e8tes prennent habituellement de 15 \u00e0 40 mg de <a href=\"http:\/\/getanabolics.biz\/fr\/produit\/dianabol-100-tabs-each-contains-10-mg-methandienone\/\">Dianabol<\/a>\/jour et de 200 \u00e0 400 mg de Deca\/semaine. Des r\u00e9sultats encore plus rapides peuvent \u00eatre obtenus avec 400 mg de Deca\/semaine et 500 mg 5ustanon 250\/semaine. Les athl\u00e8tes rapportent un gain \u00e9norme en force et en masse musculaire lors de la prise de 400 mg de Deca\/semaine, 500 mg Sustanon 250\/semaine, et 30 mg de <a href=\"http:\/\/getanabolics.biz\/fr\/produit\/dianabol-buy-d-bol-100-tabs-each-contains-10-mg-methandienone\/\">Dianabol<\/a>\/jour. Deca est un st\u00e9ro\u00efde de base de qualit\u00e9 qui, par l&rsquo;accumulation de muscle,<a href=\"http:\/\/getanabolics.biz\/fr\/tout-sur-proviron-mesterolone\/\"> peut \u00eatre combin\u00e9 avec de nombreux autres st\u00e9ro\u00efdes.<\/a><\/p><\/blockquote>\n<p><strong>Une conversion en estrog\u00e8ne, ce qui signifie un processus d&rsquo;aromatisation, est possible avec Deca-Durabolin, mais se produit \u00e0 un taux inf\u00e9rieur ex: la testost\u00e9rone. Lors des comp\u00e9titions avec Deca tests anti-dopage ne doit pas \u00eatre prises depuis les m\u00e9tabolites dans le corps peut \u00eatre d\u00e9montr\u00e9 dans une analyse d&rsquo;urine jusqu&rsquo;\u00e0 18 mois plus tard. Le risque de r\u00e9tention d&rsquo;eau et aromatiser \u00e0 l&rsquo;oestrog\u00e8ne peut \u00eatre \u00e9vit\u00e9 que par la combinaison de l&rsquo;utilisation de Proviron avec Nolvadex. Une pile de pr\u00e9paration souvent observ\u00e9e chez les athl\u00e8tes est de 400 mg\/semaine, Deca-Durabolin, 50 mg\/jour de Winstrol, 228<\/strong> <strong>mg\/semaine Parabolan, et de 25 mg\/jour, Oxandrolone.<\/strong><\/p>\n<p>Bien que les effets secondaires avec Deca sont relativement faibles avec des doses de 400 mg\/semaine, \u00e0 cause des effets secondaires androg\u00e9niques peut se produire. La plupart des probl\u00e8mes se manifestent de la pression art\u00e9rielle \u00e9lev\u00e9e et un pro-d\u00e9sir\u00e9 le temps de coagulation du sang, ce qui peut occasionner des saignements du nez et des saignements prolong\u00e9s de coupes, ainsi que l&rsquo;augmentation de la production de la glande s\u00e9bac\u00e9e et de l&rsquo;acn\u00e9 occasionnelle. Certains athl\u00e8tes rapport a aussi des maux de t\u00eate et une forte stimulation sexuelle. Lorsque le tr\u00e8s haut de dos-les \u00e2ges sont pris sur une longue p\u00e9riode, la spermatogen\u00e8se peut \u00eatre expos\u00e9e \u00e0 des hommes, c&rsquo;est \u00e0 dire les testicules produisent moins de testost\u00e9rone. La raison en est que le Deca-Durabolin, comme presque tous les st\u00e9ro\u00efdes, inhibe la lib\u00e9ration de gonadotrophines par l&rsquo;hypophyse.<\/p>\n<p><em>les Femmes avec un dosage de 100 mg\/semaine, souffrent g\u00e9n\u00e9ralement pas de probl\u00e8mes majeurs avec Deca. \u00c0 fortes doses, androg\u00e8ne caus\u00e9s par une virilisation sympt\u00f4mes peuvent se produire, y compris la voix profonde (irr\u00e9versible), une augmentation de la croissance de la pilosit\u00e9, acn\u00e9, augmentation de la libido, et \u00e9ventuellement clitorihypertrophy. Les femmes qui font l&rsquo;exp\u00e9rience de la perturbation, m\u00eame \u00e0 une dose hebdomadaire de 50 mg\/semaine de Deca-Durabolin, sont souvent mieux de prendre le plus t\u00f4t-dessus et d&rsquo;action plus rapide Durabolin. Contrairement \u00e0 la longue dur\u00e9e d&rsquo;action Deca, quand Durabolin est administr\u00e9 une ou deux fois par semaine \u00e0 la dose de 50 mg, pas de concentration des ind\u00e9sirables quantit\u00e9s d&rsquo;androg\u00e8nes se produire. Puisque la plupart des athl\u00e8tes f\u00e9minines bien avec Deca-Durabolin une dose de Deca 50 mg \/semaine est g\u00e9n\u00e9ralement combin\u00e9 avec Oxandrolone 10 mg\/jour les Deux compos\u00e9s, lorsqu&rsquo;ils sont pris dans une faible dose, ne sont que l\u00e9g\u00e8rement androg\u00e8ne, afin que la masculinisation des effets secondaires ne se produisent que rarement. Deca, \u00e0 travers sa synth\u00e8se accrue de prot\u00e9ines, a \u00e9galement conduit \u00e0 un net gain de muscle et de l&rsquo;Oxandrolone, bas\u00e9e sur l&rsquo;augmentation de la synth\u00e8se de phosphocr\u00e9atine, conduit \u00e0 un gain de r\u00e9sistance mesurable avec une tr\u00e8s faible r\u00e9tention d&rsquo;eau. D&rsquo;autres variantes d&rsquo;administration utilis\u00e9 par les athl\u00e8tes f\u00e9minines sont Deca et <a href=\"http:\/\/getanabolics.biz\/fr\/produit\/rexobol-10-acheter-winstrol-pilules-50-onglets-chacun-contient-10-mg-de-stanozolol\/\">Winstrol <\/a>onglet permet, ainsi que Primobolan et Deca S-comprim\u00e9s.<\/em><\/p>\n<h3>Lire la suite<\/h3>\n<p><a href=\"http:\/\/getanabolics.biz\/fr\/achetez-dianabol-en-ligne-sur-getanabolics-biz\/\">ACHETER DIANABOL EN LIGNE SUR GETANABOLICS.BIZ<\/a><\/p>\n<p><a href=\"http:\/\/getanabolics.biz\/fr\/winstrol-cest-quoi-et-pour-quoi-il-sagit\/\">WINSTROL, QU&rsquo;EST-CE QUE C&rsquo;EST?<\/a><\/p>\n<p><a href=\"http:\/\/getanabolics.biz\/fr\/cytomel-t3-avis-sur-getanabolics-biz\/\">CYTOMEL T3 REVIEWS SUR GETANABOLICS.BIZ<\/a><\/p>\n<p><a href=\"http:\/\/getanabolics.biz\/fr\/pause-entre-les-cours-de-steroides-et-pct\/\">PAUSE ENTRE STEROID COURS ET PCT<\/a><\/p>\n<p><a href=\"http:\/\/getanabolics.biz\/fr\/quelle-est-lefficacite-du-pont-steroide\/\">\u00c0 quel point le pont st\u00e9roidien est-il efficace?<\/a><\/p>\n","protected":false},"excerpt":{"rendered":"<p>Package: 10\u00d71 ml ampoules chacun a 100 mg 1000 mg Nandrolone Decaonate<br \/>Fabricant: Maxtreme<br \/>Brand name: Deca 100<br \/>Aussi connu comme: N-Lone-D 100<\/p>\n","protected":false},"featured_media":562,"comment_status":"open","ping_status":"closed","template":"","meta":[],"product_cat":[104,117],"product_tag":[42],"_links":{"self":[{"href":"https:\/\/getanabolics.biz\/fr\/wp-json\/wp\/v2\/product\/745"}],"collection":[{"href":"https:\/\/getanabolics.biz\/fr\/wp-json\/wp\/v2\/product"}],"about":[{"href":"https:\/\/getanabolics.biz\/fr\/wp-json\/wp\/v2\/types\/product"}],"replies":[{"embeddable":true,"href":"https:\/\/getanabolics.biz\/fr\/wp-json\/wp\/v2\/comments?post=745"}],"wp:featuredmedia":[{"embeddable":true,"href":"https:\/\/getanabolics.biz\/fr\/wp-json\/wp\/v2\/media\/562"}],"wp:attachment":[{"href":"https:\/\/getanabolics.biz\/fr\/wp-json\/wp\/v2\/media?parent=745"}],"wp:term":[{"taxonomy":"product_cat","embeddable":true,"href":"https:\/\/getanabolics.biz\/fr\/wp-json\/wp\/v2\/product_cat?post=745"},{"taxonomy":"product_tag","embeddable":true,"href":"https:\/\/getanabolics.biz\/fr\/wp-json\/wp\/v2\/product_tag?post=745"}],"curies":[{"name":"wp","href":"https:\/\/api.w.org\/{rel}","templated":true}]}}