{"id":744,"date":"2017-04-27T10:33:38","date_gmt":"2017-04-27T10:41:48","guid":{"rendered":"http:\/\/getanabolics.biz\/product\/tren-max-1-boite-de-10-ampoules-de-1-ml-75mg-ml-trenbolone-hexahydrobenzylcarbonate\/"},"modified":"2018-01-18T10:24:51","modified_gmt":"2018-01-18T10:24:51","slug":"parabolan-box-of-10-ampoules-of-1ml-75mg-ml-trenbolone-hexahydrobenzylcarbonate","status":"publish","type":"product","link":"https:\/\/getanabolics.biz\/fr\/produit\/parabolan-box-of-10-ampoules-of-1ml-75mg-ml-trenbolone-hexahydrobenzylcarbonate\/","title":{"rendered":"Parabolan &#8211; Maxtreme"},"content":{"rendered":"<h2>Acheter Parabolan &#8211; Maxtreme (Tren-Max-1)<\/h2>\n<p><a title=\"Acheter Parabolan au GetAnabolics\"><img src=\"http:\/\/getanabolics.biz\/images\/hetroxyl.jpg\" width=\"30%\" align=\"right\" \/><\/a><br \/>\n<em>Pour ceux qui est \u00e0 la recherche d&rsquo;Parabolan et vous demandez-vous o\u00f9 acheter Parabolan de Maxtreme l\u00e9galement nous vous proposons Tren-Max-1 comme le meilleur choix pour de vrai les culturistes.<\/em><br \/>\n<em> \u00c0 partir de maintenant sur une grande vari\u00e9t\u00e9 de st\u00e9ro\u00efdes injectables ainsi que des st\u00e9ro\u00efdes oraux et th\u00e9rapie post-cycle de l&rsquo;Maxtreme peut \u00eatre achet\u00e9 sur <b>GetAnabolics<\/b>. Nous heureux de pr\u00e9senter la nouvelle Parabolan de <span style=\"font-weight: bold;\">Maxtreme<\/span>.<\/em><br \/>\n<em> Tous les produits que nous vous proposons sont faites de l&rsquo;authentique, de haute qualit\u00e9 et de compos\u00e9s ont un seul but: aider les gens \u00e0 prendre de la masse musculaire, la force globale, \u00e0 br\u00fbler les graisses et de les aider sur le chemin de la perfection physique. Dans le but de cr\u00e9er un esprit constructif et civilis\u00e9 relation avec nos clients, nous allons faire le maximum d&rsquo;efforts pour assurer un service de haute qualit\u00e9, l&rsquo;approche de chaque personne que l&rsquo;adresse de notre magasin avec courtoisie et respect.<\/em><br \/>\n<em> Construire et maintenir un corps de r\u00eave ont besoin d&rsquo;une combinaison de m\u00e9thodes. Une bonne alimentation vient en premier dans la liste des composants essentiels n\u00e9cessaires \u00e0 l&rsquo;organisme. Deuxi\u00e8mement, assurez-vous toujours de l&rsquo;acheter et utiliser des st\u00e9ro\u00efdes l\u00e9gaux en ligne n&rsquo;est pas seulement pour \u00e9viter tout conflit avec la loi, mais plus important encore, pour \u00e9viter des complications de sant\u00e9.<\/em><br \/>\n<em> <span style=\"font-weight: bold;\">GetAnabolics.Biz<\/span> is the online steroid supplier specially created and dedicated to provide each athlete and bodybuilder with best <span style=\"font-weight: bold;\">anabolic steroids<\/span> est la ligne de st\u00e9ro\u00efdes fournisseur sp\u00e9cialement con\u00e7u et d\u00e9di\u00e9 \u00e0 fournir \u00e0 chaque athl\u00e8te et de bodybuilder avec le meilleur des st\u00e9ro\u00efdes anabolisants \u00e0 prix discount. Nous avons choisi la plus fiable pour les marques \u00e0 collaborer afin d&rsquo;assurer la s\u00e9curit\u00e9, authentique et haut de gamme de st\u00e9ro\u00efdes pour nos clients.<\/em><br \/>\n<em> L&rsquo;exp\u00e9dition des st\u00e9ro\u00efdes en toute s\u00e9curit\u00e9 est la principale pr\u00e9occupation pour la livraison de st\u00e9ro\u00efdes dans le monde entier. Notre exp\u00e9dition discr\u00e8te garantit que personne ne sait que vous achetez des st\u00e9ro\u00efdes en ligne.<\/em><\/p>\n<h2>Plus Parabolan Maxtreme d&rsquo;informations<\/h2>\n<p><b>Bo\u00eete de 10 Ampoules de 1 ml, 75mg \/ ml: Trenbolone Hexahydrobenzylcarbonate<\/b><\/p>\n<ul>\n<li>[17beta-Hydroxyestra-4,9,11-trien-3-one]<\/li>\n<li><strong>Dose Efficace (Hommes)<\/strong>: 300-500mgs\/semaine<\/li>\n<li><strong>Dose Efficace (Femmes)<\/strong>: Non recommand\u00e9<\/li>\n<li><strong>vie Active:<\/strong> 5-7 jours<\/li>\n<li><strong>Temps de D\u00e9tection:<\/strong> 4 \u00e0 5 semaines<\/li>\n<li><strong>Anabolisants\/Androg\u00e8nes ratio<\/strong>: 500\/500<\/li>\n<\/ul>\n<p><em>Parabolan, a \u00e9t\u00e9 reconnu parmi les plus puissants st\u00e9ro\u00efdes sur le march\u00e9 des st\u00e9roides.L&rsquo;ester Hexahydrobenzylcarbonate est presque identiques ester \u00c9nanthate, concernant le temps de la lib\u00e9ration dans le corps. En \u00e9tant similaire \u00e0 \u00c9nanthate, l&rsquo;injection deux fois par semaine est plus que suffisant pour maintenir les niveaux de sang aussi r\u00e9guli\u00e8re que possible.<\/em><\/p>\n<p><strong>PARABOLAN Dans le culturisme et aussi en dynamophilie Parabolan est devenu le plus d\u00e9sir\u00e9 st\u00e9ro\u00efde injectable compos\u00e9. Ce n&rsquo;est pas sans raison depuis Parabolan est vraiment ph\u00e9nom\u00e9nale, produit unique.<\/strong><\/p>\n<p><strong>Parabolan est un fort, de st\u00e9ro\u00efdes androg\u00e8nes qui a aussi un fort effet anabolisant.<\/strong> Si un novice, hard gainer, la puissance de la hauteur, ou pro body-builder, tout le monde qui utilise Parabolan est enthousiaste sur les r\u00e9sultats: un gain rapide de solide, de haute qualit\u00e9 de la masse musculaire accompagn\u00e9e d&rsquo;une forte augmentation de la force dans les exercices de base. en outre, l&rsquo;application r\u00e9guli\u00e8re d&rsquo;un certain nombre de r\u00e9sultats de semaines dans un bien visible augmentation de la duret\u00e9 des muscles sur tout le corps, sans r\u00e9gime-ing en m\u00eame temps. Souvent le sc\u00e9nario suivant se produit: les culturistes qui utilisent des st\u00e9ro\u00efdes et pour un certain temps ont \u00e9t\u00e9 cerf-nate dans leur d\u00e9veloppement tout \u00e0 coup se faire de nouveaux progr\u00e8s avec Parabolan. Une autre caract\u00e9ristique est que Parabolan, contrairement \u00e0 la plupart tr\u00e8s-androg\u00e8nes st\u00e9ro\u00efdes, de ne pas aromatiser. La substance trenbolone n&rsquo;est pas de convertir en oestrog\u00e8nes, afin que l&rsquo;athl\u00e8te n&rsquo;a pas \u00e0 lutter contre un plus haut niveau d&rsquo;oestrog\u00e8ne ou de la f\u00e9minisation des sympt\u00f4mes. Ceux qui utilisent Parabolan remarquerez \u00e9galement qu&rsquo;il n&rsquo;y a pas de r\u00e9tention d&rsquo;eau dans les tissus. Pour le dire tr\u00e8s clairement: Parbolan est le num\u00e9ro un de la comp\u00e9tition de st\u00e9ro\u00efdes. Lorsqu&rsquo;une faible teneur en mati\u00e8re grasse a \u00e9t\u00e9 r\u00e9alis\u00e9 par un r\u00e9gime hypocalorique, Parabolan donne une augmentation spectaculaire de la duret\u00e9 du muscle. En combinaison avec un r\u00e9gime riche en prot\u00e9ines, il devient particuli\u00e8rement efficace dans cette phase depuis Parabolan acc\u00e9l\u00e8re le m\u00e9tabolisme et acc\u00e9l\u00e8re la combustion des graisses. La haute effet androg\u00e8ne emp\u00eache la possibilit\u00e9 d&rsquo;un syndrome de surentra\u00eenement, acc\u00e9l\u00e8re la r\u00e9g\u00e9n\u00e9ration, et donne les muscles complet, vasculaire apparence, mais, en m\u00eame temps, d\u00e9chir\u00e9 et d\u00e9chiquet\u00e9 look.<\/p>\n<blockquote><p>La plupart des athl\u00e8tes d&rsquo;injecter Parabolan au moins deux fois par semaine; certains culturistes injecter 1-2 ampoules par jour pendant les trois \u00e0 quatre semaines avant une comp\u00e9tition. Normalement, une dose de 228 mg\/semaine est utilis\u00e9e, correspondant \u00e0 un montant hebdomadaire de trois ampoules. Il est de notre exp\u00e9rience que de bons r\u00e9sultats peuvent \u00eatre obtenus par l&rsquo;injection d&rsquo;un 76 mg am-pule tous les 2-3 jours. Parabolan combin\u00e9 avec Winstrol Depot fonctionne particuli\u00e8rement bien et donne de l&rsquo;athl\u00e8te distincte de gain dans les solides et des muscles de haute qualit\u00e9 avec un \u00e9norme gain de force. Une pile tr\u00e8s efficace est de 76 mg Parabolan tous les 2 jours, combin\u00e9 avec 50 mg Winstrol tous les 2 jours. Les athl\u00e8tes qui sont int\u00e9ress\u00e9s dans un fast-gain de masse souvent aussi une utilisation de 30 mg de Dianabol\/jour, tandis que ceux qui sont plus int\u00e9ress\u00e9s par la qualit\u00e9 et la force \u00e0 ajouter 25 mg Oxandrolone\/ jour. Probablement la plus efficace Parabolan combinaison se compose de 228 mg Parabolan\/semaine, 200 mg de <a href=\"http:\/\/getanabolics.biz\/fr\/produit\/rexobol-10-acheter-winstrol-pilules-50-onglets-chacun-contient-10-mg-de-stanozolol\/\">Winstrol <\/a>Depot\/semaine, et de 40 \u00e0 50 mg Oral-Turinabol\/jour et se traduit g\u00e9n\u00e9ralement par une chute drastique de gain dans la qualit\u00e9 de la masse musculaire avec un gigantesque gain de force. Parabolan semble \u00e9galement apporter extraordinairement bons r\u00e9sultats lorsqu&rsquo;il est utilis\u00e9 en combinaison avec d&rsquo;hormones de croissance.<\/p><\/blockquote>\n<p><strong>Parabolan est pas un st\u00e9ro\u00efde adapt\u00e9 pour une ann\u00e9e de traitement, car il est tr\u00e8s toxique.<\/strong> La dur\u00e9e de la consommation devrait \u00eatre limit\u00e9e \u00e0 un maximum de 8 semaines. Il a \u00e9t\u00e9 prouv\u00e9 que Parabolan, au-dessus de tous, met l&rsquo;accent sur les reins, plut\u00f4t que le foie. Les athl\u00e8tes qui ont pris \u00e0 des doses \u00e9lev\u00e9es pendant plusieurs semaines, souvent en rapport exceptionnellement l&rsquo;urine de couleur sombre. Dans les cas extr\u00eames, le sang peut \u00eatre excr\u00e9t\u00e9 par l&rsquo;urine, un signe clair de dommages aux reins. Ceux qui utilisent Parabolan doit boire un suppl\u00e9ment de gallons d&rsquo;eau par jour, car il permet de nettoyer les reins. Depuis Parabolan ne provoque pas l&rsquo;eau et la r\u00e9tention de sel sur la pression art\u00e9rielle monte rarement. Semblable \u00e0 Finaject, de nombreux athl\u00e8tes de montrer une attitude agressive qui est attribuable \u00e0 l&rsquo;distinctes une-drogenic effet. Il est int\u00e9ressant de noter que l&rsquo;acn\u00e9 et la perte de cheveux ne se produisent que rarement qui pourrait \u00eatre due au fait que la substance n&rsquo;est pas convertie en dihydrotestost\u00e9rone (DHT). Certains athl\u00e8tes rapport nau-mer, des maux de t\u00eate et perte d&rsquo;app\u00e9tit quand ils injectent plus d&rsquo;une ampoule (76 mg) par semaine. Depuis Parabolan consid\u00e9rablement r\u00e9duit la testost\u00e9rone endog\u00e8ne de la production, de l&rsquo;utilisation de la testost\u00e9rone stimulation des compos\u00e9s \u00e0 la fin de l&rsquo;apport est sugg\u00e9r\u00e9. Dans les anciens athl\u00e8tes il y a un risque accru que Parabolan pourrait induire la croissance de l&rsquo;homme de la glande de la prostate. Nous recommandons que les bodybuilders masculins, pendant et apr\u00e8s un traitement avec Parabolan, ont leur m\u00e9decin de v\u00e9rifier leur prostate pour \u00eatre s\u00fbr qu&rsquo;il est encore de petite taille.<\/p>\n<p><em>St\u00e9ro\u00efdes novices ne devraient pas (encore) utiliser Parabolan. Le m\u00eame est vrai pour les femmes; cependant, il y a assez de femmes athl\u00e8tes qui ne se soucient pas, puisque l&rsquo;organisme f\u00e9minin r\u00e9agit aux androg\u00e8nes charge et le fort effet anabolisant de Parabolan avec des gains dans les muscles et la force, en particulier \u00e0 partir d&rsquo;un point de vue f\u00e9minin. Ainsi l&rsquo;ensemble du corps est plus difficile et plus d&rsquo;allure athl\u00e9tique. <strong>Parabolan, sans doute, est un superbe produit pour des athl\u00e8tes f\u00e9minines.<\/strong> En fin de compte, tout d\u00e9pend de votre volont\u00e9 personnelle \u00e0 prendre des risques, mesdames. Le fait est que les normes sur la comp\u00e9tition nationale et internationale des sc\u00e8nes de femmes de culturisme ont atteint des niveaux qui ne peut \u00eatre atteint sans l&rsquo;administration de fortement st\u00e9ro\u00efdes androg\u00e8nes compos\u00e9s. Une combinaison bien-aim\u00e9 par les femmes bodybuilders se compose de 76 mg Parabolan\/semaine, 20 mg de Winstrol comprim\u00e9s\/jour, et 100 mcg Clenbuterol\/jour Femmes qui ne sont pas dans l&rsquo;objet de plus d&rsquo;une ampoule de Parabolan par semaine et qui limite la p\u00e9riode de consommation de 4 \u00e0 5 semaines pour la plupart d&rsquo;\u00e9viter ou de minimiser les sympt\u00f4mes de virilisation. Les athl\u00e8tes f\u00e9minines qui sont trop ou qui sont sensibles aux androg\u00e8nes partie de trenbolone hexahydrobencylcarbonate peuvent \u00eatre confront\u00e9s \u00e0 des surprises d\u00e9sagr\u00e9ables apr\u00e8s plusieurs semaines d&rsquo;utilisation: acn\u00e9, androgenically-caus\u00e9 la perte de cheveux sur le cuir chevelu, des cycles menstruels irr\u00e9guliers, absence de r\u00e8gles, beaucoup plus \u00e9lev\u00e9 de la libido, agressivit\u00e9, voix profonde, chtorial hypertrophie, <a href=\"http:\/\/getanabolics.biz\/fr\/winstrol-cest-quoi-et-pour-quoi-il-sagit\/\">et augmentation de la pilosit\u00e9 sur le visage et sur les jambes.<\/a> Les trois derniers effets secondaires sont pour la plupart irr\u00e9versibles.<\/em><\/p>\n<h3>Lire la suite<\/h3>\n<p><a href=\"http:\/\/getanabolics.biz\/fr\/achetez-dianabol-en-ligne-sur-getanabolics-biz\/\">ACHETER DIANABOL EN LIGNE SUR GETANABOLICS.BIZ<\/a><\/p>\n<p><a href=\"http:\/\/getanabolics.biz\/fr\/winstrol-cest-quoi-et-pour-quoi-il-sagit\/\">WINSTROL, QU&rsquo;EST-CE QUE C&rsquo;EST?<\/a><\/p>\n<p><a href=\"http:\/\/getanabolics.biz\/fr\/cytomel-t3-avis-sur-getanabolics-biz\/\">CYTOMEL T3 REVIEWS SUR GETANABOLICS.BIZ<\/a><\/p>\n<p><a href=\"http:\/\/getanabolics.biz\/fr\/pause-entre-les-cours-de-steroides-et-pct\/\">PAUSE ENTRE STEROID COURS ET PCT<\/a><\/p>\n<p><a href=\"http:\/\/getanabolics.biz\/fr\/quelle-est-lefficacite-du-pont-steroide\/\">\u00c0 quel point le pont st\u00e9roidien est-il efficace?<\/a><\/p>\n","protected":false},"excerpt":{"rendered":"<p>Package: Bo\u00eete de 10 Ampoules de 1 ml, 75mg \/ ml: Trenbolone Hexahydrobenzylcarbonate<br \/>Fabricant: Maxtreme<br \/>Brand name: Parabolan<br \/>Aussi connu comme: Tren-Max-1<\/p>\n","protected":false},"featured_media":556,"comment_status":"open","ping_status":"closed","template":"","meta":[],"product_cat":[104],"product_tag":[42],"_links":{"self":[{"href":"https:\/\/getanabolics.biz\/fr\/wp-json\/wp\/v2\/product\/744"}],"collection":[{"href":"https:\/\/getanabolics.biz\/fr\/wp-json\/wp\/v2\/product"}],"about":[{"href":"https:\/\/getanabolics.biz\/fr\/wp-json\/wp\/v2\/types\/product"}],"replies":[{"embeddable":true,"href":"https:\/\/getanabolics.biz\/fr\/wp-json\/wp\/v2\/comments?post=744"}],"wp:featuredmedia":[{"embeddable":true,"href":"https:\/\/getanabolics.biz\/fr\/wp-json\/wp\/v2\/media\/556"}],"wp:attachment":[{"href":"https:\/\/getanabolics.biz\/fr\/wp-json\/wp\/v2\/media?parent=744"}],"wp:term":[{"taxonomy":"product_cat","embeddable":true,"href":"https:\/\/getanabolics.biz\/fr\/wp-json\/wp\/v2\/product_cat?post=744"},{"taxonomy":"product_tag","embeddable":true,"href":"https:\/\/getanabolics.biz\/fr\/wp-json\/wp\/v2\/product_tag?post=744"}],"curies":[{"name":"wp","href":"https:\/\/api.w.org\/{rel}","templated":true}]}}