{"id":742,"date":"2017-04-27T10:33:38","date_gmt":"2017-04-27T10:41:48","guid":{"rendered":"http:\/\/getanabolics.biz\/product\/max-drol-50-onglets-chaque-onglet-contient-50-mg-de-oxymetholone\/"},"modified":"2018-01-18T11:00:26","modified_gmt":"2018-01-18T11:00:26","slug":"anadrol-50-tabs-each-tab-contains-50-mg-oxymetholone","status":"publish","type":"product","link":"https:\/\/getanabolics.biz\/fr\/produit\/anadrol-50-tabs-each-tab-contains-50-mg-oxymetholone\/","title":{"rendered":"Anadrol &#8211; Maxtreme"},"content":{"rendered":"<h2>Acheter Anadrol &#8211; Maxtreme (Max-Drol)<\/h2>\n<p><a title=\"Acheter Anadrol au GetAnabolics\"><img src=\"http:\/\/getanabolics.biz\/images\/oxylone-geta.jpg\" width=\"30%\" align=\"right\" \/><\/a><br \/>\n<em> Pour ceux qui est \u00e0 la recherche d&rsquo;Anadrol et vous demandez-vous o\u00f9 acheter Anadrol de Maxtreme l\u00e9galement nous vous proposons Max-Drol comme le meilleur choix pour de vrai les culturistes.<\/em><br \/>\n<em> \u00c0 partir de maintenant sur une grande vari\u00e9t\u00e9 de st\u00e9ro\u00efdes injectables ainsi que des st\u00e9ro\u00efdes oraux et th\u00e9rapie post-cycle de l&rsquo;Maxtreme peut \u00eatre achet\u00e9 sur <b>GetAnabolics<\/b>. Nous heureux de pr\u00e9senter la nouvelle Anadrol de <span style=\"font-weight: bold;\">Maxtreme<\/span>.<\/em><br \/>\n<em> Tous les produits que nous vous proposons sont faites de l&rsquo;authentique, de haute qualit\u00e9 et de compos\u00e9s ont un seul but: aider les gens \u00e0 prendre de la masse musculaire, la force globale, \u00e0 br\u00fbler les graisses et de les aider sur le chemin de la perfection physique. Dans le but de cr\u00e9er un esprit constructif et civilis\u00e9 relation avec nos clients, nous allons faire le maximum d&rsquo;efforts pour assurer un service de haute qualit\u00e9, l&rsquo;approche de chaque personne que l&rsquo;adresse de notre magasin avec courtoisie et respect.<\/em><br \/>\nConstruire et maintenir un corps de r\u00eave ont besoin d&rsquo;une combinaison de m\u00e9thodes. Une bonne alimentation vient en premier dans la liste des composants essentiels n\u00e9cessaires \u00e0 l&rsquo;organisme. Deuxi\u00e8mement, assurez-vous toujours de l&rsquo;acheter et utiliser des st\u00e9ro\u00efdes l\u00e9gaux en ligne n&rsquo;est pas seulement pour \u00e9viter tout conflit avec la loi, mais plus important encore, pour \u00e9viter des complications de sant\u00e9.<br \/>\n<span style=\"font-weight: bold;\">GetAnabolics.Biz<\/span> is the online steroid supplier specially created and dedicated to provide each athlete and bodybuilder with best <span style=\"font-weight: bold;\">anabolic steroids<\/span> est la ligne de st\u00e9ro\u00efdes fournisseur sp\u00e9cialement con\u00e7u et d\u00e9di\u00e9 \u00e0 fournir \u00e0 chaque athl\u00e8te et de bodybuilder avec le meilleur des st\u00e9ro\u00efdes anabolisants \u00e0 prix discount. Nous avons choisi la plus fiable pour les marques \u00e0 collaborer afin d&rsquo;assurer la s\u00e9curit\u00e9, authentique et haut de gamme de st\u00e9ro\u00efdes pour nos clients.<br \/>\nL&rsquo;exp\u00e9dition des st\u00e9ro\u00efdes en toute s\u00e9curit\u00e9 est la principale pr\u00e9occupation pour la livraison de st\u00e9ro\u00efdes dans le monde entier. Notre exp\u00e9dition discr\u00e8te garantit que personne ne sait que vous achetez des st\u00e9ro\u00efdes en ligne.<\/p>\n<h2>Plus Anadrol Maxtreme d&rsquo;informations<\/h2>\n<p><b>50 onglets, chaque onglet contient 50 mg de Oxymetholone<\/b><\/p>\n<p><strong>Classe de drogue:<\/strong> Orale de St\u00e9ro\u00efdes Androg\u00e8nes et anabolisants<br \/>\n<strong>La posologie moyenne recommand\u00e9e<\/strong>: Entre 50 et 150 mg\/jour pour les hommes.<br \/>\n<strong>Vie Active:<\/strong> en Dessous de 16 heures<br \/>\n<strong>R\u00e9tention d&rsquo;eau<\/strong>: Tr\u00e8s haute<br \/>\n<strong>Toxique pour le foie<\/strong>: Oui<br \/>\n<strong>Diminue HPTA fonction<\/strong>: Oui<br \/>\n<strong>SRD Conversion<\/strong>: D\u00e9riv\u00e9 de SRD<\/p>\n<blockquote><p><a href=\"http:\/\/getanabolics.biz\/fr\/acheter-clomid-online-sur-getanabolics-biz\/\">Anadrol est consid\u00e9r\u00e9 comme un tr\u00e8s<\/a> puissant androg\u00e8ne oral et va par le nom de la marque Anadrol 50 aux \u00c9tats-unis. Ce st\u00e9ro\u00efde anabolisant a d&rsquo;abord \u00e9t\u00e9 fabriqu\u00e9s dans les ann\u00e9es 1960 par la soci\u00e9t\u00e9 pharmaceutique internationale Syntex. Comme ou Anadrol Oxymetholone est connu pour augmenter le nombre de globules rouges de fa\u00e7on tr\u00e8s efficace, il a d&rsquo;abord \u00e9t\u00e9 utilis\u00e9 pour traiter les cas graves d&rsquo;An\u00e9mie. Tant mieux non-steroidal les m\u00e9dicaments ont \u00e9t\u00e9 trouv\u00e9s pour traiter l&rsquo;An\u00e9mie, Anadrol est tomb\u00e9 hors de la faveur et a \u00e9t\u00e9 abandonn\u00e9 en 1993 aux Etats-unis.<\/p><\/blockquote>\n<p><strong>Cependant, Anadrol a l&rsquo;effet positif de nombreux st\u00e9ro\u00efdes forte sans les effets secondaires graves.<\/strong> Aussi, des \u00e9tudes r\u00e9centes avec le VIH\/SIDA montrent les effets b\u00e9n\u00e9fiques de oxymetholone. La posologie recommand\u00e9e pour les athl\u00e8tes masculins est de 50 mg \u00e0 150 mg par jour. En g\u00e9n\u00e9ral, la posologie recommand\u00e9e pour Anadrol 50 est de 1 \u00e0 5 mg par kg de poids corporel. Bien que le haut de la posologie n&rsquo;est pas n\u00e9cessaire et que le m\u00e9dicament se pr\u00e9sente sous la forme d&rsquo;50mg comprim\u00e9s, les athl\u00e8tes ont besoin de prendre seulement entre 1 et 3 comprim\u00e9s par jour. <a href=\"http:\/\/getanabolics.biz\/fr\/caracteristiques-des-cours-courtes-de-steroides\/\">Anadrol 50 ne doit pas \u00eatre utilis\u00e9 pendant plus de 4-6 semaines. <\/a><\/p>\n<p><em><strong>Les effets de ce st\u00e9ro\u00efdes Anadrol 50 &#8211; peut \u00eatre assez drastique avec des r\u00e9sultats visibles en peu de temps.<\/strong> Consid\u00e9r\u00e9 comme le plus puissant st\u00e9ro\u00efde androg\u00e8ne par beaucoup, l&rsquo;utilisation de ce m\u00e9dicament par un novice peut conduire \u00e0 beaucoup de gain de masse \u2013 entre 20 et 30 livres. Ces massifs gain de poids peut \u00eatre atteint en environ 6 semaines. Anadrol 50 r\u00e9sultats en haut de la r\u00e9tention d&rsquo;eau, donc beaucoup de poids et de gain de masse peut \u00eatre attribu\u00e9e \u00e0 des ballonnements. En raison de la r\u00e9tention d&rsquo;eau, les muscles de l&rsquo;utilisateur sont plus amples et les articulations sont plus prot\u00e9g\u00e9s que la lubrification est assur\u00e9e par de l&rsquo;eau stock\u00e9e dans le tissu conjonctif. Cela augmente l&rsquo;\u00e9lasticit\u00e9 et r\u00e9duit le risque de blessures au cours des exercices vigoureux et l&rsquo;halt\u00e9rophilie. L&rsquo;utilisation de Anadrol 50 donne \u00e9galement un aspect plus lisse et peut faire l&rsquo;utilisateur \u00e0 se sentir plus \u00e0 l&rsquo;aise, car le gain rapide de masse.<\/em><\/p>\n<p>Comme un st\u00e9ro\u00efde puissant, il poss\u00e8de de nombreux effets secondaires. Le gain rapide de masse peut entra\u00eener l&rsquo;endommagement des pectoraux et des biceps tissus. Les utilisateurs ont \u00e9galement la possibilit\u00e9 de d\u00e9velopper la gyn\u00e9comastie et d&rsquo;autres probl\u00e8mes li\u00e9s \u00e0 l&rsquo;\u0153strog\u00e8ne. D&rsquo;autres embarrassant et les effets secondaires ind\u00e9sirables de Anadrol 50 inclure la peau grasse, l&rsquo;acn\u00e9 s\u00e9v\u00e8re, et l&rsquo;exc\u00e8s de pilosit\u00e9 faciale et corporelle. La calvitie peut aussi \u00eatre aggrav\u00e9e par l&rsquo;utilisation de ce m\u00e9dicament. Il est \u00e9galement extr\u00eamement stressant pour le foie et peut entra\u00eener des dommages au foie si elle est utilis\u00e9e \u00e0 des doses tr\u00e8s \u00e9lev\u00e9es pendant trop longtemps. <strong>Les athl\u00e8tes f\u00e9minines sont conseill\u00e9 de ne pas utiliser Anadrol 50, car c&rsquo;est trop androg\u00e8nes.<\/strong><\/p>\n<h3>Lire la suite<\/h3>\n<p><a href=\"http:\/\/getanabolics.biz\/fr\/principaux-resultats-du-meilleur-acetate-de-trenbolone\/\">GRANDS R\u00c9SULTATS DU MEILLEUR AC\u00c9TATE DE TRENBOLONE<\/a><\/p>\n<p><a href=\"http:\/\/getanabolics.biz\/fr\/tout-ce-que-vous-devez-savoir-sur-anadrol\/\">TOUT CE QUE VOUS DEVEZ SAVOIR SUR ANADROL<\/a><\/p>\n<p><a href=\"http:\/\/getanabolics.biz\/fr\/leffet-des-steroides-sur-la-peau-humaine\/\">L&rsquo;EFFET DES ST\u00c9RO\u00cfDES SUR LA PEAU HUMAINE<\/a><\/p>\n<p><a href=\"http:\/\/getanabolics.biz\/fr\/rassemblez-une-masse-seche-sans-effets-secondaires\/\">RASSEMBLER UNE MASSE SECHE SANS EFFETS SECONDAIRES<\/a><\/p>\n<p><a href=\"http:\/\/getanabolics.biz\/fr\/quelle-devrait-etre-la-duree-du-cours-des-steroides\/\">Quelle devrait \u00eatre la dur\u00e9e de l&rsquo;\u00e9volution des st\u00e9ro\u00efdes?<\/a><\/p>\n","protected":false},"excerpt":{"rendered":"<p>Package: 50 onglets, chaque onglet contient 50 mg de Oxymetholone<br \/>Fabricant: Maxtreme<br \/>Brand name: Anadrol<br \/>Aussi connu comme: Max-Drol<\/p>\n","protected":false},"featured_media":1076,"comment_status":"open","ping_status":"closed","template":"","meta":[],"product_cat":[111,117],"product_tag":[42],"_links":{"self":[{"href":"https:\/\/getanabolics.biz\/fr\/wp-json\/wp\/v2\/product\/742"}],"collection":[{"href":"https:\/\/getanabolics.biz\/fr\/wp-json\/wp\/v2\/product"}],"about":[{"href":"https:\/\/getanabolics.biz\/fr\/wp-json\/wp\/v2\/types\/product"}],"replies":[{"embeddable":true,"href":"https:\/\/getanabolics.biz\/fr\/wp-json\/wp\/v2\/comments?post=742"}],"wp:featuredmedia":[{"embeddable":true,"href":"https:\/\/getanabolics.biz\/fr\/wp-json\/wp\/v2\/media\/1076"}],"wp:attachment":[{"href":"https:\/\/getanabolics.biz\/fr\/wp-json\/wp\/v2\/media?parent=742"}],"wp:term":[{"taxonomy":"product_cat","embeddable":true,"href":"https:\/\/getanabolics.biz\/fr\/wp-json\/wp\/v2\/product_cat?post=742"},{"taxonomy":"product_tag","embeddable":true,"href":"https:\/\/getanabolics.biz\/fr\/wp-json\/wp\/v2\/product_tag?post=742"}],"curies":[{"name":"wp","href":"https:\/\/api.w.org\/{rel}","templated":true}]}}