{"id":737,"date":"2017-04-27T10:33:38","date_gmt":"2017-04-27T10:41:48","guid":{"rendered":"http:\/\/getanabolics.biz\/product\/maxi-fen-20-100-onglets-chaque-onglet-contient-20-mg-de-citrate-de-tamoxifene\/"},"modified":"2018-01-18T12:32:16","modified_gmt":"2018-01-18T12:32:16","slug":"nolvadex-100-tabs-each-tab-contains-20mg-tamoxifen-citrate","status":"publish","type":"product","link":"https:\/\/getanabolics.biz\/fr\/produit\/nolvadex-100-tabs-each-tab-contains-20mg-tamoxifen-citrate\/","title":{"rendered":"Nolvadex &#8211; Maxtreme"},"content":{"rendered":"<h2>Acheter Nolvadex &#8211; Maxtreme (Maxi-Fen-20)<\/h2>\n<p><a title=\"Acheter Nolvadex au GetAnabolics\"><img src=\"http:\/\/getanabolics.biz\/images\/nolbadex-d-astrazeneca.jpg\" width=\"30%\" align=\"right\" \/><\/a><br \/>\nPour ceux qui est \u00e0 la recherche d&rsquo;Nolvadex et vous demandez-vous o\u00f9 acheter Nolvadex de Maxtreme l\u00e9galement nous vous proposons Maxi-Fen-20 comme le meilleur choix pour de vrai les culturistes.<br \/>\n\u00c0 partir de maintenant sur une grande vari\u00e9t\u00e9 de st\u00e9ro\u00efdes injectables ainsi que des st\u00e9ro\u00efdes oraux et th\u00e9rapie post-cycle de l&rsquo;Maxtreme peut \u00eatre achet\u00e9 sur <b>GetAnabolics<\/b>. Nous heureux de pr\u00e9senter la nouvelle Nolvadex de <span style=\"font-weight: bold;\">Maxtreme<\/span>.<br \/>\n<em>Tous les produits que nous vous proposons sont faites de l&rsquo;authentique, de haute qualit\u00e9 et de compos\u00e9s ont un seul but: aider les gens \u00e0 prendre de la masse musculaire, la force globale, \u00e0 br\u00fbler les graisses et de les aider sur le chemin de la perfection physique. Dans le but de cr\u00e9er un esprit constructif et civilis\u00e9 relation avec nos clients, nous allons faire le maximum d&rsquo;efforts pour assurer un service de haute qualit\u00e9, l&rsquo;approche de chaque personne que l&rsquo;adresse de notre magasin avec courtoisie et respect.<\/em><br \/>\nConstruire et maintenir un corps de r\u00eave ont besoin d&rsquo;une combinaison de m\u00e9thodes. Une bonne alimentation vient en premier dans la liste des composants essentiels n\u00e9cessaires \u00e0 l&rsquo;organisme. Deuxi\u00e8mement, assurez-vous toujours de l&rsquo;acheter et utiliser des st\u00e9ro\u00efdes l\u00e9gaux en ligne n&rsquo;est pas seulement pour \u00e9viter tout conflit avec la loi, mais plus important encore, pour \u00e9viter des complications de sant\u00e9.<br \/>\n<em><span style=\"font-weight: bold;\">GetAnabolics.Biz<\/span> is the online steroid supplier specially created and dedicated to provide each athlete and bodybuilder with best <span style=\"font-weight: bold;\">anabolic steroids<\/span> est la ligne de st\u00e9ro\u00efdes fournisseur sp\u00e9cialement con\u00e7u et d\u00e9di\u00e9 \u00e0 fournir \u00e0 chaque athl\u00e8te et de bodybuilder avec le meilleur des st\u00e9ro\u00efdes anabolisants \u00e0 prix discount. Nous avons choisi la plus fiable pour les marques \u00e0 collaborer afin d&rsquo;assurer la s\u00e9curit\u00e9, authentique et haut de gamme de st\u00e9ro\u00efdes pour nos clients.<\/em><br \/>\nL&rsquo;exp\u00e9dition des st\u00e9ro\u00efdes en toute s\u00e9curit\u00e9 est la principale pr\u00e9occupation pour la livraison de st\u00e9ro\u00efdes dans le monde entier. Notre exp\u00e9dition discr\u00e8te garantit que personne ne sait que vous achetez des st\u00e9ro\u00efdes en ligne.<\/p>\n<h2>Plus Nolvadex Maxtreme d&rsquo;informations<\/h2>\n<p><b>100 onglets, chaque onglet contient 20mg Tamoxifen Citrate<\/b><\/p>\n<blockquote><p>Ce rem\u00e8de est un peu diff\u00e9rent des autres puisqu&rsquo;il n&rsquo;est pas un st\u00e9ro\u00efde anabolisants\/androg\u00e8nes. Pour les hommes et les les culturistes f\u00e9minines, cependant, elle est tr\u00e8s utile et recommand\u00e9 compos\u00e9 qui est confirm\u00e9 par sa g\u00e9n\u00e9ralisation de l&rsquo;utilisation et des r\u00e9sultats plut\u00f4t positifs. Novadex-D appartient au groupe des hormones sexuelles et est un soi-disant anti-estrog\u00e8ne. L&rsquo;application normale de Nolvadex est dans le traitement de certaines formes de cancer du sein chez patients de sexe f\u00e9minin. Avec Nolvadex il est possible de renverser un existant processus de croissance de la personne d\u00e9c\u00e9d\u00e9e et de tissus pr\u00e9venir la croissance. La croissance de certains tissus est stimul\u00e9e par le corps propre de l&rsquo;hormone oestrog\u00e8ne. Cette est particuli\u00e8rement vrai pour les glandes mammaires chez les hommes et les femmes, puisque le corps a un grand nombre de l&rsquo;\u0153strog\u00e8ne les r\u00e9cepteurs \u00e0 ces glandes qui peut se lier avec les \u0153strog\u00e8nes pr\u00e9sents dans le sang. Si le corps propre de l&rsquo;\u0153strog\u00e8ne le niveau est exceptionnellement \u00e9lev\u00e9, une croissance ind\u00e9sirable des glandes mammaires se produit. Cependant, dans la sant\u00e9 des femmes et des en particulier dans les hommes, ce n&rsquo;est pas le cas. Malgr\u00e9 cela, c&rsquo;est majoritairement des hommes, les culturistes qui utilisent Novadex, et moins de femmes. A premi\u00e8re vue, cela semble quelque peu inconcevable, mais lors de la prise de plus pr\u00e8s, les raisons sont clair.<\/p><\/blockquote>\n<h1>Buy Nolvadex<\/h1>\n<p><em>Les Bodybuilders qui prennent Nolvadex-D \u00e9galement utiliser des st\u00e9ro\u00efdes anabolisants en m\u00eame temps. Depuis la plupart des st\u00e9ro\u00efdes aromatiser plus ou moins fortement, c&rsquo;est \u00e0 dire la partie de la substance est convertie en \u0153strog\u00e8nes, les bodybuilders masculins peuvent l&rsquo;exp\u00e9rience d&rsquo;une \u00e9l\u00e9vation significative de la g\u00e9n\u00e9ralement tr\u00e8s faible niveau d&rsquo;oestrog\u00e8ne. Cela peut conduire \u00e0 la f\u00e9minisation des sympt\u00f4mes tels que la gyn\u00e9comastie (croissance des glandes mammaires), augmentation des d\u00e9p\u00f4ts de graisse et en plus de la r\u00e9tention d&rsquo;eau. L&rsquo;anti-Nolvadex travaille contre cette en bloquant les r\u00e9cepteurs d&rsquo;oestrog\u00e8ne de l&rsquo;effectu\u00e9es tissus de l&rsquo;organisme, inhibant ainsi, la combinaison d&rsquo;\u0153strog\u00e8nes et de r\u00e9cepteur. Il est, cependant, important de comprendre que Nolvadex n&#8217;emp\u00eache pas l&rsquo;aromatisation mais seulement agit comme un antagoniste des \u0153strog\u00e8nes. Cela signifie qu&rsquo;il n&rsquo;est pas emp\u00eacher la testost\u00e9rone et ses d\u00e9riv\u00e9s synth\u00e9tiques (st\u00e9ro\u00efdes) de convertir en oestrog\u00e8nes mais seulement de combats avec dans une sorte de \u00ab\u00a0comp\u00e9tition\u00a0\u00bb pour les r\u00e9cepteurs d&rsquo;oestrog\u00e8ne. Cette caract\u00e9ristique pr\u00e9sente l&rsquo;inconv\u00e9nient que, apr\u00e8s l&rsquo;interruption de la Nolvadex un \u00ab\u00a0effet de rebond\u00a0\u00bb peut se produire ce qui signifie que le soudain lib\u00e9r\u00e9 de l&rsquo;oestrog\u00e8ne les r\u00e9cepteurs sont maintenant en mesure d&rsquo;absorber les \u0153strog\u00e8nes pr\u00e9sents dans le sang. Pour cette raison, l&rsquo;apport combin\u00e9 de Proviron est propos\u00e9 (<a href=\"http:\/\/getanabolics.biz\/fr\/produit\/proviron-buy-proviron-50-tabs-each-tab-25mg-mesterolone\/\">voir Proviron<\/a>.)<\/em><\/p>\n<p>Nolvadex est \u00e9galement utile lors d&rsquo;un r\u00e9gime car elle contribue \u00e0 la combustion des graisses. Bien que Nolvadex a aucun effet br\u00fbleur de graisse de son effet anti-contribue au maintien de l&rsquo;oestrog\u00e8ne niveau aussi bas que possible. Nolvadex doivent en particulier \u00eatre prises avec la forte androg\u00e8nes st\u00e9ro\u00efdes Dianabol et Anadrol 50, et les divers compos\u00e9s de testost\u00e9rone. Les athl\u00e8tes qui ont tendance \u00e0 retenir de l&rsquo;eau et qui ont mammaire de la dysfonction devrait prendre Nolvadex pr\u00e9vention au cours de tous les st\u00e9ro\u00efdes l&rsquo;apport. Depuis Novadex est tr\u00e8s efficace dans la plupart des cas, il n&rsquo;est pas \u00e9tonnant que plusieurs athl\u00e8tes peuvent prendre Anadrol 50 et Dianabol jusqu&rsquo;\u00e0 ce que le jour de la comp\u00e9tition, et en association avec un diur\u00e9tique apparaissent encore totalement d\u00e9chir\u00e9 dans le. feux de la rampe. Ceux qui ont d\u00e9j\u00e0 un taux de graisse corporelle contenu permettra d&rsquo;atteindre visiblement l&rsquo;am\u00e9lioration de la duret\u00e9 du muscle avec Nolvadex.<\/p>\n<p><strong>Plusieurs culturistes comme d&rsquo;utiliser Nolvadex \u00e0 la fin d&rsquo;un cycle de st\u00e9ro\u00efdes, car il augmente le corps propre la production de la testost\u00e9rone, qui sera discut\u00e9 plus en d\u00e9tail dans la suite, afin de contrebalancer les effets secondaires caus\u00e9s par les \u0153strog\u00e8nes. Ceux-ci peuvent se produire apr\u00e8s la cessation des st\u00e9ro\u00efdes lorsque le niveau d&rsquo;androg\u00e8nes dans la relation \u00e0 l&rsquo;\u0153strog\u00e8ne concentration est trop faible et les \u0153strog\u00e8nes devient la dominante de l&rsquo;hormone. Un tr\u00e8s rare, mais d&rsquo;autant plus grave probl\u00e8me de Nolvadex est que, dans certains cas, il ne fait pas baisser le niveau d&rsquo;oestrog\u00e8ne mais vous pouvez l&rsquo;augmenter. Un autre inconv\u00e9nient est que cela peut affaiblir l&rsquo;effet anabolisant de certains st\u00e9ro\u00efdes. L&rsquo; la raison est que Nolvadex, comme nous le savons, r\u00e9duit le niveau d&rsquo;oestrog\u00e8ne. Le fait est, cependant, que certains st\u00e9ro\u00efdes &#8211; en particulier les divers compos\u00e9s de testost\u00e9rone-ne peuvent atteindre leur plein effet si le niveau d&rsquo;oestrog\u00e8ne est suffisamment \u00e9lev\u00e9. Ceux qui sont utilis\u00e9s pour la consommation de grandes quantit\u00e9s de divers st\u00e9ro\u00efdes n&rsquo;ont pas \u00e0 s&rsquo;inqui\u00e9ter \u00e0 propos de cette. Les athl\u00e8tes qui utilisent principalement une l\u00e9g\u00e8re st\u00e9ro\u00efdes comme Primobolan, <a href=\"http:\/\/getanabolics.biz\/fr\/produit\/rexobol-10-acheter-winstrol-pilules-50-onglets-chacun-contient-10-mg-de-stanozolol\/\">Winstrol<\/a>, Oxandrolone, et Deca-Durabolin devraient examiner attentivement si elles doivent ou non prendre Nolvadex depuis, en raison de l&rsquo;enceinte est d\u00e9j\u00e0 mod\u00e9r\u00e9 effet anabolisant, un suppl\u00e9ment de perte de l&rsquo;effet pourrait avoir lieu, conduisant \u00e0 l&rsquo;insatisfaction des r\u00e9sultats.<\/strong><\/p>\n<p>A rarement observ\u00e9, mais bienvenue caract\u00e9ristique de Nolvadex est qu&rsquo;il a une influence directe sur l&rsquo;hypothalamus et ainsi, par une augmentation de la lib\u00e9ration de la gonadotropine, elle stimule la production de testost\u00e9rone dans les testicules. Cela ne se traduise pas par un formidable mais encore une augmentation mesurable du propre corps de la testost\u00e9rone. Cette l&rsquo;effet, cependant, n&rsquo;est pas suffisante pour augmenter consid\u00e9rablement la production de testost\u00e9rone r\u00e9duit par les st\u00e9ro\u00efdes anabolisants\/androg\u00e8nes.<\/p>\n<p><span style=\"text-decoration: underline;\"><em>Les effets secondaires des Nolvadex sont g\u00e9n\u00e9ralement faibles \u00e0 des doses de 30 mg\/jour Dans de rares cas, des naus\u00e9es, des vomissements, bouff\u00e9es de chaleur, sensation d&rsquo;engourdissement, et des troubles de la vision peuvent survenir. Chez les femmes des cycles menstruels irr\u00e9guliers peuvent se produire qui se manifester dans les plus faibles saignements menstruels ou m\u00eame manquant d&rsquo;une p\u00e9riode. Les femmes devraient \u00e9galement attention de ne pas tomber enceinte pendant la prise de Nolvadex. Il est important pour les athl\u00e8tes f\u00e9minines qui Nolvadex et l&rsquo; \u00ab\u00a0pilule\u00a0\u00bb ne pas \u00eatre pris ensemble depuis l&rsquo;anti-Nolvadex et l&rsquo;\u0153strog\u00e8ne comprim\u00e9 contenant n\u00e9gativement contrefa\u00e7on les uns des autres. La normale, la dose quotidienne prises par les athl\u00e8tes correspond plus ou moins \u00e0 la posologie indications du fabricant et de l&rsquo;est de 10-30 mg\/jour Pour pr\u00e9venir les effets secondaires oestrog\u00e9niques normalement de 10 mg\/jour sont suffisant, une dose qui conserve \u00e9galement faible risque de r\u00e9duire l&rsquo;effet de l&rsquo;simultan\u00e9ment-pris des st\u00e9ro\u00efdes. Souvent c&rsquo;est suffisant, si l&rsquo;athl\u00e8te commence pr\u00e9vention, prise de Nolvadex seulement trois \u00e0 quatre semaines apr\u00e8s l&rsquo; l&rsquo;apport des anabolisants. Les athl\u00e8tes qui ont des tendances vers la gyn\u00e9comastie, r\u00e9tention d&rsquo;eau forte, et augmentation des d\u00e9p\u00f4ts de graisse avec des st\u00e9ro\u00efdes tels que Dianabol, la Testost\u00e9rone, Anadrol 50, et Deca-Durabolin g\u00e9n\u00e9ralement prendre de 20 \u00e0 30 mg\/jour de L&rsquo;application combin\u00e9e de Nolvadex 20 \u00e0 30 mg\/jour et Proviron de 25-50 mg\/jour dans ces cas conduit \u00e0 d&rsquo;excellents r\u00e9sultats. Le m\u00eame est vrai pour les athl\u00e8tes qui sont en comp\u00e9tition, et pour les femmes. Les femmes, toutefois, devrait le faire sans l&rsquo;apport de Proviron ou au moins de r\u00e9duire la dose d&rsquo;un comprim\u00e9 de 25 mg par jour. Malheureusement, dans la plupart des cas, un tr\u00e8s prononc\u00e9 de la gyn\u00e9comastie (\u00ab\u00a0seins chienne\u00a0\u00bb) ne peut \u00eatre r\u00e9duite par la prise de Nolvadex afin que, souvent, la chirurgie est n\u00e9cessaire, la chirurgie qui n&rsquo;est pas rembours\u00e9 par l&rsquo;assurance maladie. Les premiers signes d&rsquo;un possible de la gyn\u00e9comastie sont la lumi\u00e8re de la douleur en touchant les t\u00e9tons. Les comprim\u00e9s sont habituellement prises 1-2x quotidien, aval\u00e9s sans les m\u00e2cher, avec un peu de liquide pendant les repas.<\/em><\/span><\/p>\n<h3>Lire la suite<\/h3>\n<p><a href=\"http:\/\/getanabolics.biz\/fr\/acheter-clomid-online-sur-getanabolics-biz\/\">ACHETER CLOMID EN LIGNE SUR GETANABOLICS.BIZ<\/a><\/p>\n<p><a href=\"http:\/\/getanabolics.biz\/fr\/hormone-de-croissance-hgh-les-faits-les-plus-importants\/\">CROISSANCE HORMONE HGH &#8211; LES FAITS LES PLUS IMPORTANTS<\/a><\/p>\n<p><a href=\"http:\/\/getanabolics.biz\/fr\/caracteristiques-des-cours-courtes-de-steroides\/\">CARACT\u00c9RISTIQUES DES COURTS COURTS DE ST\u00c9RO\u00cfDES<\/a><\/p>\n<p><a href=\"http:\/\/getanabolics.biz\/fr\/pause-entre-les-cours-de-steroides-et-pct\/\">PAUSE ENTRE STEROID COURS ET PCT<\/a><\/p>\n<p><a href=\"http:\/\/getanabolics.biz\/fr\/quelle-est-lefficacite-du-pont-steroide\/\">\u00c0 quel point le pont st\u00e9roidien est-il efficace?<\/a><\/p>\n","protected":false},"excerpt":{"rendered":"<p>Package: 100 onglets, chaque onglet contient 20 mg de Citrate de Tamoxif\u00e8ne<br \/>Fabricant: Maxtreme<br \/>Brand name: Nolvadex<br \/>Aussi connu comme: Maxi-Fen-20<\/p>\n","protected":false},"featured_media":1082,"comment_status":"open","ping_status":"closed","template":"","meta":[],"product_cat":[89,111],"product_tag":[42],"_links":{"self":[{"href":"https:\/\/getanabolics.biz\/fr\/wp-json\/wp\/v2\/product\/737"}],"collection":[{"href":"https:\/\/getanabolics.biz\/fr\/wp-json\/wp\/v2\/product"}],"about":[{"href":"https:\/\/getanabolics.biz\/fr\/wp-json\/wp\/v2\/types\/product"}],"replies":[{"embeddable":true,"href":"https:\/\/getanabolics.biz\/fr\/wp-json\/wp\/v2\/comments?post=737"}],"wp:featuredmedia":[{"embeddable":true,"href":"https:\/\/getanabolics.biz\/fr\/wp-json\/wp\/v2\/media\/1082"}],"wp:attachment":[{"href":"https:\/\/getanabolics.biz\/fr\/wp-json\/wp\/v2\/media?parent=737"}],"wp:term":[{"taxonomy":"product_cat","embeddable":true,"href":"https:\/\/getanabolics.biz\/fr\/wp-json\/wp\/v2\/product_cat?post=737"},{"taxonomy":"product_tag","embeddable":true,"href":"https:\/\/getanabolics.biz\/fr\/wp-json\/wp\/v2\/product_tag?post=737"}],"curies":[{"name":"wp","href":"https:\/\/api.w.org\/{rel}","templated":true}]}}