{"id":736,"date":"2017-04-27T10:33:38","date_gmt":"2017-04-27T10:41:48","guid":{"rendered":"http:\/\/getanabolics.biz\/product\/t3-max-100-50-onglets-de-chaque-100-mcg-liothyronine-de-sodium\/"},"modified":"2018-01-19T06:56:59","modified_gmt":"2018-01-19T06:56:59","slug":"cytomel-t3-100-50-tabs-each-100-mcg-liothyronine-sodium","status":"publish","type":"product","link":"https:\/\/getanabolics.biz\/fr\/produit\/cytomel-t3-100-50-tabs-each-100-mcg-liothyronine-sodium\/","title":{"rendered":"Cytomel (T3) &#8211; 100 &#8211; Maxtreme"},"content":{"rendered":"<h2>Acheter Cytomel (T3) &#8211; 100 &#8211; Maxtreme (T3-Max-100)<\/h2>\n<p><a title=\"Acheter Cytomel (T3) - 100 au GetAnabolics\"><img src=\"http:\/\/getanabolics.biz\/images\/cytomel-100-100-la.jpg\" width=\"30%\" align=\"right\" \/><\/a><br \/>\nPour ceux qui est \u00e0 la recherche d&rsquo;Cytomel (T3) &#8211; 100 et vous demandez-vous o\u00f9 acheter Cytomel (T3) &#8211; 100 de Maxtreme l\u00e9galement nous vous proposons T3-Max-100 comme le meilleur choix pour de vrai les culturistes.<br \/>\n\u00c0 partir de maintenant sur une grande vari\u00e9t\u00e9 de st\u00e9ro\u00efdes injectables ainsi que des st\u00e9ro\u00efdes oraux et th\u00e9rapie post-cycle de l&rsquo;Maxtreme peut \u00eatre achet\u00e9 sur <b>GetAnabolics<\/b>. Nous heureux de pr\u00e9senter la nouvelle Cytomel (T3) &#8211; 100 de <span style=\"font-weight: bold;\">Maxtreme<\/span>.<br \/>\nTous les produits que nous vous proposons sont faites de l&rsquo;authentique, de haute qualit\u00e9 et de compos\u00e9s ont un seul but: aider les gens \u00e0 prendre de la masse musculaire, la force globale, \u00e0 br\u00fbler les graisses et de les aider sur le chemin de la perfection physique. Dans le but de cr\u00e9er un esprit constructif et civilis\u00e9 relation avec nos clients, nous allons faire le maximum d&rsquo;efforts pour assurer un service de haute qualit\u00e9, l&rsquo;approche de chaque personne que l&rsquo;adresse de notre magasin avec courtoisie et respect.<br \/>\n<em>Construire et maintenir un corps de r\u00eave ont besoin d&rsquo;une combinaison de m\u00e9thodes. Une bonne alimentation vient en premier dans la liste des composants essentiels n\u00e9cessaires \u00e0 l&rsquo;organisme. Deuxi\u00e8mement, assurez-vous toujours de l&rsquo;acheter et utiliser des st\u00e9ro\u00efdes l\u00e9gaux en ligne n&rsquo;est pas seulement pour \u00e9viter tout conflit avec la loi, mais plus important encore, pour \u00e9viter des complications de sant\u00e9.<\/em><br \/>\n<span style=\"font-weight: bold;\">GetAnabolics.Biz<\/span> is the online steroid supplier specially created and dedicated to provide each athlete and bodybuilder with best <span style=\"font-weight: bold;\">anabolic steroids<\/span> est la ligne de st\u00e9ro\u00efdes fournisseur sp\u00e9cialement con\u00e7u et d\u00e9di\u00e9 \u00e0 fournir \u00e0 chaque athl\u00e8te et de bodybuilder avec le meilleur des st\u00e9ro\u00efdes anabolisants \u00e0 prix discount. Nous avons choisi la plus fiable pour les marques \u00e0 collaborer afin d&rsquo;assurer la s\u00e9curit\u00e9, authentique et haut de gamme de st\u00e9ro\u00efdes pour nos clients.<br \/>\nL&rsquo;exp\u00e9dition des st\u00e9ro\u00efdes en toute s\u00e9curit\u00e9 est la principale pr\u00e9occupation pour la livraison de st\u00e9ro\u00efdes dans le monde entier. Notre exp\u00e9dition discr\u00e8te garantit que personne ne sait que vous achetez des st\u00e9ro\u00efdes en ligne.<\/p>\n<h2>Plus Cytomel (T3) &#8211; 100 Maxtreme d&rsquo;informations<\/h2>\n<p><b>50 onglets de chaque 100 mcg Liothyronine de sodium<\/b><\/p>\n<p><strong>Classe de drogue<\/strong>: hormone thyro\u00efdienne de synth\u00e8se<br \/>\n<strong>La posologie moyenne recommand\u00e9e<\/strong>: Entre 25 et 100 mcg\/jour<\/p>\n<blockquote><p>Cytomel est la forme synth\u00e9tique de l&rsquo;hormone thyro\u00efdienne connu comme triiodiothyronine ou T3. Cette hormone de synth\u00e8se a \u00e9t\u00e9 produit \u00e0 l&rsquo;origine pour traiter l&rsquo;Hypothyro\u00efdie et est encore utilis\u00e9 principalement pour traiter cette condition. L&rsquo;hypothyro\u00efdie est une condition o\u00f9 une quantit\u00e9 insuffisante d&rsquo;hormones thyro\u00efdiennes sont produites et peuvent \u00eatre caus\u00e9es par des carences en iode et les dysfonctionnements de la glande pituitaire. Le T3 de l&rsquo;hormone est essentielle pour le corps, car il r\u00e9gule l&rsquo;activit\u00e9 m\u00e9tabolique, le taux de croissance, la fonction cardiaque, etc. L&rsquo;hormone stimulant la thyro\u00efde ou TSH r\u00e9gule les niveaux de T3 dans le corps.<\/p><\/blockquote>\n<h1>V\u00e9ritable Cytomel pour vente<\/h1>\n<p><em>Cependant, avec l&rsquo;utilisation de Cytomel, la quantit\u00e9 de T3 peut \u00eatre augment\u00e9 davantage que ce que la TSH sera permis. En cons\u00e9quence, Cytomel est tr\u00e8s populaire aupr\u00e8s des athl\u00e8tes et les culturistes car il permet d&rsquo;augmenter l&rsquo;activit\u00e9 m\u00e9tabolique et la vitesse \u00e0 laquelle l&rsquo;\u00e9nergie est utilis\u00e9e dans le corps. Cytomel consomme de l&rsquo;\u00e9nergie brute augmentation de l&rsquo;activit\u00e9 m\u00e9tabolique dans le corps et ses r\u00e9serves de graisse est \u00e9galement br\u00fbl\u00e9 beaucoup plus rapidement que si seulement le T3 hormone \u00e9tait pr\u00e9sent. Cependant, suffisamment de sources de mati\u00e8res grasses devrait \u00eatre disponible \u00e0 partir de sources d&rsquo;\u00e9nergie comme Cytomel peut m\u00eame briser le tissu musculaire lorsqu&rsquo;aucune autre source d&rsquo;\u00e9nergie est disponible.<\/em><\/p>\n<p>&nbsp;<\/p>\n<p><a href=\"http:\/\/getanabolics.biz\/fr\/produit\/thyro3-30-comprimes-chaque-25-mcg-liothyronine-de-sodium\/\">Cytomel <\/a>doit \u00eatre utilis\u00e9 en combinaison avec des st\u00e9ro\u00efdes anabolisants. Lorsqu&rsquo;il est utilis\u00e9 seul, il ne fera que conduire \u00e0 la d\u00e9gradation du tissu musculaire. Cytomel est souvent utilis\u00e9 juste avant le d\u00e9but des grandes manifestations et de comp\u00e9titions sportives pour br\u00fbler l&rsquo;exc\u00e8s de graisse. Un Cytomel cycle doit \u00eatre commenc\u00e9 avec de faibles doses de 25mcg par jour avec une augmentation progressive de 12,5 mcg pour les hommes et les femmes. La posologie maximale pour les hommes est 150mcg par jour et 100 mcg par jour pour les femmes. Un Cytomel cycle de <u>ne doit pas d\u00e9passer 6 \u00e0 8 semaines<\/u>, et les utilisateurs doivent surveiller attentivement leur corps et le poids.<\/p>\n<p><em>Cytomel augmente l&rsquo;efficacit\u00e9 prot\u00e9ique de l&rsquo;organisme et le taux de prot\u00e9ines est d\u00e9compos\u00e9 est \u00e9galement augment\u00e9. Cela signifie que la prot\u00e9ine est utilis\u00e9e beaucoup mieux. Il augmente \u00e9galement le taux de glycog\u00e8ne est en panne et le glucose est m\u00e9tabolis\u00e9 et que cela augmente, le corps commence \u00e0 utiliser la graisse stock\u00e9e r\u00e9serves plus rapides. L&rsquo;apport de Cytomel augmente \u00e9galement le taux de cholest\u00e9rol est bris\u00e9.<\/em><\/p>\n<p><strong>Cependant, il ya certaines des effets secondaires \u00e0 l&rsquo;utilisation Cytomel. Tout d&rsquo;abord, il peut conduire \u00e0 la perte de tissu musculaire, qui peut \u00eatre nocif pour la performance des athl\u00e8tes et les culturistes. La transpiration Excessive, l&rsquo;insomnie et les maux de t\u00eate sont d&rsquo;autres effets secondaires communs. Apr\u00e8s une utilisation prolong\u00e9e de Cytomel, les femmes ont souvent observer une perturbation dans leur cycle menstruel comme un r\u00e9sultat de tr\u00e8s faible pourcentage de gras corporel. Comme mentionn\u00e9 pr\u00e9c\u00e9demment, Cytomel doit toujours \u00eatre pris avec des st\u00e9ro\u00efdes anabolisants.<\/strong><\/p>\n<p><span style=\"text-decoration: underline;\">Vous recommande de v\u00e9rifier le <a href=\"http:\/\/getanabolics.biz\/fr\/produit\/clenbuterol-40-100-tabs-each-40-mcg-clenbuterol-hydrochloride\/\">Clenbut\u00e9rol <\/a>Et <a href=\"http:\/\/getanabolics.biz\/fr\/produit\/cytomel-t3-25-50-tabs-each-25-mcg-liothyronine-sodium\/\">Cytomel <\/a>pile sous les cycles de la cat\u00e9gorie.<\/span><\/p>\n<h3>Lire la suite<\/h3>\n<p><a href=\"http:\/\/getanabolics.biz\/fr\/achetez-dianabol-en-ligne-sur-getanabolics-biz\/\">ACHETER DIANABOL EN LIGNE SUR GETANABOLICS.BIZ<\/a><\/p>\n<p><a href=\"http:\/\/getanabolics.biz\/fr\/winstrol-cest-quoi-et-pour-quoi-il-sagit\/\">WINSTROL, QU&rsquo;EST-CE QUE C&rsquo;EST?<\/a><\/p>\n<p><a href=\"http:\/\/getanabolics.biz\/fr\/cytomel-t3-avis-sur-getanabolics-biz\/\">CYTOMEL T3 REVIEWS SUR GETANABOLICS.BIZ<\/a><\/p>\n<p><a href=\"http:\/\/getanabolics.biz\/fr\/pause-entre-les-cours-de-steroides-et-pct\/\">PAUSE ENTRE STEROID COURS ET PCT<\/a><\/p>\n<p><a href=\"http:\/\/getanabolics.biz\/fr\/quelle-est-lefficacite-du-pont-steroide\/\">\u00c0 quel point le pont st\u00e9roidien est-il efficace?<\/a><\/p>\n","protected":false},"excerpt":{"rendered":"<p>Package: 50 onglets de chaque 100 mcg Liothyronine de sodium<br \/>Fabricant: Maxtreme<br \/>Brand name: Cytomel (T3) &#8211; 100<br \/>Aussi connu comme: T3-Max-100<\/p>\n","protected":false},"featured_media":508,"comment_status":"open","ping_status":"closed","template":"","meta":[],"product_cat":[127,111],"product_tag":[42],"_links":{"self":[{"href":"https:\/\/getanabolics.biz\/fr\/wp-json\/wp\/v2\/product\/736"}],"collection":[{"href":"https:\/\/getanabolics.biz\/fr\/wp-json\/wp\/v2\/product"}],"about":[{"href":"https:\/\/getanabolics.biz\/fr\/wp-json\/wp\/v2\/types\/product"}],"replies":[{"embeddable":true,"href":"https:\/\/getanabolics.biz\/fr\/wp-json\/wp\/v2\/comments?post=736"}],"wp:featuredmedia":[{"embeddable":true,"href":"https:\/\/getanabolics.biz\/fr\/wp-json\/wp\/v2\/media\/508"}],"wp:attachment":[{"href":"https:\/\/getanabolics.biz\/fr\/wp-json\/wp\/v2\/media?parent=736"}],"wp:term":[{"taxonomy":"product_cat","embeddable":true,"href":"https:\/\/getanabolics.biz\/fr\/wp-json\/wp\/v2\/product_cat?post=736"},{"taxonomy":"product_tag","embeddable":true,"href":"https:\/\/getanabolics.biz\/fr\/wp-json\/wp\/v2\/product_tag?post=736"}],"curies":[{"name":"wp","href":"https:\/\/api.w.org\/{rel}","templated":true}]}}