{"id":733,"date":"2017-04-27T10:32:35","date_gmt":"2017-04-27T10:41:48","guid":{"rendered":"http:\/\/getanabolics.biz\/product\/klenprime-60-50-onglets-de-60-%c2%b5g-de-chlorhydrate-de-clenbuterol\/"},"modified":"2018-01-19T11:24:47","modified_gmt":"2018-01-19T11:24:47","slug":"clenbuterol-60-50-tabs-each-60-mcg-clenbuterol-hydrochloride","status":"publish","type":"product","link":"https:\/\/getanabolics.biz\/fr\/produit\/clenbuterol-60-50-tabs-each-60-mcg-clenbuterol-hydrochloride\/","title":{"rendered":"Clenbuterol 60 &#8211; Eminence Labs"},"content":{"rendered":"<h2>Acheter Clenbuterol 60 &#8211; Eminence Labs (Klenprime 60)<\/h2>\n<p><a title=\"Acheter Clenbuterol 60 au GetAnabolics\"><img src=\"http:\/\/getanabolics.biz\/images\/clenbuterol-20-200-la.jpg\" width=\"30%\" align=\"right\" \/><\/a><br \/>\nPour ceux qui est \u00e0 la recherche d&rsquo;Clenbuterol 60 et vous demandez-vous o\u00f9 acheter Clenbuterol 60 de Eminence Labs l\u00e9galement nous vous proposons Klenprime 60 comme le meilleur choix pour de vrai les culturistes.<br \/>\n\u00c0 partir de maintenant sur une grande vari\u00e9t\u00e9 de st\u00e9ro\u00efdes injectables ainsi que des st\u00e9ro\u00efdes oraux et th\u00e9rapie post-cycle de l&rsquo;Eminence Labs peut \u00eatre achet\u00e9 sur <b>GetAnabolics<\/b>. Nous heureux de pr\u00e9senter la nouvelle Clenbuterol 60 de <span style=\"font-weight: bold;\">Eminence Labs<\/span>.<br \/>\n<em>Tous les produits que nous vous proposons sont faites de l&rsquo;authentique, de haute qualit\u00e9 et de compos\u00e9s ont un seul but: aider les gens \u00e0 prendre de la masse musculaire, la force globale, \u00e0 br\u00fbler les graisses et de les aider sur le chemin de la perfection physique. Dans le but de cr\u00e9er un esprit constructif et civilis\u00e9 relation avec nos clients, nous allons faire le maximum d&rsquo;efforts pour assurer un service de haute qualit\u00e9, l&rsquo;approche de chaque personne que l&rsquo;adresse de notre magasin avec courtoisie et respect.<\/em><br \/>\nConstruire et maintenir un corps de r\u00eave ont besoin d&rsquo;une combinaison de m\u00e9thodes. Une bonne alimentation vient en premier dans la liste des composants essentiels n\u00e9cessaires \u00e0 l&rsquo;organisme. Deuxi\u00e8mement, assurez-vous toujours de l&rsquo;acheter et utiliser des st\u00e9ro\u00efdes l\u00e9gaux en ligne n&rsquo;est pas seulement pour \u00e9viter tout conflit avec la loi, mais plus important encore, pour \u00e9viter des complications de sant\u00e9.<br \/>\n<span style=\"font-weight: bold;\">GetAnabolics.Biz<\/span> is the online steroid supplier specially created and dedicated to provide each athlete and bodybuilder with best <span style=\"font-weight: bold;\">anabolic steroids<\/span> est la ligne de st\u00e9ro\u00efdes fournisseur sp\u00e9cialement con\u00e7u et d\u00e9di\u00e9 \u00e0 fournir \u00e0 chaque athl\u00e8te et de bodybuilder avec le meilleur des st\u00e9ro\u00efdes anabolisants \u00e0 prix discount. Nous avons choisi la plus fiable pour les marques \u00e0 collaborer afin d&rsquo;assurer la s\u00e9curit\u00e9, authentique et haut de gamme de st\u00e9ro\u00efdes pour nos clients.<br \/>\nL&rsquo;exp\u00e9dition des st\u00e9ro\u00efdes en toute s\u00e9curit\u00e9 est la principale pr\u00e9occupation pour la livraison de st\u00e9ro\u00efdes dans le monde entier. Notre exp\u00e9dition discr\u00e8te garantit que personne ne sait que vous achetez des st\u00e9ro\u00efdes en ligne.<\/p>\n<h2>Plus Clenbuterol 60 Eminence Labs d&rsquo;informations<\/h2>\n<p><b>50 onglets de 60 \u00b5g de Chlorhydrate de Clenbut\u00e9rol<\/b><\/p>\n<p><strong>Classe de drogue: par voie Orale des B\u00eata-2-symphatonimetric, thermalgenic<\/strong><br \/>\n<strong> La posologie moyenne recommand\u00e9e: Entre 100 et 140mcg par jour pour les hommes et entre 80 et 100 mcg par jour pour les femmes<\/strong><br \/>\n<strong> Vie Active: un Maximum de 68 heures<\/strong><br \/>\n<strong> R\u00e9tention d&rsquo;eau: Non<\/strong><br \/>\n<strong> Toxique pour le foie: ne sait Pas<\/strong><br \/>\n<strong> Aromatisation: Aucun<\/strong><br \/>\n<strong> Il est tr\u00e8s thermog\u00e9nique<\/strong><\/p>\n<h1>Acheter Clenbuterol<\/h1>\n<p><a href=\"http:\/\/getanabolics.biz\/fr\/produit\/clenbuterol-40-100-tabs-each-40-mcg-clenbuterol-hydrochloride\/\">Clenbuterol <\/a>est un bronchodilatateur et est le nom populaire pour le Chlorhydrate de Clenbut\u00e9rol. Il a \u00e9t\u00e9 cr\u00e9\u00e9 \u00e0 l&rsquo;origine pour traiter l&rsquo;asthme chronique et d&rsquo;autres conditions similaires. Cependant, ce qui rend attrayant pour les athl\u00e8tes et les body-builders son efficacit\u00e9 dans la combustion des graisses. Il est capable d&rsquo;augmenter l&rsquo;activit\u00e9 m\u00e9tabolique et br\u00fbler les graisses du corps tr\u00e8s efficace, car elle stimule la B\u00eata-2 r\u00e9cepteurs. Cette \u00e9galement augmenter cellulaire chaleur la production de chaleur des cellules est augment\u00e9e, ce qui \u00e0 son tour augmente la temp\u00e9rature du corps et la vitesse \u00e0 laquelle la graisse est br\u00fbl\u00e9e. Clen a \u00e9galement \u00e9t\u00e9 appel\u00e9 \u00e0 supprimer l&rsquo;app\u00e9tit chez certains utilisateurs.<\/p>\n<p>Les gens qui veulent commander le Clenbut\u00e9rol pilules doit se souvenir que ce n&rsquo;est pas un st\u00e9ro\u00efde de toute fa\u00e7on m\u00eame si il imite certains st\u00e9ro\u00efdiens propri\u00e9t\u00e9s. En fait, Clen imite les effets de l&rsquo;adr\u00e9naline et de la noradr\u00e9naline dans le corps humain. Les utilisateurs qui ne sont pas \u00e0 l&rsquo;aise avec les autres thermog\u00e8nes comme la caf\u00e9ine et l&rsquo;\u00e9ph\u00e9drine ne devraient pas utiliser le Clenbuterol comprim\u00e9s. La posologie recommand\u00e9e pour une bonne combustion des graisses et notable gain de masse musculaire est de 100 140mcg par jour pour les hommes, ce qui \u00e9quivaut \u00e0 5 \u00e0 7 comprim\u00e9s par jour. Pour les femmes, la posologie recommand\u00e9e est de 80-100 mcg par jour, qui est de 4 \u00e0 5 comprim\u00e9s.<\/p>\n<p><em>Il y a deux fa\u00e7ons d&rsquo;utiliser Clen. Les 2 semaines et 2 semaines d&rsquo;arr\u00eat est le moyen le plus populaire d&rsquo;utiliser ce m\u00e9dicament. Ici, les utilisateurs de commencer avec une faible dose et d&rsquo;augmenter la dose tous les 2 \u00e0 3 jours. Une fois que le corps s&rsquo;habitue au m\u00e9dicament, les utilisateurs de l&rsquo;arr\u00eater pendant deux semaines. Apr\u00e8s deux semaines, les utilisateurs de commencer \u00e0 prendre le m\u00e9dicament \u00e0 un niveau proche de l&rsquo;endroit o\u00f9 ils ont arr\u00eat\u00e9 la derni\u00e8re fois. L&rsquo;autre moyen est l&rsquo;application constante o\u00f9 les utilisateurs commencent avec une faible dose et d&rsquo;augmenter progressivement la posologie.<\/em><\/p>\n<blockquote><p><a href=\"http:\/\/getanabolics.biz\/fr\/produit\/clenbuterol-40-100-tabs-each-40-mcg-clenbuterol-hydrochloride-2\/\">Clenbuterol <\/a>qui am\u00e9liore l&rsquo;activit\u00e9 m\u00e9tabolique et l&rsquo;activit\u00e9 cardiovasculaire grandement. Il augmente \u00e9galement la masse musculaire maigre tout \u00e0 fait efficace. Cet effet de renforcement musculaire est caus\u00e9e par l&rsquo;augmentation de la synth\u00e8se des prot\u00e9ines dans le corps. Toutefois, en raison de son puissant effet stimulant des effets secondaires comme l&rsquo;insomnie et de vivre une exp\u00e9rience tr\u00e8s sensation de nervosit\u00e9 est commun lorsque de fortes doses sont prises. Il est \u00e9galement connu pour provoquer des crampes chez certains utilisateurs. Une extr\u00eame effets secondaires de Clenbut\u00e9rol est l&rsquo;hypertrophie cardiaque o\u00f9 les ventricules du c\u0153ur deviennent plus grandes. Cependant, cela se produit uniquement lorsque les doses sont de grande taille. Comme avec d&rsquo;autres la combustion des graisses recours, Clen ne doit pas \u00eatre utilis\u00e9 pendant de longues p\u00e9riodes de temps.<\/p><\/blockquote>\n<p><b>des Choses \u00e0 ne pas oublier avec le Clenbut\u00e9rol la Perte de Gras<\/b> Quand vous acheter clenbuterol pour la perte de poids que vous devez garder \u00e0 l&rsquo;esprit que vous \u00eates encore \u00e0 un r\u00e9gime alimentaire et d&rsquo;entra\u00eenement pour en tirer pleinement parti. Pour de meilleurs r\u00e9sultats, prendre 2 comprim\u00e9s le matin avec un shake de prot\u00e9ines puis de faire de l&rsquo;exercice a\u00e9robie pendant 45 minutes. Toujours consommer beaucoup d&rsquo;eau, augmenter votre apport en prot\u00e9ines et de minimiser les glucides. Une bonne multi-vitamine complexe de min\u00e9raux suppl\u00e9ment recommand\u00e9 pour pr\u00e9venir les crampes musculaires. <a href=\"http:\/\/getanabolics.biz\/fr\/produit\/astralean-50-onglets-de-chaque-40-%C2%B5g-de-chlorhydrate-de-clenbuterol\/\"><strong>Acheter Clenbuterol<\/strong><\/a> pour les personnes qui cherchent \u00e0 perdre du poids rapidement, mais ne peut pas battre un r\u00e9gime alimentaire sain avec l&rsquo;exercice dans le long terme.<\/p>\n<h3>Lire la suite<\/h3>\n<p><a href=\"http:\/\/getanabolics.biz\/fr\/cytomel-t3-avis-sur-getanabolics-biz\/\">CYTOMEL T3 REVIEWS SUR GETANABOLICS.BIZ<\/a><\/p>\n<p><a href=\"http:\/\/getanabolics.biz\/fr\/genotropin-review-sur-getanabolics-biz\/\">REVUE DE LA G\u00c9NOTROPINE SUR GETANABOLICS.BIZ<\/a><\/p>\n<p><a href=\"http:\/\/getanabolics.biz\/fr\/culturisme-et-steroides\/\">BODYBUILDING ET ST\u00c9RO\u00cfDES<\/a><\/p>\n<p><a href=\"http:\/\/getanabolics.biz\/fr\/quelle-devrait-etre-la-duree-du-cours-des-steroides\/\">Quelle devrait \u00eatre la dur\u00e9e de l&rsquo;\u00e9volution des st\u00e9ro\u00efdes?<\/a><\/p>\n<p><a href=\"http:\/\/getanabolics.biz\/fr\/rassemblez-une-masse-seche-sans-effets-secondaires\/\">RASSEMBLER UNE MASSE SECHE SANS EFFETS SECONDAIRES<\/a><\/p>\n","protected":false},"excerpt":{"rendered":"<p>Package: 50 onglets de 60 \u00b5g de chlorhydrate de Clenbut\u00e9rol<br \/>Fabricant: Eminence Labs<br \/>Brand name: Clenbuterol 60<br \/>Aussi connu comme: Klenprime 60<\/p>\n","protected":false},"featured_media":490,"comment_status":"open","ping_status":"closed","template":"","meta":[],"product_cat":[127,111],"product_tag":[44],"_links":{"self":[{"href":"https:\/\/getanabolics.biz\/fr\/wp-json\/wp\/v2\/product\/733"}],"collection":[{"href":"https:\/\/getanabolics.biz\/fr\/wp-json\/wp\/v2\/product"}],"about":[{"href":"https:\/\/getanabolics.biz\/fr\/wp-json\/wp\/v2\/types\/product"}],"replies":[{"embeddable":true,"href":"https:\/\/getanabolics.biz\/fr\/wp-json\/wp\/v2\/comments?post=733"}],"wp:featuredmedia":[{"embeddable":true,"href":"https:\/\/getanabolics.biz\/fr\/wp-json\/wp\/v2\/media\/490"}],"wp:attachment":[{"href":"https:\/\/getanabolics.biz\/fr\/wp-json\/wp\/v2\/media?parent=733"}],"wp:term":[{"taxonomy":"product_cat","embeddable":true,"href":"https:\/\/getanabolics.biz\/fr\/wp-json\/wp\/v2\/product_cat?post=733"},{"taxonomy":"product_tag","embeddable":true,"href":"https:\/\/getanabolics.biz\/fr\/wp-json\/wp\/v2\/product_tag?post=733"}],"curies":[{"name":"wp","href":"https:\/\/api.w.org\/{rel}","templated":true}]}}